{"id":7713,"date":"2025-11-09T12:29:03","date_gmt":"2025-11-09T12:29:03","guid":{"rendered":"http:\/\/104.248.20.184:8000\/behu-partner\/"},"modified":"2025-11-17T14:30:57","modified_gmt":"2025-11-17T14:30:57","slug":"behu-partner","status":"publish","type":"page","link":"https:\/\/travelwithcare.io\/sq\/behu-partner\/","title":{"rendered":"B\u00ebhu partner"},"content":{"rendered":"\t\t<div data-elementor-type=\"wp-page\" data-elementor-id=\"7713\" class=\"elementor elementor-7713 elementor-7024\" data-elementor-post-type=\"page\">\n\t\t\t\t<div class=\"elementor-element elementor-element-f2d30ef e-flex e-con-boxed e-con e-parent\" data-id=\"f2d30ef\" data-element_type=\"container\" data-e-type=\"container\">\n\t\t\t\t\t<div class=\"e-con-inner\">\n\t\t<div class=\"elementor-element elementor-element-c895846 e-con-full e-flex e-con e-child\" data-id=\"c895846\" data-element_type=\"container\" data-e-type=\"container\" data-settings=\"{&quot;background_background&quot;:&quot;classic&quot;}\">\n\t\t<div class=\"elementor-element elementor-element-de0725e e-con-full hero-section e-flex e-con e-child\" data-id=\"de0725e\" data-element_type=\"container\" data-e-type=\"container\">\n\t\t\t\t<div class=\"elementor-element elementor-element-3a42fa5 elementor-widget__width-initial elementor-widget elementor-widget-image\" data-id=\"3a42fa5\" data-element_type=\"widget\" data-e-type=\"widget\" data-widget_type=\"image.default\">\n\t\t\t\t<div class=\"elementor-widget-container\">\n\t\t\t\t\t\t\t\t\t\t\t\t\t\t\t<img decoding=\"async\" width=\"51\" height=\"51\" src=\"https:\/\/travelwithcare.io\/wp-content\/uploads\/2025\/11\/Primary-large-button-3.png\" class=\"attachment-full size-full wp-image-7033\" alt=\"\" \/>\t\t\t\t\t\t\t\t\t\t\t\t\t\t\t<\/div>\n\t\t\t\t<\/div>\n\t\t\t\t<div class=\"elementor-element elementor-element-3678aba elementor-widget__width-initial elementor-widget elementor-widget-text-editor\" data-id=\"3678aba\" data-element_type=\"widget\" data-e-type=\"widget\" data-widget_type=\"text-editor.default\">\n\t\t\t\t<div class=\"elementor-widget-container\">\n\t\t\t\t\t\t\t\t\t<h1>Jeni t\u00eb interesuar p\u00ebr t\u00eb bashk\u00ebpunuar me TravelCare?<\/h1><p>Modeli i partneritetit \u00ebsht\u00eb krijuar p\u00ebr agjenci udh\u00ebtimi, OTA, hotele dhe biznese t\u00eb ngjashme q\u00eb d\u00ebshirojn\u00eb t\u00eb ofrojn\u00eb m\u00eb shum\u00eb vler\u00eb p\u00ebr klient\u00ebt e tyre.<\/p><p>Partner\u00ebt mund t\u00eb marrin nj\u00eb lidhje unike affiliate dhe t\u00eb fitojn\u00eb shp\u00ebrblime duke referuar klient\u00ebt te TravelCare. N\u00ebse jeni t\u00eb interesuar t\u00eb b\u00ebheni partner, kontaktoni me ne p\u00ebr m\u00eb shum\u00eb informacion dhe filloni t\u00eb ofroni mbrojtjen q\u00eb klient\u00ebt tuaj kan\u00eb nevoj\u00eb. <\/p>\t\t\t\t\t\t\t\t<\/div>\n\t\t\t\t<\/div>\n\t\t\t\t<div class=\"elementor-element elementor-element-2631676 elementor-widget__width-initial elementor-mobile-align-justify buy-cta elementor-widget elementor-widget-button\" data-id=\"2631676\" data-element_type=\"widget\" data-e-type=\"widget\" data-widget_type=\"button.default\">\n\t\t\t\t<div class=\"elementor-widget-container\">\n\t\t\t\t\t\t\t\t\t<div class=\"elementor-button-wrapper\">\n\t\t\t\t\t<a class=\"elementor-button elementor-button-link elementor-size-sm\" href=\"https:\/\/partner.travelwithcare.io\/\" target=\"_blank\">\n\t\t\t\t\t\t<span class=\"elementor-button-content-wrapper\">\n\t\t\t\t\t\t\t\t\t<span class=\"elementor-button-text\">B\u00ebhu partner<\/span>\n\t\t\t\t\t<\/span>\n\t\t\t\t\t<\/a>\n\t\t\t\t<\/div>\n\t\t\t\t\t\t\t\t<\/div>\n\t\t\t\t<\/div>\n\t\t\t\t<\/div>\n\t\t\t\t<\/div>\n\t\t\t\t\t<\/div>\n\t\t\t\t<\/div>\n\t\t<div class=\"elementor-element elementor-element-02677a8 e-flex e-con-boxed e-con e-parent\" data-id=\"02677a8\" data-element_type=\"container\" data-e-type=\"container\" data-settings=\"{&quot;background_background&quot;:&quot;classic&quot;}\">\n\t\t\t\t\t<div class=\"e-con-inner\">\n\t\t<div class=\"elementor-element elementor-element-71269f5 e-con-full e-flex e-con e-child\" data-id=\"71269f5\" data-element_type=\"container\" data-e-type=\"container\">\n\t\t<div class=\"elementor-element elementor-element-19ace3b e-con-full e-flex e-con e-child\" data-id=\"19ace3b\" data-element_type=\"container\" data-e-type=\"container\">\n\t\t\t\t<div class=\"elementor-element elementor-element-cb97333 elementor-widget elementor-widget-heading\" data-id=\"cb97333\" data-element_type=\"widget\" data-e-type=\"widget\" data-widget_type=\"heading.default\">\n\t\t\t\t<div class=\"elementor-widget-container\">\n\t\t\t\t\t<h2 class=\"elementor-heading-title elementor-size-default\">P\u00ebrfitimet e partneritetit me TravelCare:<\/h2>\t\t\t\t<\/div>\n\t\t\t\t<\/div>\n\t\t\t\t<div class=\"elementor-element elementor-element-9ab8569 elementor-widget elementor-widget-text-editor\" data-id=\"9ab8569\" data-element_type=\"widget\" data-e-type=\"widget\" data-widget_type=\"text-editor.default\">\n\t\t\t\t<div class=\"elementor-widget-container\">\n\t\t\t\t\t\t\t\t\t<p>P\u00ebrjetoni mb\u00ebshtetje t\u00eb besueshme dhe bashk\u00ebpunim pa probleme.<\/p>\t\t\t\t\t\t\t\t<\/div>\n\t\t\t\t<\/div>\n\t\t\t\t<\/div>\n\t\t<div class=\"elementor-element elementor-element-01ee061 e-con-full e-flex e-con e-child\" data-id=\"01ee061\" data-element_type=\"container\" data-e-type=\"container\">\n\t\t<div class=\"elementor-element elementor-element-d657351 e-grid e-con-full e-con e-child\" data-id=\"d657351\" data-element_type=\"container\" data-e-type=\"container\">\n\t\t<div class=\"elementor-element elementor-element-4d1116d e-con-full e-flex e-con e-child\" data-id=\"4d1116d\" data-element_type=\"container\" data-e-type=\"container\">\n\t\t<div class=\"elementor-element elementor-element-9884561 e-con-full e-flex e-con e-child\" data-id=\"9884561\" data-element_type=\"container\" data-e-type=\"container\" data-settings=\"{&quot;background_background&quot;:&quot;classic&quot;}\">\n\t\t<div class=\"elementor-element elementor-element-11c7e41 e-con-full text-box-number e-flex e-con e-child\" data-id=\"11c7e41\" data-element_type=\"container\" data-e-type=\"container\">\n\t\t\t\t<div class=\"elementor-element elementor-element-2d9e7f9 elementor-widget__width-initial elementor-widget elementor-widget-text-editor\" data-id=\"2d9e7f9\" data-element_type=\"widget\" data-e-type=\"widget\" data-widget_type=\"text-editor.default\">\n\t\t\t\t<div class=\"elementor-widget-container\">\n\t\t\t\t\t\t\t\t\t<p><strong>1<\/strong><\/p>\t\t\t\t\t\t\t\t<\/div>\n\t\t\t\t<\/div>\n\t\t\t\t<\/div>\n\t\t<div class=\"elementor-element elementor-element-4945b66 e-flex e-con-boxed e-con e-child\" data-id=\"4945b66\" data-element_type=\"container\" data-e-type=\"container\">\n\t\t\t\t\t<div class=\"e-con-inner\">\n\t\t\t\t<div class=\"elementor-element elementor-element-4ef2690 text-box-text elementor-widget elementor-widget-text-editor\" data-id=\"4ef2690\" data-element_type=\"widget\" data-e-type=\"widget\" data-widget_type=\"text-editor.default\">\n\t\t\t\t<div class=\"elementor-widget-container\">\n\t\t\t\t\t\t\t\t\t<h3>T\u00eb ardhura t\u00eb k\u00ebnaqshme<\/h3><p>Fitoni komisione t\u00ebrheq\u00ebse p\u00ebr \u00e7do referim t\u00eb suksessh\u00ebm \u2013 m\u00eb shum\u00eb klient\u00eb, m\u00eb shum\u00eb fitim.<\/p>\t\t\t\t\t\t\t\t<\/div>\n\t\t\t\t<\/div>\n\t\t\t\t\t<\/div>\n\t\t\t\t<\/div>\n\t\t\t\t<\/div>\n\t\t<div class=\"elementor-element elementor-element-a070dde e-con-full e-flex e-con e-child\" data-id=\"a070dde\" data-element_type=\"container\" data-e-type=\"container\" data-settings=\"{&quot;background_background&quot;:&quot;classic&quot;}\">\n\t\t<div class=\"elementor-element elementor-element-4fbfd2d e-con-full text-box-number e-flex e-con e-child\" data-id=\"4fbfd2d\" data-element_type=\"container\" data-e-type=\"container\">\n\t\t\t\t<div class=\"elementor-element elementor-element-4a7c454 elementor-widget__width-initial text-box-text elementor-widget elementor-widget-text-editor\" data-id=\"4a7c454\" data-element_type=\"widget\" data-e-type=\"widget\" data-widget_type=\"text-editor.default\">\n\t\t\t\t<div class=\"elementor-widget-container\">\n\t\t\t\t\t\t\t\t\t<p><strong>2<\/strong><\/p>\t\t\t\t\t\t\t\t<\/div>\n\t\t\t\t<\/div>\n\t\t\t\t<\/div>\n\t\t<div class=\"elementor-element elementor-element-eb918bd e-con-full e-flex e-con e-child\" data-id=\"eb918bd\" data-element_type=\"container\" data-e-type=\"container\">\n\t\t\t\t<div class=\"elementor-element elementor-element-d0eb9ae text-box-text elementor-widget elementor-widget-text-editor\" data-id=\"d0eb9ae\" data-element_type=\"widget\" data-e-type=\"widget\" data-widget_type=\"text-editor.default\">\n\t\t\t\t<div class=\"elementor-widget-container\">\n\t\t\t\t\t\t\t\t\t<h3>Mb\u00ebshtetje e besueshme<\/h3><p>Mb\u00ebshtetuni te ekipi yn\u00eb p\u00ebr t\u2019ju ndihmuar n\u00eb \u00e7do hap \u2013 nga integrimi deri te zgjidhja e pyetjeve t\u00eb nd\u00ebrlikuara t\u00eb klient\u00ebve.<\/p>\t\t\t\t\t\t\t\t<\/div>\n\t\t\t\t<\/div>\n\t\t\t\t<\/div>\n\t\t\t\t<\/div>\n\t\t<div class=\"elementor-element elementor-element-cb726e4 e-con-full e-flex e-con e-child\" data-id=\"cb726e4\" data-element_type=\"container\" data-e-type=\"container\" data-settings=\"{&quot;background_background&quot;:&quot;classic&quot;}\">\n\t\t<div class=\"elementor-element elementor-element-bc1cf29 e-con-full text-box-number e-flex e-con e-child\" data-id=\"bc1cf29\" data-element_type=\"container\" data-e-type=\"container\">\n\t\t\t\t<div class=\"elementor-element elementor-element-099fccf elementor-widget__width-initial text-box-text elementor-widget elementor-widget-text-editor\" data-id=\"099fccf\" data-element_type=\"widget\" data-e-type=\"widget\" data-widget_type=\"text-editor.default\">\n\t\t\t\t<div class=\"elementor-widget-container\">\n\t\t\t\t\t\t\t\t\t<p><strong>3<\/strong><\/p>\t\t\t\t\t\t\t\t<\/div>\n\t\t\t\t<\/div>\n\t\t\t\t<\/div>\n\t\t<div class=\"elementor-element elementor-element-4335b3e e-con-full e-flex e-con e-child\" data-id=\"4335b3e\" data-element_type=\"container\" data-e-type=\"container\">\n\t\t\t\t<div class=\"elementor-element elementor-element-8d30858 text-box-text elementor-widget elementor-widget-text-editor\" data-id=\"8d30858\" data-element_type=\"widget\" data-e-type=\"widget\" data-widget_type=\"text-editor.default\">\n\t\t\t\t<div class=\"elementor-widget-container\">\n\t\t\t\t\t\t\t\t\t<h3>Platform\u00eb intuitive dhe e leht\u00eb p\u00ebr t\u2019u p\u00ebrdorur<\/h3><p>Platforma jon\u00eb \u00ebsht\u00eb krijuar p\u00ebr t\u00eb qen\u00eb miq\u00ebsore p\u00ebr p\u00ebrdoruesit, k\u00ebshtu q\u00eb mund t\u00eb filloni shpejt dhe t\u00eb fitoni.<\/p>\t\t\t\t\t\t\t\t<\/div>\n\t\t\t\t<\/div>\n\t\t\t\t<\/div>\n\t\t\t\t<\/div>\n\t\t<div class=\"elementor-element elementor-element-a910b85 e-con-full e-flex e-con e-child\" data-id=\"a910b85\" data-element_type=\"container\" data-e-type=\"container\" data-settings=\"{&quot;background_background&quot;:&quot;classic&quot;}\">\n\t\t<div class=\"elementor-element elementor-element-2608610 e-con-full text-box-number e-flex e-con e-child\" data-id=\"2608610\" data-element_type=\"container\" data-e-type=\"container\">\n\t\t\t\t<div class=\"elementor-element elementor-element-d8bad0a elementor-widget__width-initial text-box-text elementor-widget elementor-widget-text-editor\" data-id=\"d8bad0a\" data-element_type=\"widget\" data-e-type=\"widget\" data-widget_type=\"text-editor.default\">\n\t\t\t\t<div class=\"elementor-widget-container\">\n\t\t\t\t\t\t\t\t\t<p><strong>4<\/strong><\/p>\t\t\t\t\t\t\t\t<\/div>\n\t\t\t\t<\/div>\n\t\t\t\t<\/div>\n\t\t<div class=\"elementor-element elementor-element-568a395 e-con-full e-flex e-con e-child\" data-id=\"568a395\" data-element_type=\"container\" data-e-type=\"container\">\n\t\t\t\t<div class=\"elementor-element elementor-element-cebaac8 text-box-text elementor-widget elementor-widget-text-editor\" data-id=\"cebaac8\" data-element_type=\"widget\" data-e-type=\"widget\" data-widget_type=\"text-editor.default\">\n\t\t\t\t<div class=\"elementor-widget-container\">\n\t\t\t\t\t\t\t\t\t<h3>Ekip profesional<\/h3><p>Punoni me nj\u00eb ekip t\u00eb p\u00ebrvoj\u00eb q\u00eb i dedikohet ndihm\u00ebs p\u00ebr t\u00eb ofruar vler\u00eb t\u00eb lart\u00eb p\u00ebr klient\u00ebt tuaj.<\/p>\t\t\t\t\t\t\t\t<\/div>\n\t\t\t\t<\/div>\n\t\t\t\t<\/div>\n\t\t\t\t<\/div>\n\t\t\t\t<\/div>\n\t\t<div class=\"elementor-element elementor-element-beb79bb e-con-full e-flex e-con e-child\" data-id=\"beb79bb\" data-element_type=\"container\" data-e-type=\"container\" id=\"right-box\" data-settings=\"{&quot;background_background&quot;:&quot;classic&quot;}\">\n\t\t\t\t<\/div>\n\t\t\t\t<\/div>\n\t\t\t\t<\/div>\n\t\t\t\t<\/div>\n\t\t\t\t\t<\/div>\n\t\t\t\t<\/div>\n\t\t\t\t<\/div>\n\t\t","protected":false},"excerpt":{"rendered":"<p>Jeni t\u00eb interesuar p\u00ebr t\u00eb bashk\u00ebpunuar me TravelCare? Modeli i partneritetit \u00ebsht\u00eb krijuar p\u00ebr agjenci udh\u00ebtimi, OTA, hotele dhe biznese t\u00eb ngjashme q\u00eb d\u00ebshirojn\u00eb t\u00eb ofrojn\u00eb m\u00eb shum\u00eb vler\u00eb p\u00ebr klient\u00ebt e tyre. Partner\u00ebt mund t\u00eb marrin nj\u00eb lidhje unike affiliate dhe t\u00eb fitojn\u00eb shp\u00ebrblime duke referuar klient\u00ebt te TravelCare. N\u00ebse jeni t\u00eb interesuar t\u00eb [&hellip;]<\/p>\n","protected":false},"author":1,"featured_media":0,"parent":0,"menu_order":0,"comment_status":"closed","ping_status":"closed","template":"","meta":{"footnotes":""},"class_list":["post-7713","page","type-page","status-publish","hentry"],"_links":{"self":[{"href":"https:\/\/travelwithcare.io\/sq\/wp-json\/wp\/v2\/pages\/7713","targetHints":{"allow":["GET"]}}],"collection":[{"href":"https:\/\/travelwithcare.io\/sq\/wp-json\/wp\/v2\/pages"}],"about":[{"href":"https:\/\/travelwithcare.io\/sq\/wp-json\/wp\/v2\/types\/page"}],"author":[{"embeddable":true,"href":"https:\/\/travelwithcare.io\/sq\/wp-json\/wp\/v2\/users\/1"}],"replies":[{"embeddable":true,"href":"https:\/\/travelwithcare.io\/sq\/wp-json\/wp\/v2\/comments?post=7713"}],"version-history":[{"count":1,"href":"https:\/\/travelwithcare.io\/sq\/wp-json\/wp\/v2\/pages\/7713\/revisions"}],"predecessor-version":[{"id":7714,"href":"https:\/\/travelwithcare.io\/sq\/wp-json\/wp\/v2\/pages\/7713\/revisions\/7714"}],"wp:attachment":[{"href":"https:\/\/travelwithcare.io\/sq\/wp-json\/wp\/v2\/media?parent=7713"}],"curies":[{"name":"wp","href":"https:\/\/api.w.org\/{rel}","templated":true}]}}