{"id":7631,"date":"2025-11-10T12:54:36","date_gmt":"2025-11-10T12:54:36","guid":{"rendered":"http:\/\/104.248.20.184:8000\/rreth-nesh\/"},"modified":"2025-11-17T09:28:48","modified_gmt":"2025-11-17T09:28:48","slug":"rreth-nesh","status":"publish","type":"page","link":"https:\/\/travelwithcare.io\/sq\/rreth-nesh\/","title":{"rendered":"Rreth nesh"},"content":{"rendered":"\t\t<div data-elementor-type=\"wp-page\" data-elementor-id=\"7631\" class=\"elementor elementor-7631 elementor-7188\" data-elementor-post-type=\"page\">\n\t\t\t\t<div class=\"elementor-element elementor-element-f2d30ef e-con-full e-flex e-con e-parent\" data-id=\"f2d30ef\" data-element_type=\"container\" data-e-type=\"container\">\n\t\t<div class=\"elementor-element elementor-element-c895846 e-flex e-con-boxed e-con e-child\" data-id=\"c895846\" data-element_type=\"container\" data-e-type=\"container\" data-settings=\"{&quot;background_background&quot;:&quot;classic&quot;}\">\n\t\t\t\t\t<div class=\"e-con-inner\">\n\t\t<div class=\"elementor-element elementor-element-de0725e e-con-full hero-section e-flex e-con e-child\" data-id=\"de0725e\" data-element_type=\"container\" data-e-type=\"container\">\n\t\t\t\t<div class=\"elementor-element elementor-element-3a42fa5 elementor-widget__width-initial elementor-widget elementor-widget-image\" data-id=\"3a42fa5\" data-element_type=\"widget\" data-e-type=\"widget\" data-widget_type=\"image.default\">\n\t\t\t\t<div class=\"elementor-widget-container\">\n\t\t\t\t\t\t\t\t\t\t\t\t\t\t\t<img decoding=\"async\" width=\"51\" height=\"51\" src=\"https:\/\/travelwithcare.io\/wp-content\/uploads\/2025\/11\/Primary-large-button-3.png\" class=\"attachment-full size-full wp-image-7033\" alt=\"\" \/>\t\t\t\t\t\t\t\t\t\t\t\t\t\t\t<\/div>\n\t\t\t\t<\/div>\n\t\t\t\t<div class=\"elementor-element elementor-element-3678aba elementor-widget__width-initial elementor-widget elementor-widget-text-editor\" data-id=\"3678aba\" data-element_type=\"widget\" data-e-type=\"widget\" data-widget_type=\"text-editor.default\">\n\t\t\t\t<div class=\"elementor-widget-container\">\n\t\t\t\t\t\t\t\t\t<h1>Rreth nesh<\/h1><p>TravelCare \u00ebsht\u00eb nj\u00eb sh\u00ebrbim i p\u00ebrballuesh\u00ebm mbrojtjeje para fluturimit, i dizajnuar p\u00ebr t\u00eb ofruar nj\u00eb p\u00ebrvoj\u00eb udh\u00ebtimi pa probleme. Duke bler\u00eb TravelCare, ju siguroni q\u00eb do t\u00eb merrni shum\u00ebn e plot\u00eb t\u00eb kompensimit n\u00eb rast vonesash, anulimesh ose refuzimi p\u00ebr t\u00eb hipur n\u00eb avion. Me TravelCare, ju gjithashtu fitoni p\u00ebrfitime shtes\u00eb si qasje falas n\u00eb sall\u00ebn e biznesit n\u00eb rast vonesash t\u00eb gjata, eSIM falas dhe t\u00eb tjera.  <\/p>\t\t\t\t\t\t\t\t<\/div>\n\t\t\t\t<\/div>\n\t\t\t\t<\/div>\n\t\t<div class=\"elementor-element elementor-element-590f074 e-con-full e-flex e-con e-child\" data-id=\"590f074\" data-element_type=\"container\" data-e-type=\"container\">\n\t\t\t\t<div class=\"elementor-element elementor-element-ea50959 elementor-widget elementor-widget-image\" data-id=\"ea50959\" data-element_type=\"widget\" data-e-type=\"widget\" data-widget_type=\"image.default\">\n\t\t\t\t<div class=\"elementor-widget-container\">\n\t\t\t\t\t\t\t\t\t\t\t\t\t\t\t<img fetchpriority=\"high\" decoding=\"async\" width=\"402\" height=\"398\" src=\"https:\/\/travelwithcare.io\/wp-content\/uploads\/2025\/11\/aboutus1.png\" class=\"attachment-full size-full wp-image-7195\" alt=\"\" srcset=\"https:\/\/travelwithcare.io\/wp-content\/uploads\/2025\/11\/aboutus1.png 402w, https:\/\/travelwithcare.io\/wp-content\/uploads\/2025\/11\/aboutus1-300x297.png 300w, https:\/\/travelwithcare.io\/wp-content\/uploads\/2025\/11\/aboutus1-150x150.png 150w\" sizes=\"(max-width: 402px) 100vw, 402px\" \/>\t\t\t\t\t\t\t\t\t\t\t\t\t\t\t<\/div>\n\t\t\t\t<\/div>\n\t\t\t\t<\/div>\n\t\t\t\t\t<\/div>\n\t\t\t\t<\/div>\n\t\t\t\t<\/div>\n\t\t<div class=\"elementor-element elementor-element-e193aec e-con-full bg-none e-flex e-con e-child\" data-id=\"e193aec\" data-element_type=\"container\" data-e-type=\"container\" data-settings=\"{&quot;background_background&quot;:&quot;classic&quot;}\">\n\t\t<div class=\"elementor-element elementor-element-1178ccd e-flex e-con-boxed e-con e-child\" data-id=\"1178ccd\" data-element_type=\"container\" data-e-type=\"container\" data-settings=\"{&quot;background_background&quot;:&quot;gradient&quot;}\">\n\t\t\t\t\t<div class=\"e-con-inner\">\n\t\t<div class=\"elementor-element elementor-element-bfa8cd1 e-con-full e-flex e-con e-child\" data-id=\"bfa8cd1\" data-element_type=\"container\" data-e-type=\"container\">\n\t\t\t\t<div class=\"elementor-element elementor-element-b76b986 elementor-widget elementor-widget-image\" data-id=\"b76b986\" data-element_type=\"widget\" data-e-type=\"widget\" data-widget_type=\"image.default\">\n\t\t\t\t<div class=\"elementor-widget-container\">\n\t\t\t\t\t\t\t\t\t\t\t\t\t\t\t<img decoding=\"async\" width=\"402\" height=\"398\" src=\"https:\/\/travelwithcare.io\/wp-content\/uploads\/2025\/11\/aboutus3.png\" class=\"attachment-full size-full wp-image-7246\" alt=\"\" srcset=\"https:\/\/travelwithcare.io\/wp-content\/uploads\/2025\/11\/aboutus3.png 402w, https:\/\/travelwithcare.io\/wp-content\/uploads\/2025\/11\/aboutus3-300x297.png 300w, https:\/\/travelwithcare.io\/wp-content\/uploads\/2025\/11\/aboutus3-150x150.png 150w\" sizes=\"(max-width: 402px) 100vw, 402px\" \/>\t\t\t\t\t\t\t\t\t\t\t\t\t\t\t<\/div>\n\t\t\t\t<\/div>\n\t\t\t\t<\/div>\n\t\t<div class=\"elementor-element elementor-element-677b39e e-con-full e-flex e-con e-child\" data-id=\"677b39e\" data-element_type=\"container\" data-e-type=\"container\">\n\t\t\t\t<div class=\"elementor-element elementor-element-fd66e08 elementor-widget__width-initial elementor-widget elementor-widget-text-editor\" data-id=\"fd66e08\" data-element_type=\"widget\" data-e-type=\"widget\" data-widget_type=\"text-editor.default\">\n\t\t\t\t<div class=\"elementor-widget-container\">\n\t\t\t\t\t\t\t\t\t<p>N\u00eb rast nd\u00ebrprerjeje, TravelCare bashk\u00ebpunon me Skycop p\u00ebr t\u00eb trajtuar k\u00ebrkes\u00ebn tuaj p\u00ebr kompensim, duke siguruar q\u00eb ju t\u00eb merrni t\u00eb gjith\u00eb shum\u00ebn pa tarifa ose komisione t\u00eb zbritura. Qoft\u00eb q\u00eb fluturoni brenda BE-s\u00eb ose nd\u00ebrkomb\u00ebtarisht, TravelCare ju ofron qet\u00ebsi duke ditur se planet e udh\u00ebtimit dhe kompensimi juaj jan\u00eb plot\u00ebsisht t\u00eb mbrojtura. <\/p>\t\t\t\t\t\t\t\t<\/div>\n\t\t\t\t<\/div>\n\t\t\t\t<div class=\"elementor-element elementor-element-3402c55 elementor-widget elementor-widget-heading\" data-id=\"3402c55\" data-element_type=\"widget\" data-e-type=\"widget\" data-widget_type=\"heading.default\">\n\t\t\t\t<div class=\"elementor-widget-container\">\n\t\t\t\t\t<h2 class=\"elementor-heading-title elementor-size-default\">Si punon Skycop me TravelCare<\/h2>\t\t\t\t<\/div>\n\t\t\t\t<\/div>\n\t\t\t\t<div class=\"elementor-element elementor-element-91f25ab elementor-widget__width-initial elementor-widget elementor-widget-text-editor\" data-id=\"91f25ab\" data-element_type=\"widget\" data-e-type=\"widget\" data-widget_type=\"text-editor.default\">\n\t\t\t\t<div class=\"elementor-widget-container\">\n\t\t\t\t\t\t\t\t\t<p>Kur bleni mbrojtjen TravelCare para fluturimit, jo vet\u00ebm q\u00eb siguroni p\u00ebrfitime shtes\u00eb, por gjithashtu garantoni mbulim t\u00eb plot\u00eb n\u00eb rast nd\u00ebrprerjeje t\u00eb fluturimit. Duke aktivizuar sh\u00ebrbimin t\u00eb pakt\u00ebn 24 or\u00eb para fluturimit, fitoni qasje n\u00eb t\u00eb gjitha k\u00ebto p\u00ebrfitime. <\/p>\t\t\t\t\t\t\t\t<\/div>\n\t\t\t\t<\/div>\n\t\t\t\t<\/div>\n\t\t\t\t\t<\/div>\n\t\t\t\t<\/div>\n\t\t\t\t<\/div>\n\t\t<div class=\"elementor-element elementor-element-b8e7b7e e-con-full bg-none e-flex e-con e-child\" data-id=\"b8e7b7e\" data-element_type=\"container\" data-e-type=\"container\">\n\t\t<div class=\"elementor-element elementor-element-f532771 e-flex e-con-boxed e-con e-child\" data-id=\"f532771\" data-element_type=\"container\" data-e-type=\"container\">\n\t\t\t\t\t<div class=\"e-con-inner\">\n\t\t<div class=\"elementor-element elementor-element-6bcae0d e-con-full e-flex e-con e-child\" data-id=\"6bcae0d\" data-element_type=\"container\" data-e-type=\"container\" data-settings=\"{&quot;background_background&quot;:&quot;classic&quot;}\">\n\t\t\t\t<div class=\"elementor-element elementor-element-7d84683 elementor-widget elementor-widget-heading\" data-id=\"7d84683\" data-element_type=\"widget\" data-e-type=\"widget\" data-widget_type=\"heading.default\">\n\t\t\t\t<div class=\"elementor-widget-container\">\n\t\t\t\t\t<h2 class=\"elementor-heading-title elementor-size-default\">Si punojn\u00eb Skycop dhe TravelCare s\u00eb bashku n\u00eb rast vonesash,<\/br> anulimesh ose overbooking t\u00eb fluturimit:<\/h2>\t\t\t\t<\/div>\n\t\t\t\t<\/div>\n\t\t<div class=\"elementor-element elementor-element-6df228f e-con-full e-flex e-con e-child\" data-id=\"6df228f\" data-element_type=\"container\" data-e-type=\"container\">\n\t\t<div class=\"elementor-element elementor-element-3c2df45 e-con-full e-flex e-con e-child\" data-id=\"3c2df45\" data-element_type=\"container\" data-e-type=\"container\">\n\t\t\t\t<div class=\"elementor-element elementor-element-1ff94e9 elementor-widget elementor-widget-image\" data-id=\"1ff94e9\" data-element_type=\"widget\" data-e-type=\"widget\" data-widget_type=\"image.default\">\n\t\t\t\t<div class=\"elementor-widget-container\">\n\t\t\t\t\t\t\t\t\t\t\t\t\t\t\t<img loading=\"lazy\" decoding=\"async\" width=\"57\" height=\"57\" src=\"https:\/\/travelwithcare.io\/wp-content\/uploads\/2025\/04\/ico-flexible-coverage.svg\" class=\"attachment-full size-full wp-image-5693\" alt=\"\" \/>\t\t\t\t\t\t\t\t\t\t\t\t\t\t\t<\/div>\n\t\t\t\t<\/div>\n\t\t\t\t<div class=\"elementor-element elementor-element-432f8ec elementor-widget elementor-widget-heading\" data-id=\"432f8ec\" data-element_type=\"widget\" data-e-type=\"widget\" data-widget_type=\"heading.default\">\n\t\t\t\t<div class=\"elementor-widget-container\">\n\t\t\t\t\t<h3 class=\"elementor-heading-title elementor-size-default\">K\u00ebrkesa p\u00ebr kompensim me Skycop:<\/h3>\t\t\t\t<\/div>\n\t\t\t\t<\/div>\n\t\t\t\t<div class=\"elementor-element elementor-element-fed9494 elementor-widget__width-initial elementor-widget elementor-widget-text-editor\" data-id=\"fed9494\" data-element_type=\"widget\" data-e-type=\"widget\" data-widget_type=\"text-editor.default\">\n\t\t\t\t<div class=\"elementor-widget-container\">\n\t\t\t\t\t\t\t\t\t<p>Pas nj\u00eb nd\u00ebrprerjeje t\u00eb fluturimit, vizitoni Skycop.com p\u00ebr t\u00eb dor\u00ebzuar k\u00ebrkes\u00ebn tuaj. Sistemi ju njeh automatikisht si p\u00ebrdorues t\u00eb TravelCare, q\u00eb do t\u00eb thot\u00eb se jeni tashm\u00eb t\u00eb mbuluar. Nuk k\u00ebrkohen informacione shtes\u00eb. Kjo thjeshton procesin dhe kursen koh\u00eb.   <\/p>\t\t\t\t\t\t\t\t<\/div>\n\t\t\t\t<\/div>\n\t\t\t\t<\/div>\n\t\t<div class=\"elementor-element elementor-element-ee1fe2a e-con-full e-flex e-con e-child\" data-id=\"ee1fe2a\" data-element_type=\"container\" data-e-type=\"container\">\n\t\t\t\t<div class=\"elementor-element elementor-element-c6292da elementor-widget elementor-widget-image\" data-id=\"c6292da\" data-element_type=\"widget\" data-e-type=\"widget\" data-widget_type=\"image.default\">\n\t\t\t\t<div class=\"elementor-widget-container\">\n\t\t\t\t\t\t\t\t\t\t\t\t\t\t\t<img loading=\"lazy\" decoding=\"async\" width=\"68\" height=\"68\" src=\"https:\/\/travelwithcare.io\/wp-content\/uploads\/2025\/07\/icon-cfc.svg\" class=\"attachment-full size-full wp-image-5707\" alt=\"\" \/>\t\t\t\t\t\t\t\t\t\t\t\t\t\t\t<\/div>\n\t\t\t\t<\/div>\n\t\t\t\t<div class=\"elementor-element elementor-element-87dac35 elementor-widget elementor-widget-heading\" data-id=\"87dac35\" data-element_type=\"widget\" data-e-type=\"widget\" data-widget_type=\"heading.default\">\n\t\t\t\t<div class=\"elementor-widget-container\">\n\t\t\t\t\t<h3 class=\"elementor-heading-title elementor-size-default\">Pa tarifa, pa komisione:<\/h3>\t\t\t\t<\/div>\n\t\t\t\t<\/div>\n\t\t\t\t<div class=\"elementor-element elementor-element-172f4aa elementor-widget__width-initial elementor-widget elementor-widget-text-editor\" data-id=\"172f4aa\" data-element_type=\"widget\" data-e-type=\"widget\" data-widget_type=\"text-editor.default\">\n\t\t\t\t<div class=\"elementor-widget-container\">\n\t\t\t\t\t\t\t\t\t<p>Me TravelCare, nuk keni nevoj\u00eb t\u00eb shqet\u00ebsoheni p\u00ebr tarifa ose komisione kur dor\u00ebzoni k\u00ebrkes\u00ebn p\u00ebrmes Skycop. Zakonisht, Skycop tarifon p\u00ebr sh\u00ebrbimet e saj, por si p\u00ebrdorues i TravelCare, ju merrni shum\u00ebn e plot\u00eb t\u00eb kompensimit. <\/p>\t\t\t\t\t\t\t\t<\/div>\n\t\t\t\t<\/div>\n\t\t\t\t<\/div>\n\t\t<div class=\"elementor-element elementor-element-2980177 e-con-full e-flex e-con e-child\" data-id=\"2980177\" data-element_type=\"container\" data-e-type=\"container\">\n\t\t\t\t<div class=\"elementor-element elementor-element-66b332b elementor-widget elementor-widget-image\" data-id=\"66b332b\" data-element_type=\"widget\" data-e-type=\"widget\" data-widget_type=\"image.default\">\n\t\t\t\t<div class=\"elementor-widget-container\">\n\t\t\t\t\t\t\t\t\t\t\t\t\t\t\t<img loading=\"lazy\" decoding=\"async\" width=\"68\" height=\"68\" src=\"https:\/\/travelwithcare.io\/wp-content\/uploads\/2025\/07\/icon-bp.svg\" class=\"attachment-full size-full wp-image-5704\" alt=\"\" \/>\t\t\t\t\t\t\t\t\t\t\t\t\t\t\t<\/div>\n\t\t\t\t<\/div>\n\t\t\t\t<div class=\"elementor-element elementor-element-7c1e926 elementor-widget elementor-widget-heading\" data-id=\"7c1e926\" data-element_type=\"widget\" data-e-type=\"widget\" data-widget_type=\"heading.default\">\n\t\t\t\t<div class=\"elementor-widget-container\">\n\t\t\t\t\t<h3 class=\"elementor-heading-title elementor-size-default\">Kompensim p\u00ebr k\u00ebrkesa t\u00eb vlefshme:<\/h3>\t\t\t\t<\/div>\n\t\t\t\t<\/div>\n\t\t\t\t<div class=\"elementor-element elementor-element-0e43782 elementor-widget__width-initial elementor-widget elementor-widget-text-editor\" data-id=\"0e43782\" data-element_type=\"widget\" data-e-type=\"widget\" data-widget_type=\"text-editor.default\">\n\t\t\t\t<div class=\"elementor-widget-container\">\n\t\t\t\t\t\t\t\t\t<p>N\u00ebse fluturimi juaj \u00ebsht\u00eb i vlefsh\u00ebm sipas rregulloreve si EU EC 261\/2004, mund t\u00eb merrni deri n\u00eb 600 \u20ac kompensim, n\u00eb var\u00ebsi t\u00eb nd\u00ebrprerjes.<br> Pasi TravelCare mbulon t\u00eb gjitha tarifat, ju merrni shum\u00ebn e plot\u00eb pa asnj\u00eb zbritje. <\/p>\t\t\t\t\t\t\t\t<\/div>\n\t\t\t\t<\/div>\n\t\t\t\t<\/div>\n\t\t\t\t<\/div>\n\t\t\t\t<\/div>\n\t\t\t\t\t<\/div>\n\t\t\t\t<\/div>\n\t\t\t\t<\/div>\n\t\t\t\t<\/div>\n\t\t","protected":false},"excerpt":{"rendered":"<p>Rreth nesh TravelCare \u00ebsht\u00eb nj\u00eb sh\u00ebrbim i p\u00ebrballuesh\u00ebm mbrojtjeje para fluturimit, i dizajnuar p\u00ebr t\u00eb ofruar nj\u00eb p\u00ebrvoj\u00eb udh\u00ebtimi pa probleme. Duke bler\u00eb TravelCare, ju siguroni q\u00eb do t\u00eb merrni shum\u00ebn e plot\u00eb t\u00eb kompensimit n\u00eb rast vonesash, anulimesh ose refuzimi p\u00ebr t\u00eb hipur n\u00eb avion. Me TravelCare, ju gjithashtu fitoni p\u00ebrfitime shtes\u00eb si qasje [&hellip;]<\/p>\n","protected":false},"author":1,"featured_media":0,"parent":0,"menu_order":0,"comment_status":"closed","ping_status":"closed","template":"","meta":{"footnotes":""},"class_list":["post-7631","page","type-page","status-publish","hentry"],"_links":{"self":[{"href":"https:\/\/travelwithcare.io\/sq\/wp-json\/wp\/v2\/pages\/7631","targetHints":{"allow":["GET"]}}],"collection":[{"href":"https:\/\/travelwithcare.io\/sq\/wp-json\/wp\/v2\/pages"}],"about":[{"href":"https:\/\/travelwithcare.io\/sq\/wp-json\/wp\/v2\/types\/page"}],"author":[{"embeddable":true,"href":"https:\/\/travelwithcare.io\/sq\/wp-json\/wp\/v2\/users\/1"}],"replies":[{"embeddable":true,"href":"https:\/\/travelwithcare.io\/sq\/wp-json\/wp\/v2\/comments?post=7631"}],"version-history":[{"count":1,"href":"https:\/\/travelwithcare.io\/sq\/wp-json\/wp\/v2\/pages\/7631\/revisions"}],"predecessor-version":[{"id":7632,"href":"https:\/\/travelwithcare.io\/sq\/wp-json\/wp\/v2\/pages\/7631\/revisions\/7632"}],"wp:attachment":[{"href":"https:\/\/travelwithcare.io\/sq\/wp-json\/wp\/v2\/media?parent=7631"}],"curies":[{"name":"wp","href":"https:\/\/api.w.org\/{rel}","templated":true}]}}