{"id":4137,"date":"2025-08-29T08:28:09","date_gmt":"2025-08-29T08:28:09","guid":{"rendered":"http:\/\/104.248.20.184:8000\/pyetje-te-shpeshta-rreth-mbrojtjes-se-bagazheve\/"},"modified":"2025-09-29T13:38:56","modified_gmt":"2025-09-29T13:38:56","slug":"pyetje-te-shpeshta-rreth-mbrojtjes-se-bagazheve","status":"publish","type":"page","link":"https:\/\/travelwithcare.io\/sq\/pyetje-te-shpeshta-rreth-mbrojtjes-se-bagazheve\/","title":{"rendered":"Pyetje t\u00eb Shpeshta rreth Mbrojtjes s\u00eb Bagazheve"},"content":{"rendered":"\t\t<div data-elementor-type=\"wp-page\" data-elementor-id=\"4137\" class=\"elementor elementor-4137 elementor-2546\" data-elementor-post-type=\"page\">\n\t\t\t\t<div class=\"elementor-element elementor-element-87f7941 e-flex e-con-boxed e-con e-parent\" data-id=\"87f7941\" data-element_type=\"container\" data-e-type=\"container\">\n\t\t\t\t\t<div class=\"e-con-inner\">\n\t\t<div class=\"elementor-element elementor-element-7c0e517 e-con-full e-flex e-con e-child\" data-id=\"7c0e517\" data-element_type=\"container\" data-e-type=\"container\">\n\t\t\t\t<div class=\"elementor-element elementor-element-701ff71 hidden elementor-widget elementor-widget-html\" data-id=\"701ff71\" data-element_type=\"widget\" data-e-type=\"widget\" data-widget_type=\"html.default\">\n\t\t\t\t<div class=\"elementor-widget-container\">\n\t\t\t\t\t<script>document.addEventListener(\"DOMContentLoaded\", function () {\n  const navLinks = document.querySelectorAll(\".sidebar-navigation ul li a\");\n  const navItems = document.querySelectorAll(\".sidebar-navigation ul li\");\n  const fill     = document.querySelector(\".scroll-indicator-fill\");\n\n  if (!navLinks.length || !navItems.length || !fill) return;\n\n  \/\/ smooth scroll\n  navLinks.forEach(link => {\n    link.addEventListener(\"click\", function (e) {\n      e.preventDefault();\n      const target = document.querySelector(this.getAttribute(\"href\"));\n      if (!target) return;\n\n      const headerOffset = 150;\n      const elementPosition = target.getBoundingClientRect().top + window.scrollY;\n      const offsetPosition  = elementPosition - headerOffset;\n\n      window.scrollTo({ top: offsetPosition, behavior: \"smooth\" });\n    });\n  });\n\n  const sectionMap = Array.from(navLinks).map(link => {\n    const el = document.querySelector(link.getAttribute(\"href\"));\n    return { element: el };\n  });\n\n  let lastScrollY = window.scrollY;\n\n  function getHeightWithMargin(el) {\n    const style = window.getComputedStyle(el);\n    const h    = el.offsetHeight;\n    const mt   = parseFloat(style.marginTop) || 0;\n    const mb   = parseFloat(style.marginBottom) || 0;\n    return h + mt + mb;\n  }\n\n  function sumHeightsUntil(indexExcl) {\n    \/\/ saberi od 0 do (indexExcl - 1)\n    let sum = 0;\n    for (let i = 0; i < indexExcl && i < navItems.length; i++) {\n      sum += getHeightWithMargin(navItems[i]);\n    }\n    return sum;\n  }\n\n  function onScroll() {\n    const activateOffset   = 150;\n    const deactivateOffset = 150;\n\n    const currentScrollY = window.scrollY;\n    const scrollingDown  = currentScrollY > lastScrollY;\n    lastScrollY = currentScrollY;\n\n    \/\/ 1) Aktivacija\/deaktivacija stavki menija\n    sectionMap.forEach(({ element }, index) => {\n      if (!element) return;\n      const rect = element.getBoundingClientRect();\n      const top  = rect.top;\n\n      if (scrollingDown && top > window.innerHeight) {\n        navItems[index].classList.remove(\"active\");\n        return;\n      }\n\n      if (top <= activateOffset && top >= -rect.height) {\n        navItems[index].classList.add(\"active\");\n      } else if (top > deactivateOffset) {\n        navItems[index].classList.remove(\"active\");\n      }\n    });\n\n    \/\/ 2) Izra\u010dun visine indikator trake\n    \/\/ umesto \"ako je >2, saberi 7\", tra\u017eimo poslednji aktivni indeks\n    let activeCount = 0;\n    let lastActiveIndex = -1;\n    navItems.forEach((item, i) => {\n      if (item.classList.contains(\"active\")) {\n        activeCount++;\n        lastActiveIndex = i;\n      }\n    });\n\n    if (activeCount < 2) {\n      \/\/ 0 ili 1 aktivan -> nema popune\n      fill.style.height = \"0px\";\n      return;\n    }\n\n    \/\/ \u017eeljeno pona\u0161anje kao i ranije:\n    \/\/ - kad su ta\u010dno 2 aktivna -> visina prve stavke\n    \/\/ - kad je vi\u0161e od 2 -> visina svih stavki do poslednje aktivne (BEZ nje)\n    if (activeCount === 2) {\n      fill.style.height = getHeightWithMargin(navItems[0]) + \"px\";\n      return;\n    }\n\n    \/\/ activeCount > 2\n    \/\/ lastActiveIndex mo\u017ee biti npr. 3 -> saberi 0,1,2\n    const heightSum = sumHeightsUntil(Math.max(0, lastActiveIndex));\n    fill.style.height = heightSum + \"px\";\n  }\n\n  window.addEventListener(\"scroll\", onScroll, { passive: true });\n  onScroll();\n});\n\n<\/script>\t\t\t\t<\/div>\n\t\t\t\t<\/div>\n\t\t\t\t<\/div>\n\t\t<div class=\"elementor-element elementor-element-bbb5af6 e-con-full e-flex e-con e-child\" data-id=\"bbb5af6\" data-element_type=\"container\" data-e-type=\"container\" data-settings=\"{&quot;background_background&quot;:&quot;classic&quot;}\">\n\t\t<div class=\"elementor-element elementor-element-d4a5a83 e-con-full hero-section e-flex e-con e-child\" data-id=\"d4a5a83\" data-element_type=\"container\" data-e-type=\"container\">\n\t\t\t\t<div class=\"elementor-element elementor-element-400f245 elementor-widget__width-initial elementor-widget elementor-widget-image\" data-id=\"400f245\" data-element_type=\"widget\" data-e-type=\"widget\" data-widget_type=\"image.default\">\n\t\t\t\t<div class=\"elementor-widget-container\">\n\t\t\t\t\t\t\t\t\t\t\t\t\t\t\t<img decoding=\"async\" width=\"51\" height=\"51\" src=\"https:\/\/travelwithcare.io\/wp-content\/uploads\/2025\/08\/Primary-large-button-1.png\" class=\"attachment-full size-full wp-image-4140\" alt=\"\" \/>\t\t\t\t\t\t\t\t\t\t\t\t\t\t\t<\/div>\n\t\t\t\t<\/div>\n\t\t\t\t<div class=\"elementor-element elementor-element-ec4aeaf elementor-widget__width-initial elementor-widget elementor-widget-text-editor\" data-id=\"ec4aeaf\" data-element_type=\"widget\" data-e-type=\"widget\" data-widget_type=\"text-editor.default\">\n\t\t\t\t<div class=\"elementor-widget-container\">\n\t\t\t\t\t\t\t\t\t<h1>Pyetje t\u00eb Shpeshta rreth Mbrojtjes s\u00eb Bagazheve<\/h1>\t\t\t\t\t\t\t\t<\/div>\n\t\t\t\t<\/div>\n\t\t\t\t<\/div>\n\t\t\t\t<\/div>\n\t\t<div class=\"elementor-element elementor-element-af37100 below-hero-section e-con-full e-flex e-con e-child\" data-id=\"af37100\" data-element_type=\"container\" data-e-type=\"container\">\n\t\t<div class=\"elementor-element elementor-element-8094858 e-con-full below-hero-section e-flex e-con e-child\" data-id=\"8094858\" data-element_type=\"container\" data-e-type=\"container\">\n\t\t<div class=\"elementor-element elementor-element-7f48d8a e-con-full e-flex e-con e-child\" data-id=\"7f48d8a\" data-element_type=\"container\" data-e-type=\"container\" id=\"sticky\">\n\t\t\t\t<div class=\"elementor-element elementor-element-fca1080 sidebar-navigation elementor-widget elementor-widget-html\" data-id=\"fca1080\" data-element_type=\"widget\" data-e-type=\"widget\" data-widget_type=\"html.default\">\n\t\t\t\t<div class=\"elementor-widget-container\">\n\t\t\t\t\t<h3>Pyetje<\/h3>\n<div class=\"inner-links-nav\">\n    <div class=\"scroll-indicator-bg\">\n    <div class=\"scroll-indicator-fill\"><\/div>\n<\/div>\n<ul>\n    <li><a href=\"#what-is-luggage\">1. \u00c7far\u00eb \u00ebsht\u00eb Mbrojtja e Bagazheve?<\/a><\/li>\n    <li><a href=\"#how-doese\">2. Si funksionon?<\/a><\/li>\n    <li><a href=\"#how-do-i-activate-title\">3. Si e aktivizoj Mbrojtjen e Bagazhit?<\/a><\/li>\n    <li><a href=\"#what-shuld-i-do-title\">4. \u00c7far\u00eb duhet t\u00eb b\u00ebj n\u00ebse bagazhi im vonohet ose humbet?<\/a><\/li>\n    <li><a href=\"#what-is-the\">5. Cila \u00ebsht\u00eb shuma e mbulimit?<\/a><\/li>\n    <li><a href=\"#how-will-i\">6. Si do ta marr kompensimin?<\/a><\/li>\n    <li><a href=\"#does-this-replace\">7. A e z\u00ebvend\u00ebson kjo kompensimin e linj\u00ebs ajrore?<\/a><\/li>\n    <li><a href=\"#is-there-a-limit\">8. A ka ndonj\u00eb limit se sa her\u00eb mund ta p\u00ebrdor?<\/a><\/li>\n<\/ul>\n<\/div>\t\t\t\t<\/div>\n\t\t\t\t<\/div>\n\t\t\t\t<\/div>\n\t\t<div class=\"elementor-element elementor-element-2c7e9b5 e-con-full below-hero-right e-flex e-con e-child\" data-id=\"2c7e9b5\" data-element_type=\"container\" data-e-type=\"container\">\n\t\t\t\t<div class=\"elementor-element elementor-element-2c1687f fitst-box elementor-widget elementor-widget-text-editor\" data-id=\"2c1687f\" data-element_type=\"widget\" data-e-type=\"widget\" id=\"what-is-luggage\" data-widget_type=\"text-editor.default\">\n\t\t\t\t<div class=\"elementor-widget-container\">\n\t\t\t\t\t\t\t\t\t<h3>1. \u00c7far\u00eb \u00ebsht\u00eb Mbrojtja e Bagazheve?<\/h3><p>Mbrojtja e Bagazheve, e mund\u00ebsuar nga Blue Ribbon Bags (BRB) , siguron ndihm\u00eb dhe kompensim n\u00ebse bagazhi juaj i regjistruar vonohet ose humbet. BRB gjurmon n\u00eb m\u00ebnyr\u00eb aktive bagazhet tuaja me linj\u00ebn ajrore dhe n\u00ebse nuk kthehen brenda 96 or\u00ebve, ju merrni mbulim prej 1,000 \u20ac p\u00ebr pasagjer &#8211; pavar\u00ebsisht vendimit t\u00eb linj\u00ebs ajrore. <\/p>\t\t\t\t\t\t\t\t<\/div>\n\t\t\t\t<\/div>\n\t\t\t\t<div class=\"elementor-element elementor-element-7e69dcf fitst-box elementor-widget elementor-widget-text-editor\" data-id=\"7e69dcf\" data-element_type=\"widget\" data-e-type=\"widget\" id=\"how-doese\" data-widget_type=\"text-editor.default\">\n\t\t\t\t<div class=\"elementor-widget-container\">\n\t\t\t\t\t\t\t\t\t<h3>2. Si funksionon?<\/h3><ul><li>Mbrojtja e bagazheve \u00ebsht\u00eb p\u00ebrfshir\u00eb n\u00eb planin tuaj t\u00eb Kujdesit p\u00ebr Udh\u00ebtim.<\/li><li>Pasi t\u00eb jen\u00eb regjistruar t\u00eb dh\u00ebnat e fluturimit tuaj, BRB monitoron bagazhet tuaja t\u00eb regjistruara n\u00eb koh\u00eb reale<\/li><li>N\u00ebse bagazhi juaj vonohet ose humbet, BRB nd\u00ebrhyn p\u00ebr ta gjetur at\u00eb dhe p\u00ebr t&#8217;u koordinuar me linj\u00ebn ajrore.<\/li><li>N\u00ebse nuk ktheheni brenda 96 or\u00ebve , ju merrni kompensim sipas planit tuaj, duke filluar nga 1,000 \u20ac.<\/li><\/ul>\t\t\t\t\t\t\t\t<\/div>\n\t\t\t\t<\/div>\n\t\t\t\t<div class=\"elementor-element elementor-element-69adfc7 elementor-widget elementor-widget-text-editor\" data-id=\"69adfc7\" data-element_type=\"widget\" data-e-type=\"widget\" id=\"how-do-i-activate-title\" data-widget_type=\"text-editor.default\">\n\t\t\t\t<div class=\"elementor-widget-container\">\n\t\t\t\t\t\t\t\t\t<h3>3. Si e aktivizoj Mbrojtjen e Bagazhit?<\/h3>\t\t\t\t\t\t\t\t<\/div>\n\t\t\t\t<\/div>\n\t\t<div class=\"elementor-element elementor-element-0988c63 e-con-full e-flex e-con e-child\" data-id=\"0988c63\" data-element_type=\"container\" data-e-type=\"container\" id=\"how-do-i-activate\">\n\t\t\t\t<div class=\"elementor-element elementor-element-dbd1677 inner-box elementor-widget elementor-widget-text-editor\" data-id=\"dbd1677\" data-element_type=\"widget\" data-e-type=\"widget\" data-widget_type=\"text-editor.default\">\n\t\t\t\t<div class=\"elementor-widget-container\">\n\t\t\t\t\t\t\t\t\t<h4><strong>1.<\/strong> <\/h4><p>Kur blini Kujdesin p\u00ebr Udh\u00ebtimin dhe jepni t\u00eb dh\u00ebnat e fluturimit tuaj (PNR, emrat e pasagjer\u00ebve, datat e udh\u00ebtimit) , k\u00ebto i d\u00ebrgohen automatikisht BRB-s\u00eb.<\/p>\t\t\t\t\t\t\t\t<\/div>\n\t\t\t\t<\/div>\n\t\t\t\t<div class=\"elementor-element elementor-element-9000b08 inner-box elementor-widget elementor-widget-text-editor\" data-id=\"9000b08\" data-element_type=\"widget\" data-e-type=\"widget\" data-widget_type=\"text-editor.default\">\n\t\t\t\t<div class=\"elementor-widget-container\">\n\t\t\t\t\t\t\t\t\t<h4><strong>2.<\/strong> <\/h4><p>BRB l\u00ebshon nj\u00eb Kontrat\u00eb Sh\u00ebrbimi dhe jua d\u00ebrgon at\u00eb me email. Kjo p\u00ebrfshin: <\/p><ul><li>Numri juaj i Konfirmimit t\u00eb BRB-s\u00eb .<\/li><li>Nj\u00eb link p\u00ebr t\u00eb raportuar \u00e7do vones\u00eb t\u00eb bagazheve.<\/li><\/ul>\t\t\t\t\t\t\t\t<\/div>\n\t\t\t\t<\/div>\n\t\t\t\t<div class=\"elementor-element elementor-element-54d83e3 inner-box elementor-widget elementor-widget-text-editor\" data-id=\"54d83e3\" data-element_type=\"widget\" data-e-type=\"widget\" data-widget_type=\"text-editor.default\">\n\t\t\t\t<div class=\"elementor-widget-container\">\n\t\t\t\t\t\t\t\t\t<h4><strong>3.<\/strong> <\/h4><p>Mbajeni k\u00ebt\u00eb email t\u00eb sigurt \u2014 p\u00ebrmban gjith\u00e7ka q\u00eb ju nevojitet n\u00ebse keni probleme me bagazhet.<\/p>\t\t\t\t\t\t\t\t<\/div>\n\t\t\t\t<\/div>\n\t\t\t\t<\/div>\n\t\t\t\t<div class=\"elementor-element elementor-element-530ef87 elementor-widget elementor-widget-text-editor\" data-id=\"530ef87\" data-element_type=\"widget\" data-e-type=\"widget\" id=\"what-shuld-i-do-title\" data-widget_type=\"text-editor.default\">\n\t\t\t\t<div class=\"elementor-widget-container\">\n\t\t\t\t\t\t\t\t\t<h3>4. \u00c7far\u00eb duhet t\u00eb b\u00ebj n\u00ebse bagazhi im vonohet ose humbet?<\/h3>\t\t\t\t\t\t\t\t<\/div>\n\t\t\t\t<\/div>\n\t\t<div class=\"elementor-element elementor-element-7eefffc e-con-full e-flex e-con e-child\" data-id=\"7eefffc\" data-element_type=\"container\" data-e-type=\"container\" id=\"what-shuld-i-do\">\n\t\t\t\t<div class=\"elementor-element elementor-element-4f7e3e9 inner-box elementor-widget elementor-widget-text-editor\" data-id=\"4f7e3e9\" data-element_type=\"widget\" data-e-type=\"widget\" data-widget_type=\"text-editor.default\">\n\t\t\t\t<div class=\"elementor-widget-container\">\n\t\t\t\t\t\t\t\t\t<h4><strong>1.<\/strong> <\/h4><p>Paraqituni menj\u00ebher\u00eb te linja ajrore n\u00eb sportelin e marrjes s\u00eb bagazheve. Merrni nj\u00eb Raport Parregullsish t\u00eb Pron\u00ebs (PIR) . <\/p>\t\t\t\t\t\t\t\t<\/div>\n\t\t\t\t<\/div>\n\t\t\t\t<div class=\"elementor-element elementor-element-a1d2952 inner-box elementor-widget elementor-widget-text-editor\" data-id=\"a1d2952\" data-element_type=\"widget\" data-e-type=\"widget\" data-widget_type=\"text-editor.default\">\n\t\t\t\t<div class=\"elementor-widget-container\">\n\t\t\t\t\t\t\t\t\t<h4><strong>2.<\/strong> <\/h4><p>Shkoni te lidhja e dh\u00ebn\u00eb n\u00eb emailin tuaj t\u00eb konfirmimit t\u00eb BRB-s\u00eb.<\/p>\t\t\t\t\t\t\t\t<\/div>\n\t\t\t\t<\/div>\n\t\t\t\t<div class=\"elementor-element elementor-element-f234243 inner-box elementor-widget elementor-widget-text-editor\" data-id=\"f234243\" data-element_type=\"widget\" data-e-type=\"widget\" data-widget_type=\"text-editor.default\">\n\t\t\t\t<div class=\"elementor-widget-container\">\n\t\t\t\t\t\t\t\t\t<h4><strong>3.<\/strong> <\/h4><p>Dor\u00ebzo<\/p><ul><li>Numri juaj PIR .<\/li><li>Numri juaj i konfirmimit t\u00eb BRB-s\u00eb .<\/li><\/ul>\t\t\t\t\t\t\t\t<\/div>\n\t\t\t\t<\/div>\n\t\t\t\t<div class=\"elementor-element elementor-element-b11641f inner-box elementor-widget elementor-widget-text-editor\" data-id=\"b11641f\" data-element_type=\"widget\" data-e-type=\"widget\" id=\"what-shuld-i-do\" data-widget_type=\"text-editor.default\">\n\t\t\t\t<div class=\"elementor-widget-container\">\n\t\t\t\t\t\t\t\t\t<h4><strong>4.<\/strong> <\/h4><p>BRB do t\u00eb filloj\u00eb t\u00eb gjurmoj\u00eb bagazhet tuaja dhe t\u00eb ofroj\u00eb p\u00ebrdit\u00ebsime.<\/p>\t\t\t\t\t\t\t\t<\/div>\n\t\t\t\t<\/div>\n\t\t\t\t<\/div>\n\t\t\t\t<div class=\"elementor-element elementor-element-50d82f2 fitst-box elementor-widget elementor-widget-text-editor\" data-id=\"50d82f2\" data-element_type=\"widget\" data-e-type=\"widget\" id=\"what-is-the\" data-widget_type=\"text-editor.default\">\n\t\t\t\t<div class=\"elementor-widget-container\">\n\t\t\t\t\t\t\t\t\t<h3>5. Cila \u00ebsht\u00eb shuma e mbulimit?<\/h3><ul><li>Mbulimi fillon nga 1,000 \u20ac p\u00ebr pasagjer n\u00ebse bagazhi juaj nuk kthehet brenda 96 or\u00ebve nga mb\u00ebrritja juaj e planifikuar.<\/li><li>Mbulimi i sakt\u00eb varet nga plani juaj i Kujdesit p\u00ebr Udh\u00ebtimin.<\/li><\/ul>\t\t\t\t\t\t\t\t<\/div>\n\t\t\t\t<\/div>\n\t\t\t\t<div class=\"elementor-element elementor-element-c70c598 fitst-box elementor-widget elementor-widget-text-editor\" data-id=\"c70c598\" data-element_type=\"widget\" data-e-type=\"widget\" id=\"how-will-i\" data-widget_type=\"text-editor.default\">\n\t\t\t\t<div class=\"elementor-widget-container\">\n\t\t\t\t\t\t\t\t\t<h3>6. Si do ta marr kompensimin?<\/h3><p>N\u00ebse bagazhi juaj nuk dor\u00ebzohet brenda afatit t\u00eb caktuar, BRB do t&#8217;jua b\u00ebj\u00eb pages\u00ebn direkt, pavar\u00ebsisht n\u00ebse linja ajrore ju kompenson apo jo.<\/p>\t\t\t\t\t\t\t\t<\/div>\n\t\t\t\t<\/div>\n\t\t\t\t<div class=\"elementor-element elementor-element-856c4a5 fitst-box elementor-widget elementor-widget-text-editor\" data-id=\"856c4a5\" data-element_type=\"widget\" data-e-type=\"widget\" id=\"does-this-replace\" data-widget_type=\"text-editor.default\">\n\t\t\t\t<div class=\"elementor-widget-container\">\n\t\t\t\t\t\t\t\t\t<h3>7. A e z\u00ebvend\u00ebson kjo kompensimin e linj\u00ebs ajrore?<\/h3><p>Jo. Ky \u00ebsht\u00eb nj\u00eb p\u00ebrfitim shtes\u00eb q\u00eb funksionon s\u00eb bashku me \u00e7do kompensim nga linja ajrore q\u00eb mund t\u00eb keni t\u00eb drejt\u00eb. <\/p>\t\t\t\t\t\t\t\t<\/div>\n\t\t\t\t<\/div>\n\t\t\t\t<div class=\"elementor-element elementor-element-c104610 fitst-box elementor-widget elementor-widget-text-editor\" data-id=\"c104610\" data-element_type=\"widget\" data-e-type=\"widget\" id=\"is-there-a-limit\" data-widget_type=\"text-editor.default\">\n\t\t\t\t<div class=\"elementor-widget-container\">\n\t\t\t\t\t\t\t\t\t<h3>8. A ka ndonj\u00eb limit se sa her\u00eb mund ta p\u00ebrdor?<\/h3><p>Ju jeni t\u00eb mbuluar p\u00ebr \u00e7do fluturim t\u00eb pranuesh\u00ebm sipas planit tuaj aktiv t\u00eb Kujdesit t\u00eb Udh\u00ebtimit, p\u00ebr t\u00eb gjith\u00eb pasagjer\u00ebt e p\u00ebrfshir\u00eb n\u00eb rezervim.<\/p>\t\t\t\t\t\t\t\t<\/div>\n\t\t\t\t<\/div>\n\t\t\t\t<\/div>\n\t\t\t\t<\/div>\n\t\t\t\t<\/div>\n\t\t\t\t\t<\/div>\n\t\t\t\t<\/div>\n\t\t\t\t<\/div>\n\t\t","protected":false},"excerpt":{"rendered":"<p>Pyetje t\u00eb Shpeshta rreth Mbrojtjes s\u00eb Bagazheve Pyetje 1. \u00c7far\u00eb \u00ebsht\u00eb Mbrojtja e Bagazheve? 2. Si funksionon? 3. Si e aktivizoj Mbrojtjen e Bagazhit? 4. \u00c7far\u00eb duhet t\u00eb b\u00ebj n\u00ebse bagazhi im vonohet ose humbet? 5. Cila \u00ebsht\u00eb shuma e mbulimit? 6. Si do ta marr kompensimin? 7. A e z\u00ebvend\u00ebson kjo kompensimin e linj\u00ebs [&hellip;]<\/p>\n","protected":false},"author":1,"featured_media":0,"parent":0,"menu_order":0,"comment_status":"closed","ping_status":"closed","template":"","meta":{"footnotes":""},"class_list":["post-4137","page","type-page","status-publish","hentry"],"_links":{"self":[{"href":"https:\/\/travelwithcare.io\/sq\/wp-json\/wp\/v2\/pages\/4137","targetHints":{"allow":["GET"]}}],"collection":[{"href":"https:\/\/travelwithcare.io\/sq\/wp-json\/wp\/v2\/pages"}],"about":[{"href":"https:\/\/travelwithcare.io\/sq\/wp-json\/wp\/v2\/types\/page"}],"author":[{"embeddable":true,"href":"https:\/\/travelwithcare.io\/sq\/wp-json\/wp\/v2\/users\/1"}],"replies":[{"embeddable":true,"href":"https:\/\/travelwithcare.io\/sq\/wp-json\/wp\/v2\/comments?post=4137"}],"version-history":[{"count":1,"href":"https:\/\/travelwithcare.io\/sq\/wp-json\/wp\/v2\/pages\/4137\/revisions"}],"predecessor-version":[{"id":4138,"href":"https:\/\/travelwithcare.io\/sq\/wp-json\/wp\/v2\/pages\/4137\/revisions\/4138"}],"wp:attachment":[{"href":"https:\/\/travelwithcare.io\/sq\/wp-json\/wp\/v2\/media?parent=4137"}],"curies":[{"name":"wp","href":"https:\/\/api.w.org\/{rel}","templated":true}]}}