{"id":4134,"date":"2025-08-04T06:47:39","date_gmt":"2025-08-04T06:47:39","guid":{"rendered":"http:\/\/104.248.20.184:8000\/kompensimi-per-vonesen-e-fluturimit\/"},"modified":"2025-09-29T13:32:52","modified_gmt":"2025-09-29T13:32:52","slug":"kompensimi-per-vonesen-e-fluturimit","status":"publish","type":"page","link":"https:\/\/travelwithcare.io\/sq\/kompensimi-per-vonesen-e-fluturimit\/","title":{"rendered":"Kompensimi p\u00ebr vones\u00ebn e fluturimit"},"content":{"rendered":"\t\t<div data-elementor-type=\"wp-page\" data-elementor-id=\"4134\" class=\"elementor elementor-4134 elementor-1921\" data-elementor-post-type=\"page\">\n\t\t\t\t<div class=\"elementor-element elementor-element-1144085 e-flex e-con-boxed e-con e-parent\" data-id=\"1144085\" data-element_type=\"container\" data-e-type=\"container\" id=\"hero-section\" data-settings=\"{&quot;background_background&quot;:&quot;classic&quot;}\">\n\t\t\t\t\t<div class=\"e-con-inner\">\n\t\t<div class=\"elementor-element elementor-element-7655a3d e-con-full hero-section e-flex e-con e-child\" data-id=\"7655a3d\" data-element_type=\"container\" data-e-type=\"container\">\n\t\t\t\t<div class=\"elementor-element elementor-element-d40c3b3 elementor-widget elementor-widget-image\" data-id=\"d40c3b3\" data-element_type=\"widget\" data-e-type=\"widget\" data-widget_type=\"image.default\">\n\t\t\t\t<div class=\"elementor-widget-container\">\n\t\t\t\t\t\t\t\t\t\t\t\t\t\t\t<img decoding=\"async\" width=\"51\" height=\"51\" src=\"https:\/\/travelwithcare.io\/wp-content\/uploads\/2025\/08\/Primary-large-button.png\" class=\"attachment-full size-full wp-image-4135\" alt=\"\" \/>\t\t\t\t\t\t\t\t\t\t\t\t\t\t\t<\/div>\n\t\t\t\t<\/div>\n\t\t\t\t<div class=\"elementor-element elementor-element-162de95 elementor-widget__width-initial elementor-widget elementor-widget-text-editor\" data-id=\"162de95\" data-element_type=\"widget\" data-e-type=\"widget\" data-widget_type=\"text-editor.default\">\n\t\t\t\t<div class=\"elementor-widget-container\">\n\t\t\t\t\t\t\t\t\t<h1><span class=\"NormalTextRun ContextualSpellingAndGrammarErrorV2Themed GrammarErrorHighlight SCXW68206312 BCX0\">Kompensimi<\/span> <span class=\"NormalTextRun SCXW68206312 BCX0\">p\u00ebr vones\u00ebn<\/span> <span class=\"NormalTextRun SCXW68206312 BCX0\">e fluturimit<\/span><\/h1><p><span style=\"white-space-collapse: preserve;\">N\u00ebse fluturimi juaj \u00ebsht\u00eb vonuar, mund t\u00eb keni t\u00eb drejt\u00eb p\u00ebr kompensim p\u00ebr kosto shtes\u00eb, si\u00e7 jan\u00eb vaktet, q\u00ebndrimet n\u00eb hotel ose shpenzimet shtes\u00eb t\u00eb udh\u00ebtimit. N\u00eb disa raste, mund t\u00eb kompensoheni edhe p\u00ebr koh\u00ebn e humbur, ve\u00e7an\u00ebrisht n\u00ebse vonesa zgjati disa or\u00eb. <\/span><\/p><p><span style=\"white-space-collapse: preserve;\">Duke aktivizuar TravelCare t\u00eb pakt\u00ebn 24 or\u00eb para fluturimit tuaj, nuk do t\u00eb paguani asnj\u00eb tarif\u00eb ose komision kur paraqisni k\u00ebrkes\u00ebn tuaj p\u00ebrmes Skycop n\u00eb rast t\u00eb nj\u00eb nd\u00ebrprerjeje t\u00eb fluturimit.<\/span><\/p>\t\t\t\t\t\t\t\t<\/div>\n\t\t\t\t<\/div>\n\t\t\t\t<\/div>\n\t\t\t\t\t<\/div>\n\t\t\t\t<\/div>\n\t\t<div class=\"elementor-element elementor-element-6020c9b below-hero-section e-flex e-con-boxed e-con e-parent\" data-id=\"6020c9b\" data-element_type=\"container\" data-e-type=\"container\">\n\t\t\t\t\t<div class=\"e-con-inner\">\n\t\t<div class=\"elementor-element elementor-element-5e3f2d1 e-con-full below-hero-section e-flex e-con e-child\" data-id=\"5e3f2d1\" data-element_type=\"container\" data-e-type=\"container\">\n\t\t<div class=\"elementor-element elementor-element-07b53ec e-con-full e-flex e-con e-child\" data-id=\"07b53ec\" data-element_type=\"container\" data-e-type=\"container\" id=\"sticky\">\n\t\t\t\t<div class=\"elementor-element elementor-element-1d7d1e9 sidebar-navigation elementor-widget elementor-widget-html\" data-id=\"1d7d1e9\" data-element_type=\"widget\" data-e-type=\"widget\" data-widget_type=\"html.default\">\n\t\t\t\t<div class=\"elementor-widget-container\">\n\t\t\t\t\t<h3>P\u00ebrmbajtja<\/h3>\n<div class=\"inner-links-nav\">\n    <div class=\"scroll-indicator-bg\">\n    <div class=\"scroll-indicator-fill\"><\/div>\n<\/div>\n<ul>\n    <li><a href=\"#hero-section\">Kompensimi p\u00ebr vones\u00ebn e fluturimit<\/a><\/li>\n    <li><a href=\"#flight-delay\">Cilat jan\u00eb rregulloret p\u00ebr kompensimin p\u00ebr vones\u00ebn e fluturimit?<\/a><\/li>\n    <li><a href=\"#compensation\">Kompensimi p\u00ebr nj\u00eb fluturim t\u00eb vonuar \u00ebsht\u00eb si m\u00eb posht\u00eb:<\/a><\/li>\n<\/ul>\n<\/div>\t\t\t\t<\/div>\n\t\t\t\t<\/div>\n\t\t\t\t<\/div>\n\t\t<div class=\"elementor-element elementor-element-1061d8b e-con-full below-hero-right e-flex e-con e-child\" data-id=\"1061d8b\" data-element_type=\"container\" data-e-type=\"container\">\n\t\t\t\t<div class=\"elementor-element elementor-element-8dc699d fitst-box elementor-widget elementor-widget-text-editor\" data-id=\"8dc699d\" data-element_type=\"widget\" data-e-type=\"widget\" id=\"flight-delay\" data-widget_type=\"text-editor.default\">\n\t\t\t\t<div class=\"elementor-widget-container\">\n\t\t\t\t\t\t\t\t\t<h3>Cilat jan\u00eb rregulloret p\u00ebr kompensimin p\u00ebr vones\u00ebn e fluturimit?<\/h3><p>Rregullorja e BE-s\u00eb p\u00ebr t\u00eb Drejtat e Pasagjer\u00ebve Ajror\u00eb zbatohet p\u00ebr t\u00eb gjitha fluturimet q\u00eb nisen nga aeroportet e BE-s\u00eb ose mb\u00ebrrijn\u00eb n\u00eb aeroportet e BE-s\u00eb me linja ajrore t\u00eb regjistruara n\u00eb BE. Pas Brexit-it, i nj\u00ebjti legjislacion u kopjua n\u00eb ligjin britanik si UK 261, k\u00ebshtu q\u00eb pasagjer\u00ebt n\u00eb Mbret\u00ebrin\u00eb e Bashkuar mund t\u00eb k\u00ebrkojn\u00eb ende kompensim sipas t\u00eb nj\u00ebjtave rregulla. <\/p><p>K\u00ebto jan\u00eb rregulloret q\u00eb Skycop p\u00ebrdor p\u00ebr t\u00eb paraqitur k\u00ebrkesa n\u00eb emrin tuaj. Njihuni me termat kryesor\u00eb t\u00eb legjislacionit p\u00ebrpara fluturimit tuaj p\u00ebr t\u00eb ditur t\u00eb drejtat tuaja n\u00eb rast vonese. <\/p>\t\t\t\t\t\t\t\t<\/div>\n\t\t\t\t<\/div>\n\t\t\t\t<div class=\"elementor-element elementor-element-20edf1c elementor-widget elementor-widget-text-editor\" data-id=\"20edf1c\" data-element_type=\"widget\" data-e-type=\"widget\" id=\"compensation\" data-widget_type=\"text-editor.default\">\n\t\t\t\t<div class=\"elementor-widget-container\">\n\t\t\t\t\t\t\t\t\t<h3>Kompensimi p\u00ebr nj\u00eb fluturim t\u00eb vonuar \u00ebsht\u00eb si m\u00eb posht\u00eb:<\/h3>\t\t\t\t\t\t\t\t<\/div>\n\t\t\t\t<\/div>\n\t\t<div class=\"elementor-element elementor-element-2e16676 e-grid e-con-full e-con e-child\" data-id=\"2e16676\" data-element_type=\"container\" data-e-type=\"container\">\n\t\t\t\t<div class=\"elementor-element elementor-element-35fdec9 inner-box elementor-widget elementor-widget-text-editor\" data-id=\"35fdec9\" data-element_type=\"widget\" data-e-type=\"widget\" data-widget_type=\"text-editor.default\">\n\t\t\t\t<div class=\"elementor-widget-container\">\n\t\t\t\t\t\t\t\t\t<h4>Deri n\u00eb 1,500 km<\/h4><p>250 \u20ac (220 \u00a3) p\u00ebr vonesa mbi tre or\u00eb ose n\u00ebse fluturimi nuk ka mb\u00ebrritur kurr\u00eb<\/p>\t\t\t\t\t\t\t\t<\/div>\n\t\t\t\t<\/div>\n\t\t\t\t<div class=\"elementor-element elementor-element-558b054 inner-box elementor-widget elementor-widget-text-editor\" data-id=\"558b054\" data-element_type=\"widget\" data-e-type=\"widget\" data-widget_type=\"text-editor.default\">\n\t\t\t\t<div class=\"elementor-widget-container\">\n\t\t\t\t\t\t\t\t\t<h4>Mbi 1,500 km (brenda BE-s\u00eb)<\/h4><p>400 \u20ac (350 \u00a3) p\u00ebr vonesa mbi tre or\u00eb ose n\u00ebse fluturimi nuk mb\u00ebrriti kurr\u00eb<\/p>\t\t\t\t\t\t\t\t<\/div>\n\t\t\t\t<\/div>\n\t\t\t\t<\/div>\n\t\t<div class=\"elementor-element elementor-element-40ee4d1 e-grid e-con-full e-con e-child\" data-id=\"40ee4d1\" data-element_type=\"container\" data-e-type=\"container\">\n\t\t\t\t<div class=\"elementor-element elementor-element-774b653 inner-box elementor-widget elementor-widget-text-editor\" data-id=\"774b653\" data-element_type=\"widget\" data-e-type=\"widget\" data-widget_type=\"text-editor.default\">\n\t\t\t\t<div class=\"elementor-widget-container\">\n\t\t\t\t\t\t\t\t\t<h4>Fluturime midis 1,500\u20133,500 km (nd\u00ebrkomb\u00ebtare)<\/h4><p>400 \u20ac p\u00ebr vonesa mbi tre or\u00eb<\/p>\t\t\t\t\t\t\t\t<\/div>\n\t\t\t\t<\/div>\n\t\t\t\t<div class=\"elementor-element elementor-element-2784bad inner-box elementor-widget elementor-widget-text-editor\" data-id=\"2784bad\" data-element_type=\"widget\" data-e-type=\"widget\" data-widget_type=\"text-editor.default\">\n\t\t\t\t<div class=\"elementor-widget-container\">\n\t\t\t\t\t\t\t\t\t<h4>Fluturime mbi 3,500 km (nd\u00ebrkomb\u00ebtare)<\/h4><ul><li>300 \u20ac p\u00ebr vonesa prej 3 deri n\u00eb 4 or\u00ebsh<\/li><li>600 \u20ac p\u00ebr vonesa m\u00eb shum\u00eb se 4 or\u00eb ose n\u00ebse fluturimi nuk ka mb\u00ebrritur kurr\u00eb<\/li><\/ul>\t\t\t\t\t\t\t\t<\/div>\n\t\t\t\t<\/div>\n\t\t\t\t<\/div>\n\t\t\t\t<\/div>\n\t\t\t\t<\/div>\n\t\t\t\t\t<\/div>\n\t\t\t\t<\/div>\n\t\t<div class=\"elementor-element elementor-element-ec36e31 e-flex e-con-boxed e-con e-parent\" data-id=\"ec36e31\" data-element_type=\"container\" data-e-type=\"container\">\n\t\t\t\t\t<div class=\"e-con-inner\">\n\t\t\t\t<div class=\"elementor-element elementor-element-f9bf357 hidden elementor-widget elementor-widget-html\" data-id=\"f9bf357\" data-element_type=\"widget\" data-e-type=\"widget\" data-widget_type=\"html.default\">\n\t\t\t\t<div class=\"elementor-widget-container\">\n\t\t\t\t\t<script>document.addEventListener('DOMContentLoaded', function () {\n  const HEADER_OFFSET = 150; \/\/ visina fiksiranog headera\n  const navItems = Array.from(document.querySelectorAll('.sidebar-navigation ul li'));\n  const navLinks = Array.from(document.querySelectorAll('.sidebar-navigation ul li a'));\n\n  \/\/ Smooth scroll\n  navLinks.forEach(a => {\n    a.addEventListener('click', function (e) {\n      const href = a.getAttribute('href');\n      if (!href || !href.startsWith('#')) return;\n      const target = document.querySelector(href);\n      if (!target) return;\n      e.preventDefault();\n      const top = target.getBoundingClientRect().top + window.scrollY - HEADER_OFFSET;\n      window.scrollTo({ top, behavior: 'smooth' });\n    });\n  });\n\n  \/\/ Mapiranje sekcija\n  const sections = navLinks.map((a, index) => {\n    const sel = a.getAttribute('href');\n    const el  = sel ? document.querySelector(sel) : null;\n    return { el, index };\n  }).filter(s => s.el);\n\n  function getHeightWithMargin(el){\n    const cs = window.getComputedStyle(el);\n    return el.offsetHeight + (parseFloat(cs.marginTop)||0) + (parseFloat(cs.marginBottom)||0);\n  }\n\n  function updateFill(){\n    const fill = document.querySelector('.scroll-indicator-fill');\n    if (!fill) return;\n    let lastIdx = -1;\n    navItems.forEach((li, i) => { if (li.classList.contains('active')) lastIdx = i; });\n    if (lastIdx < 0) { fill.style.height = '0px'; return; }\n    let sum = 0;\n    for (let i = 0; i <= lastIdx; i++) sum += getHeightWithMargin(navItems[i]);\n    fill.style.height = sum + 'px';\n  }\n\n  function setActive(index, on){\n    const li = navItems[index];\n    if (!li) return;\n    li.classList.toggle('active', !!on);\n  }\n\n  \/\/ IntersectionObserver: NE skidaj active kad ode preko GORNJE linije\n  if ('IntersectionObserver' in window) {\n    const indexById = Object.create(null);\n    sections.forEach(s => { if (s.el.id) indexById[s.el.id] = s.index; });\n\n    const io = new IntersectionObserver((entries) => {\n      const vh = window.innerHeight || document.documentElement.clientHeight;\n      entries.forEach(entry => {\n        const idx = indexById[entry.target.id];\n        if (idx === undefined) return;\n\n        if (entry.isIntersecting) {\n          \/\/ \u010dim u\u0111e ispod header linije -> aktiviraj\n          setActive(idx, true);\n        } else {\n          \/\/ nije u preseku \u2014 odlu\u010di da li da SKINE\u0160 active\n          const top = entry.boundingClientRect.top;\n\n          \/\/ Ako je oti\u0161lo ispod dna (pri skrolu navi\u0161e) -> skini active\n          if (top >= vh) {\n            setActive(idx, false);\n          }\n          \/\/ Ako je oti\u0161lo iznad header linije -> NE diraj (ostaje aktivno)\n          \/\/ else if (top <= HEADER_OFFSET) { \/\/ namerno prazno }\n        }\n      });\n      updateFill();\n    }, {\n      root: null,\n      rootMargin: `-${HEADER_OFFSET}px 0px 0px 0px`,\n      threshold: 0\n    });\n\n    sections.forEach(s => io.observe(s.el));\n  } else {\n    \/\/ Fallback: ne skidaj active kada ode iznad, samo kad ode ispod dna\n    function onScroll(){\n      const vh = window.innerHeight || document.documentElement.clientHeight;\n      const topLimit = HEADER_OFFSET;\n      sections.forEach(({ el, index }) => {\n        const r = el.getBoundingClientRect();\n        const visible = r.bottom > topLimit && r.top < vh;\n\n        if (visible) {\n          setActive(index, true);\n        } else {\n          \/\/ oti\u0161lo ispod dna? (pri skrolu navi\u0161e)\n          if (r.top >= vh) setActive(index, false);\n          \/\/ oti\u0161lo iznad topLimit -> ne diramo (ostaje active)\n        }\n      });\n      updateFill();\n    }\n    window.addEventListener('scroll', onScroll, { passive: true });\n    onScroll();\n  }\n\n  \/\/ inicijalni fill\n  updateFill();\n});\n<\/script>\t\t\t\t<\/div>\n\t\t\t\t<\/div>\n\t\t\t\t\t<\/div>\n\t\t\t\t<\/div>\n\t\t\t\t<\/div>\n\t\t","protected":false},"excerpt":{"rendered":"<p>Kompensimi p\u00ebr vones\u00ebn e fluturimit N\u00ebse fluturimi juaj \u00ebsht\u00eb vonuar, mund t\u00eb keni t\u00eb drejt\u00eb p\u00ebr kompensim p\u00ebr kosto shtes\u00eb, si\u00e7 jan\u00eb vaktet, q\u00ebndrimet n\u00eb hotel ose shpenzimet shtes\u00eb t\u00eb udh\u00ebtimit. N\u00eb disa raste, mund t\u00eb kompensoheni edhe p\u00ebr koh\u00ebn e humbur, ve\u00e7an\u00ebrisht n\u00ebse vonesa zgjati disa or\u00eb. Duke aktivizuar TravelCare t\u00eb pakt\u00ebn 24 or\u00eb [&hellip;]<\/p>\n","protected":false},"author":1,"featured_media":0,"parent":0,"menu_order":0,"comment_status":"closed","ping_status":"closed","template":"","meta":{"footnotes":""},"class_list":["post-4134","page","type-page","status-publish","hentry"],"_links":{"self":[{"href":"https:\/\/travelwithcare.io\/sq\/wp-json\/wp\/v2\/pages\/4134","targetHints":{"allow":["GET"]}}],"collection":[{"href":"https:\/\/travelwithcare.io\/sq\/wp-json\/wp\/v2\/pages"}],"about":[{"href":"https:\/\/travelwithcare.io\/sq\/wp-json\/wp\/v2\/types\/page"}],"author":[{"embeddable":true,"href":"https:\/\/travelwithcare.io\/sq\/wp-json\/wp\/v2\/users\/1"}],"replies":[{"embeddable":true,"href":"https:\/\/travelwithcare.io\/sq\/wp-json\/wp\/v2\/comments?post=4134"}],"version-history":[{"count":1,"href":"https:\/\/travelwithcare.io\/sq\/wp-json\/wp\/v2\/pages\/4134\/revisions"}],"predecessor-version":[{"id":4136,"href":"https:\/\/travelwithcare.io\/sq\/wp-json\/wp\/v2\/pages\/4134\/revisions\/4136"}],"wp:attachment":[{"href":"https:\/\/travelwithcare.io\/sq\/wp-json\/wp\/v2\/media?parent=4134"}],"curies":[{"name":"wp","href":"https:\/\/api.w.org\/{rel}","templated":true}]}}