{"id":6698,"date":"2025-08-04T11:24:16","date_gmt":"2025-08-04T11:24:16","guid":{"rendered":"http:\/\/104.248.20.184:8000\/pravice-letalskih-potnikov\/"},"modified":"2025-11-03T09:36:52","modified_gmt":"2025-11-03T09:36:52","slug":"pravice-letalskih-potnikov","status":"publish","type":"page","link":"https:\/\/travelwithcare.io\/sl\/pravice-letalskih-potnikov\/","title":{"rendered":"Pravice letalskih potnikov"},"content":{"rendered":"\t\t<div data-elementor-type=\"wp-page\" data-elementor-id=\"6698\" class=\"elementor elementor-6698 elementor-2269\" data-elementor-post-type=\"page\">\n\t\t\t\t<div class=\"elementor-element elementor-element-63fa68d e-flex e-con-boxed e-con e-parent\" data-id=\"63fa68d\" data-element_type=\"container\" data-e-type=\"container\" id=\"hero-top-section\" data-settings=\"{&quot;background_background&quot;:&quot;classic&quot;}\">\n\t\t\t\t\t<div class=\"e-con-inner\">\n\t\t<div class=\"elementor-element elementor-element-d2468ac e-con-full hero-section e-flex e-con e-child\" data-id=\"d2468ac\" data-element_type=\"container\" data-e-type=\"container\">\n\t\t\t\t<div class=\"elementor-element elementor-element-3a33ed1 elementor-widget__width-initial elementor-widget elementor-widget-image\" data-id=\"3a33ed1\" data-element_type=\"widget\" data-e-type=\"widget\" data-widget_type=\"image.default\">\n\t\t\t\t<div class=\"elementor-widget-container\">\n\t\t\t\t\t\t\t\t\t\t\t\t\t\t\t<img decoding=\"async\" width=\"51\" height=\"51\" src=\"https:\/\/travelwithcare.io\/wp-content\/uploads\/2025\/08\/Primary-large-button.png\" class=\"attachment-full size-full wp-image-6701\" alt=\"\" \/>\t\t\t\t\t\t\t\t\t\t\t\t\t\t\t<\/div>\n\t\t\t\t<\/div>\n\t\t\t\t<div class=\"elementor-element elementor-element-46c6495 elementor-widget__width-initial elementor-widget elementor-widget-text-editor\" data-id=\"46c6495\" data-element_type=\"widget\" data-e-type=\"widget\" data-widget_type=\"text-editor.default\">\n\t\t\t\t<div class=\"elementor-widget-container\">\n\t\t\t\t\t\t\t\t\t<h1>Pravice in za\u0161\u010dita potnikov v EU: Uredba (ES) \u0161t. 261\/2004<\/h1><p>Kot letalski potnik ste za\u0161\u010diteni z Uredbo (ES) \u0161t. 261\/2004, ki dolo\u010da skupna pravila glede od\u0161kodnin za zamude, odpovedane lete in prekomerne rezervacije.<\/p>\t\t\t\t\t\t\t\t<\/div>\n\t\t\t\t<\/div>\n\t\t\t\t<\/div>\n\t\t\t\t\t<\/div>\n\t\t\t\t<\/div>\n\t\t<div class=\"elementor-element elementor-element-81667b6 below-hero-section e-flex e-con-boxed e-con e-parent\" data-id=\"81667b6\" data-element_type=\"container\" data-e-type=\"container\">\n\t\t\t\t\t<div class=\"e-con-inner\">\n\t\t<div class=\"elementor-element elementor-element-7c56f51 e-con-full below-hero-section e-flex e-con e-child\" data-id=\"7c56f51\" data-element_type=\"container\" data-e-type=\"container\">\n\t\t<div class=\"elementor-element elementor-element-4ea88d6 e-con-full e-flex e-con e-child\" data-id=\"4ea88d6\" data-element_type=\"container\" data-e-type=\"container\" id=\"sticky\">\n\t\t\t\t<div class=\"elementor-element elementor-element-e068e9a sidebar-navigation elementor-widget elementor-widget-html\" data-id=\"e068e9a\" data-element_type=\"widget\" data-e-type=\"widget\" data-widget_type=\"html.default\">\n\t\t\t\t<div class=\"elementor-widget-container\">\n\t\t\t\t\t<h3>Vsebina<\/h3>\n<div class=\"inner-links-nav\">\n    <div class=\"scroll-indicator-bg\">\n    <div class=\"scroll-indicator-fill\"><\/div>\n<\/div>\n<ul>\n    <li><a href=\"#know-your-rights\">Spoznajte svoje pravice in zahtevajte od\u0161kodnino ob zamudi<\/a><\/li>\n    <li><a href=\"#flights-eligible\">Leti so upravi\u010deni do od\u0161kodnine pod naslednjimi pogoji<\/a><\/li>\n    <li><a href=\"#additionally\">Poleg tega mora let izpolnjevati naslednja merila<\/a><\/li>\n<\/ul>\n<\/div>\t\t\t\t<\/div>\n\t\t\t\t<\/div>\n\t\t\t\t<\/div>\n\t\t<div class=\"elementor-element elementor-element-2dbf7d0 e-con-full below-hero-right e-flex e-con e-child\" data-id=\"2dbf7d0\" data-element_type=\"container\" data-e-type=\"container\">\n\t\t\t\t<div class=\"elementor-element elementor-element-479bcb1 fitst-box elementor-widget elementor-widget-text-editor\" data-id=\"479bcb1\" data-element_type=\"widget\" data-e-type=\"widget\" id=\"know-your-rights\" data-widget_type=\"text-editor.default\">\n\t\t\t\t<div class=\"elementor-widget-container\">\n\t\t\t\t\t\t\t\t\t<h3>Spoznajte svoje pravice in zahtevajte od\u0161kodnino ob zamudi<\/h3><p>S storitvijo TravelCare, ki jo upravlja Skycop, ste zajeti v okviru teh pravil EU. TravelCare vam pomaga pridobiti od\u0161kodnino, do katere ste upravi\u010deni, brez dodatnih stro\u0161kov, in zagotavlja, da ste v celoti za\u0161\u010diteni v primeru zamude ali motnje leta. <\/p><p>Vsi potniki ne poznajo svojih pravic. Mnogi nimajo pravnega znanja, ki bi jim omogo\u010dilo, da zahtevajo od\u0161kodnino za zamujene ali odpovedane lete. Tudi tisti, ki poznajo svoje pravice, imajo pogosto te\u017eave pri pridobivanju od\u0161kodnin od letalskih prevoznikov. TravelCare postopek poenostavi, saj vam omogo\u010da, da prejmete celoten znesek od\u0161kodnine, do 600 \u20ac, za motnje, kot so odpovedani leti, zamude in prekomerne rezervacije.   <\/p>\t\t\t\t\t\t\t\t<\/div>\n\t\t\t\t<\/div>\n\t\t\t\t<div class=\"elementor-element elementor-element-8e2189c elementor-widget elementor-widget-text-editor\" data-id=\"8e2189c\" data-element_type=\"widget\" data-e-type=\"widget\" id=\"flights-eligible\" data-widget_type=\"text-editor.default\">\n\t\t\t\t<div class=\"elementor-widget-container\">\n\t\t\t\t\t\t\t\t\t<h3>Leti so upravi\u010deni do od\u0161kodnine pod naslednjimi pogoji<\/h3>\t\t\t\t\t\t\t\t<\/div>\n\t\t\t\t<\/div>\n\t\t<div class=\"elementor-element elementor-element-c217ec1 e-grid e-con-full e-con e-child\" data-id=\"c217ec1\" data-element_type=\"container\" data-e-type=\"container\">\n\t\t\t\t<div class=\"elementor-element elementor-element-9fc583a inner-box elementor-widget elementor-widget-text-editor\" data-id=\"9fc583a\" data-element_type=\"widget\" data-e-type=\"widget\" data-widget_type=\"text-editor.default\">\n\t\t\t\t<div class=\"elementor-widget-container\">\n\t\t\t\t\t\t\t\t\t<h4><strong>1<\/strong>. Zamude:<\/h4><p>\u010ce je va\u0161 let ob prihodu zamujal ve\u010d kot 3 ure.<\/p>\t\t\t\t\t\t\t\t<\/div>\n\t\t\t\t<\/div>\n\t\t\t\t<div class=\"elementor-element elementor-element-2603e4f inner-box elementor-widget elementor-widget-text-editor\" data-id=\"2603e4f\" data-element_type=\"widget\" data-e-type=\"widget\" data-widget_type=\"text-editor.default\">\n\t\t\t\t<div class=\"elementor-widget-container\">\n\t\t\t\t\t\t\t\t\t<h4><strong>2.<\/strong> Odpovedani leti:<\/h4><p>\u010ce je bil va\u0161 let odpovedan in niste bili obve\u0161\u010deni vsaj 14 dni vnaprej.<\/p>\t\t\t\t\t\t\t\t<\/div>\n\t\t\t\t<\/div>\n\t\t\t\t<div class=\"elementor-element elementor-element-c6aa485 inner-box elementor-widget elementor-widget-text-editor\" data-id=\"c6aa485\" data-element_type=\"widget\" data-e-type=\"widget\" data-widget_type=\"text-editor.default\">\n\t\t\t\t<div class=\"elementor-widget-container\">\n\t\t\t\t\t\t\t\t\t<h4><strong>3.<\/strong> Zavrnjeno vkrcanje:<\/h4><p>\u010ce vam je bilo zavrnjeno vkrcanje zaradi prekomerne rezervacije, pod pogojem, da ste imeli potrjeno rezervacijo.<\/p>\t\t\t\t\t\t\t\t<\/div>\n\t\t\t\t<\/div>\n\t\t\t\t<\/div>\n\t\t\t\t<div class=\"elementor-element elementor-element-5507501 elementor-widget elementor-widget-text-editor\" data-id=\"5507501\" data-element_type=\"widget\" data-e-type=\"widget\" id=\"additionally\" data-widget_type=\"text-editor.default\">\n\t\t\t\t<div class=\"elementor-widget-container\">\n\t\t\t\t\t\t\t\t\t<h3>Poleg tega mora let izpolnjevati naslednja merila:<\/h3>\t\t\t\t\t\t\t\t<\/div>\n\t\t\t\t<\/div>\n\t\t<div class=\"elementor-element elementor-element-9d834c4 e-grid e-con-full e-con e-child\" data-id=\"9d834c4\" data-element_type=\"container\" data-e-type=\"container\">\n\t\t\t\t<div class=\"elementor-element elementor-element-e8a418a inner-box elementor-widget elementor-widget-text-editor\" data-id=\"e8a418a\" data-element_type=\"widget\" data-e-type=\"widget\" data-widget_type=\"text-editor.default\">\n\t\t\t\t<div class=\"elementor-widget-container\">\n\t\t\t\t\t\t\t\t\t<h4><strong>1.<\/strong><\/h4><p>Odhod z letali\u0161\u010da v EU (ne glede na letalsko dru\u017ebo) ali prihod na letali\u0161\u010de v EU z letalsko dru\u017ebo, registrirano v EU.<\/p>\t\t\t\t\t\t\t\t<\/div>\n\t\t\t\t<\/div>\n\t\t\t\t<div class=\"elementor-element elementor-element-315be68 inner-box elementor-widget elementor-widget-text-editor\" data-id=\"315be68\" data-element_type=\"widget\" data-e-type=\"widget\" data-widget_type=\"text-editor.default\">\n\t\t\t\t<div class=\"elementor-widget-container\">\n\t\t\t\t\t\t\t\t\t<h4><strong>2.<\/strong><\/h4><p>Motnja ni povzro\u010dena zaradi izrednih okoli\u0161\u010din, kot so vremenske razmere, varnostne te\u017eave ali stavke.<\/p>\t\t\t\t\t\t\t\t<\/div>\n\t\t\t\t<\/div>\n\t\t\t\t<\/div>\n\t\t\t\t<\/div>\n\t\t\t\t<\/div>\n\t\t\t\t\t<\/div>\n\t\t\t\t<\/div>\n\t\t<div class=\"elementor-element elementor-element-efb3747 e-flex e-con-boxed e-con e-parent\" data-id=\"efb3747\" data-element_type=\"container\" data-e-type=\"container\">\n\t\t\t\t\t<div class=\"e-con-inner\">\n\t\t\t\t<div class=\"elementor-element elementor-element-5c1beea hidden elementor-widget elementor-widget-html\" data-id=\"5c1beea\" data-element_type=\"widget\" data-e-type=\"widget\" data-widget_type=\"html.default\">\n\t\t\t\t<div class=\"elementor-widget-container\">\n\t\t\t\t\t<script>document.addEventListener('DOMContentLoaded', function () {\n  const HEADER_OFFSET = 150; \/\/ visina fiksiranog headera\n  const navItems = Array.from(document.querySelectorAll('.sidebar-navigation ul li'));\n  const navLinks = Array.from(document.querySelectorAll('.sidebar-navigation ul li a'));\n\n  \/\/ Smooth scroll\n  navLinks.forEach(a => {\n    a.addEventListener('click', function (e) {\n      const href = a.getAttribute('href');\n      if (!href || !href.startsWith('#')) return;\n      const target = document.querySelector(href);\n      if (!target) return;\n      e.preventDefault();\n      const top = target.getBoundingClientRect().top + window.scrollY - HEADER_OFFSET;\n      window.scrollTo({ top, behavior: 'smooth' });\n    });\n  });\n\n  \/\/ Mapiranje sekcija\n  const sections = navLinks.map((a, index) => {\n    const sel = a.getAttribute('href');\n    const el  = sel ? document.querySelector(sel) : null;\n    return { el, index };\n  }).filter(s => s.el);\n\n  function getHeightWithMargin(el){\n    const cs = window.getComputedStyle(el);\n    return el.offsetHeight + (parseFloat(cs.marginTop)||0) + (parseFloat(cs.marginBottom)||0);\n  }\n\n  function updateFill(){\n    const fill = document.querySelector('.scroll-indicator-fill');\n    if (!fill) return;\n    let lastIdx = -1;\n    navItems.forEach((li, i) => { if (li.classList.contains('active')) lastIdx = i; });\n    if (lastIdx < 0) { fill.style.height = '0px'; return; }\n    let sum = 0;\n    for (let i = 0; i <= lastIdx; i++) sum += getHeightWithMargin(navItems[i]);\n    fill.style.height = sum + 'px';\n  }\n\n  function setActive(index, on){\n    const li = navItems[index];\n    if (!li) return;\n    li.classList.toggle('active', !!on);\n  }\n\n  \/\/ IntersectionObserver: NE skidaj active kad ode preko GORNJE linije\n  if ('IntersectionObserver' in window) {\n    const indexById = Object.create(null);\n    sections.forEach(s => { if (s.el.id) indexById[s.el.id] = s.index; });\n\n    const io = new IntersectionObserver((entries) => {\n      const vh = window.innerHeight || document.documentElement.clientHeight;\n      entries.forEach(entry => {\n        const idx = indexById[entry.target.id];\n        if (idx === undefined) return;\n\n        if (entry.isIntersecting) {\n          \/\/ \u010dim u\u0111e ispod header linije -> aktiviraj\n          setActive(idx, true);\n        } else {\n          \/\/ nije u preseku \u2014 odlu\u010di da li da SKINE\u0160 active\n          const top = entry.boundingClientRect.top;\n\n          \/\/ Ako je oti\u0161lo ispod dna (pri skrolu navi\u0161e) -> skini active\n          if (top >= vh) {\n            setActive(idx, false);\n          }\n          \/\/ Ako je oti\u0161lo iznad header linije -> NE diraj (ostaje aktivno)\n          \/\/ else if (top <= HEADER_OFFSET) { \/\/ namerno prazno }\n        }\n      });\n      updateFill();\n    }, {\n      root: null,\n      rootMargin: `-${HEADER_OFFSET}px 0px 0px 0px`,\n      threshold: 0\n    });\n\n    sections.forEach(s => io.observe(s.el));\n  } else {\n    \/\/ Fallback: ne skidaj active kada ode iznad, samo kad ode ispod dna\n    function onScroll(){\n      const vh = window.innerHeight || document.documentElement.clientHeight;\n      const topLimit = HEADER_OFFSET;\n      sections.forEach(({ el, index }) => {\n        const r = el.getBoundingClientRect();\n        const visible = r.bottom > topLimit && r.top < vh;\n\n        if (visible) {\n          setActive(index, true);\n        } else {\n          \/\/ oti\u0161lo ispod dna? (pri skrolu navi\u0161e)\n          if (r.top >= vh) setActive(index, false);\n          \/\/ oti\u0161lo iznad topLimit -> ne diramo (ostaje active)\n        }\n      });\n      updateFill();\n    }\n    window.addEventListener('scroll', onScroll, { passive: true });\n    onScroll();\n  }\n\n  \/\/ inicijalni fill\n  updateFill();\n});\n<\/script>\t\t\t\t<\/div>\n\t\t\t\t<\/div>\n\t\t\t\t\t<\/div>\n\t\t\t\t<\/div>\n\t\t\t\t<\/div>\n\t\t","protected":false},"excerpt":{"rendered":"<p>Pravice in za\u0161\u010dita potnikov v EU: Uredba (ES) \u0161t. 261\/2004 Kot letalski potnik ste za\u0161\u010diteni z Uredbo (ES) \u0161t. 261\/2004, ki dolo\u010da skupna pravila glede od\u0161kodnin za zamude, odpovedane lete in prekomerne rezervacije. Vsebina Spoznajte svoje pravice in zahtevajte od\u0161kodnino ob zamudi Leti so upravi\u010deni do od\u0161kodnine pod naslednjimi pogoji Poleg tega mora let izpolnjevati [&hellip;]<\/p>\n","protected":false},"author":1,"featured_media":0,"parent":0,"menu_order":0,"comment_status":"closed","ping_status":"closed","template":"","meta":{"footnotes":""},"class_list":["post-6698","page","type-page","status-publish","hentry"],"_links":{"self":[{"href":"https:\/\/travelwithcare.io\/sl\/wp-json\/wp\/v2\/pages\/6698","targetHints":{"allow":["GET"]}}],"collection":[{"href":"https:\/\/travelwithcare.io\/sl\/wp-json\/wp\/v2\/pages"}],"about":[{"href":"https:\/\/travelwithcare.io\/sl\/wp-json\/wp\/v2\/types\/page"}],"author":[{"embeddable":true,"href":"https:\/\/travelwithcare.io\/sl\/wp-json\/wp\/v2\/users\/1"}],"replies":[{"embeddable":true,"href":"https:\/\/travelwithcare.io\/sl\/wp-json\/wp\/v2\/comments?post=6698"}],"version-history":[{"count":1,"href":"https:\/\/travelwithcare.io\/sl\/wp-json\/wp\/v2\/pages\/6698\/revisions"}],"predecessor-version":[{"id":6699,"href":"https:\/\/travelwithcare.io\/sl\/wp-json\/wp\/v2\/pages\/6698\/revisions\/6699"}],"wp:attachment":[{"href":"https:\/\/travelwithcare.io\/sl\/wp-json\/wp\/v2\/media?parent=6698"}],"curies":[{"name":"wp","href":"https:\/\/api.w.org\/{rel}","templated":true}]}}