{"id":3964,"date":"2025-08-29T08:28:09","date_gmt":"2025-08-29T08:28:09","guid":{"rendered":"http:\/\/104.248.20.184:8000\/intrebari-frecvente-despre-protectia-bagajelor\/"},"modified":"2025-09-23T08:10:50","modified_gmt":"2025-09-23T08:10:50","slug":"intrebari-frecvente-despre-protectia-bagajelor","status":"publish","type":"page","link":"https:\/\/travelwithcare.io\/ro\/intrebari-frecvente-despre-protectia-bagajelor\/","title":{"rendered":"\u00centreb\u0103ri frecvente despre protec\u021bia bagajelor"},"content":{"rendered":"\t\t<div data-elementor-type=\"wp-page\" data-elementor-id=\"3964\" class=\"elementor elementor-3964 elementor-2546\" data-elementor-post-type=\"page\">\n\t\t\t\t<div class=\"elementor-element elementor-element-87f7941 e-flex e-con-boxed e-con e-parent\" data-id=\"87f7941\" data-element_type=\"container\" data-e-type=\"container\">\n\t\t\t\t\t<div class=\"e-con-inner\">\n\t\t<div class=\"elementor-element elementor-element-7c0e517 e-con-full e-flex e-con e-child\" data-id=\"7c0e517\" data-element_type=\"container\" data-e-type=\"container\">\n\t\t\t\t<div class=\"elementor-element elementor-element-701ff71 hidden elementor-widget elementor-widget-html\" data-id=\"701ff71\" data-element_type=\"widget\" data-e-type=\"widget\" data-widget_type=\"html.default\">\n\t\t\t\t<div class=\"elementor-widget-container\">\n\t\t\t\t\t<script>document.addEventListener(\"DOMContentLoaded\", function () {\n  const navLinks = document.querySelectorAll(\".sidebar-navigation ul li a\");\n  const navItems = document.querySelectorAll(\".sidebar-navigation ul li\");\n  const fill     = document.querySelector(\".scroll-indicator-fill\");\n\n  if (!navLinks.length || !navItems.length || !fill) return;\n\n  \/\/ smooth scroll\n  navLinks.forEach(link => {\n    link.addEventListener(\"click\", function (e) {\n      e.preventDefault();\n      const target = document.querySelector(this.getAttribute(\"href\"));\n      if (!target) return;\n\n      const headerOffset = 150;\n      const elementPosition = target.getBoundingClientRect().top + window.scrollY;\n      const offsetPosition  = elementPosition - headerOffset;\n\n      window.scrollTo({ top: offsetPosition, behavior: \"smooth\" });\n    });\n  });\n\n  const sectionMap = Array.from(navLinks).map(link => {\n    const el = document.querySelector(link.getAttribute(\"href\"));\n    return { element: el };\n  });\n\n  let lastScrollY = window.scrollY;\n\n  function getHeightWithMargin(el) {\n    const style = window.getComputedStyle(el);\n    const h    = el.offsetHeight;\n    const mt   = parseFloat(style.marginTop) || 0;\n    const mb   = parseFloat(style.marginBottom) || 0;\n    return h + mt + mb;\n  }\n\n  function sumHeightsUntil(indexExcl) {\n    \/\/ saberi od 0 do (indexExcl - 1)\n    let sum = 0;\n    for (let i = 0; i < indexExcl && i < navItems.length; i++) {\n      sum += getHeightWithMargin(navItems[i]);\n    }\n    return sum;\n  }\n\n  function onScroll() {\n    const activateOffset   = 150;\n    const deactivateOffset = 150;\n\n    const currentScrollY = window.scrollY;\n    const scrollingDown  = currentScrollY > lastScrollY;\n    lastScrollY = currentScrollY;\n\n    \/\/ 1) Aktivacija\/deaktivacija stavki menija\n    sectionMap.forEach(({ element }, index) => {\n      if (!element) return;\n      const rect = element.getBoundingClientRect();\n      const top  = rect.top;\n\n      if (scrollingDown && top > window.innerHeight) {\n        navItems[index].classList.remove(\"active\");\n        return;\n      }\n\n      if (top <= activateOffset && top >= -rect.height) {\n        navItems[index].classList.add(\"active\");\n      } else if (top > deactivateOffset) {\n        navItems[index].classList.remove(\"active\");\n      }\n    });\n\n    \/\/ 2) Izra\u010dun visine indikator trake\n    \/\/ umesto \"ako je >2, saberi 7\", tra\u017eimo poslednji aktivni indeks\n    let activeCount = 0;\n    let lastActiveIndex = -1;\n    navItems.forEach((item, i) => {\n      if (item.classList.contains(\"active\")) {\n        activeCount++;\n        lastActiveIndex = i;\n      }\n    });\n\n    if (activeCount < 2) {\n      \/\/ 0 ili 1 aktivan -> nema popune\n      fill.style.height = \"0px\";\n      return;\n    }\n\n    \/\/ \u017eeljeno pona\u0161anje kao i ranije:\n    \/\/ - kad su ta\u010dno 2 aktivna -> visina prve stavke\n    \/\/ - kad je vi\u0161e od 2 -> visina svih stavki do poslednje aktivne (BEZ nje)\n    if (activeCount === 2) {\n      fill.style.height = getHeightWithMargin(navItems[0]) + \"px\";\n      return;\n    }\n\n    \/\/ activeCount > 2\n    \/\/ lastActiveIndex mo\u017ee biti npr. 3 -> saberi 0,1,2\n    const heightSum = sumHeightsUntil(Math.max(0, lastActiveIndex));\n    fill.style.height = heightSum + \"px\";\n  }\n\n  window.addEventListener(\"scroll\", onScroll, { passive: true });\n  onScroll();\n});\n\n<\/script>\t\t\t\t<\/div>\n\t\t\t\t<\/div>\n\t\t\t\t<\/div>\n\t\t<div class=\"elementor-element elementor-element-bbb5af6 e-con-full e-flex e-con e-child\" data-id=\"bbb5af6\" data-element_type=\"container\" data-e-type=\"container\" data-settings=\"{&quot;background_background&quot;:&quot;classic&quot;}\">\n\t\t<div class=\"elementor-element elementor-element-d4a5a83 e-con-full hero-section e-flex e-con e-child\" data-id=\"d4a5a83\" data-element_type=\"container\" data-e-type=\"container\">\n\t\t\t\t<div class=\"elementor-element elementor-element-400f245 elementor-widget__width-initial elementor-widget elementor-widget-image\" data-id=\"400f245\" data-element_type=\"widget\" data-e-type=\"widget\" data-widget_type=\"image.default\">\n\t\t\t\t<div class=\"elementor-widget-container\">\n\t\t\t\t\t\t\t\t\t\t\t\t\t\t\t<img decoding=\"async\" width=\"51\" height=\"51\" src=\"https:\/\/travelwithcare.io\/wp-content\/uploads\/2025\/08\/Primary-large-button-1.png\" class=\"attachment-full size-full wp-image-2483\" alt=\"\" \/>\t\t\t\t\t\t\t\t\t\t\t\t\t\t\t<\/div>\n\t\t\t\t<\/div>\n\t\t\t\t<div class=\"elementor-element elementor-element-ec4aeaf elementor-widget__width-initial elementor-widget elementor-widget-text-editor\" data-id=\"ec4aeaf\" data-element_type=\"widget\" data-e-type=\"widget\" data-widget_type=\"text-editor.default\">\n\t\t\t\t<div class=\"elementor-widget-container\">\n\t\t\t\t\t\t\t\t\t<h1>\u00centreb\u0103ri frecvente despre protec\u021bia bagajelor<\/h1>\t\t\t\t\t\t\t\t<\/div>\n\t\t\t\t<\/div>\n\t\t\t\t<\/div>\n\t\t\t\t<\/div>\n\t\t<div class=\"elementor-element elementor-element-af37100 below-hero-section e-con-full e-flex e-con e-child\" data-id=\"af37100\" data-element_type=\"container\" data-e-type=\"container\">\n\t\t<div class=\"elementor-element elementor-element-8094858 e-con-full below-hero-section e-flex e-con e-child\" data-id=\"8094858\" data-element_type=\"container\" data-e-type=\"container\">\n\t\t<div class=\"elementor-element elementor-element-7f48d8a e-con-full e-flex e-con e-child\" data-id=\"7f48d8a\" data-element_type=\"container\" data-e-type=\"container\" id=\"sticky\">\n\t\t\t\t<div class=\"elementor-element elementor-element-fca1080 sidebar-navigation elementor-widget elementor-widget-html\" data-id=\"fca1080\" data-element_type=\"widget\" data-e-type=\"widget\" data-widget_type=\"html.default\">\n\t\t\t\t<div class=\"elementor-widget-container\">\n\t\t\t\t\t<h3>\u00centreb\u0103ri<\/h3>\n<div class=\"inner-links-nav\">\n    <div class=\"scroll-indicator-bg\">\n    <div class=\"scroll-indicator-fill\"><\/div>\n<\/div>\n<ul>\n    <li><a href=\"#what-is-luggage\">1. Ce este protec\u021bia bagajelor?<\/a><\/li>\n    <li><a href=\"#how-doese\">2. Cum func\u021bioneaz\u0103?<\/a><\/li>\n    <li><a href=\"#how-do-i-activate-title\">3. Cum activez Protec\u021bia bagajelor?<\/a><\/li>\n    <li><a href=\"#what-shuld-i-do-title\">4. Ce trebuie s\u0103 fac dac\u0103 bagajul meu este \u00eent\u00e2rziat sau pierdut?<\/a><\/li>\n    <li><a href=\"#what-is-the\">5. Care este suma acoperit\u0103?<\/a><\/li>\n    <li><a href=\"#how-will-i\">6. Cum voi primi desp\u0103gubirea?<\/a><\/li>\n    <li><a href=\"#does-this-replace\">7. Aceasta \u00eenlocuie\u0219te desp\u0103gubirea oferit\u0103 de compania aerian\u0103?<\/a><\/li>\n    <li><a href=\"#is-there-a-limit\">8. Exist\u0103 o limit\u0103 la num\u0103rul de utiliz\u0103ri?<\/a><\/li>\n<\/ul>\n<\/div>\t\t\t\t<\/div>\n\t\t\t\t<\/div>\n\t\t\t\t<\/div>\n\t\t<div class=\"elementor-element elementor-element-2c7e9b5 e-con-full below-hero-right e-flex e-con e-child\" data-id=\"2c7e9b5\" data-element_type=\"container\" data-e-type=\"container\">\n\t\t\t\t<div class=\"elementor-element elementor-element-2c1687f fitst-box elementor-widget elementor-widget-text-editor\" data-id=\"2c1687f\" data-element_type=\"widget\" data-e-type=\"widget\" id=\"what-is-luggage\" data-widget_type=\"text-editor.default\">\n\t\t\t\t<div class=\"elementor-widget-container\">\n\t\t\t\t\t\t\t\t\t<h3>1. Ce este protec\u021bia bagajelor?<\/h3><p>Protec\u021bia bagajelor, oferit\u0103 de Blue Ribbon Bags (BRB), v\u0103 asigur\u0103 asisten\u021b\u0103 \u0219i desp\u0103gubiri \u00een cazul \u00een care bagajul dvs. \u00eenregistrat este \u00eent\u00e2rziat sau pierdut. BRB urm\u0103re\u0219te activ bagajul dvs. \u00eempreun\u0103 cu compania aerian\u0103 \u0219i, dac\u0103 acesta nu este returnat \u00een termen de 96 de ore, ve\u021bi primi o desp\u0103gubire de 1.000 \u20ac per pasager, indiferent de decizia companiei aeriene. <\/p>\t\t\t\t\t\t\t\t<\/div>\n\t\t\t\t<\/div>\n\t\t\t\t<div class=\"elementor-element elementor-element-7e69dcf fitst-box elementor-widget elementor-widget-text-editor\" data-id=\"7e69dcf\" data-element_type=\"widget\" data-e-type=\"widget\" id=\"how-doese\" data-widget_type=\"text-editor.default\">\n\t\t\t\t<div class=\"elementor-widget-container\">\n\t\t\t\t\t\t\t\t\t<h3>2. Cum func\u021bioneaz\u0103?<\/h3><ul><li>Protec\u021bia bagajelor este inclus\u0103 \u00een planul dvs. Travel Care.<\/li><li>Odat\u0103 ce detaliile zborului dvs. sunt \u00eenregistrate, BRB monitorizeaz\u0103 bagajul dvs. \u00eenregistrat \u00een timp real.<\/li><li>Dac\u0103 bagajul dvs. este \u00eent\u00e2rziat sau pierdut, BRB intervine pentru a-l localiza \u0219i a coordona cu compania aerian\u0103.<\/li><li>Dac\u0103 nu este returnat \u00een termen de 96 de ore, ve\u021bi primi o desp\u0103gubire \u00een conformitate cu planul dvs., \u00eencep\u00e2nd de la 1.000 \u20ac.<\/li><\/ul>\t\t\t\t\t\t\t\t<\/div>\n\t\t\t\t<\/div>\n\t\t\t\t<div class=\"elementor-element elementor-element-69adfc7 elementor-widget elementor-widget-text-editor\" data-id=\"69adfc7\" data-element_type=\"widget\" data-e-type=\"widget\" id=\"how-do-i-activate-title\" data-widget_type=\"text-editor.default\">\n\t\t\t\t<div class=\"elementor-widget-container\">\n\t\t\t\t\t\t\t\t\t<h3>3. Cum activez SmartDelay?<\/h3>\t\t\t\t\t\t\t\t<\/div>\n\t\t\t\t<\/div>\n\t\t<div class=\"elementor-element elementor-element-0988c63 e-con-full e-flex e-con e-child\" data-id=\"0988c63\" data-element_type=\"container\" data-e-type=\"container\" id=\"how-do-i-activate\">\n\t\t\t\t<div class=\"elementor-element elementor-element-dbd1677 inner-box elementor-widget elementor-widget-text-editor\" data-id=\"dbd1677\" data-element_type=\"widget\" data-e-type=\"widget\" data-widget_type=\"text-editor.default\">\n\t\t\t\t<div class=\"elementor-widget-container\">\n\t\t\t\t\t\t\t\t\t<h4><strong>1.<\/strong> <\/h4><p>C\u00e2nd achizi\u021biona\u021bi Travel Care \u0219i furniza\u021bi detaliile zborului (PNR, numele pasagerilor, datele c\u0103l\u0103toriei), acestea sunt trimise automat c\u0103tre BRB.<\/p>\t\t\t\t\t\t\t\t<\/div>\n\t\t\t\t<\/div>\n\t\t\t\t<div class=\"elementor-element elementor-element-9000b08 inner-box elementor-widget elementor-widget-text-editor\" data-id=\"9000b08\" data-element_type=\"widget\" data-e-type=\"widget\" data-widget_type=\"text-editor.default\">\n\t\t\t\t<div class=\"elementor-widget-container\">\n\t\t\t\t\t\t\t\t\t<h4><strong>2.<\/strong> <\/h4><p>BRB emite un Contract de servicii \u0219i vi-l trimite prin e-mail. Acesta include: <\/p><ul><li>Un link pentru a raporta orice \u00eent\u00e2rziere a bagajelor.<\/li><li>Un link pentru a raporta orice \u00eent\u00e2rziere a bagajelor.<\/li><\/ul>\t\t\t\t\t\t\t\t<\/div>\n\t\t\t\t<\/div>\n\t\t\t\t<div class=\"elementor-element elementor-element-54d83e3 inner-box elementor-widget elementor-widget-text-editor\" data-id=\"54d83e3\" data-element_type=\"widget\" data-e-type=\"widget\" data-widget_type=\"text-editor.default\">\n\t\t\t\t<div class=\"elementor-widget-container\">\n\t\t\t\t\t\t\t\t\t<h4><strong>3.<\/strong> <\/h4><p>P\u0103stra\u021bi acest e-mail \u00een siguran\u021b\u0103 \u2014 con\u021bine toate informa\u021biile necesare \u00een cazul \u00een care \u00eent\u00e2mpina\u021bi probleme cu bagajele.<\/p>\t\t\t\t\t\t\t\t<\/div>\n\t\t\t\t<\/div>\n\t\t\t\t<\/div>\n\t\t\t\t<div class=\"elementor-element elementor-element-530ef87 elementor-widget elementor-widget-text-editor\" data-id=\"530ef87\" data-element_type=\"widget\" data-e-type=\"widget\" id=\"what-shuld-i-do-title\" data-widget_type=\"text-editor.default\">\n\t\t\t\t<div class=\"elementor-widget-container\">\n\t\t\t\t\t\t\t\t\t<h3>4. Ce trebuie s\u0103 fac dac\u0103 bagajul meu este \u00eent\u00e2rziat sau pierdut?<\/h3>\t\t\t\t\t\t\t\t<\/div>\n\t\t\t\t<\/div>\n\t\t<div class=\"elementor-element elementor-element-7eefffc e-con-full e-flex e-con e-child\" data-id=\"7eefffc\" data-element_type=\"container\" data-e-type=\"container\" id=\"what-shuld-i-do\">\n\t\t\t\t<div class=\"elementor-element elementor-element-4f7e3e9 inner-box elementor-widget elementor-widget-text-editor\" data-id=\"4f7e3e9\" data-element_type=\"widget\" data-e-type=\"widget\" data-widget_type=\"text-editor.default\">\n\t\t\t\t<div class=\"elementor-widget-container\">\n\t\t\t\t\t\t\t\t\t<h4><strong>1.<\/strong> <\/h4><p>Raporta\u021bi imediat companiei aeriene la biroul de recuperare a bagajelor. Ob\u021bine\u021bi un raport de neregul\u0103 a bunurilor (PIR). <\/p>\t\t\t\t\t\t\t\t<\/div>\n\t\t\t\t<\/div>\n\t\t\t\t<div class=\"elementor-element elementor-element-a1d2952 inner-box elementor-widget elementor-widget-text-editor\" data-id=\"a1d2952\" data-element_type=\"widget\" data-e-type=\"widget\" data-widget_type=\"text-editor.default\">\n\t\t\t\t<div class=\"elementor-widget-container\">\n\t\t\t\t\t\t\t\t\t<h4><strong>2.<\/strong> <\/h4><p>Accesa\u021bi linkul furnizat \u00een e-mailul de confirmare BRB.<\/p>\t\t\t\t\t\t\t\t<\/div>\n\t\t\t\t<\/div>\n\t\t\t\t<div class=\"elementor-element elementor-element-f234243 inner-box elementor-widget elementor-widget-text-editor\" data-id=\"f234243\" data-element_type=\"widget\" data-e-type=\"widget\" data-widget_type=\"text-editor.default\">\n\t\t\t\t<div class=\"elementor-widget-container\">\n\t\t\t\t\t\t\t\t\t<h4><strong>3.<\/strong> <\/h4><p>Trimite\u021bi<\/p><ul><li>Num\u0103rul PIR.<\/li><li>Num\u0103rul de confirmare BRB.<\/li><\/ul>\t\t\t\t\t\t\t\t<\/div>\n\t\t\t\t<\/div>\n\t\t\t\t<div class=\"elementor-element elementor-element-b11641f inner-box elementor-widget elementor-widget-text-editor\" data-id=\"b11641f\" data-element_type=\"widget\" data-e-type=\"widget\" id=\"what-shuld-i-do\" data-widget_type=\"text-editor.default\">\n\t\t\t\t<div class=\"elementor-widget-container\">\n\t\t\t\t\t\t\t\t\t<h4><strong>4.<\/strong> <\/h4><p>BRB va \u00eencepe s\u0103 v\u0103 urm\u0103reasc\u0103 bagajul \u0219i v\u0103 va furniza informa\u021bii actualizate.<\/p>\t\t\t\t\t\t\t\t<\/div>\n\t\t\t\t<\/div>\n\t\t\t\t<\/div>\n\t\t\t\t<div class=\"elementor-element elementor-element-50d82f2 fitst-box elementor-widget elementor-widget-text-editor\" data-id=\"50d82f2\" data-element_type=\"widget\" data-e-type=\"widget\" id=\"what-is-the\" data-widget_type=\"text-editor.default\">\n\t\t\t\t<div class=\"elementor-widget-container\">\n\t\t\t\t\t\t\t\t\t<h3>5. Care este suma acoperit\u0103?<\/h3><ul><li>Acoperirea \u00eencepe de la 1.000 \u20ac per pasager dac\u0103 bagajul dvs. nu este returnat \u00een termen de 96 de ore de la sosirea programat\u0103.<\/li><li>Acoperirea exact\u0103 depinde de planul dvs. Travel Care.<\/li><\/ul>\t\t\t\t\t\t\t\t<\/div>\n\t\t\t\t<\/div>\n\t\t\t\t<div class=\"elementor-element elementor-element-c70c598 fitst-box elementor-widget elementor-widget-text-editor\" data-id=\"c70c598\" data-element_type=\"widget\" data-e-type=\"widget\" id=\"how-will-i\" data-widget_type=\"text-editor.default\">\n\t\t\t\t<div class=\"elementor-widget-container\">\n\t\t\t\t\t\t\t\t\t<h3>6. Cum voi primi desp\u0103gubirea?<\/h3><p>Dac\u0103 bagajul dvs. nu este livrat \u00een termenul acoperit, BRB v\u0103 va pl\u0103ti desp\u0103gubirea direct, indiferent dac\u0103 compania aerian\u0103 v\u0103 desp\u0103gube\u0219te sau nu.<\/p>\t\t\t\t\t\t\t\t<\/div>\n\t\t\t\t<\/div>\n\t\t\t\t<div class=\"elementor-element elementor-element-856c4a5 fitst-box elementor-widget elementor-widget-text-editor\" data-id=\"856c4a5\" data-element_type=\"widget\" data-e-type=\"widget\" id=\"does-this-replace\" data-widget_type=\"text-editor.default\">\n\t\t\t\t<div class=\"elementor-widget-container\">\n\t\t\t\t\t\t\t\t\t<h3>7. Aceasta \u00eenlocuie\u0219te desp\u0103gubirea oferit\u0103 de compania aerian\u0103?<\/h3><p>Nu. Acesta este un beneficiu suplimentar care se adaug\u0103 desp\u0103gubirii oferite de compania aerian\u0103 la care ave\u021bi dreptul. <\/p>\t\t\t\t\t\t\t\t<\/div>\n\t\t\t\t<\/div>\n\t\t\t\t<div class=\"elementor-element elementor-element-c104610 fitst-box elementor-widget elementor-widget-text-editor\" data-id=\"c104610\" data-element_type=\"widget\" data-e-type=\"widget\" id=\"is-there-a-limit\" data-widget_type=\"text-editor.default\">\n\t\t\t\t<div class=\"elementor-widget-container\">\n\t\t\t\t\t\t\t\t\t<h3>8. Exist\u0103 o limit\u0103 la num\u0103rul de utiliz\u0103ri?<\/h3><p>Sunte\u021bi acoperi\u021bi pentru fiecare zbor eligibil \u00een cadrul planului dvs. Travel Care activ, pentru to\u021bi pasagerii inclu\u0219i \u00een rezervare.<\/p>\t\t\t\t\t\t\t\t<\/div>\n\t\t\t\t<\/div>\n\t\t\t\t<\/div>\n\t\t\t\t<\/div>\n\t\t\t\t<\/div>\n\t\t\t\t\t<\/div>\n\t\t\t\t<\/div>\n\t\t\t\t<\/div>\n\t\t","protected":false},"excerpt":{"rendered":"<p>\u00centreb\u0103ri frecvente despre protec\u021bia bagajelor \u00centreb\u0103ri 1. Ce este protec\u021bia bagajelor? 2. Cum func\u021bioneaz\u0103? 3. Cum activez Protec\u021bia bagajelor? 4. Ce trebuie s\u0103 fac dac\u0103 bagajul meu este \u00eent\u00e2rziat sau pierdut? 5. Care este suma acoperit\u0103? 6. Cum voi primi desp\u0103gubirea? 7. Aceasta \u00eenlocuie\u0219te desp\u0103gubirea oferit\u0103 de compania aerian\u0103? 8. Exist\u0103 o limit\u0103 la num\u0103rul [&hellip;]<\/p>\n","protected":false},"author":1,"featured_media":0,"parent":0,"menu_order":0,"comment_status":"closed","ping_status":"closed","template":"","meta":{"footnotes":""},"class_list":["post-3964","page","type-page","status-publish","hentry"],"_links":{"self":[{"href":"https:\/\/travelwithcare.io\/ro\/wp-json\/wp\/v2\/pages\/3964","targetHints":{"allow":["GET"]}}],"collection":[{"href":"https:\/\/travelwithcare.io\/ro\/wp-json\/wp\/v2\/pages"}],"about":[{"href":"https:\/\/travelwithcare.io\/ro\/wp-json\/wp\/v2\/types\/page"}],"author":[{"embeddable":true,"href":"https:\/\/travelwithcare.io\/ro\/wp-json\/wp\/v2\/users\/1"}],"replies":[{"embeddable":true,"href":"https:\/\/travelwithcare.io\/ro\/wp-json\/wp\/v2\/comments?post=3964"}],"version-history":[{"count":1,"href":"https:\/\/travelwithcare.io\/ro\/wp-json\/wp\/v2\/pages\/3964\/revisions"}],"predecessor-version":[{"id":3965,"href":"https:\/\/travelwithcare.io\/ro\/wp-json\/wp\/v2\/pages\/3964\/revisions\/3965"}],"wp:attachment":[{"href":"https:\/\/travelwithcare.io\/ro\/wp-json\/wp\/v2\/media?parent=3964"}],"curies":[{"name":"wp","href":"https:\/\/api.w.org\/{rel}","templated":true}]}}