{"id":4039,"date":"2025-08-04T06:47:39","date_gmt":"2025-08-04T06:47:39","guid":{"rendered":"http:\/\/104.248.20.184:8000\/indemnizacao-por-atraso-de-voo\/"},"modified":"2025-09-24T09:05:56","modified_gmt":"2025-09-24T09:05:56","slug":"indemnizacao-por-atraso-de-voo","status":"publish","type":"page","link":"https:\/\/travelwithcare.io\/pt-pt\/indemnizacao-por-atraso-de-voo\/","title":{"rendered":"Indemniza\u00e7\u00e3o por Atraso de Voo"},"content":{"rendered":"\t\t<div data-elementor-type=\"wp-page\" data-elementor-id=\"4039\" class=\"elementor elementor-4039 elementor-1921\" data-elementor-post-type=\"page\">\n\t\t\t\t<div class=\"elementor-element elementor-element-1144085 e-flex e-con-boxed e-con e-parent\" data-id=\"1144085\" data-element_type=\"container\" data-e-type=\"container\" id=\"hero-section\" data-settings=\"{&quot;background_background&quot;:&quot;classic&quot;}\">\n\t\t\t\t\t<div class=\"e-con-inner\">\n\t\t<div class=\"elementor-element elementor-element-7655a3d e-con-full hero-section e-flex e-con e-child\" data-id=\"7655a3d\" data-element_type=\"container\" data-e-type=\"container\">\n\t\t\t\t<div class=\"elementor-element elementor-element-d40c3b3 elementor-widget elementor-widget-image\" data-id=\"d40c3b3\" data-element_type=\"widget\" data-e-type=\"widget\" data-widget_type=\"image.default\">\n\t\t\t\t<div class=\"elementor-widget-container\">\n\t\t\t\t\t\t\t\t\t\t\t\t\t\t\t<img decoding=\"async\" width=\"51\" height=\"51\" src=\"https:\/\/travelwithcare.io\/wp-content\/uploads\/2025\/08\/Primary-large-button.png\" class=\"attachment-full size-full wp-image-1931\" alt=\"\" \/>\t\t\t\t\t\t\t\t\t\t\t\t\t\t\t<\/div>\n\t\t\t\t<\/div>\n\t\t\t\t<div class=\"elementor-element elementor-element-162de95 elementor-widget__width-initial elementor-widget elementor-widget-text-editor\" data-id=\"162de95\" data-element_type=\"widget\" data-e-type=\"widget\" data-widget_type=\"text-editor.default\">\n\t\t\t\t<div class=\"elementor-widget-container\">\n\t\t\t\t\t\t\t\t\t<h1><span class=\"NormalTextRun ContextualSpellingAndGrammarErrorV2Themed GrammarErrorHighlight SCXW68206312 BCX0\">Indemniza\u00e7\u00e3o<\/span> <span class=\"NormalTextRun SCXW68206312 BCX0\">por<\/span> <span class=\"NormalTextRun SCXW68206312 BCX0\">Atraso de Voo<\/span><\/h1><p><span style=\"white-space-collapse: preserve;\">Se o seu voo tiver atrasado, poder\u00e1 ter direito a uma indemniza\u00e7\u00e3o por custos extra, como refei\u00e7\u00f5es, estadias em hot\u00e9is ou despesas de viagem adicionais. Em alguns casos, tamb\u00e9m pode ser indemnizado pelo tempo perdido, especialmente se o atraso tiver durado v\u00e1rias horas. <\/span><\/p><p><span style=\"white-space-collapse: preserve;\">Ao ativar o TravelCare pelo menos 24 horas antes do seu voo, n\u00e3o pagar\u00e1 qualquer taxa ou comiss\u00e3o ao enviar a sua reclama\u00e7\u00e3o atrav\u00e9s do Skycop em caso de interrup\u00e7\u00e3o do voo.<\/span><\/p>\t\t\t\t\t\t\t\t<\/div>\n\t\t\t\t<\/div>\n\t\t\t\t<\/div>\n\t\t\t\t\t<\/div>\n\t\t\t\t<\/div>\n\t\t<div class=\"elementor-element elementor-element-6020c9b below-hero-section e-flex e-con-boxed e-con e-parent\" data-id=\"6020c9b\" data-element_type=\"container\" data-e-type=\"container\">\n\t\t\t\t\t<div class=\"e-con-inner\">\n\t\t<div class=\"elementor-element elementor-element-5e3f2d1 e-con-full below-hero-section e-flex e-con e-child\" data-id=\"5e3f2d1\" data-element_type=\"container\" data-e-type=\"container\">\n\t\t<div class=\"elementor-element elementor-element-07b53ec e-con-full e-flex e-con e-child\" data-id=\"07b53ec\" data-element_type=\"container\" data-e-type=\"container\" id=\"sticky\">\n\t\t\t\t<div class=\"elementor-element elementor-element-1d7d1e9 sidebar-navigation elementor-widget elementor-widget-html\" data-id=\"1d7d1e9\" data-element_type=\"widget\" data-e-type=\"widget\" data-widget_type=\"html.default\">\n\t\t\t\t<div class=\"elementor-widget-container\">\n\t\t\t\t\t<h3>\u00cdndice<\/h3>\n<div class=\"inner-links-nav\">\n    <div class=\"scroll-indicator-bg\">\n    <div class=\"scroll-indicator-fill\"><\/div>\n<\/div>\n<ul>\n    <li><a href=\"#hero-section\">Indemniza\u00e7\u00e3o por Atraso de Voo<\/a><\/li>\n    <li><a href=\"#flight-delay\">Quais s\u00e3o os Regulamentos sobre Indemniza\u00e7\u00e3o por Atraso de Voo?<\/a><\/li>\n    <li><a href=\"#compensation\">A indemniza\u00e7\u00e3o por um voo atrasado \u00e9 a seguinte:<\/a><\/li>\n<\/ul>\n<\/div>\t\t\t\t<\/div>\n\t\t\t\t<\/div>\n\t\t\t\t<\/div>\n\t\t<div class=\"elementor-element elementor-element-1061d8b e-con-full below-hero-right e-flex e-con e-child\" data-id=\"1061d8b\" data-element_type=\"container\" data-e-type=\"container\">\n\t\t\t\t<div class=\"elementor-element elementor-element-8dc699d fitst-box elementor-widget elementor-widget-text-editor\" data-id=\"8dc699d\" data-element_type=\"widget\" data-e-type=\"widget\" id=\"flight-delay\" data-widget_type=\"text-editor.default\">\n\t\t\t\t<div class=\"elementor-widget-container\">\n\t\t\t\t\t\t\t\t\t<h3>Quais s\u00e3o os Regulamentos sobre Indemniza\u00e7\u00e3o por Atraso de Voo?<\/h3><p>O Regulamento dos Direitos dos Passageiros A\u00e9reos da UE aplica-se a todos os voos que partem de aeroportos da UE ou chegam a aeroportos da UE com companhias a\u00e9reas registadas na UE. Ap\u00f3s o Brexit, a mesma legisla\u00e7\u00e3o foi copiada para a legisla\u00e7\u00e3o brit\u00e2nica como UK 261, pelo que os passageiros no Reino Unido ainda podem solicitar indemniza\u00e7\u00f5es de acordo com as mesmas regras. <\/p><p>Estas s\u00e3o as normas que a Skycop utiliza para apresentar reclama\u00e7\u00f5es em seu nome. Familiarize-se com os principais termos da legisla\u00e7\u00e3o antes do seu voo para conhecer os seus direitos em caso de atraso. <\/p>\t\t\t\t\t\t\t\t<\/div>\n\t\t\t\t<\/div>\n\t\t\t\t<div class=\"elementor-element elementor-element-20edf1c elementor-widget elementor-widget-text-editor\" data-id=\"20edf1c\" data-element_type=\"widget\" data-e-type=\"widget\" id=\"compensation\" data-widget_type=\"text-editor.default\">\n\t\t\t\t<div class=\"elementor-widget-container\">\n\t\t\t\t\t\t\t\t\t<h3>A indemniza\u00e7\u00e3o por um voo atrasado \u00e9 a seguinte<\/h3>\t\t\t\t\t\t\t\t<\/div>\n\t\t\t\t<\/div>\n\t\t<div class=\"elementor-element elementor-element-2e16676 e-grid e-con-full e-con e-child\" data-id=\"2e16676\" data-element_type=\"container\" data-e-type=\"container\">\n\t\t\t\t<div class=\"elementor-element elementor-element-35fdec9 inner-box elementor-widget elementor-widget-text-editor\" data-id=\"35fdec9\" data-element_type=\"widget\" data-e-type=\"widget\" data-widget_type=\"text-editor.default\">\n\t\t\t\t<div class=\"elementor-widget-container\">\n\t\t\t\t\t\t\t\t\t<h4>At\u00e9 1500 km<\/h4><p>250\u20ac (220\u00a3) para atrasos superiores a tr\u00eas horas ou se o voo nunca chegou<\/p>\t\t\t\t\t\t\t\t<\/div>\n\t\t\t\t<\/div>\n\t\t\t\t<div class=\"elementor-element elementor-element-558b054 inner-box elementor-widget elementor-widget-text-editor\" data-id=\"558b054\" data-element_type=\"widget\" data-e-type=\"widget\" data-widget_type=\"text-editor.default\">\n\t\t\t\t<div class=\"elementor-widget-container\">\n\t\t\t\t\t\t\t\t\t<h4>Mais de 1500 km (dentro da UE)<\/h4><p>400\u20ac (350\u00a3) para atrasos superiores a tr\u00eas horas ou se o voo nunca chegou<\/p>\t\t\t\t\t\t\t\t<\/div>\n\t\t\t\t<\/div>\n\t\t\t\t<\/div>\n\t\t<div class=\"elementor-element elementor-element-40ee4d1 e-grid e-con-full e-con e-child\" data-id=\"40ee4d1\" data-element_type=\"container\" data-e-type=\"container\">\n\t\t\t\t<div class=\"elementor-element elementor-element-774b653 inner-box elementor-widget elementor-widget-text-editor\" data-id=\"774b653\" data-element_type=\"widget\" data-e-type=\"widget\" data-widget_type=\"text-editor.default\">\n\t\t\t\t<div class=\"elementor-widget-container\">\n\t\t\t\t\t\t\t\t\t<h4>Voos entre 1500 e 3500 km (internacionais)<\/h4><p>400\u20ac para atrasos superiores a tr\u00eas horas<\/p>\t\t\t\t\t\t\t\t<\/div>\n\t\t\t\t<\/div>\n\t\t\t\t<div class=\"elementor-element elementor-element-2784bad inner-box elementor-widget elementor-widget-text-editor\" data-id=\"2784bad\" data-element_type=\"widget\" data-e-type=\"widget\" data-widget_type=\"text-editor.default\">\n\t\t\t\t<div class=\"elementor-widget-container\">\n\t\t\t\t\t\t\t\t\t<h4>Voos superiores a 3500 km (internacionais)<\/h4><ul><li>300\u20ac para atrasos de 3 a 4 horas<\/li><li>600\u20ac para atrasos superiores a 4 horas ou se o voo nunca chegou<\/li><\/ul>\t\t\t\t\t\t\t\t<\/div>\n\t\t\t\t<\/div>\n\t\t\t\t<\/div>\n\t\t\t\t<\/div>\n\t\t\t\t<\/div>\n\t\t\t\t\t<\/div>\n\t\t\t\t<\/div>\n\t\t<div class=\"elementor-element elementor-element-ec36e31 e-flex e-con-boxed e-con e-parent\" data-id=\"ec36e31\" data-element_type=\"container\" data-e-type=\"container\">\n\t\t\t\t\t<div class=\"e-con-inner\">\n\t\t\t\t<div class=\"elementor-element elementor-element-f9bf357 hidden elementor-widget elementor-widget-html\" data-id=\"f9bf357\" data-element_type=\"widget\" data-e-type=\"widget\" data-widget_type=\"html.default\">\n\t\t\t\t<div class=\"elementor-widget-container\">\n\t\t\t\t\t<script>document.addEventListener('DOMContentLoaded', function () {\n  const HEADER_OFFSET = 150; \/\/ visina fiksiranog headera\n  const navItems = Array.from(document.querySelectorAll('.sidebar-navigation ul li'));\n  const navLinks = Array.from(document.querySelectorAll('.sidebar-navigation ul li a'));\n\n  \/\/ Smooth scroll\n  navLinks.forEach(a => {\n    a.addEventListener('click', function (e) {\n      const href = a.getAttribute('href');\n      if (!href || !href.startsWith('#')) return;\n      const target = document.querySelector(href);\n      if (!target) return;\n      e.preventDefault();\n      const top = target.getBoundingClientRect().top + window.scrollY - HEADER_OFFSET;\n      window.scrollTo({ top, behavior: 'smooth' });\n    });\n  });\n\n  \/\/ Mapiranje sekcija\n  const sections = navLinks.map((a, index) => {\n    const sel = a.getAttribute('href');\n    const el  = sel ? document.querySelector(sel) : null;\n    return { el, index };\n  }).filter(s => s.el);\n\n  function getHeightWithMargin(el){\n    const cs = window.getComputedStyle(el);\n    return el.offsetHeight + (parseFloat(cs.marginTop)||0) + (parseFloat(cs.marginBottom)||0);\n  }\n\n  function updateFill(){\n    const fill = document.querySelector('.scroll-indicator-fill');\n    if (!fill) return;\n    let lastIdx = -1;\n    navItems.forEach((li, i) => { if (li.classList.contains('active')) lastIdx = i; });\n    if (lastIdx < 0) { fill.style.height = '0px'; return; }\n    let sum = 0;\n    for (let i = 0; i <= lastIdx; i++) sum += getHeightWithMargin(navItems[i]);\n    fill.style.height = sum + 'px';\n  }\n\n  function setActive(index, on){\n    const li = navItems[index];\n    if (!li) return;\n    li.classList.toggle('active', !!on);\n  }\n\n  \/\/ IntersectionObserver: NE skidaj active kad ode preko GORNJE linije\n  if ('IntersectionObserver' in window) {\n    const indexById = Object.create(null);\n    sections.forEach(s => { if (s.el.id) indexById[s.el.id] = s.index; });\n\n    const io = new IntersectionObserver((entries) => {\n      const vh = window.innerHeight || document.documentElement.clientHeight;\n      entries.forEach(entry => {\n        const idx = indexById[entry.target.id];\n        if (idx === undefined) return;\n\n        if (entry.isIntersecting) {\n          \/\/ \u010dim u\u0111e ispod header linije -> aktiviraj\n          setActive(idx, true);\n        } else {\n          \/\/ nije u preseku \u2014 odlu\u010di da li da SKINE\u0160 active\n          const top = entry.boundingClientRect.top;\n\n          \/\/ Ako je oti\u0161lo ispod dna (pri skrolu navi\u0161e) -> skini active\n          if (top >= vh) {\n            setActive(idx, false);\n          }\n          \/\/ Ako je oti\u0161lo iznad header linije -> NE diraj (ostaje aktivno)\n          \/\/ else if (top <= HEADER_OFFSET) { \/\/ namerno prazno }\n        }\n      });\n      updateFill();\n    }, {\n      root: null,\n      rootMargin: `-${HEADER_OFFSET}px 0px 0px 0px`,\n      threshold: 0\n    });\n\n    sections.forEach(s => io.observe(s.el));\n  } else {\n    \/\/ Fallback: ne skidaj active kada ode iznad, samo kad ode ispod dna\n    function onScroll(){\n      const vh = window.innerHeight || document.documentElement.clientHeight;\n      const topLimit = HEADER_OFFSET;\n      sections.forEach(({ el, index }) => {\n        const r = el.getBoundingClientRect();\n        const visible = r.bottom > topLimit && r.top < vh;\n\n        if (visible) {\n          setActive(index, true);\n        } else {\n          \/\/ oti\u0161lo ispod dna? (pri skrolu navi\u0161e)\n          if (r.top >= vh) setActive(index, false);\n          \/\/ oti\u0161lo iznad topLimit -> ne diramo (ostaje active)\n        }\n      });\n      updateFill();\n    }\n    window.addEventListener('scroll', onScroll, { passive: true });\n    onScroll();\n  }\n\n  \/\/ inicijalni fill\n  updateFill();\n});\n<\/script>\t\t\t\t<\/div>\n\t\t\t\t<\/div>\n\t\t\t\t\t<\/div>\n\t\t\t\t<\/div>\n\t\t\t\t<\/div>\n\t\t","protected":false},"excerpt":{"rendered":"<p>Indemniza\u00e7\u00e3o por Atraso de Voo Se o seu voo tiver atrasado, poder\u00e1 ter direito a uma indemniza\u00e7\u00e3o por custos extra, como refei\u00e7\u00f5es, estadias em hot\u00e9is ou despesas de viagem adicionais. Em alguns casos, tamb\u00e9m pode ser indemnizado pelo tempo perdido, especialmente se o atraso tiver durado v\u00e1rias horas. Ao ativar o TravelCare pelo menos 24 [&hellip;]<\/p>\n","protected":false},"author":1,"featured_media":0,"parent":0,"menu_order":0,"comment_status":"closed","ping_status":"closed","template":"","meta":{"footnotes":""},"class_list":["post-4039","page","type-page","status-publish","hentry"],"_links":{"self":[{"href":"https:\/\/travelwithcare.io\/pt-pt\/wp-json\/wp\/v2\/pages\/4039","targetHints":{"allow":["GET"]}}],"collection":[{"href":"https:\/\/travelwithcare.io\/pt-pt\/wp-json\/wp\/v2\/pages"}],"about":[{"href":"https:\/\/travelwithcare.io\/pt-pt\/wp-json\/wp\/v2\/types\/page"}],"author":[{"embeddable":true,"href":"https:\/\/travelwithcare.io\/pt-pt\/wp-json\/wp\/v2\/users\/1"}],"replies":[{"embeddable":true,"href":"https:\/\/travelwithcare.io\/pt-pt\/wp-json\/wp\/v2\/comments?post=4039"}],"version-history":[{"count":3,"href":"https:\/\/travelwithcare.io\/pt-pt\/wp-json\/wp\/v2\/pages\/4039\/revisions"}],"predecessor-version":[{"id":4042,"href":"https:\/\/travelwithcare.io\/pt-pt\/wp-json\/wp\/v2\/pages\/4039\/revisions\/4042"}],"wp:attachment":[{"href":"https:\/\/travelwithcare.io\/pt-pt\/wp-json\/wp\/v2\/media?parent=4039"}],"curies":[{"name":"wp","href":"https:\/\/api.w.org\/{rel}","templated":true}]}}