{"id":4025,"date":"2025-08-04T11:24:16","date_gmt":"2025-08-04T11:24:16","guid":{"rendered":"http:\/\/104.248.20.184:8000\/air-passenger-rights-2\/"},"modified":"2025-09-24T07:51:39","modified_gmt":"2025-09-24T07:51:39","slug":"air-passenger-rights-2","status":"publish","type":"page","link":"https:\/\/travelwithcare.io\/pt-pt\/air-passenger-rights-2\/","title":{"rendered":"Air Passenger Rights"},"content":{"rendered":"\t\t<div data-elementor-type=\"wp-page\" data-elementor-id=\"4025\" class=\"elementor elementor-4025 elementor-2269\" data-elementor-post-type=\"page\">\n\t\t\t\t<div class=\"elementor-element elementor-element-63fa68d e-flex e-con-boxed e-con e-parent\" data-id=\"63fa68d\" data-element_type=\"container\" data-e-type=\"container\" id=\"hero-top-section\" data-settings=\"{&quot;background_background&quot;:&quot;classic&quot;}\">\n\t\t\t\t\t<div class=\"e-con-inner\">\n\t\t<div class=\"elementor-element elementor-element-d2468ac e-con-full hero-section e-flex e-con e-child\" data-id=\"d2468ac\" data-element_type=\"container\" data-e-type=\"container\">\n\t\t\t\t<div class=\"elementor-element elementor-element-3a33ed1 elementor-widget__width-initial elementor-widget elementor-widget-image\" data-id=\"3a33ed1\" data-element_type=\"widget\" data-e-type=\"widget\" data-widget_type=\"image.default\">\n\t\t\t\t<div class=\"elementor-widget-container\">\n\t\t\t\t\t\t\t\t\t\t\t\t\t\t\t<img decoding=\"async\" width=\"51\" height=\"51\" src=\"https:\/\/travelwithcare.io\/wp-content\/uploads\/2025\/08\/Primary-large-button.png\" class=\"attachment-full size-full wp-image-1931\" alt=\"\" \/>\t\t\t\t\t\t\t\t\t\t\t\t\t\t\t<\/div>\n\t\t\t\t<\/div>\n\t\t\t\t<div class=\"elementor-element elementor-element-46c6495 elementor-widget__width-initial elementor-widget elementor-widget-text-editor\" data-id=\"46c6495\" data-element_type=\"widget\" data-e-type=\"widget\" data-widget_type=\"text-editor.default\">\n\t\t\t\t<div class=\"elementor-widget-container\">\n\t\t\t\t\t\t\t\t\t<h1>Direitos e Prote\u00e7\u00f5es dos Passageiros A\u00e9reos da UE: Regulamento da UE 261\/2004<\/h1><p>Como passageiro a\u00e9reo, os seus direitos est\u00e3o protegidos pelo Regulamento UE 261\/2004, que estabelece regras comuns para a compensa\u00e7\u00e3o de voos em caso de atrasos, cancelamentos e overbooking.<\/p>\t\t\t\t\t\t\t\t<\/div>\n\t\t\t\t<\/div>\n\t\t\t\t<\/div>\n\t\t\t\t\t<\/div>\n\t\t\t\t<\/div>\n\t\t<div class=\"elementor-element elementor-element-81667b6 below-hero-section e-flex e-con-boxed e-con e-parent\" data-id=\"81667b6\" data-element_type=\"container\" data-e-type=\"container\">\n\t\t\t\t\t<div class=\"e-con-inner\">\n\t\t<div class=\"elementor-element elementor-element-7c56f51 e-con-full below-hero-section e-flex e-con e-child\" data-id=\"7c56f51\" data-element_type=\"container\" data-e-type=\"container\">\n\t\t<div class=\"elementor-element elementor-element-4ea88d6 e-con-full e-flex e-con e-child\" data-id=\"4ea88d6\" data-element_type=\"container\" data-e-type=\"container\" id=\"sticky\">\n\t\t\t\t<div class=\"elementor-element elementor-element-e068e9a sidebar-navigation elementor-widget elementor-widget-html\" data-id=\"e068e9a\" data-element_type=\"widget\" data-e-type=\"widget\" data-widget_type=\"html.default\">\n\t\t\t\t<div class=\"elementor-widget-container\">\n\t\t\t\t\t<h3>\u00cdndice<\/h3>\n<div class=\"inner-links-nav\">\n    <div class=\"scroll-indicator-bg\">\n    <div class=\"scroll-indicator-fill\"><\/div>\n<\/div>\n<ul>\n    <li><a href=\"#know-your-rights\">Conhe\u00e7a os seus direitos e solicite uma indemniza\u00e7\u00e3o em caso de atraso<\/a><\/li>\n    <li><a href=\"#flights-eligible\">Os voos s\u00e3o eleg\u00edveis para indemniza\u00e7\u00e3o nas seguintes condi\u00e7\u00f5es<\/a><\/li>\n    <li><a href=\"#additionally\">Al\u00e9m disso, o voo deve cumprir os seguintes crit\u00e9rios<\/a><\/li>\n<\/ul>\n<\/div>\t\t\t\t<\/div>\n\t\t\t\t<\/div>\n\t\t\t\t<\/div>\n\t\t<div class=\"elementor-element elementor-element-2dbf7d0 e-con-full below-hero-right e-flex e-con e-child\" data-id=\"2dbf7d0\" data-element_type=\"container\" data-e-type=\"container\">\n\t\t\t\t<div class=\"elementor-element elementor-element-479bcb1 fitst-box elementor-widget elementor-widget-text-editor\" data-id=\"479bcb1\" data-element_type=\"widget\" data-e-type=\"widget\" id=\"know-your-rights\" data-widget_type=\"text-editor.default\">\n\t\t\t\t<div class=\"elementor-widget-container\">\n\t\t\t\t\t\t\t\t\t<h3>Conhe\u00e7a os seus direitos e solicite uma indemniza\u00e7\u00e3o em caso de atraso<\/h3><p>Com o TravelCare, patrocinado pela Skycop, est\u00e1 abrangido por estes regulamentos da Comiss\u00e3o Europeia. O TravelCare ajuda-o a obter a indemniza\u00e7\u00e3o que merece, sem taxas adicionais, e garante a sua total prote\u00e7\u00e3o em caso de interrup\u00e7\u00e3o do voo. <\/p><p>Nem todos os passageiros sabem dos seus direitos. Muitos n\u00e3o t\u00eam o conhecimento jur\u00eddico necess\u00e1rio para pedir indemniza\u00e7\u00f5es por voos atrasados \u200b\u200bou cancelados. Mesmo aqueles que sabem dos seus direitos t\u00eam muitas vezes dificuldade em obter indemniza\u00e7\u00f5es por parte das companhias a\u00e9reas. A TravelCare facilita isso mesmo, oferecendo-lhe o valor total da indemniza\u00e7\u00e3o, at\u00e9 600\u20ac, por interrup\u00e7\u00f5es de voo, como cancelamentos, atrasos e overbooking.   <\/p>\t\t\t\t\t\t\t\t<\/div>\n\t\t\t\t<\/div>\n\t\t\t\t<div class=\"elementor-element elementor-element-8e2189c elementor-widget elementor-widget-text-editor\" data-id=\"8e2189c\" data-element_type=\"widget\" data-e-type=\"widget\" id=\"flights-eligible\" data-widget_type=\"text-editor.default\">\n\t\t\t\t<div class=\"elementor-widget-container\">\n\t\t\t\t\t\t\t\t\t<h3>Os voos s\u00e3o eleg\u00edveis para indemniza\u00e7\u00e3o nas seguintes condi\u00e7\u00f5es<\/h3>\t\t\t\t\t\t\t\t<\/div>\n\t\t\t\t<\/div>\n\t\t<div class=\"elementor-element elementor-element-c217ec1 e-grid e-con-full e-con e-child\" data-id=\"c217ec1\" data-element_type=\"container\" data-e-type=\"container\">\n\t\t\t\t<div class=\"elementor-element elementor-element-9fc583a inner-box elementor-widget elementor-widget-text-editor\" data-id=\"9fc583a\" data-element_type=\"widget\" data-e-type=\"widget\" data-widget_type=\"text-editor.default\">\n\t\t\t\t<div class=\"elementor-widget-container\">\n\t\t\t\t\t\t\t\t\t<h4><strong>1.<\/strong> Atrasos<\/h4><p>Se o seu voo estiver atrasado mais de 3 horas \u00e0 chegada.<\/p>\t\t\t\t\t\t\t\t<\/div>\n\t\t\t\t<\/div>\n\t\t\t\t<div class=\"elementor-element elementor-element-2603e4f inner-box elementor-widget elementor-widget-text-editor\" data-id=\"2603e4f\" data-element_type=\"widget\" data-e-type=\"widget\" data-widget_type=\"text-editor.default\">\n\t\t\t\t<div class=\"elementor-widget-container\">\n\t\t\t\t\t\t\t\t\t<h4><strong>2.<\/strong> Cancelamentos<\/h4><p>Se o seu voo for cancelado e n\u00e3o for notificado com pelo menos 14 dias de anteced\u00eancia.<\/p>\t\t\t\t\t\t\t\t<\/div>\n\t\t\t\t<\/div>\n\t\t\t\t<div class=\"elementor-element elementor-element-c6aa485 inner-box elementor-widget elementor-widget-text-editor\" data-id=\"c6aa485\" data-element_type=\"widget\" data-e-type=\"widget\" data-widget_type=\"text-editor.default\">\n\t\t\t\t<div class=\"elementor-widget-container\">\n\t\t\t\t\t\t\t\t\t<h4><strong>3.<\/strong> Embarque Negado<\/h4><p>Se o seu embarque foi negado devido a overbooking, desde que tivesse uma reserva confirmada.<\/p>\t\t\t\t\t\t\t\t<\/div>\n\t\t\t\t<\/div>\n\t\t\t\t<\/div>\n\t\t\t\t<div class=\"elementor-element elementor-element-5507501 elementor-widget elementor-widget-text-editor\" data-id=\"5507501\" data-element_type=\"widget\" data-e-type=\"widget\" id=\"additionally\" data-widget_type=\"text-editor.default\">\n\t\t\t\t<div class=\"elementor-widget-container\">\n\t\t\t\t\t\t\t\t\t<h3>Al\u00e9m disso, o voo deve cumprir os seguintes crit\u00e9rios<\/h3>\t\t\t\t\t\t\t\t<\/div>\n\t\t\t\t<\/div>\n\t\t<div class=\"elementor-element elementor-element-9d834c4 e-grid e-con-full e-con e-child\" data-id=\"9d834c4\" data-element_type=\"container\" data-e-type=\"container\">\n\t\t\t\t<div class=\"elementor-element elementor-element-e8a418a inner-box elementor-widget elementor-widget-text-editor\" data-id=\"e8a418a\" data-element_type=\"widget\" data-e-type=\"widget\" data-widget_type=\"text-editor.default\">\n\t\t\t\t<div class=\"elementor-widget-container\">\n\t\t\t\t\t\t\t\t\t<h4><strong>1.<\/strong><\/h4><p>Com partida de um aeroporto da UE (qualquer companhia a\u00e9rea) ou chegada a um aeroporto da UE com uma companhia a\u00e9rea registada na UE.<\/p>\t\t\t\t\t\t\t\t<\/div>\n\t\t\t\t<\/div>\n\t\t\t\t<div class=\"elementor-element elementor-element-315be68 inner-box elementor-widget elementor-widget-text-editor\" data-id=\"315be68\" data-element_type=\"widget\" data-e-type=\"widget\" data-widget_type=\"text-editor.default\">\n\t\t\t\t<div class=\"elementor-widget-container\">\n\t\t\t\t\t\t\t\t\t<h4><strong>2.<\/strong><\/h4><p>A perturba\u00e7\u00e3o n\u00e3o pode ser causada por circunst\u00e2ncias extraordin\u00e1rias, como condi\u00e7\u00f5es meteorol\u00f3gicas, problemas de seguran\u00e7a ou greves.<\/p>\t\t\t\t\t\t\t\t<\/div>\n\t\t\t\t<\/div>\n\t\t\t\t<\/div>\n\t\t\t\t<\/div>\n\t\t\t\t<\/div>\n\t\t\t\t\t<\/div>\n\t\t\t\t<\/div>\n\t\t<div class=\"elementor-element elementor-element-efb3747 e-flex e-con-boxed e-con e-parent\" data-id=\"efb3747\" data-element_type=\"container\" data-e-type=\"container\">\n\t\t\t\t\t<div class=\"e-con-inner\">\n\t\t\t\t<div class=\"elementor-element elementor-element-5c1beea hidden elementor-widget elementor-widget-html\" data-id=\"5c1beea\" data-element_type=\"widget\" data-e-type=\"widget\" data-widget_type=\"html.default\">\n\t\t\t\t<div class=\"elementor-widget-container\">\n\t\t\t\t\t<script>document.addEventListener('DOMContentLoaded', function () {\n  const HEADER_OFFSET = 150; \/\/ visina fiksiranog headera\n  const navItems = Array.from(document.querySelectorAll('.sidebar-navigation ul li'));\n  const navLinks = Array.from(document.querySelectorAll('.sidebar-navigation ul li a'));\n\n  \/\/ Smooth scroll\n  navLinks.forEach(a => {\n    a.addEventListener('click', function (e) {\n      const href = a.getAttribute('href');\n      if (!href || !href.startsWith('#')) return;\n      const target = document.querySelector(href);\n      if (!target) return;\n      e.preventDefault();\n      const top = target.getBoundingClientRect().top + window.scrollY - HEADER_OFFSET;\n      window.scrollTo({ top, behavior: 'smooth' });\n    });\n  });\n\n  \/\/ Mapiranje sekcija\n  const sections = navLinks.map((a, index) => {\n    const sel = a.getAttribute('href');\n    const el  = sel ? document.querySelector(sel) : null;\n    return { el, index };\n  }).filter(s => s.el);\n\n  function getHeightWithMargin(el){\n    const cs = window.getComputedStyle(el);\n    return el.offsetHeight + (parseFloat(cs.marginTop)||0) + (parseFloat(cs.marginBottom)||0);\n  }\n\n  function updateFill(){\n    const fill = document.querySelector('.scroll-indicator-fill');\n    if (!fill) return;\n    let lastIdx = -1;\n    navItems.forEach((li, i) => { if (li.classList.contains('active')) lastIdx = i; });\n    if (lastIdx < 0) { fill.style.height = '0px'; return; }\n    let sum = 0;\n    for (let i = 0; i <= lastIdx; i++) sum += getHeightWithMargin(navItems[i]);\n    fill.style.height = sum + 'px';\n  }\n\n  function setActive(index, on){\n    const li = navItems[index];\n    if (!li) return;\n    li.classList.toggle('active', !!on);\n  }\n\n  \/\/ IntersectionObserver: NE skidaj active kad ode preko GORNJE linije\n  if ('IntersectionObserver' in window) {\n    const indexById = Object.create(null);\n    sections.forEach(s => { if (s.el.id) indexById[s.el.id] = s.index; });\n\n    const io = new IntersectionObserver((entries) => {\n      const vh = window.innerHeight || document.documentElement.clientHeight;\n      entries.forEach(entry => {\n        const idx = indexById[entry.target.id];\n        if (idx === undefined) return;\n\n        if (entry.isIntersecting) {\n          \/\/ \u010dim u\u0111e ispod header linije -> aktiviraj\n          setActive(idx, true);\n        } else {\n          \/\/ nije u preseku \u2014 odlu\u010di da li da SKINE\u0160 active\n          const top = entry.boundingClientRect.top;\n\n          \/\/ Ako je oti\u0161lo ispod dna (pri skrolu navi\u0161e) -> skini active\n          if (top >= vh) {\n            setActive(idx, false);\n          }\n          \/\/ Ako je oti\u0161lo iznad header linije -> NE diraj (ostaje aktivno)\n          \/\/ else if (top <= HEADER_OFFSET) { \/\/ namerno prazno }\n        }\n      });\n      updateFill();\n    }, {\n      root: null,\n      rootMargin: `-${HEADER_OFFSET}px 0px 0px 0px`,\n      threshold: 0\n    });\n\n    sections.forEach(s => io.observe(s.el));\n  } else {\n    \/\/ Fallback: ne skidaj active kada ode iznad, samo kad ode ispod dna\n    function onScroll(){\n      const vh = window.innerHeight || document.documentElement.clientHeight;\n      const topLimit = HEADER_OFFSET;\n      sections.forEach(({ el, index }) => {\n        const r = el.getBoundingClientRect();\n        const visible = r.bottom > topLimit && r.top < vh;\n\n        if (visible) {\n          setActive(index, true);\n        } else {\n          \/\/ oti\u0161lo ispod dna? (pri skrolu navi\u0161e)\n          if (r.top >= vh) setActive(index, false);\n          \/\/ oti\u0161lo iznad topLimit -> ne diramo (ostaje active)\n        }\n      });\n      updateFill();\n    }\n    window.addEventListener('scroll', onScroll, { passive: true });\n    onScroll();\n  }\n\n  \/\/ inicijalni fill\n  updateFill();\n});\n<\/script>\t\t\t\t<\/div>\n\t\t\t\t<\/div>\n\t\t\t\t\t<\/div>\n\t\t\t\t<\/div>\n\t\t\t\t<\/div>\n\t\t","protected":false},"excerpt":{"rendered":"<p>Direitos e Prote\u00e7\u00f5es dos Passageiros A\u00e9reos da UE: Regulamento da UE 261\/2004 Como passageiro a\u00e9reo, os seus direitos est\u00e3o protegidos pelo Regulamento UE 261\/2004, que estabelece regras comuns para a compensa\u00e7\u00e3o de voos em caso de atrasos, cancelamentos e overbooking. \u00cdndice Conhe\u00e7a os seus direitos e solicite uma indemniza\u00e7\u00e3o em caso de atraso Os voos [&hellip;]<\/p>\n","protected":false},"author":1,"featured_media":0,"parent":0,"menu_order":0,"comment_status":"closed","ping_status":"closed","template":"","meta":{"footnotes":""},"class_list":["post-4025","page","type-page","status-publish","hentry"],"_links":{"self":[{"href":"https:\/\/travelwithcare.io\/pt-pt\/wp-json\/wp\/v2\/pages\/4025","targetHints":{"allow":["GET"]}}],"collection":[{"href":"https:\/\/travelwithcare.io\/pt-pt\/wp-json\/wp\/v2\/pages"}],"about":[{"href":"https:\/\/travelwithcare.io\/pt-pt\/wp-json\/wp\/v2\/types\/page"}],"author":[{"embeddable":true,"href":"https:\/\/travelwithcare.io\/pt-pt\/wp-json\/wp\/v2\/users\/1"}],"replies":[{"embeddable":true,"href":"https:\/\/travelwithcare.io\/pt-pt\/wp-json\/wp\/v2\/comments?post=4025"}],"version-history":[{"count":1,"href":"https:\/\/travelwithcare.io\/pt-pt\/wp-json\/wp\/v2\/pages\/4025\/revisions"}],"predecessor-version":[{"id":4026,"href":"https:\/\/travelwithcare.io\/pt-pt\/wp-json\/wp\/v2\/pages\/4025\/revisions\/4026"}],"wp:attachment":[{"href":"https:\/\/travelwithcare.io\/pt-pt\/wp-json\/wp\/v2\/media?parent=4025"}],"curies":[{"name":"wp","href":"https:\/\/api.w.org\/{rel}","templated":true}]}}