{"id":4031,"date":"2025-08-29T08:28:09","date_gmt":"2025-08-29T08:28:09","guid":{"rendered":"http:\/\/104.248.20.184:8000\/vanlige-sporsmal-om-bagasjebeskyttelse\/"},"modified":"2025-09-24T08:54:10","modified_gmt":"2025-09-24T08:54:10","slug":"vanlige-sporsmal-om-bagasjebeskyttelse","status":"publish","type":"page","link":"https:\/\/travelwithcare.io\/no\/vanlige-sporsmal-om-bagasjebeskyttelse\/","title":{"rendered":"Vanlige sp\u00f8rsm\u00e5l om bagasjebeskyttelse"},"content":{"rendered":"\t\t<div data-elementor-type=\"wp-page\" data-elementor-id=\"4031\" class=\"elementor elementor-4031 elementor-2546\" data-elementor-post-type=\"page\">\n\t\t\t\t<div class=\"elementor-element elementor-element-87f7941 e-flex e-con-boxed e-con e-parent\" data-id=\"87f7941\" data-element_type=\"container\" data-e-type=\"container\">\n\t\t\t\t\t<div class=\"e-con-inner\">\n\t\t<div class=\"elementor-element elementor-element-7c0e517 e-con-full e-flex e-con e-child\" data-id=\"7c0e517\" data-element_type=\"container\" data-e-type=\"container\">\n\t\t\t\t<div class=\"elementor-element elementor-element-701ff71 hidden elementor-widget elementor-widget-html\" data-id=\"701ff71\" data-element_type=\"widget\" data-e-type=\"widget\" data-widget_type=\"html.default\">\n\t\t\t\t<div class=\"elementor-widget-container\">\n\t\t\t\t\t<script>document.addEventListener(\"DOMContentLoaded\", function () {\n  const navLinks = document.querySelectorAll(\".sidebar-navigation ul li a\");\n  const navItems = document.querySelectorAll(\".sidebar-navigation ul li\");\n  const fill     = document.querySelector(\".scroll-indicator-fill\");\n\n  if (!navLinks.length || !navItems.length || !fill) return;\n\n  \/\/ smooth scroll\n  navLinks.forEach(link => {\n    link.addEventListener(\"click\", function (e) {\n      e.preventDefault();\n      const target = document.querySelector(this.getAttribute(\"href\"));\n      if (!target) return;\n\n      const headerOffset = 150;\n      const elementPosition = target.getBoundingClientRect().top + window.scrollY;\n      const offsetPosition  = elementPosition - headerOffset;\n\n      window.scrollTo({ top: offsetPosition, behavior: \"smooth\" });\n    });\n  });\n\n  const sectionMap = Array.from(navLinks).map(link => {\n    const el = document.querySelector(link.getAttribute(\"href\"));\n    return { element: el };\n  });\n\n  let lastScrollY = window.scrollY;\n\n  function getHeightWithMargin(el) {\n    const style = window.getComputedStyle(el);\n    const h    = el.offsetHeight;\n    const mt   = parseFloat(style.marginTop) || 0;\n    const mb   = parseFloat(style.marginBottom) || 0;\n    return h + mt + mb;\n  }\n\n  function sumHeightsUntil(indexExcl) {\n    \/\/ saberi od 0 do (indexExcl - 1)\n    let sum = 0;\n    for (let i = 0; i < indexExcl && i < navItems.length; i++) {\n      sum += getHeightWithMargin(navItems[i]);\n    }\n    return sum;\n  }\n\n  function onScroll() {\n    const activateOffset   = 150;\n    const deactivateOffset = 150;\n\n    const currentScrollY = window.scrollY;\n    const scrollingDown  = currentScrollY > lastScrollY;\n    lastScrollY = currentScrollY;\n\n    \/\/ 1) Aktivacija\/deaktivacija stavki menija\n    sectionMap.forEach(({ element }, index) => {\n      if (!element) return;\n      const rect = element.getBoundingClientRect();\n      const top  = rect.top;\n\n      if (scrollingDown && top > window.innerHeight) {\n        navItems[index].classList.remove(\"active\");\n        return;\n      }\n\n      if (top <= activateOffset && top >= -rect.height) {\n        navItems[index].classList.add(\"active\");\n      } else if (top > deactivateOffset) {\n        navItems[index].classList.remove(\"active\");\n      }\n    });\n\n    \/\/ 2) Izra\u010dun visine indikator trake\n    \/\/ umesto \"ako je >2, saberi 7\", tra\u017eimo poslednji aktivni indeks\n    let activeCount = 0;\n    let lastActiveIndex = -1;\n    navItems.forEach((item, i) => {\n      if (item.classList.contains(\"active\")) {\n        activeCount++;\n        lastActiveIndex = i;\n      }\n    });\n\n    if (activeCount < 2) {\n      \/\/ 0 ili 1 aktivan -> nema popune\n      fill.style.height = \"0px\";\n      return;\n    }\n\n    \/\/ \u017eeljeno pona\u0161anje kao i ranije:\n    \/\/ - kad su ta\u010dno 2 aktivna -> visina prve stavke\n    \/\/ - kad je vi\u0161e od 2 -> visina svih stavki do poslednje aktivne (BEZ nje)\n    if (activeCount === 2) {\n      fill.style.height = getHeightWithMargin(navItems[0]) + \"px\";\n      return;\n    }\n\n    \/\/ activeCount > 2\n    \/\/ lastActiveIndex mo\u017ee biti npr. 3 -> saberi 0,1,2\n    const heightSum = sumHeightsUntil(Math.max(0, lastActiveIndex));\n    fill.style.height = heightSum + \"px\";\n  }\n\n  window.addEventListener(\"scroll\", onScroll, { passive: true });\n  onScroll();\n});\n\n<\/script>\t\t\t\t<\/div>\n\t\t\t\t<\/div>\n\t\t\t\t<\/div>\n\t\t<div class=\"elementor-element elementor-element-bbb5af6 e-con-full e-flex e-con e-child\" data-id=\"bbb5af6\" data-element_type=\"container\" data-e-type=\"container\" data-settings=\"{&quot;background_background&quot;:&quot;classic&quot;}\">\n\t\t<div class=\"elementor-element elementor-element-d4a5a83 e-con-full hero-section e-flex e-con e-child\" data-id=\"d4a5a83\" data-element_type=\"container\" data-e-type=\"container\">\n\t\t\t\t<div class=\"elementor-element elementor-element-400f245 elementor-widget__width-initial elementor-widget elementor-widget-image\" data-id=\"400f245\" data-element_type=\"widget\" data-e-type=\"widget\" data-widget_type=\"image.default\">\n\t\t\t\t<div class=\"elementor-widget-container\">\n\t\t\t\t\t\t\t\t\t\t\t\t\t\t\t<img decoding=\"async\" width=\"51\" height=\"51\" src=\"https:\/\/travelwithcare.io\/wp-content\/uploads\/2025\/08\/Primary-large-button-1.png\" class=\"attachment-full size-full wp-image-2480\" alt=\"\" \/>\t\t\t\t\t\t\t\t\t\t\t\t\t\t\t<\/div>\n\t\t\t\t<\/div>\n\t\t\t\t<div class=\"elementor-element elementor-element-ec4aeaf elementor-widget__width-initial elementor-widget elementor-widget-text-editor\" data-id=\"ec4aeaf\" data-element_type=\"widget\" data-e-type=\"widget\" data-widget_type=\"text-editor.default\">\n\t\t\t\t<div class=\"elementor-widget-container\">\n\t\t\t\t\t\t\t\t\t<h1>Vanlige sp\u00f8rsm\u00e5l om bagasjebeskyttelse<\/h1>\t\t\t\t\t\t\t\t<\/div>\n\t\t\t\t<\/div>\n\t\t\t\t<\/div>\n\t\t\t\t<\/div>\n\t\t<div class=\"elementor-element elementor-element-af37100 below-hero-section e-con-full e-flex e-con e-child\" data-id=\"af37100\" data-element_type=\"container\" data-e-type=\"container\">\n\t\t<div class=\"elementor-element elementor-element-8094858 e-con-full below-hero-section e-flex e-con e-child\" data-id=\"8094858\" data-element_type=\"container\" data-e-type=\"container\">\n\t\t<div class=\"elementor-element elementor-element-7f48d8a e-con-full e-flex e-con e-child\" data-id=\"7f48d8a\" data-element_type=\"container\" data-e-type=\"container\" id=\"sticky\">\n\t\t\t\t<div class=\"elementor-element elementor-element-fca1080 sidebar-navigation elementor-widget elementor-widget-html\" data-id=\"fca1080\" data-element_type=\"widget\" data-e-type=\"widget\" data-widget_type=\"html.default\">\n\t\t\t\t<div class=\"elementor-widget-container\">\n\t\t\t\t\t<h3>Sp\u00f8rsm\u00e5l<\/h3>\n<div class=\"inner-links-nav\">\n    <div class=\"scroll-indicator-bg\">\n    <div class=\"scroll-indicator-fill\"><\/div>\n<\/div>\n<ul>\n    <li><a href=\"#what-is-luggage\">1. Hva er bagasjebeskyttelse?<\/a><\/li>\n    <li><a href=\"#how-doese\">2. Hvordan fungerer det?<\/a><\/li>\n    <li><a href=\"#how-do-i-activate-title\">3. Hvordan aktiverer jeg bagasjebeskyttelse?<\/a><\/li>\n    <li><a href=\"#what-shuld-i-do-title\">4. Hva skal jeg gj\u00f8re hvis bagasjen min blir forsinket eller mistet?<\/a><\/li>\n    <li><a href=\"#what-is-the\">5. Hva er dekningsbel\u00f8pet?<\/a><\/li>\n    <li><a href=\"#how-will-i\">6. Hvordan vil jeg motta kompensasjon?<\/a><\/li>\n    <li><a href=\"#does-this-replace\">7. Erstatter dette kompensasjon fra flyselskapet?<\/a><\/li>\n    <li><a href=\"#is-there-a-limit\">8. Er det en grense for hvor mange ganger jeg kan bruke den?<\/a><\/li>\n<\/ul>\n<\/div>\t\t\t\t<\/div>\n\t\t\t\t<\/div>\n\t\t\t\t<\/div>\n\t\t<div class=\"elementor-element elementor-element-2c7e9b5 e-con-full below-hero-right e-flex e-con e-child\" data-id=\"2c7e9b5\" data-element_type=\"container\" data-e-type=\"container\">\n\t\t\t\t<div class=\"elementor-element elementor-element-2c1687f fitst-box elementor-widget elementor-widget-text-editor\" data-id=\"2c1687f\" data-element_type=\"widget\" data-e-type=\"widget\" id=\"what-is-luggage\" data-widget_type=\"text-editor.default\">\n\t\t\t\t<div class=\"elementor-widget-container\">\n\t\t\t\t\t\t\t\t\t<h3>1. Hva er bagasjebeskyttelse?<\/h3><p>Bagasjebeskyttelse, drevet av Blue Ribbon Bags (BRB), sikrer assistanse og kompensasjon hvis den innsjekkede bagasjen din blir forsinket eller mistet. BRB sporer bagasjen din aktivt med flyselskapet, og hvis den ikke returneres innen 96 timer, f\u00e5r du dekning fra \u20ac1000 per passasjer \u2013 uavhengig av flyselskapets avgj\u00f8relse. <\/p>\t\t\t\t\t\t\t\t<\/div>\n\t\t\t\t<\/div>\n\t\t\t\t<div class=\"elementor-element elementor-element-7e69dcf fitst-box elementor-widget elementor-widget-text-editor\" data-id=\"7e69dcf\" data-element_type=\"widget\" data-e-type=\"widget\" id=\"how-doese\" data-widget_type=\"text-editor.default\">\n\t\t\t\t<div class=\"elementor-widget-container\">\n\t\t\t\t\t\t\t\t\t<h3>2. Hvordan fungerer det?<\/h3><ul><li>Bagasjebeskyttelse er inkludert i Travel Care-planen din.<\/li><li>N\u00e5r flyvningsinformasjonen din er registrert, overv\u00e5ker BRB den innsjekkede bagasjen din i sanntid.<\/li><li>Hvis bagasjen din blir forsinket eller mistet, trer BRB til for \u00e5 finne den og koordinere med flyselskapet.<\/li><li>Hvis du ikke returnerer innen 96 timer, mottar du kompensasjon i henhold til planen din, fra \u20ac1000.<\/li><\/ul>\t\t\t\t\t\t\t\t<\/div>\n\t\t\t\t<\/div>\n\t\t\t\t<div class=\"elementor-element elementor-element-69adfc7 elementor-widget elementor-widget-text-editor\" data-id=\"69adfc7\" data-element_type=\"widget\" data-e-type=\"widget\" id=\"how-do-i-activate-title\" data-widget_type=\"text-editor.default\">\n\t\t\t\t<div class=\"elementor-widget-container\">\n\t\t\t\t\t\t\t\t\t<h3>3. Hvordan aktiverer jeg SmartDelay?<\/h3>\t\t\t\t\t\t\t\t<\/div>\n\t\t\t\t<\/div>\n\t\t<div class=\"elementor-element elementor-element-0988c63 e-con-full e-flex e-con e-child\" data-id=\"0988c63\" data-element_type=\"container\" data-e-type=\"container\" id=\"how-do-i-activate\">\n\t\t\t\t<div class=\"elementor-element elementor-element-dbd1677 inner-box elementor-widget elementor-widget-text-editor\" data-id=\"dbd1677\" data-element_type=\"widget\" data-e-type=\"widget\" data-widget_type=\"text-editor.default\">\n\t\t\t\t<div class=\"elementor-widget-container\">\n\t\t\t\t\t\t\t\t\t<h4><strong>1.<\/strong> <\/h4><p>N\u00e5r du kj\u00f8per Travel Care og oppgir flyvningsinformasjonen din (PNR, passasjernavn, reisedatoer), sendes disse automatisk til BRB.<\/p>\t\t\t\t\t\t\t\t<\/div>\n\t\t\t\t<\/div>\n\t\t\t\t<div class=\"elementor-element elementor-element-9000b08 inner-box elementor-widget elementor-widget-text-editor\" data-id=\"9000b08\" data-element_type=\"widget\" data-e-type=\"widget\" data-widget_type=\"text-editor.default\">\n\t\t\t\t<div class=\"elementor-widget-container\">\n\t\t\t\t\t\t\t\t\t<h4><strong>2.<\/strong> <\/h4><p>BRB utsteder en servicekontrakt og sender den til deg via e-post. Dette inkluderer: <\/p><ul><li>BRB-bekreftelsesnummeret ditt.<\/li><li>En lenke for \u00e5 rapportere eventuelle bagasjeforsinkelser.<\/li><\/ul>\t\t\t\t\t\t\t\t<\/div>\n\t\t\t\t<\/div>\n\t\t\t\t<div class=\"elementor-element elementor-element-54d83e3 inner-box elementor-widget elementor-widget-text-editor\" data-id=\"54d83e3\" data-element_type=\"widget\" data-e-type=\"widget\" data-widget_type=\"text-editor.default\">\n\t\t\t\t<div class=\"elementor-widget-container\">\n\t\t\t\t\t\t\t\t\t<h4><strong>3.<\/strong> <\/h4><p>Hold denne e-posten trygg \u2013 den inneholder alt du trenger hvis du opplever bagasjeproblemer.<\/p>\t\t\t\t\t\t\t\t<\/div>\n\t\t\t\t<\/div>\n\t\t\t\t<\/div>\n\t\t\t\t<div class=\"elementor-element elementor-element-530ef87 elementor-widget elementor-widget-text-editor\" data-id=\"530ef87\" data-element_type=\"widget\" data-e-type=\"widget\" id=\"what-shuld-i-do-title\" data-widget_type=\"text-editor.default\">\n\t\t\t\t<div class=\"elementor-widget-container\">\n\t\t\t\t\t\t\t\t\t<h3>4. Hva skal jeg gj\u00f8re hvis bagasjen min blir forsinket eller mistet?<\/h3>\t\t\t\t\t\t\t\t<\/div>\n\t\t\t\t<\/div>\n\t\t<div class=\"elementor-element elementor-element-7eefffc e-con-full e-flex e-con e-child\" data-id=\"7eefffc\" data-element_type=\"container\" data-e-type=\"container\" id=\"what-shuld-i-do\">\n\t\t\t\t<div class=\"elementor-element elementor-element-4f7e3e9 inner-box elementor-widget elementor-widget-text-editor\" data-id=\"4f7e3e9\" data-element_type=\"widget\" data-e-type=\"widget\" data-widget_type=\"text-editor.default\">\n\t\t\t\t<div class=\"elementor-widget-container\">\n\t\t\t\t\t\t\t\t\t<h4><strong>1.<\/strong> <\/h4><p>Meld deg umiddelbart til flyselskapet ved bagasjeutleveringsskranken. Skaff deg en Property Irregularity Report (PIR). <\/p>\t\t\t\t\t\t\t\t<\/div>\n\t\t\t\t<\/div>\n\t\t\t\t<div class=\"elementor-element elementor-element-a1d2952 inner-box elementor-widget elementor-widget-text-editor\" data-id=\"a1d2952\" data-element_type=\"widget\" data-e-type=\"widget\" data-widget_type=\"text-editor.default\">\n\t\t\t\t<div class=\"elementor-widget-container\">\n\t\t\t\t\t\t\t\t\t<h4><strong>2.<\/strong> <\/h4><p>G\u00e5 til lenken i BRB-bekreftelses-e-posten.<\/p>\t\t\t\t\t\t\t\t<\/div>\n\t\t\t\t<\/div>\n\t\t\t\t<div class=\"elementor-element elementor-element-f234243 inner-box elementor-widget elementor-widget-text-editor\" data-id=\"f234243\" data-element_type=\"widget\" data-e-type=\"widget\" data-widget_type=\"text-editor.default\">\n\t\t\t\t<div class=\"elementor-widget-container\">\n\t\t\t\t\t\t\t\t\t<h4><strong>3.<\/strong> <\/h4><p>Send inn<\/p><ul><li>PIR-nummeret ditt.<\/li><li>BRB-bekreftelsesnummeret ditt.<\/li><\/ul>\t\t\t\t\t\t\t\t<\/div>\n\t\t\t\t<\/div>\n\t\t\t\t<div class=\"elementor-element elementor-element-b11641f inner-box elementor-widget elementor-widget-text-editor\" data-id=\"b11641f\" data-element_type=\"widget\" data-e-type=\"widget\" id=\"what-shuld-i-do\" data-widget_type=\"text-editor.default\">\n\t\t\t\t<div class=\"elementor-widget-container\">\n\t\t\t\t\t\t\t\t\t<h4><strong>4.<\/strong> <\/h4><p>BRB vil begynne \u00e5 spore bagasjen din og gi oppdateringer.<\/p>\t\t\t\t\t\t\t\t<\/div>\n\t\t\t\t<\/div>\n\t\t\t\t<\/div>\n\t\t\t\t<div class=\"elementor-element elementor-element-50d82f2 fitst-box elementor-widget elementor-widget-text-editor\" data-id=\"50d82f2\" data-element_type=\"widget\" data-e-type=\"widget\" id=\"what-is-the\" data-widget_type=\"text-editor.default\">\n\t\t\t\t<div class=\"elementor-widget-container\">\n\t\t\t\t\t\t\t\t\t<h3>5. Hva er dekningsbel\u00f8pet?<\/h3><ul><li>Dekningen starter fra \u20ac 1000 per passasjer hvis bagasjen din ikke returneres innen 96 timer etter planlagt ankomst.<\/li><li>Den n\u00f8yaktige dekningen avhenger av Travel Care-planen din.<\/li><\/ul>\t\t\t\t\t\t\t\t<\/div>\n\t\t\t\t<\/div>\n\t\t\t\t<div class=\"elementor-element elementor-element-c70c598 fitst-box elementor-widget elementor-widget-text-editor\" data-id=\"c70c598\" data-element_type=\"widget\" data-e-type=\"widget\" id=\"how-will-i\" data-widget_type=\"text-editor.default\">\n\t\t\t\t<div class=\"elementor-widget-container\">\n\t\t\t\t\t\t\t\t\t<h3>6. Hvordan vil jeg motta kompensasjon?<\/h3><p>Hvis bagasjen din ikke leveres innen den dekkede tidsrammen, vil BRB utstede betalingen direkte til deg, uavhengig av om flyselskapet kompenserer deg.<\/p>\t\t\t\t\t\t\t\t<\/div>\n\t\t\t\t<\/div>\n\t\t\t\t<div class=\"elementor-element elementor-element-856c4a5 fitst-box elementor-widget elementor-widget-text-editor\" data-id=\"856c4a5\" data-element_type=\"widget\" data-e-type=\"widget\" id=\"does-this-replace\" data-widget_type=\"text-editor.default\">\n\t\t\t\t<div class=\"elementor-widget-container\">\n\t\t\t\t\t\t\t\t\t<h3>7. Erstatter dette kompensasjon fra flyselskapet?<\/h3><p>Nei. Dette er en tilleggsfordel som fungerer sammen med eventuell kompensasjon fra flyselskapet du kan ha rett til. <\/p>\t\t\t\t\t\t\t\t<\/div>\n\t\t\t\t<\/div>\n\t\t\t\t<div class=\"elementor-element elementor-element-c104610 fitst-box elementor-widget elementor-widget-text-editor\" data-id=\"c104610\" data-element_type=\"widget\" data-e-type=\"widget\" id=\"is-there-a-limit\" data-widget_type=\"text-editor.default\">\n\t\t\t\t<div class=\"elementor-widget-container\">\n\t\t\t\t\t\t\t\t\t<h3>8. Er det en grense for hvor mange ganger jeg kan bruke den?<\/h3><p>Du er dekket for hver kvalifiserte flygning under din aktive Travel Care-plan, for alle passasjerer som er inkludert i bestillingen.<\/p>\t\t\t\t\t\t\t\t<\/div>\n\t\t\t\t<\/div>\n\t\t\t\t<\/div>\n\t\t\t\t<\/div>\n\t\t\t\t<\/div>\n\t\t\t\t\t<\/div>\n\t\t\t\t<\/div>\n\t\t\t\t<\/div>\n\t\t","protected":false},"excerpt":{"rendered":"<p>Vanlige sp\u00f8rsm\u00e5l om bagasjebeskyttelse Sp\u00f8rsm\u00e5l 1. Hva er bagasjebeskyttelse? 2. Hvordan fungerer det? 3. Hvordan aktiverer jeg bagasjebeskyttelse? 4. Hva skal jeg gj\u00f8re hvis bagasjen min blir forsinket eller mistet? 5. Hva er dekningsbel\u00f8pet? 6. Hvordan vil jeg motta kompensasjon? 7. Erstatter dette kompensasjon fra flyselskapet? 8. Er det en grense for hvor mange ganger [&hellip;]<\/p>\n","protected":false},"author":1,"featured_media":0,"parent":0,"menu_order":0,"comment_status":"closed","ping_status":"closed","template":"","meta":{"footnotes":""},"class_list":["post-4031","page","type-page","status-publish","hentry"],"_links":{"self":[{"href":"https:\/\/travelwithcare.io\/no\/wp-json\/wp\/v2\/pages\/4031","targetHints":{"allow":["GET"]}}],"collection":[{"href":"https:\/\/travelwithcare.io\/no\/wp-json\/wp\/v2\/pages"}],"about":[{"href":"https:\/\/travelwithcare.io\/no\/wp-json\/wp\/v2\/types\/page"}],"author":[{"embeddable":true,"href":"https:\/\/travelwithcare.io\/no\/wp-json\/wp\/v2\/users\/1"}],"replies":[{"embeddable":true,"href":"https:\/\/travelwithcare.io\/no\/wp-json\/wp\/v2\/comments?post=4031"}],"version-history":[{"count":3,"href":"https:\/\/travelwithcare.io\/no\/wp-json\/wp\/v2\/pages\/4031\/revisions"}],"predecessor-version":[{"id":4034,"href":"https:\/\/travelwithcare.io\/no\/wp-json\/wp\/v2\/pages\/4031\/revisions\/4034"}],"wp:attachment":[{"href":"https:\/\/travelwithcare.io\/no\/wp-json\/wp\/v2\/media?parent=4031"}],"curies":[{"name":"wp","href":"https:\/\/api.w.org\/{rel}","templated":true}]}}