{"id":7669,"date":"2025-11-09T12:29:03","date_gmt":"2025-11-09T12:29:03","guid":{"rendered":"http:\/\/104.248.20.184:8000\/klusti-par-partneri\/"},"modified":"2025-11-17T12:04:11","modified_gmt":"2025-11-17T12:04:11","slug":"klusti-par-partneri","status":"publish","type":"page","link":"https:\/\/travelwithcare.io\/lv\/klusti-par-partneri\/","title":{"rendered":"K\u013c\u016bsti par partneri"},"content":{"rendered":"\t\t<div data-elementor-type=\"wp-page\" data-elementor-id=\"7669\" class=\"elementor elementor-7669 elementor-7024\" data-elementor-post-type=\"page\">\n\t\t\t\t<div class=\"elementor-element elementor-element-f2d30ef e-flex e-con-boxed e-con e-parent\" data-id=\"f2d30ef\" data-element_type=\"container\" data-e-type=\"container\">\n\t\t\t\t\t<div class=\"e-con-inner\">\n\t\t<div class=\"elementor-element elementor-element-c895846 e-con-full e-flex e-con e-child\" data-id=\"c895846\" data-element_type=\"container\" data-e-type=\"container\" data-settings=\"{&quot;background_background&quot;:&quot;classic&quot;}\">\n\t\t<div class=\"elementor-element elementor-element-de0725e e-con-full hero-section e-flex e-con e-child\" data-id=\"de0725e\" data-element_type=\"container\" data-e-type=\"container\">\n\t\t\t\t<div class=\"elementor-element elementor-element-3a42fa5 elementor-widget__width-initial elementor-widget elementor-widget-image\" data-id=\"3a42fa5\" data-element_type=\"widget\" data-e-type=\"widget\" data-widget_type=\"image.default\">\n\t\t\t\t<div class=\"elementor-widget-container\">\n\t\t\t\t\t\t\t\t\t\t\t\t\t\t\t<img decoding=\"async\" width=\"51\" height=\"51\" src=\"https:\/\/travelwithcare.io\/wp-content\/uploads\/2025\/11\/Primary-large-button-3.png\" class=\"attachment-full size-full wp-image-7050\" alt=\"\" \/>\t\t\t\t\t\t\t\t\t\t\t\t\t\t\t<\/div>\n\t\t\t\t<\/div>\n\t\t\t\t<div class=\"elementor-element elementor-element-3678aba elementor-widget__width-initial elementor-widget elementor-widget-text-editor\" data-id=\"3678aba\" data-element_type=\"widget\" data-e-type=\"widget\" data-widget_type=\"text-editor.default\">\n\t\t\t\t<div class=\"elementor-widget-container\">\n\t\t\t\t\t\t\t\t\t<h1>Vai v\u0113lies sadarboties ar TravelCare?<\/h1><p>Partner\u012bbas modelis ir izstr\u0101d\u0101ts ce\u013cojumu a\u0123ent\u016br\u0101m, OTA platform\u0101m, viesn\u012bc\u0101m un l\u012bdz\u012bgiem uz\u0146\u0113mumiem, kas v\u0113las saviem klientiem pied\u0101v\u0101t liel\u0101ku v\u0113rt\u012bbu.<\/p><p>Partneri var sa\u0146emt unik\u0101lu fili\u0101les saiti un peln\u012bt atl\u012bdz\u012bbu, novirzot klientus uz TravelCare. Ja esi ieinteres\u0113ts k\u013c\u016bt par partneri, sazinies ar mums, lai ieg\u016btu vair\u0101k inform\u0101cijas un s\u0101ktu pied\u0101v\u0101t saviem klientiem nepiecie\u0161amo aizsardz\u012bbu. <\/p>\t\t\t\t\t\t\t\t<\/div>\n\t\t\t\t<\/div>\n\t\t\t\t<div class=\"elementor-element elementor-element-2631676 elementor-widget__width-initial elementor-mobile-align-justify buy-cta elementor-widget elementor-widget-button\" data-id=\"2631676\" data-element_type=\"widget\" data-e-type=\"widget\" data-widget_type=\"button.default\">\n\t\t\t\t<div class=\"elementor-widget-container\">\n\t\t\t\t\t\t\t\t\t<div class=\"elementor-button-wrapper\">\n\t\t\t\t\t<a class=\"elementor-button elementor-button-link elementor-size-sm\" href=\"https:\/\/partner.travelwithcare.io\/\" target=\"_blank\">\n\t\t\t\t\t\t<span class=\"elementor-button-content-wrapper\">\n\t\t\t\t\t\t\t\t\t<span class=\"elementor-button-text\">K\u013c\u016bsti par partneri<\/span>\n\t\t\t\t\t<\/span>\n\t\t\t\t\t<\/a>\n\t\t\t\t<\/div>\n\t\t\t\t\t\t\t\t<\/div>\n\t\t\t\t<\/div>\n\t\t\t\t<\/div>\n\t\t\t\t<\/div>\n\t\t\t\t\t<\/div>\n\t\t\t\t<\/div>\n\t\t<div class=\"elementor-element elementor-element-02677a8 e-flex e-con-boxed e-con e-parent\" data-id=\"02677a8\" data-element_type=\"container\" data-e-type=\"container\" data-settings=\"{&quot;background_background&quot;:&quot;classic&quot;}\">\n\t\t\t\t\t<div class=\"e-con-inner\">\n\t\t<div class=\"elementor-element elementor-element-71269f5 e-con-full e-flex e-con e-child\" data-id=\"71269f5\" data-element_type=\"container\" data-e-type=\"container\">\n\t\t<div class=\"elementor-element elementor-element-19ace3b e-con-full e-flex e-con e-child\" data-id=\"19ace3b\" data-element_type=\"container\" data-e-type=\"container\">\n\t\t\t\t<div class=\"elementor-element elementor-element-cb97333 elementor-widget elementor-widget-heading\" data-id=\"cb97333\" data-element_type=\"widget\" data-e-type=\"widget\" data-widget_type=\"heading.default\">\n\t\t\t\t<div class=\"elementor-widget-container\">\n\t\t\t\t\t<h2 class=\"elementor-heading-title elementor-size-default\">Sadarb\u012bbas ar TravelCare priek\u0161roc\u012bbas:<\/h2>\t\t\t\t<\/div>\n\t\t\t\t<\/div>\n\t\t\t\t<div class=\"elementor-element elementor-element-9ab8569 elementor-widget elementor-widget-text-editor\" data-id=\"9ab8569\" data-element_type=\"widget\" data-e-type=\"widget\" data-widget_type=\"text-editor.default\">\n\t\t\t\t<div class=\"elementor-widget-container\">\n\t\t\t\t\t\t\t\t\t<p>Izbaudiet uzticamu atbalstu un nevainojamu sadarb\u012bbu.<\/p>\t\t\t\t\t\t\t\t<\/div>\n\t\t\t\t<\/div>\n\t\t\t\t<\/div>\n\t\t<div class=\"elementor-element elementor-element-01ee061 e-con-full e-flex e-con e-child\" data-id=\"01ee061\" data-element_type=\"container\" data-e-type=\"container\">\n\t\t<div class=\"elementor-element elementor-element-d657351 e-grid e-con-full e-con e-child\" data-id=\"d657351\" data-element_type=\"container\" data-e-type=\"container\">\n\t\t<div class=\"elementor-element elementor-element-4d1116d e-con-full e-flex e-con e-child\" data-id=\"4d1116d\" data-element_type=\"container\" data-e-type=\"container\">\n\t\t<div class=\"elementor-element elementor-element-9884561 e-con-full e-flex e-con e-child\" data-id=\"9884561\" data-element_type=\"container\" data-e-type=\"container\" data-settings=\"{&quot;background_background&quot;:&quot;classic&quot;}\">\n\t\t<div class=\"elementor-element elementor-element-11c7e41 e-con-full text-box-number e-flex e-con e-child\" data-id=\"11c7e41\" data-element_type=\"container\" data-e-type=\"container\">\n\t\t\t\t<div class=\"elementor-element elementor-element-2d9e7f9 elementor-widget__width-initial elementor-widget elementor-widget-text-editor\" data-id=\"2d9e7f9\" data-element_type=\"widget\" data-e-type=\"widget\" data-widget_type=\"text-editor.default\">\n\t\t\t\t<div class=\"elementor-widget-container\">\n\t\t\t\t\t\t\t\t\t<p><strong>1<\/strong><\/p>\t\t\t\t\t\t\t\t<\/div>\n\t\t\t\t<\/div>\n\t\t\t\t<\/div>\n\t\t<div class=\"elementor-element elementor-element-4945b66 e-flex e-con-boxed e-con e-child\" data-id=\"4945b66\" data-element_type=\"container\" data-e-type=\"container\">\n\t\t\t\t\t<div class=\"e-con-inner\">\n\t\t\t\t<div class=\"elementor-element elementor-element-4ef2690 text-box-text elementor-widget elementor-widget-text-editor\" data-id=\"4ef2690\" data-element_type=\"widget\" data-e-type=\"widget\" data-widget_type=\"text-editor.default\">\n\t\t\t\t<div class=\"elementor-widget-container\">\n\t\t\t\t\t\t\t\t\t<h3>Ienes\u012bgi ien\u0101kumi<\/h3><p>Pelni pievilc\u012bgas komisijas par katru veiksm\u012bgu ieteikumu \u2013 vair\u0101k klientu, liel\u0101ka pe\u013c\u0146a.<br><\/p>\t\t\t\t\t\t\t\t<\/div>\n\t\t\t\t<\/div>\n\t\t\t\t\t<\/div>\n\t\t\t\t<\/div>\n\t\t\t\t<\/div>\n\t\t<div class=\"elementor-element elementor-element-a070dde e-con-full e-flex e-con e-child\" data-id=\"a070dde\" data-element_type=\"container\" data-e-type=\"container\" data-settings=\"{&quot;background_background&quot;:&quot;classic&quot;}\">\n\t\t<div class=\"elementor-element elementor-element-4fbfd2d e-con-full text-box-number e-flex e-con e-child\" data-id=\"4fbfd2d\" data-element_type=\"container\" data-e-type=\"container\">\n\t\t\t\t<div class=\"elementor-element elementor-element-4a7c454 elementor-widget__width-initial text-box-text elementor-widget elementor-widget-text-editor\" data-id=\"4a7c454\" data-element_type=\"widget\" data-e-type=\"widget\" data-widget_type=\"text-editor.default\">\n\t\t\t\t<div class=\"elementor-widget-container\">\n\t\t\t\t\t\t\t\t\t<p><strong>2<\/strong><\/p>\t\t\t\t\t\t\t\t<\/div>\n\t\t\t\t<\/div>\n\t\t\t\t<\/div>\n\t\t<div class=\"elementor-element elementor-element-eb918bd e-con-full e-flex e-con e-child\" data-id=\"eb918bd\" data-element_type=\"container\" data-e-type=\"container\">\n\t\t\t\t<div class=\"elementor-element elementor-element-d0eb9ae text-box-text elementor-widget elementor-widget-text-editor\" data-id=\"d0eb9ae\" data-element_type=\"widget\" data-e-type=\"widget\" data-widget_type=\"text-editor.default\">\n\t\t\t\t<div class=\"elementor-widget-container\">\n\t\t\t\t\t\t\t\t\t<h3>Uzticams atbalsts<\/h3><p>Pa\u013caujies uz m\u016bsu komandu, kas pal\u012bdz\u0113s tev katr\u0101 sol\u012b \u2013 no uzs\u0101k\u0161anas l\u012bdz sare\u017e\u0123\u012btu klientu jaut\u0101jumu risin\u0101\u0161anai.<\/p>\t\t\t\t\t\t\t\t<\/div>\n\t\t\t\t<\/div>\n\t\t\t\t<\/div>\n\t\t\t\t<\/div>\n\t\t<div class=\"elementor-element elementor-element-cb726e4 e-con-full e-flex e-con e-child\" data-id=\"cb726e4\" data-element_type=\"container\" data-e-type=\"container\" data-settings=\"{&quot;background_background&quot;:&quot;classic&quot;}\">\n\t\t<div class=\"elementor-element elementor-element-bc1cf29 e-con-full text-box-number e-flex e-con e-child\" data-id=\"bc1cf29\" data-element_type=\"container\" data-e-type=\"container\">\n\t\t\t\t<div class=\"elementor-element elementor-element-099fccf elementor-widget__width-initial text-box-text elementor-widget elementor-widget-text-editor\" data-id=\"099fccf\" data-element_type=\"widget\" data-e-type=\"widget\" data-widget_type=\"text-editor.default\">\n\t\t\t\t<div class=\"elementor-widget-container\">\n\t\t\t\t\t\t\t\t\t<p><strong>3<\/strong><\/p>\t\t\t\t\t\t\t\t<\/div>\n\t\t\t\t<\/div>\n\t\t\t\t<\/div>\n\t\t<div class=\"elementor-element elementor-element-4335b3e e-con-full e-flex e-con e-child\" data-id=\"4335b3e\" data-element_type=\"container\" data-e-type=\"container\">\n\t\t\t\t<div class=\"elementor-element elementor-element-8d30858 text-box-text elementor-widget elementor-widget-text-editor\" data-id=\"8d30858\" data-element_type=\"widget\" data-e-type=\"widget\" data-widget_type=\"text-editor.default\">\n\t\t\t\t<div class=\"elementor-widget-container\">\n\t\t\t\t\t\t\t\t\t<h3>Intuit\u012bva un viegli lietojama platforma<\/h3><p>M\u016bsu platforma ir veidota lietot\u0101jam draudz\u012bgi, lai tu var\u0113tu \u0101tri s\u0101kt un peln\u012bt.<\/p>\t\t\t\t\t\t\t\t<\/div>\n\t\t\t\t<\/div>\n\t\t\t\t<\/div>\n\t\t\t\t<\/div>\n\t\t<div class=\"elementor-element elementor-element-a910b85 e-con-full e-flex e-con e-child\" data-id=\"a910b85\" data-element_type=\"container\" data-e-type=\"container\" data-settings=\"{&quot;background_background&quot;:&quot;classic&quot;}\">\n\t\t<div class=\"elementor-element elementor-element-2608610 e-con-full text-box-number e-flex e-con e-child\" data-id=\"2608610\" data-element_type=\"container\" data-e-type=\"container\">\n\t\t\t\t<div class=\"elementor-element elementor-element-d8bad0a elementor-widget__width-initial text-box-text elementor-widget elementor-widget-text-editor\" data-id=\"d8bad0a\" data-element_type=\"widget\" data-e-type=\"widget\" data-widget_type=\"text-editor.default\">\n\t\t\t\t<div class=\"elementor-widget-container\">\n\t\t\t\t\t\t\t\t\t<p><strong>4<\/strong><\/p>\t\t\t\t\t\t\t\t<\/div>\n\t\t\t\t<\/div>\n\t\t\t\t<\/div>\n\t\t<div class=\"elementor-element elementor-element-568a395 e-con-full e-flex e-con e-child\" data-id=\"568a395\" data-element_type=\"container\" data-e-type=\"container\">\n\t\t\t\t<div class=\"elementor-element elementor-element-cebaac8 text-box-text elementor-widget elementor-widget-text-editor\" data-id=\"cebaac8\" data-element_type=\"widget\" data-e-type=\"widget\" data-widget_type=\"text-editor.default\">\n\t\t\t\t<div class=\"elementor-widget-container\">\n\t\t\t\t\t\t\t\t\t<h3>Profesion\u0101la komanda<\/h3><p>Str\u0101d\u0101 ar pieredz\u0113ju\u0161u komandu, kas velt\u012bta, lai pal\u012bdz\u0113tu tev nodro\u0161in\u0101t augst\u0101k\u0101s klases v\u0113rt\u012bbu taviem klientiem.<\/p>\t\t\t\t\t\t\t\t<\/div>\n\t\t\t\t<\/div>\n\t\t\t\t<\/div>\n\t\t\t\t<\/div>\n\t\t\t\t<\/div>\n\t\t<div class=\"elementor-element elementor-element-beb79bb e-con-full e-flex e-con e-child\" data-id=\"beb79bb\" data-element_type=\"container\" data-e-type=\"container\" id=\"right-box\" data-settings=\"{&quot;background_background&quot;:&quot;classic&quot;}\">\n\t\t\t\t<\/div>\n\t\t\t\t<\/div>\n\t\t\t\t<\/div>\n\t\t\t\t<\/div>\n\t\t\t\t\t<\/div>\n\t\t\t\t<\/div>\n\t\t\t\t<\/div>\n\t\t","protected":false},"excerpt":{"rendered":"<p>Vai v\u0113lies sadarboties ar TravelCare? Partner\u012bbas modelis ir izstr\u0101d\u0101ts ce\u013cojumu a\u0123ent\u016br\u0101m, OTA platform\u0101m, viesn\u012bc\u0101m un l\u012bdz\u012bgiem uz\u0146\u0113mumiem, kas v\u0113las saviem klientiem pied\u0101v\u0101t liel\u0101ku v\u0113rt\u012bbu. Partneri var sa\u0146emt unik\u0101lu fili\u0101les saiti un peln\u012bt atl\u012bdz\u012bbu, novirzot klientus uz TravelCare. Ja esi ieinteres\u0113ts k\u013c\u016bt par partneri, sazinies ar mums, lai ieg\u016btu vair\u0101k inform\u0101cijas un s\u0101ktu pied\u0101v\u0101t saviem klientiem [&hellip;]<\/p>\n","protected":false},"author":1,"featured_media":0,"parent":0,"menu_order":0,"comment_status":"closed","ping_status":"closed","template":"","meta":{"footnotes":""},"class_list":["post-7669","page","type-page","status-publish","hentry"],"_links":{"self":[{"href":"https:\/\/travelwithcare.io\/lv\/wp-json\/wp\/v2\/pages\/7669","targetHints":{"allow":["GET"]}}],"collection":[{"href":"https:\/\/travelwithcare.io\/lv\/wp-json\/wp\/v2\/pages"}],"about":[{"href":"https:\/\/travelwithcare.io\/lv\/wp-json\/wp\/v2\/types\/page"}],"author":[{"embeddable":true,"href":"https:\/\/travelwithcare.io\/lv\/wp-json\/wp\/v2\/users\/1"}],"replies":[{"embeddable":true,"href":"https:\/\/travelwithcare.io\/lv\/wp-json\/wp\/v2\/comments?post=7669"}],"version-history":[{"count":1,"href":"https:\/\/travelwithcare.io\/lv\/wp-json\/wp\/v2\/pages\/7669\/revisions"}],"predecessor-version":[{"id":7670,"href":"https:\/\/travelwithcare.io\/lv\/wp-json\/wp\/v2\/pages\/7669\/revisions\/7670"}],"wp:attachment":[{"href":"https:\/\/travelwithcare.io\/lv\/wp-json\/wp\/v2\/media?parent=7669"}],"curies":[{"name":"wp","href":"https:\/\/api.w.org\/{rel}","templated":true}]}}