{"id":4117,"date":"2025-08-04T11:24:16","date_gmt":"2025-08-04T11:24:16","guid":{"rendered":"http:\/\/104.248.20.184:8000\/gaisa-pasazieru-tiesibas\/"},"modified":"2025-09-29T12:03:52","modified_gmt":"2025-09-29T12:03:52","slug":"gaisa-pasazieru-tiesibas","status":"publish","type":"page","link":"https:\/\/travelwithcare.io\/lv\/gaisa-pasazieru-tiesibas\/","title":{"rendered":"Gaisa pasa\u017eieru ties\u012bbas"},"content":{"rendered":"\t\t<div data-elementor-type=\"wp-page\" data-elementor-id=\"4117\" class=\"elementor elementor-4117 elementor-2269\" data-elementor-post-type=\"page\">\n\t\t\t\t<div class=\"elementor-element elementor-element-63fa68d e-flex e-con-boxed e-con e-parent\" data-id=\"63fa68d\" data-element_type=\"container\" data-e-type=\"container\" id=\"hero-top-section\" data-settings=\"{&quot;background_background&quot;:&quot;classic&quot;}\">\n\t\t\t\t\t<div class=\"e-con-inner\">\n\t\t<div class=\"elementor-element elementor-element-d2468ac e-con-full hero-section e-flex e-con e-child\" data-id=\"d2468ac\" data-element_type=\"container\" data-e-type=\"container\">\n\t\t\t\t<div class=\"elementor-element elementor-element-3a33ed1 elementor-widget__width-initial elementor-widget elementor-widget-image\" data-id=\"3a33ed1\" data-element_type=\"widget\" data-e-type=\"widget\" data-widget_type=\"image.default\">\n\t\t\t\t<div class=\"elementor-widget-container\">\n\t\t\t\t\t\t\t\t\t\t\t\t\t\t\t<img decoding=\"async\" width=\"51\" height=\"51\" src=\"https:\/\/travelwithcare.io\/wp-content\/uploads\/2025\/08\/Primary-large-button.png\" class=\"attachment-full size-full wp-image-4060\" alt=\"\" \/>\t\t\t\t\t\t\t\t\t\t\t\t\t\t\t<\/div>\n\t\t\t\t<\/div>\n\t\t\t\t<div class=\"elementor-element elementor-element-46c6495 elementor-widget__width-initial elementor-widget elementor-widget-text-editor\" data-id=\"46c6495\" data-element_type=\"widget\" data-e-type=\"widget\" data-widget_type=\"text-editor.default\">\n\t\t\t\t<div class=\"elementor-widget-container\">\n\t\t\t\t\t\t\t\t\t<h1>ES gaisa transporta pasa\u017eieru ties\u012bbas un aizsardz\u012bba: ES Regula 261\/2004<\/h1><p>K\u0101 gaisa transporta pasa\u017eierim j\u016bsu ties\u012bbas ir aizsarg\u0101tas saska\u0146\u0101 ar ES Regulu 261\/2004, kas nosaka visp\u0101r\u012bgos noteikumus par kompens\u0101ciju lidojumu kav\u0113\u0161an\u0101s, atcel\u0161anas un virsp\u0101rdo\u0161anas gad\u012bjum\u0101.<\/p>\t\t\t\t\t\t\t\t<\/div>\n\t\t\t\t<\/div>\n\t\t\t\t<\/div>\n\t\t\t\t\t<\/div>\n\t\t\t\t<\/div>\n\t\t<div class=\"elementor-element elementor-element-81667b6 below-hero-section e-flex e-con-boxed e-con e-parent\" data-id=\"81667b6\" data-element_type=\"container\" data-e-type=\"container\">\n\t\t\t\t\t<div class=\"e-con-inner\">\n\t\t<div class=\"elementor-element elementor-element-7c56f51 e-con-full below-hero-section e-flex e-con e-child\" data-id=\"7c56f51\" data-element_type=\"container\" data-e-type=\"container\">\n\t\t<div class=\"elementor-element elementor-element-4ea88d6 e-con-full e-flex e-con e-child\" data-id=\"4ea88d6\" data-element_type=\"container\" data-e-type=\"container\" id=\"sticky\">\n\t\t\t\t<div class=\"elementor-element elementor-element-e068e9a sidebar-navigation elementor-widget elementor-widget-html\" data-id=\"e068e9a\" data-element_type=\"widget\" data-e-type=\"widget\" data-widget_type=\"html.default\">\n\t\t\t\t<div class=\"elementor-widget-container\">\n\t\t\t\t\t<h3>Saturs<\/h3>\n<div class=\"inner-links-nav\">\n    <div class=\"scroll-indicator-bg\">\n    <div class=\"scroll-indicator-fill\"><\/div>\n<\/div>\n<ul>\n    <li><a href=\"#know-your-rights\">Ziniet savas ties\u012bbas un pieprasiet kompens\u0101ciju lidojuma kav\u0113\u0161an\u0101s gad\u012bjum\u0101<\/a><\/li>\n    <li><a href=\"#flights-eligible\">Lidojumi, par kuriem pasa\u017eieri ir ties\u012bgi sa\u0146emt kompens\u0101ciju, ja ir izpild\u012bti \u0161\u0101di nosac\u012bjumi<\/a><\/li>\n    <li><a href=\"#additionally\">Turkl\u0101t lidojumam j\u0101atbilst \u0161\u0101diem krit\u0113rijiem<\/a><\/li>\n<\/ul>\n<\/div>\t\t\t\t<\/div>\n\t\t\t\t<\/div>\n\t\t\t\t<\/div>\n\t\t<div class=\"elementor-element elementor-element-2dbf7d0 e-con-full below-hero-right e-flex e-con e-child\" data-id=\"2dbf7d0\" data-element_type=\"container\" data-e-type=\"container\">\n\t\t\t\t<div class=\"elementor-element elementor-element-479bcb1 fitst-box elementor-widget elementor-widget-text-editor\" data-id=\"479bcb1\" data-element_type=\"widget\" data-e-type=\"widget\" id=\"know-your-rights\" data-widget_type=\"text-editor.default\">\n\t\t\t\t<div class=\"elementor-widget-container\">\n\t\t\t\t\t\t\t\t\t<h3>Ziniet savas ties\u012bbas un pieprasiet kompens\u0101ciju lidojuma kav\u0113\u0161an\u0101s gad\u012bjum\u0101<\/h3><p>Ar TravelCare, ko pied\u0101v\u0101 Skycop, j\u016bs esat aizsarg\u0101ts ar \u0161iem Eiropas Komisijas noteikumiem. TravelCare pal\u012bdz jums sa\u0146emt pien\u0101ko\u0161os kompens\u0101ciju bez papildu maksas un nodro\u0161ina pilnu aizsardz\u012bbu lidojuma trauc\u0113jumu gad\u012bjum\u0101. <\/p><p>Ne visi pasa\u017eieri zina savas ties\u012bbas. Daudziem tr\u016bkst juridisko zin\u0101\u0161anu, kas nepiecie\u0161amas, lai piepras\u012btu kompens\u0101ciju par kav\u0113tiem vai atceltiem lidojumiem. Pat tie, kuri apzin\u0101s savas ties\u012bbas, bie\u017ei saskaras ar gr\u016bt\u012bb\u0101m, lai sa\u0146emtu kompens\u0101ciju no aviosabiedr\u012bb\u0101m. TravelCare atvieglo \u0161o procesu, nodro\u0161inot jums pilnu kompens\u0101cijas summu l\u012bdz 600\u20ac par lidojumu trauc\u0113jumiem, piem\u0113ram, atcel\u0161anu, kav\u0113\u0161anos un virsp\u0101rdo\u0161anu.   <\/p>\t\t\t\t\t\t\t\t<\/div>\n\t\t\t\t<\/div>\n\t\t\t\t<div class=\"elementor-element elementor-element-8e2189c elementor-widget elementor-widget-text-editor\" data-id=\"8e2189c\" data-element_type=\"widget\" data-e-type=\"widget\" id=\"flights-eligible\" data-widget_type=\"text-editor.default\">\n\t\t\t\t<div class=\"elementor-widget-container\">\n\t\t\t\t\t\t\t\t\t<h3>Lidojumi, par kuriem pasa\u017eieri ir ties\u012bgi sa\u0146emt kompens\u0101ciju, ja ir izpild\u012bti \u0161\u0101di nosac\u012bjumi<\/h3>\t\t\t\t\t\t\t\t<\/div>\n\t\t\t\t<\/div>\n\t\t<div class=\"elementor-element elementor-element-c217ec1 e-grid e-con-full e-con e-child\" data-id=\"c217ec1\" data-element_type=\"container\" data-e-type=\"container\">\n\t\t\t\t<div class=\"elementor-element elementor-element-9fc583a inner-box elementor-widget elementor-widget-text-editor\" data-id=\"9fc583a\" data-element_type=\"widget\" data-e-type=\"widget\" data-widget_type=\"text-editor.default\">\n\t\t\t\t<div class=\"elementor-widget-container\">\n\t\t\t\t\t\t\t\t\t<h4><strong>1.<\/strong> Kav\u0113jumi<\/h4><p>Ja j\u016bsu lidojums ielido\u0161anas br\u012bd\u012b kav\u0113jas vair\u0101k k\u0101 3 stundas.<\/p>\t\t\t\t\t\t\t\t<\/div>\n\t\t\t\t<\/div>\n\t\t\t\t<div class=\"elementor-element elementor-element-2603e4f inner-box elementor-widget elementor-widget-text-editor\" data-id=\"2603e4f\" data-element_type=\"widget\" data-e-type=\"widget\" data-widget_type=\"text-editor.default\">\n\t\t\t\t<div class=\"elementor-widget-container\">\n\t\t\t\t\t\t\t\t\t<h4><strong>2.<\/strong> Atcel\u0161anas<\/h4><p>Ja j\u016bsu lidojums ir atcelts un jums par to nav pazi\u0146ots vismaz 14 dienas iepriek\u0161.<\/p>\t\t\t\t\t\t\t\t<\/div>\n\t\t\t\t<\/div>\n\t\t\t\t<div class=\"elementor-element elementor-element-c6aa485 inner-box elementor-widget elementor-widget-text-editor\" data-id=\"c6aa485\" data-element_type=\"widget\" data-e-type=\"widget\" data-widget_type=\"text-editor.default\">\n\t\t\t\t<div class=\"elementor-widget-container\">\n\t\t\t\t\t\t\t\t\t<h4><strong>3.<\/strong> Atteikta iek\u0101p\u0161ana<\/h4><p>Ja jums ir atteikta iek\u0101p\u0161ana virsp\u0101rdo\u0161anas d\u0113\u013c, bet jums bija apstiprin\u0101ta rezerv\u0101cija.<\/p>\t\t\t\t\t\t\t\t<\/div>\n\t\t\t\t<\/div>\n\t\t\t\t<\/div>\n\t\t\t\t<div class=\"elementor-element elementor-element-5507501 elementor-widget elementor-widget-text-editor\" data-id=\"5507501\" data-element_type=\"widget\" data-e-type=\"widget\" id=\"additionally\" data-widget_type=\"text-editor.default\">\n\t\t\t\t<div class=\"elementor-widget-container\">\n\t\t\t\t\t\t\t\t\t<h3>Turkl\u0101t lidojumam j\u0101atbilst \u0161\u0101diem krit\u0113rijiem<\/h3>\t\t\t\t\t\t\t\t<\/div>\n\t\t\t\t<\/div>\n\t\t<div class=\"elementor-element elementor-element-9d834c4 e-grid e-con-full e-con e-child\" data-id=\"9d834c4\" data-element_type=\"container\" data-e-type=\"container\">\n\t\t\t\t<div class=\"elementor-element elementor-element-e8a418a inner-box elementor-widget elementor-widget-text-editor\" data-id=\"e8a418a\" data-element_type=\"widget\" data-e-type=\"widget\" data-widget_type=\"text-editor.default\">\n\t\t\t\t<div class=\"elementor-widget-container\">\n\t\t\t\t\t\t\t\t\t<h4><strong>1.<\/strong><\/h4><p>Izlido\u0161ana no ES lidostas (jebkura aviosabiedr\u012bba) vai ielido\u0161ana ES lidost\u0101 ar ES re\u0123istr\u0113tu aviosabiedr\u012bbu.<\/p>\t\t\t\t\t\t\t\t<\/div>\n\t\t\t\t<\/div>\n\t\t\t\t<div class=\"elementor-element elementor-element-315be68 inner-box elementor-widget elementor-widget-text-editor\" data-id=\"315be68\" data-element_type=\"widget\" data-e-type=\"widget\" data-widget_type=\"text-editor.default\">\n\t\t\t\t<div class=\"elementor-widget-container\">\n\t\t\t\t\t\t\t\t\t<h4><strong>2.<\/strong><\/h4><p>Trauc\u0113jumus nedr\u012bkst b\u016bt izrais\u012bju\u0161i \u0101rk\u0101rtas apst\u0101k\u013ci, piem\u0113ram, laikapst\u0101k\u013ci, dro\u0161\u012bbas jaut\u0101jumi vai streiki.<\/p>\t\t\t\t\t\t\t\t<\/div>\n\t\t\t\t<\/div>\n\t\t\t\t<\/div>\n\t\t\t\t<\/div>\n\t\t\t\t<\/div>\n\t\t\t\t\t<\/div>\n\t\t\t\t<\/div>\n\t\t<div class=\"elementor-element elementor-element-efb3747 e-flex e-con-boxed e-con e-parent\" data-id=\"efb3747\" data-element_type=\"container\" data-e-type=\"container\">\n\t\t\t\t\t<div class=\"e-con-inner\">\n\t\t\t\t<div class=\"elementor-element elementor-element-5c1beea hidden elementor-widget elementor-widget-html\" data-id=\"5c1beea\" data-element_type=\"widget\" data-e-type=\"widget\" data-widget_type=\"html.default\">\n\t\t\t\t<div class=\"elementor-widget-container\">\n\t\t\t\t\t<script>document.addEventListener('DOMContentLoaded', function () {\n  const HEADER_OFFSET = 150; \/\/ visina fiksiranog headera\n  const navItems = Array.from(document.querySelectorAll('.sidebar-navigation ul li'));\n  const navLinks = Array.from(document.querySelectorAll('.sidebar-navigation ul li a'));\n\n  \/\/ Smooth scroll\n  navLinks.forEach(a => {\n    a.addEventListener('click', function (e) {\n      const href = a.getAttribute('href');\n      if (!href || !href.startsWith('#')) return;\n      const target = document.querySelector(href);\n      if (!target) return;\n      e.preventDefault();\n      const top = target.getBoundingClientRect().top + window.scrollY - HEADER_OFFSET;\n      window.scrollTo({ top, behavior: 'smooth' });\n    });\n  });\n\n  \/\/ Mapiranje sekcija\n  const sections = navLinks.map((a, index) => {\n    const sel = a.getAttribute('href');\n    const el  = sel ? document.querySelector(sel) : null;\n    return { el, index };\n  }).filter(s => s.el);\n\n  function getHeightWithMargin(el){\n    const cs = window.getComputedStyle(el);\n    return el.offsetHeight + (parseFloat(cs.marginTop)||0) + (parseFloat(cs.marginBottom)||0);\n  }\n\n  function updateFill(){\n    const fill = document.querySelector('.scroll-indicator-fill');\n    if (!fill) return;\n    let lastIdx = -1;\n    navItems.forEach((li, i) => { if (li.classList.contains('active')) lastIdx = i; });\n    if (lastIdx < 0) { fill.style.height = '0px'; return; }\n    let sum = 0;\n    for (let i = 0; i <= lastIdx; i++) sum += getHeightWithMargin(navItems[i]);\n    fill.style.height = sum + 'px';\n  }\n\n  function setActive(index, on){\n    const li = navItems[index];\n    if (!li) return;\n    li.classList.toggle('active', !!on);\n  }\n\n  \/\/ IntersectionObserver: NE skidaj active kad ode preko GORNJE linije\n  if ('IntersectionObserver' in window) {\n    const indexById = Object.create(null);\n    sections.forEach(s => { if (s.el.id) indexById[s.el.id] = s.index; });\n\n    const io = new IntersectionObserver((entries) => {\n      const vh = window.innerHeight || document.documentElement.clientHeight;\n      entries.forEach(entry => {\n        const idx = indexById[entry.target.id];\n        if (idx === undefined) return;\n\n        if (entry.isIntersecting) {\n          \/\/ \u010dim u\u0111e ispod header linije -> aktiviraj\n          setActive(idx, true);\n        } else {\n          \/\/ nije u preseku \u2014 odlu\u010di da li da SKINE\u0160 active\n          const top = entry.boundingClientRect.top;\n\n          \/\/ Ako je oti\u0161lo ispod dna (pri skrolu navi\u0161e) -> skini active\n          if (top >= vh) {\n            setActive(idx, false);\n          }\n          \/\/ Ako je oti\u0161lo iznad header linije -> NE diraj (ostaje aktivno)\n          \/\/ else if (top <= HEADER_OFFSET) { \/\/ namerno prazno }\n        }\n      });\n      updateFill();\n    }, {\n      root: null,\n      rootMargin: `-${HEADER_OFFSET}px 0px 0px 0px`,\n      threshold: 0\n    });\n\n    sections.forEach(s => io.observe(s.el));\n  } else {\n    \/\/ Fallback: ne skidaj active kada ode iznad, samo kad ode ispod dna\n    function onScroll(){\n      const vh = window.innerHeight || document.documentElement.clientHeight;\n      const topLimit = HEADER_OFFSET;\n      sections.forEach(({ el, index }) => {\n        const r = el.getBoundingClientRect();\n        const visible = r.bottom > topLimit && r.top < vh;\n\n        if (visible) {\n          setActive(index, true);\n        } else {\n          \/\/ oti\u0161lo ispod dna? (pri skrolu navi\u0161e)\n          if (r.top >= vh) setActive(index, false);\n          \/\/ oti\u0161lo iznad topLimit -> ne diramo (ostaje active)\n        }\n      });\n      updateFill();\n    }\n    window.addEventListener('scroll', onScroll, { passive: true });\n    onScroll();\n  }\n\n  \/\/ inicijalni fill\n  updateFill();\n});\n<\/script>\t\t\t\t<\/div>\n\t\t\t\t<\/div>\n\t\t\t\t\t<\/div>\n\t\t\t\t<\/div>\n\t\t\t\t<\/div>\n\t\t","protected":false},"excerpt":{"rendered":"<p>ES gaisa transporta pasa\u017eieru ties\u012bbas un aizsardz\u012bba: ES Regula 261\/2004 K\u0101 gaisa transporta pasa\u017eierim j\u016bsu ties\u012bbas ir aizsarg\u0101tas saska\u0146\u0101 ar ES Regulu 261\/2004, kas nosaka visp\u0101r\u012bgos noteikumus par kompens\u0101ciju lidojumu kav\u0113\u0161an\u0101s, atcel\u0161anas un virsp\u0101rdo\u0161anas gad\u012bjum\u0101. Saturs Ziniet savas ties\u012bbas un pieprasiet kompens\u0101ciju lidojuma kav\u0113\u0161an\u0101s gad\u012bjum\u0101 Lidojumi, par kuriem pasa\u017eieri ir ties\u012bgi sa\u0146emt kompens\u0101ciju, ja ir [&hellip;]<\/p>\n","protected":false},"author":1,"featured_media":0,"parent":0,"menu_order":0,"comment_status":"closed","ping_status":"closed","template":"","meta":{"footnotes":""},"class_list":["post-4117","page","type-page","status-publish","hentry"],"_links":{"self":[{"href":"https:\/\/travelwithcare.io\/lv\/wp-json\/wp\/v2\/pages\/4117","targetHints":{"allow":["GET"]}}],"collection":[{"href":"https:\/\/travelwithcare.io\/lv\/wp-json\/wp\/v2\/pages"}],"about":[{"href":"https:\/\/travelwithcare.io\/lv\/wp-json\/wp\/v2\/types\/page"}],"author":[{"embeddable":true,"href":"https:\/\/travelwithcare.io\/lv\/wp-json\/wp\/v2\/users\/1"}],"replies":[{"embeddable":true,"href":"https:\/\/travelwithcare.io\/lv\/wp-json\/wp\/v2\/comments?post=4117"}],"version-history":[{"count":1,"href":"https:\/\/travelwithcare.io\/lv\/wp-json\/wp\/v2\/pages\/4117\/revisions"}],"predecessor-version":[{"id":4118,"href":"https:\/\/travelwithcare.io\/lv\/wp-json\/wp\/v2\/pages\/4117\/revisions\/4118"}],"wp:attachment":[{"href":"https:\/\/travelwithcare.io\/lv\/wp-json\/wp\/v2\/media?parent=4117"}],"curies":[{"name":"wp","href":"https:\/\/api.w.org\/{rel}","templated":true}]}}