{"id":4068,"date":"2025-08-29T08:28:09","date_gmt":"2025-08-29T08:28:09","guid":{"rendered":"http:\/\/104.248.20.184:8000\/bagazas-aizsardzibas-buj\/"},"modified":"2025-09-26T11:40:37","modified_gmt":"2025-09-26T11:40:37","slug":"bagazas-aizsardzibas-buj","status":"publish","type":"page","link":"https:\/\/travelwithcare.io\/lv\/bagazas-aizsardzibas-buj\/","title":{"rendered":"Bag\u0101\u017eas aizsardz\u012bbas BUJ"},"content":{"rendered":"\t\t<div data-elementor-type=\"wp-page\" data-elementor-id=\"4068\" class=\"elementor elementor-4068 elementor-2546\" data-elementor-post-type=\"page\">\n\t\t\t\t<div class=\"elementor-element elementor-element-87f7941 e-flex e-con-boxed e-con e-parent\" data-id=\"87f7941\" data-element_type=\"container\" data-e-type=\"container\">\n\t\t\t\t\t<div class=\"e-con-inner\">\n\t\t<div class=\"elementor-element elementor-element-7c0e517 e-con-full e-flex e-con e-child\" data-id=\"7c0e517\" data-element_type=\"container\" data-e-type=\"container\">\n\t\t\t\t<div class=\"elementor-element elementor-element-701ff71 hidden elementor-widget elementor-widget-html\" data-id=\"701ff71\" data-element_type=\"widget\" data-e-type=\"widget\" data-widget_type=\"html.default\">\n\t\t\t\t<div class=\"elementor-widget-container\">\n\t\t\t\t\t<script>document.addEventListener(\"DOMContentLoaded\", function () {\n  const navLinks = document.querySelectorAll(\".sidebar-navigation ul li a\");\n  const navItems = document.querySelectorAll(\".sidebar-navigation ul li\");\n  const fill     = document.querySelector(\".scroll-indicator-fill\");\n\n  if (!navLinks.length || !navItems.length || !fill) return;\n\n  \/\/ smooth scroll\n  navLinks.forEach(link => {\n    link.addEventListener(\"click\", function (e) {\n      e.preventDefault();\n      const target = document.querySelector(this.getAttribute(\"href\"));\n      if (!target) return;\n\n      const headerOffset = 150;\n      const elementPosition = target.getBoundingClientRect().top + window.scrollY;\n      const offsetPosition  = elementPosition - headerOffset;\n\n      window.scrollTo({ top: offsetPosition, behavior: \"smooth\" });\n    });\n  });\n\n  const sectionMap = Array.from(navLinks).map(link => {\n    const el = document.querySelector(link.getAttribute(\"href\"));\n    return { element: el };\n  });\n\n  let lastScrollY = window.scrollY;\n\n  function getHeightWithMargin(el) {\n    const style = window.getComputedStyle(el);\n    const h    = el.offsetHeight;\n    const mt   = parseFloat(style.marginTop) || 0;\n    const mb   = parseFloat(style.marginBottom) || 0;\n    return h + mt + mb;\n  }\n\n  function sumHeightsUntil(indexExcl) {\n    \/\/ saberi od 0 do (indexExcl - 1)\n    let sum = 0;\n    for (let i = 0; i < indexExcl && i < navItems.length; i++) {\n      sum += getHeightWithMargin(navItems[i]);\n    }\n    return sum;\n  }\n\n  function onScroll() {\n    const activateOffset   = 150;\n    const deactivateOffset = 150;\n\n    const currentScrollY = window.scrollY;\n    const scrollingDown  = currentScrollY > lastScrollY;\n    lastScrollY = currentScrollY;\n\n    \/\/ 1) Aktivacija\/deaktivacija stavki menija\n    sectionMap.forEach(({ element }, index) => {\n      if (!element) return;\n      const rect = element.getBoundingClientRect();\n      const top  = rect.top;\n\n      if (scrollingDown && top > window.innerHeight) {\n        navItems[index].classList.remove(\"active\");\n        return;\n      }\n\n      if (top <= activateOffset && top >= -rect.height) {\n        navItems[index].classList.add(\"active\");\n      } else if (top > deactivateOffset) {\n        navItems[index].classList.remove(\"active\");\n      }\n    });\n\n    \/\/ 2) Izra\u010dun visine indikator trake\n    \/\/ umesto \"ako je >2, saberi 7\", tra\u017eimo poslednji aktivni indeks\n    let activeCount = 0;\n    let lastActiveIndex = -1;\n    navItems.forEach((item, i) => {\n      if (item.classList.contains(\"active\")) {\n        activeCount++;\n        lastActiveIndex = i;\n      }\n    });\n\n    if (activeCount < 2) {\n      \/\/ 0 ili 1 aktivan -> nema popune\n      fill.style.height = \"0px\";\n      return;\n    }\n\n    \/\/ \u017eeljeno pona\u0161anje kao i ranije:\n    \/\/ - kad su ta\u010dno 2 aktivna -> visina prve stavke\n    \/\/ - kad je vi\u0161e od 2 -> visina svih stavki do poslednje aktivne (BEZ nje)\n    if (activeCount === 2) {\n      fill.style.height = getHeightWithMargin(navItems[0]) + \"px\";\n      return;\n    }\n\n    \/\/ activeCount > 2\n    \/\/ lastActiveIndex mo\u017ee biti npr. 3 -> saberi 0,1,2\n    const heightSum = sumHeightsUntil(Math.max(0, lastActiveIndex));\n    fill.style.height = heightSum + \"px\";\n  }\n\n  window.addEventListener(\"scroll\", onScroll, { passive: true });\n  onScroll();\n});\n\n<\/script>\t\t\t\t<\/div>\n\t\t\t\t<\/div>\n\t\t\t\t<\/div>\n\t\t<div class=\"elementor-element elementor-element-bbb5af6 e-con-full e-flex e-con e-child\" data-id=\"bbb5af6\" data-element_type=\"container\" data-e-type=\"container\" data-settings=\"{&quot;background_background&quot;:&quot;classic&quot;}\">\n\t\t<div class=\"elementor-element elementor-element-d4a5a83 e-con-full hero-section e-flex e-con e-child\" data-id=\"d4a5a83\" data-element_type=\"container\" data-e-type=\"container\">\n\t\t\t\t<div class=\"elementor-element elementor-element-400f245 elementor-widget__width-initial elementor-widget elementor-widget-image\" data-id=\"400f245\" data-element_type=\"widget\" data-e-type=\"widget\" data-widget_type=\"image.default\">\n\t\t\t\t<div class=\"elementor-widget-container\">\n\t\t\t\t\t\t\t\t\t\t\t\t\t\t\t<img decoding=\"async\" width=\"51\" height=\"51\" src=\"https:\/\/travelwithcare.io\/wp-content\/uploads\/2025\/08\/Primary-large-button-1.png\" class=\"attachment-full size-full wp-image-4071\" alt=\"\" \/>\t\t\t\t\t\t\t\t\t\t\t\t\t\t\t<\/div>\n\t\t\t\t<\/div>\n\t\t\t\t<div class=\"elementor-element elementor-element-ec4aeaf elementor-widget__width-initial elementor-widget elementor-widget-text-editor\" data-id=\"ec4aeaf\" data-element_type=\"widget\" data-e-type=\"widget\" data-widget_type=\"text-editor.default\">\n\t\t\t\t<div class=\"elementor-widget-container\">\n\t\t\t\t\t\t\t\t\t<h1>Bag\u0101\u017eas aizsardz\u012bbas BUJ<\/h1>\t\t\t\t\t\t\t\t<\/div>\n\t\t\t\t<\/div>\n\t\t\t\t<\/div>\n\t\t\t\t<\/div>\n\t\t<div class=\"elementor-element elementor-element-af37100 below-hero-section e-con-full e-flex e-con e-child\" data-id=\"af37100\" data-element_type=\"container\" data-e-type=\"container\">\n\t\t<div class=\"elementor-element elementor-element-8094858 e-con-full below-hero-section e-flex e-con e-child\" data-id=\"8094858\" data-element_type=\"container\" data-e-type=\"container\">\n\t\t<div class=\"elementor-element elementor-element-7f48d8a e-con-full e-flex e-con e-child\" data-id=\"7f48d8a\" data-element_type=\"container\" data-e-type=\"container\" id=\"sticky\">\n\t\t\t\t<div class=\"elementor-element elementor-element-fca1080 sidebar-navigation elementor-widget elementor-widget-html\" data-id=\"fca1080\" data-element_type=\"widget\" data-e-type=\"widget\" data-widget_type=\"html.default\">\n\t\t\t\t<div class=\"elementor-widget-container\">\n\t\t\t\t\t<h3>Jaut\u0101jumi<\/h3>\n<div class=\"inner-links-nav\">\n    <div class=\"scroll-indicator-bg\">\n    <div class=\"scroll-indicator-fill\"><\/div>\n<\/div>\n<ul>\n    <li><a href=\"#what-is-luggage\">1. Kas ir Bag\u0101\u017eas aizsardz\u012bba?<\/a><\/li>\n    <li><a href=\"#how-doese\">2. K\u0101 tas notiek?<\/a><\/li>\n    <li><a href=\"#how-do-i-activate-title\">3. K\u0101 aktiviz\u0113t bag\u0101\u017eas aizsardz\u012bbu?<\/a><\/li>\n    <li><a href=\"#what-shuld-i-do-title\">4. Ko dar\u012bt, ja mana bag\u0101\u017ea kav\u0113jas vai ir pazaud\u0113ta?<\/a><\/li>\n    <li><a href=\"#what-is-the\">5. K\u0101da ir atl\u012bdz\u012bbas summa?<\/a><\/li>\n    <li><a href=\"#how-will-i\">6. K\u0101 es sa\u0146em\u0161u kompens\u0101ciju?<\/a><\/li>\n    <li><a href=\"#does-this-replace\">7. Vai t\u0101 aizst\u0101j aviokomp\u0101nijas kompens\u0101ciju?<\/a><\/li>\n    <li><a href=\"#is-there-a-limit\">8.Vai ir ierobe\u017eojumi, cik rei\u017eu es to varu izmantot?<\/a><\/li>\n<\/ul>\n<\/div>\t\t\t\t<\/div>\n\t\t\t\t<\/div>\n\t\t\t\t<\/div>\n\t\t<div class=\"elementor-element elementor-element-2c7e9b5 e-con-full below-hero-right e-flex e-con e-child\" data-id=\"2c7e9b5\" data-element_type=\"container\" data-e-type=\"container\">\n\t\t\t\t<div class=\"elementor-element elementor-element-2c1687f fitst-box elementor-widget elementor-widget-text-editor\" data-id=\"2c1687f\" data-element_type=\"widget\" data-e-type=\"widget\" id=\"what-is-luggage\" data-widget_type=\"text-editor.default\">\n\t\t\t\t<div class=\"elementor-widget-container\">\n\t\t\t\t\t\t\t\t\t<h3>1. Kas ir Bag\u0101\u017eas aizsardz\u012bba?<\/h3><p>Bag\u0101\u017eas aizsardz\u012bba, ko nodro\u0161ina Blue Ribbon Bags (BRB), nodro\u0161ina pal\u012bdz\u012bbu un kompens\u0101ciju, ja j\u016bsu re\u0123istr\u0113t\u0101 bag\u0101\u017ea kav\u0113jas vai tiek pazaud\u0113ta. BRB akt\u012bvi seko l\u012bdzi j\u016bsu bag\u0101\u017eai aviokomp\u0101nij\u0101, un, ja t\u0101 netiek atgriezta 96 stundu laik\u0101, j\u016bs sa\u0146emat atl\u012bdz\u012bbu no 1000\u20ac vienam pasa\u017eierim \u2013 neatkar\u012bgi no aviokomp\u0101nijas l\u0113muma. <\/p>\t\t\t\t\t\t\t\t<\/div>\n\t\t\t\t<\/div>\n\t\t\t\t<div class=\"elementor-element elementor-element-7e69dcf fitst-box elementor-widget elementor-widget-text-editor\" data-id=\"7e69dcf\" data-element_type=\"widget\" data-e-type=\"widget\" id=\"how-doese\" data-widget_type=\"text-editor.default\">\n\t\t\t\t<div class=\"elementor-widget-container\">\n\t\t\t\t\t\t\t\t\t<h3>2. K\u0101 tas notiek?<\/h3><ul><li>Bag\u0101\u017eas aizsardz\u012bba ir iek\u013cauta j\u016bsu ce\u013cojumu Travel Care pl\u0101n\u0101.<\/li><li>Kad j\u016bsu lidojuma dati tiek re\u0123istr\u0113ti, BRB re\u0101llaik\u0101 uzrauga j\u016bsu re\u0123istr\u0113to bag\u0101\u017eu.<\/li><li>Ja j\u016bsu bag\u0101\u017ea kav\u0113jas vai tiek pazaud\u0113ta, BRB iejaucas, lai to atrastu un koordin\u0113tu ar aviokomp\u0101niju.<\/li><li>Ja j\u016bsu bag\u0101\u017ea kav\u0113jas vai tiek pazaud\u0113ta, BRB iejaucas, lai to atrastu un koordin\u0113tu ar aviokomp\u0101niju.<\/li><\/ul>\t\t\t\t\t\t\t\t<\/div>\n\t\t\t\t<\/div>\n\t\t\t\t<div class=\"elementor-element elementor-element-69adfc7 elementor-widget elementor-widget-text-editor\" data-id=\"69adfc7\" data-element_type=\"widget\" data-e-type=\"widget\" id=\"how-do-i-activate-title\" data-widget_type=\"text-editor.default\">\n\t\t\t\t<div class=\"elementor-widget-container\">\n\t\t\t\t\t\t\t\t\t<h3>3. K\u0101 aktiviz\u0113t bag\u0101\u017eas aizsardz\u012bbu?<\/h3>\t\t\t\t\t\t\t\t<\/div>\n\t\t\t\t<\/div>\n\t\t<div class=\"elementor-element elementor-element-0988c63 e-con-full e-flex e-con e-child\" data-id=\"0988c63\" data-element_type=\"container\" data-e-type=\"container\" id=\"how-do-i-activate\">\n\t\t\t\t<div class=\"elementor-element elementor-element-dbd1677 inner-box elementor-widget elementor-widget-text-editor\" data-id=\"dbd1677\" data-element_type=\"widget\" data-e-type=\"widget\" data-widget_type=\"text-editor.default\">\n\t\t\t\t<div class=\"elementor-widget-container\">\n\t\t\t\t\t\t\t\t\t<h4><strong>1.<\/strong> <\/h4><p>Kad j\u016bs ieg\u0101d\u0101jaties Travel Care un nor\u0101d\u0101t savu lidojuma inform\u0101ciju (PNR, pasa\u017eieru v\u0101rdus, ce\u013cojuma datumus), t\u0101 autom\u0101tiski tiek nos\u016bt\u012bta BRB.<\/p>\t\t\t\t\t\t\t\t<\/div>\n\t\t\t\t<\/div>\n\t\t\t\t<div class=\"elementor-element elementor-element-9000b08 inner-box elementor-widget elementor-widget-text-editor\" data-id=\"9000b08\" data-element_type=\"widget\" data-e-type=\"widget\" data-widget_type=\"text-editor.default\">\n\t\t\t\t<div class=\"elementor-widget-container\">\n\t\t\t\t\t\t\t\t\t<h4><strong>2.<\/strong> <\/h4><p>BRB izsniedz Pakalpojuma l\u012bgumu un nos\u016bta to jums pa e-pastu. Tas ietver sekojo\u0161o: <\/p><ul><li>J\u016bsu BRB apstiprin\u0101juma numuru<\/li><li>Saiti, lai zi\u0146otu par bag\u0101\u017eas kav\u0113\u0161anos.<\/li><\/ul>\t\t\t\t\t\t\t\t<\/div>\n\t\t\t\t<\/div>\n\t\t\t\t<div class=\"elementor-element elementor-element-54d83e3 inner-box elementor-widget elementor-widget-text-editor\" data-id=\"54d83e3\" data-element_type=\"widget\" data-e-type=\"widget\" data-widget_type=\"text-editor.default\">\n\t\t\t\t<div class=\"elementor-widget-container\">\n\t\t\t\t\t\t\t\t\t<h4><strong>3.<\/strong> <\/h4><p>Saglab\u0101jiet \u0161o e-pastu \u2013 taj\u0101 ir viss nepiecie\u0161amais, ja jums rodas probl\u0113mas ar bag\u0101\u017eu<\/p>\t\t\t\t\t\t\t\t<\/div>\n\t\t\t\t<\/div>\n\t\t\t\t<\/div>\n\t\t\t\t<div class=\"elementor-element elementor-element-530ef87 elementor-widget elementor-widget-text-editor\" data-id=\"530ef87\" data-element_type=\"widget\" data-e-type=\"widget\" id=\"what-shuld-i-do-title\" data-widget_type=\"text-editor.default\">\n\t\t\t\t<div class=\"elementor-widget-container\">\n\t\t\t\t\t\t\t\t\t<h3>4. Ko dar\u012bt, ja mana bag\u0101\u017ea kav\u0113jas vai ir pazaud\u0113ta?<\/h3>\t\t\t\t\t\t\t\t<\/div>\n\t\t\t\t<\/div>\n\t\t<div class=\"elementor-element elementor-element-7eefffc e-con-full e-flex e-con e-child\" data-id=\"7eefffc\" data-element_type=\"container\" data-e-type=\"container\" id=\"what-shuld-i-do\">\n\t\t\t\t<div class=\"elementor-element elementor-element-4f7e3e9 inner-box elementor-widget elementor-widget-text-editor\" data-id=\"4f7e3e9\" data-element_type=\"widget\" data-e-type=\"widget\" data-widget_type=\"text-editor.default\">\n\t\t\t\t<div class=\"elementor-widget-container\">\n\t\t\t\t\t\t\t\t\t<h4><strong>1.<\/strong> <\/h4><p>Nekav\u0113joties zi\u0146ojiet par to aviosabiedr\u012bbai bag\u0101\u017eas sa\u0146em\u0161anas viet\u0101. Pa\u0146emiet Bag\u0101\u017eas neatbilst\u012bbas zi\u0146ojumu (PIR). <\/p>\t\t\t\t\t\t\t\t<\/div>\n\t\t\t\t<\/div>\n\t\t\t\t<div class=\"elementor-element elementor-element-a1d2952 inner-box elementor-widget elementor-widget-text-editor\" data-id=\"a1d2952\" data-element_type=\"widget\" data-e-type=\"widget\" data-widget_type=\"text-editor.default\">\n\t\t\t\t<div class=\"elementor-widget-container\">\n\t\t\t\t\t\t\t\t\t<h4><strong>2.<\/strong> <\/h4><p>Dodieties uz saiti, kas nor\u0101d\u012bta j\u016bsu BRB apstiprin\u0101juma e-past\u0101.<\/p>\t\t\t\t\t\t\t\t<\/div>\n\t\t\t\t<\/div>\n\t\t\t\t<div class=\"elementor-element elementor-element-f234243 inner-box elementor-widget elementor-widget-text-editor\" data-id=\"f234243\" data-element_type=\"widget\" data-e-type=\"widget\" data-widget_type=\"text-editor.default\">\n\t\t\t\t<div class=\"elementor-widget-container\">\n\t\t\t\t\t\t\t\t\t<h4><strong>3.<\/strong> <\/h4><p>Submit<\/p><ul><li>Savu PIR numuru.<\/li><li>Savu BRB apstiprin\u0101juma numuru.<\/li><\/ul>\t\t\t\t\t\t\t\t<\/div>\n\t\t\t\t<\/div>\n\t\t\t\t<div class=\"elementor-element elementor-element-b11641f inner-box elementor-widget elementor-widget-text-editor\" data-id=\"b11641f\" data-element_type=\"widget\" data-e-type=\"widget\" id=\"what-shuld-i-do\" data-widget_type=\"text-editor.default\">\n\t\t\t\t<div class=\"elementor-widget-container\">\n\t\t\t\t\t\t\t\t\t<h4><strong>4.<\/strong> <\/h4><p>BRB will begin tracking your baggage and providing updates.<\/p>\t\t\t\t\t\t\t\t<\/div>\n\t\t\t\t<\/div>\n\t\t\t\t<\/div>\n\t\t\t\t<div class=\"elementor-element elementor-element-50d82f2 fitst-box elementor-widget elementor-widget-text-editor\" data-id=\"50d82f2\" data-element_type=\"widget\" data-e-type=\"widget\" id=\"what-is-the\" data-widget_type=\"text-editor.default\">\n\t\t\t\t<div class=\"elementor-widget-container\">\n\t\t\t\t\t\t\t\t\t<h3>5. K\u0101da ir atl\u012bdz\u012bbas summa?<\/h3><ul><li>Atl\u012bdz\u012bba s\u0101kas no 1000\u20ac par pasa\u017eieri, ja j\u016bsu bag\u0101\u017ea netiek atgriezta 96 stundu laik\u0101 p\u0113c j\u016bsu pl\u0101not\u0101s iera\u0161an\u0101s.<\/li><li>Prec\u012bza atl\u012bdz\u012bbas summa ir atkar\u012bga no j\u016bsu Travel Care pl\u0101na.<\/li><\/ul>\t\t\t\t\t\t\t\t<\/div>\n\t\t\t\t<\/div>\n\t\t\t\t<div class=\"elementor-element elementor-element-c70c598 fitst-box elementor-widget elementor-widget-text-editor\" data-id=\"c70c598\" data-element_type=\"widget\" data-e-type=\"widget\" id=\"how-will-i\" data-widget_type=\"text-editor.default\">\n\t\t\t\t<div class=\"elementor-widget-container\">\n\t\t\t\t\t\t\t\t\t<h3>6. . K\u0101 es sa\u0146em\u0161u kompens\u0101ciju?<\/h3><p>Ja j\u016bsu bag\u0101\u017ea netiek pieg\u0101d\u0101ta noteiktaj\u0101 termi\u0146\u0101, BRB veiks maks\u0101jumu tie\u0161i jums, neatkar\u012bgi no t\u0101, vai aviokomp\u0101nija jums izmaks\u0101s kompens\u0101ciju.<\/p>\t\t\t\t\t\t\t\t<\/div>\n\t\t\t\t<\/div>\n\t\t\t\t<div class=\"elementor-element elementor-element-856c4a5 fitst-box elementor-widget elementor-widget-text-editor\" data-id=\"856c4a5\" data-element_type=\"widget\" data-e-type=\"widget\" id=\"does-this-replace\" data-widget_type=\"text-editor.default\">\n\t\t\t\t<div class=\"elementor-widget-container\">\n\t\t\t\t\t\t\t\t\t<h3>7. Vai t\u0101 aizst\u0101j aviokomp\u0101nijas kompens\u0101ciju?<\/h3><p>N\u0113. \u0160\u012b ir papildu atl\u012bdz\u012bba, kas darbojas papildus jebkurai aviokomp\u0101nijas kompens\u0101cijai, uz kuru jums var b\u016bt ties\u012bbas. <\/p>\t\t\t\t\t\t\t\t<\/div>\n\t\t\t\t<\/div>\n\t\t\t\t<div class=\"elementor-element elementor-element-c104610 fitst-box elementor-widget elementor-widget-text-editor\" data-id=\"c104610\" data-element_type=\"widget\" data-e-type=\"widget\" id=\"is-there-a-limit\" data-widget_type=\"text-editor.default\">\n\t\t\t\t<div class=\"elementor-widget-container\">\n\t\t\t\t\t\t\t\t\t<h3>8.Ja j\u016bsu bag\u0101\u017ea netiek pieg\u0101d\u0101ta noteiktaj\u0101 termi\u0146\u0101, BRB veiks maks\u0101jumu tie\u0161i jums, neatkar\u012bgi no t\u0101, vai aviokomp\u0101nija jums izmaks\u0101s kompens\u0101ciju.<\/h3><p>Jums ir segums katram atbilsto\u0161ajam lidojumam saska\u0146\u0101 ar j\u016bsu akt\u012bvo Travel Care pl\u0101nu visiem rezerv\u0101cij\u0101 iek\u013cautajiem pasa\u017eieriem.<\/p>\t\t\t\t\t\t\t\t<\/div>\n\t\t\t\t<\/div>\n\t\t\t\t<\/div>\n\t\t\t\t<\/div>\n\t\t\t\t<\/div>\n\t\t\t\t\t<\/div>\n\t\t\t\t<\/div>\n\t\t\t\t<\/div>\n\t\t","protected":false},"excerpt":{"rendered":"<p>Bag\u0101\u017eas aizsardz\u012bbas BUJ Jaut\u0101jumi 1. Kas ir Bag\u0101\u017eas aizsardz\u012bba? 2. K\u0101 tas notiek? 3. K\u0101 aktiviz\u0113t bag\u0101\u017eas aizsardz\u012bbu? 4. Ko dar\u012bt, ja mana bag\u0101\u017ea kav\u0113jas vai ir pazaud\u0113ta? 5. K\u0101da ir atl\u012bdz\u012bbas summa? 6. K\u0101 es sa\u0146em\u0161u kompens\u0101ciju? 7. Vai t\u0101 aizst\u0101j aviokomp\u0101nijas kompens\u0101ciju? 8.Vai ir ierobe\u017eojumi, cik rei\u017eu es to varu izmantot? 1. Kas [&hellip;]<\/p>\n","protected":false},"author":1,"featured_media":0,"parent":0,"menu_order":0,"comment_status":"closed","ping_status":"closed","template":"","meta":{"footnotes":""},"class_list":["post-4068","page","type-page","status-publish","hentry"],"_links":{"self":[{"href":"https:\/\/travelwithcare.io\/lv\/wp-json\/wp\/v2\/pages\/4068","targetHints":{"allow":["GET"]}}],"collection":[{"href":"https:\/\/travelwithcare.io\/lv\/wp-json\/wp\/v2\/pages"}],"about":[{"href":"https:\/\/travelwithcare.io\/lv\/wp-json\/wp\/v2\/types\/page"}],"author":[{"embeddable":true,"href":"https:\/\/travelwithcare.io\/lv\/wp-json\/wp\/v2\/users\/1"}],"replies":[{"embeddable":true,"href":"https:\/\/travelwithcare.io\/lv\/wp-json\/wp\/v2\/comments?post=4068"}],"version-history":[{"count":1,"href":"https:\/\/travelwithcare.io\/lv\/wp-json\/wp\/v2\/pages\/4068\/revisions"}],"predecessor-version":[{"id":4069,"href":"https:\/\/travelwithcare.io\/lv\/wp-json\/wp\/v2\/pages\/4068\/revisions\/4069"}],"wp:attachment":[{"href":"https:\/\/travelwithcare.io\/lv\/wp-json\/wp\/v2\/media?parent=4068"}],"curies":[{"name":"wp","href":"https:\/\/api.w.org\/{rel}","templated":true}]}}