{"id":4059,"date":"2025-08-04T06:47:39","date_gmt":"2025-08-04T06:47:39","guid":{"rendered":"http:\/\/104.248.20.184:8000\/kompensacija-uz-skrydzio-velavima\/"},"modified":"2025-09-26T11:30:43","modified_gmt":"2025-09-26T11:30:43","slug":"kompensacija-par-lidojuma-kavesanos","status":"publish","type":"page","link":"https:\/\/travelwithcare.io\/lv\/kompensacija-par-lidojuma-kavesanos\/","title":{"rendered":"Kompens\u0101cija par lidojuma kav\u0113\u0161anos"},"content":{"rendered":"\t\t<div data-elementor-type=\"wp-page\" data-elementor-id=\"4059\" class=\"elementor elementor-4059 elementor-1921\" data-elementor-post-type=\"page\">\n\t\t\t\t<div class=\"elementor-element elementor-element-1144085 e-flex e-con-boxed e-con e-parent\" data-id=\"1144085\" data-element_type=\"container\" data-e-type=\"container\" id=\"hero-section\" data-settings=\"{&quot;background_background&quot;:&quot;classic&quot;}\">\n\t\t\t\t\t<div class=\"e-con-inner\">\n\t\t<div class=\"elementor-element elementor-element-7655a3d e-con-full hero-section e-flex e-con e-child\" data-id=\"7655a3d\" data-element_type=\"container\" data-e-type=\"container\">\n\t\t\t\t<div class=\"elementor-element elementor-element-d40c3b3 elementor-widget elementor-widget-image\" data-id=\"d40c3b3\" data-element_type=\"widget\" data-e-type=\"widget\" data-widget_type=\"image.default\">\n\t\t\t\t<div class=\"elementor-widget-container\">\n\t\t\t\t\t\t\t\t\t\t\t\t\t\t\t<img decoding=\"async\" width=\"51\" height=\"51\" src=\"https:\/\/travelwithcare.io\/wp-content\/uploads\/2025\/08\/Primary-large-button.png\" class=\"attachment-full size-full wp-image-4060\" alt=\"\" \/>\t\t\t\t\t\t\t\t\t\t\t\t\t\t\t<\/div>\n\t\t\t\t<\/div>\n\t\t\t\t<div class=\"elementor-element elementor-element-162de95 elementor-widget__width-initial elementor-widget elementor-widget-text-editor\" data-id=\"162de95\" data-element_type=\"widget\" data-e-type=\"widget\" data-widget_type=\"text-editor.default\">\n\t\t\t\t<div class=\"elementor-widget-container\">\n\t\t\t\t\t\t\t\t\t<h1><span class=\"NormalTextRun ContextualSpellingAndGrammarErrorV2Themed GrammarErrorHighlight SCXW68206312 BCX0\">Kompens\u0101cija<\/span> <span class=\"NormalTextRun SCXW68206312 BCX0\">par lidojuma<\/span> <span class=\"NormalTextRun SCXW68206312 BCX0\">kav\u0113\u0161anos<\/span><\/h1><p><span style=\"white-space-collapse: preserve;\">Ja j\u016bsu lidojums kav\u0113j\u0101s, jums var b\u016bt ties\u012bbas sa\u0146emt kompens\u0101ciju par papildu izmaks\u0101m, piem\u0113ram, \u0113din\u0101\u0161anu, viesn\u012bcu vai papildu ce\u013ca izdevumiem. Da\u017eos gad\u012bjumos jums var tikt izmaks\u0101ta ar\u012b kompens\u0101cija par zaud\u0113to laiku, jo \u012bpa\u0161i, ja kav\u0113\u0161an\u0101s ilga vair\u0101kas stundas. <\/span><\/p><p><span style=\"white-space-collapse: preserve;\">Aktiviz\u0113jot TravelCare vismaz 24 stundas pirms lidojuma, jums neb\u016bs j\u0101maks\u0101 nek\u0101das nodevas vai komisijas maksas, iesniedzot pras\u012bbu caur Skycop lidojuma trauc\u0113jumu gad\u012bjum\u0101.<\/span><\/p>\t\t\t\t\t\t\t\t<\/div>\n\t\t\t\t<\/div>\n\t\t\t\t<\/div>\n\t\t\t\t\t<\/div>\n\t\t\t\t<\/div>\n\t\t<div class=\"elementor-element elementor-element-6020c9b below-hero-section e-flex e-con-boxed e-con e-parent\" data-id=\"6020c9b\" data-element_type=\"container\" data-e-type=\"container\">\n\t\t\t\t\t<div class=\"e-con-inner\">\n\t\t<div class=\"elementor-element elementor-element-5e3f2d1 e-con-full below-hero-section e-flex e-con e-child\" data-id=\"5e3f2d1\" data-element_type=\"container\" data-e-type=\"container\">\n\t\t<div class=\"elementor-element elementor-element-07b53ec e-con-full e-flex e-con e-child\" data-id=\"07b53ec\" data-element_type=\"container\" data-e-type=\"container\" id=\"sticky\">\n\t\t\t\t<div class=\"elementor-element elementor-element-1d7d1e9 sidebar-navigation elementor-widget elementor-widget-html\" data-id=\"1d7d1e9\" data-element_type=\"widget\" data-e-type=\"widget\" data-widget_type=\"html.default\">\n\t\t\t\t<div class=\"elementor-widget-container\">\n\t\t\t\t\t<h3>Saturs<\/h3>\n<div class=\"inner-links-nav\">\n    <div class=\"scroll-indicator-bg\">\n    <div class=\"scroll-indicator-fill\"><\/div>\n<\/div>\n<ul>\n    <li><a href=\"#hero-section\">Kompens\u0101cija par lidojuma kav\u0113\u0161anos<\/a><\/li>\n    <li><a href=\"#flight-delay\">K\u0101di ir noteikumi par kompens\u0101ciju par lidojuma kav\u0113\u0161anos?<\/a><\/li>\n    <li><a href=\"#compensation\">Kompens\u0101cija par lidojuma kav\u0113\u0161anos ir sekojo\u0161a<\/a><\/li>\n<\/ul>\n<\/div>\t\t\t\t<\/div>\n\t\t\t\t<\/div>\n\t\t\t\t<\/div>\n\t\t<div class=\"elementor-element elementor-element-1061d8b e-con-full below-hero-right e-flex e-con e-child\" data-id=\"1061d8b\" data-element_type=\"container\" data-e-type=\"container\">\n\t\t\t\t<div class=\"elementor-element elementor-element-8dc699d fitst-box elementor-widget elementor-widget-text-editor\" data-id=\"8dc699d\" data-element_type=\"widget\" data-e-type=\"widget\" id=\"flight-delay\" data-widget_type=\"text-editor.default\">\n\t\t\t\t<div class=\"elementor-widget-container\">\n\t\t\t\t\t\t\t\t\t<h3>K\u0101di ir noteikumi par kompens\u0101ciju par lidojuma kav\u0113\u0161anos?<\/h3><p>ES gaisa transporta pasa\u017eieru ties\u012bbu regula attiecas uz visiem lidojumiem, kas izlido no ES lidost\u0101m vai ielido ES lidost\u0101s ar ES re\u0123istr\u0113t\u0101m aviosabiedr\u012bb\u0101m. P\u0113c Brexit \u0161ie pa\u0161i ties\u012bbu akti tika p\u0101r\u0146emti Lielbrit\u0101nijas likumos k\u0101 UK 261, t\u0101d\u0113j\u0101di pasa\u017eieri Lielbrit\u0101nij\u0101 joproj\u0101m var piepras\u012bt kompens\u0101ciju saska\u0146\u0101 ar tiem pa\u0161iem noteikumiem. <\/p><p>\u0160ie ir noteikumi, kurus Skycop izmanto, lai iesniegtu pras\u012bbas j\u016bsu v\u0101rd\u0101. Pirms lidojuma iepaz\u012bstieties ar galvenajiem ties\u012bbu aktu noteikumiem, lai zin\u0101tu savas ties\u012bbas lidojuma kav\u0113\u0161an\u0101s gad\u012bjum\u0101. <\/p>\t\t\t\t\t\t\t\t<\/div>\n\t\t\t\t<\/div>\n\t\t\t\t<div class=\"elementor-element elementor-element-20edf1c elementor-widget elementor-widget-text-editor\" data-id=\"20edf1c\" data-element_type=\"widget\" data-e-type=\"widget\" id=\"compensation\" data-widget_type=\"text-editor.default\">\n\t\t\t\t<div class=\"elementor-widget-container\">\n\t\t\t\t\t\t\t\t\t<h3>Kompens\u0101cija par aizkav\u0113ju\u0161os lidojumu ir sekojo\u0161a<\/h3>\t\t\t\t\t\t\t\t<\/div>\n\t\t\t\t<\/div>\n\t\t<div class=\"elementor-element elementor-element-2e16676 e-grid e-con-full e-con e-child\" data-id=\"2e16676\" data-element_type=\"container\" data-e-type=\"container\">\n\t\t\t\t<div class=\"elementor-element elementor-element-35fdec9 inner-box elementor-widget elementor-widget-text-editor\" data-id=\"35fdec9\" data-element_type=\"widget\" data-e-type=\"widget\" data-widget_type=\"text-editor.default\">\n\t\t\t\t<div class=\"elementor-widget-container\">\n\t\t\t\t\t\t\t\t\t<h4>L\u012bdz 1500 km<\/h4><p>250\u20ac (220\u00a3) par kav\u0113jumiem, kas p\u0101rsniedz tr\u012bs stundas, vai ja lidojums visp\u0101r nav noticis<\/p>\t\t\t\t\t\t\t\t<\/div>\n\t\t\t\t<\/div>\n\t\t\t\t<div class=\"elementor-element elementor-element-558b054 inner-box elementor-widget elementor-widget-text-editor\" data-id=\"558b054\" data-element_type=\"widget\" data-e-type=\"widget\" data-widget_type=\"text-editor.default\">\n\t\t\t\t<div class=\"elementor-widget-container\">\n\t\t\t\t\t\t\t\t\t<h4>Vair\u0101k nek\u0101 1500 km (ES robe\u017e\u0101s)<\/h4><p>400\u20ac (350\u00a3) par kav\u0113jumiem, kas p\u0101rsniedz tr\u012bs stundas, vai ja lidojums visp\u0101r nav noticis<\/p>\t\t\t\t\t\t\t\t<\/div>\n\t\t\t\t<\/div>\n\t\t\t\t<\/div>\n\t\t<div class=\"elementor-element elementor-element-40ee4d1 e-grid e-con-full e-con e-child\" data-id=\"40ee4d1\" data-element_type=\"container\" data-e-type=\"container\">\n\t\t\t\t<div class=\"elementor-element elementor-element-774b653 inner-box elementor-widget elementor-widget-text-editor\" data-id=\"774b653\" data-element_type=\"widget\" data-e-type=\"widget\" data-widget_type=\"text-editor.default\">\n\t\t\t\t<div class=\"elementor-widget-container\">\n\t\t\t\t\t\t\t\t\t<h4>Lidojumi starp 1500\u20133500 km (starptautiski)<\/h4><p>400\u20ac par kav\u0113jumiem, kas p\u0101rsniedz tr\u012bs stundas<\/p>\t\t\t\t\t\t\t\t<\/div>\n\t\t\t\t<\/div>\n\t\t\t\t<div class=\"elementor-element elementor-element-2784bad inner-box elementor-widget elementor-widget-text-editor\" data-id=\"2784bad\" data-element_type=\"widget\" data-e-type=\"widget\" data-widget_type=\"text-editor.default\">\n\t\t\t\t<div class=\"elementor-widget-container\">\n\t\t\t\t\t\t\t\t\t<h4>Lidojumi vair\u0101k nek\u0101 3500 km (starptautiski)<\/h4><ul><li>300\u20ac par kav\u0113jumiem no 3 l\u012bdz 4 stund\u0101m<\/li><li>600\u20ac par kav\u0113jumiem, kas p\u0101rsniedz 4 stundas, vai ja lidojums visp\u0101r nav noticis<\/li><\/ul>\t\t\t\t\t\t\t\t<\/div>\n\t\t\t\t<\/div>\n\t\t\t\t<\/div>\n\t\t\t\t<\/div>\n\t\t\t\t<\/div>\n\t\t\t\t\t<\/div>\n\t\t\t\t<\/div>\n\t\t<div class=\"elementor-element elementor-element-ec36e31 e-flex e-con-boxed e-con e-parent\" data-id=\"ec36e31\" data-element_type=\"container\" data-e-type=\"container\">\n\t\t\t\t\t<div class=\"e-con-inner\">\n\t\t\t\t<div class=\"elementor-element elementor-element-f9bf357 hidden elementor-widget elementor-widget-html\" data-id=\"f9bf357\" data-element_type=\"widget\" data-e-type=\"widget\" data-widget_type=\"html.default\">\n\t\t\t\t<div class=\"elementor-widget-container\">\n\t\t\t\t\t<script>document.addEventListener('DOMContentLoaded', function () {\n  const HEADER_OFFSET = 150; \/\/ visina fiksiranog headera\n  const navItems = Array.from(document.querySelectorAll('.sidebar-navigation ul li'));\n  const navLinks = Array.from(document.querySelectorAll('.sidebar-navigation ul li a'));\n\n  \/\/ Smooth scroll\n  navLinks.forEach(a => {\n    a.addEventListener('click', function (e) {\n      const href = a.getAttribute('href');\n      if (!href || !href.startsWith('#')) return;\n      const target = document.querySelector(href);\n      if (!target) return;\n      e.preventDefault();\n      const top = target.getBoundingClientRect().top + window.scrollY - HEADER_OFFSET;\n      window.scrollTo({ top, behavior: 'smooth' });\n    });\n  });\n\n  \/\/ Mapiranje sekcija\n  const sections = navLinks.map((a, index) => {\n    const sel = a.getAttribute('href');\n    const el  = sel ? document.querySelector(sel) : null;\n    return { el, index };\n  }).filter(s => s.el);\n\n  function getHeightWithMargin(el){\n    const cs = window.getComputedStyle(el);\n    return el.offsetHeight + (parseFloat(cs.marginTop)||0) + (parseFloat(cs.marginBottom)||0);\n  }\n\n  function updateFill(){\n    const fill = document.querySelector('.scroll-indicator-fill');\n    if (!fill) return;\n    let lastIdx = -1;\n    navItems.forEach((li, i) => { if (li.classList.contains('active')) lastIdx = i; });\n    if (lastIdx < 0) { fill.style.height = '0px'; return; }\n    let sum = 0;\n    for (let i = 0; i <= lastIdx; i++) sum += getHeightWithMargin(navItems[i]);\n    fill.style.height = sum + 'px';\n  }\n\n  function setActive(index, on){\n    const li = navItems[index];\n    if (!li) return;\n    li.classList.toggle('active', !!on);\n  }\n\n  \/\/ IntersectionObserver: NE skidaj active kad ode preko GORNJE linije\n  if ('IntersectionObserver' in window) {\n    const indexById = Object.create(null);\n    sections.forEach(s => { if (s.el.id) indexById[s.el.id] = s.index; });\n\n    const io = new IntersectionObserver((entries) => {\n      const vh = window.innerHeight || document.documentElement.clientHeight;\n      entries.forEach(entry => {\n        const idx = indexById[entry.target.id];\n        if (idx === undefined) return;\n\n        if (entry.isIntersecting) {\n          \/\/ \u010dim u\u0111e ispod header linije -> aktiviraj\n          setActive(idx, true);\n        } else {\n          \/\/ nije u preseku \u2014 odlu\u010di da li da SKINE\u0160 active\n          const top = entry.boundingClientRect.top;\n\n          \/\/ Ako je oti\u0161lo ispod dna (pri skrolu navi\u0161e) -> skini active\n          if (top >= vh) {\n            setActive(idx, false);\n          }\n          \/\/ Ako je oti\u0161lo iznad header linije -> NE diraj (ostaje aktivno)\n          \/\/ else if (top <= HEADER_OFFSET) { \/\/ namerno prazno }\n        }\n      });\n      updateFill();\n    }, {\n      root: null,\n      rootMargin: `-${HEADER_OFFSET}px 0px 0px 0px`,\n      threshold: 0\n    });\n\n    sections.forEach(s => io.observe(s.el));\n  } else {\n    \/\/ Fallback: ne skidaj active kada ode iznad, samo kad ode ispod dna\n    function onScroll(){\n      const vh = window.innerHeight || document.documentElement.clientHeight;\n      const topLimit = HEADER_OFFSET;\n      sections.forEach(({ el, index }) => {\n        const r = el.getBoundingClientRect();\n        const visible = r.bottom > topLimit && r.top < vh;\n\n        if (visible) {\n          setActive(index, true);\n        } else {\n          \/\/ oti\u0161lo ispod dna? (pri skrolu navi\u0161e)\n          if (r.top >= vh) setActive(index, false);\n          \/\/ oti\u0161lo iznad topLimit -> ne diramo (ostaje active)\n        }\n      });\n      updateFill();\n    }\n    window.addEventListener('scroll', onScroll, { passive: true });\n    onScroll();\n  }\n\n  \/\/ inicijalni fill\n  updateFill();\n});\n<\/script>\t\t\t\t<\/div>\n\t\t\t\t<\/div>\n\t\t\t\t\t<\/div>\n\t\t\t\t<\/div>\n\t\t\t\t<\/div>\n\t\t","protected":false},"excerpt":{"rendered":"<p>Kompens\u0101cija par lidojuma kav\u0113\u0161anos Ja j\u016bsu lidojums kav\u0113j\u0101s, jums var b\u016bt ties\u012bbas sa\u0146emt kompens\u0101ciju par papildu izmaks\u0101m, piem\u0113ram, \u0113din\u0101\u0161anu, viesn\u012bcu vai papildu ce\u013ca izdevumiem. Da\u017eos gad\u012bjumos jums var tikt izmaks\u0101ta ar\u012b kompens\u0101cija par zaud\u0113to laiku, jo \u012bpa\u0161i, ja kav\u0113\u0161an\u0101s ilga vair\u0101kas stundas. Aktiviz\u0113jot TravelCare vismaz 24 stundas pirms lidojuma, jums neb\u016bs j\u0101maks\u0101 nek\u0101das nodevas vai [&hellip;]<\/p>\n","protected":false},"author":1,"featured_media":0,"parent":0,"menu_order":0,"comment_status":"closed","ping_status":"closed","template":"","meta":{"footnotes":""},"class_list":["post-4059","page","type-page","status-publish","hentry"],"_links":{"self":[{"href":"https:\/\/travelwithcare.io\/lv\/wp-json\/wp\/v2\/pages\/4059","targetHints":{"allow":["GET"]}}],"collection":[{"href":"https:\/\/travelwithcare.io\/lv\/wp-json\/wp\/v2\/pages"}],"about":[{"href":"https:\/\/travelwithcare.io\/lv\/wp-json\/wp\/v2\/types\/page"}],"author":[{"embeddable":true,"href":"https:\/\/travelwithcare.io\/lv\/wp-json\/wp\/v2\/users\/1"}],"replies":[{"embeddable":true,"href":"https:\/\/travelwithcare.io\/lv\/wp-json\/wp\/v2\/comments?post=4059"}],"version-history":[{"count":4,"href":"https:\/\/travelwithcare.io\/lv\/wp-json\/wp\/v2\/pages\/4059\/revisions"}],"predecessor-version":[{"id":4067,"href":"https:\/\/travelwithcare.io\/lv\/wp-json\/wp\/v2\/pages\/4059\/revisions\/4067"}],"wp:attachment":[{"href":"https:\/\/travelwithcare.io\/lv\/wp-json\/wp\/v2\/media?parent=4059"}],"curies":[{"name":"wp","href":"https:\/\/api.w.org\/{rel}","templated":true}]}}