{"id":3998,"date":"2025-08-29T08:28:09","date_gmt":"2025-08-29T08:28:09","guid":{"rendered":"http:\/\/104.248.20.184:8000\/bagazo-apsaugos-duk\/"},"modified":"2025-09-23T11:44:24","modified_gmt":"2025-09-23T11:44:24","slug":"bagazo-apsaugos-duk","status":"publish","type":"page","link":"https:\/\/travelwithcare.io\/lt\/bagazo-apsaugos-duk\/","title":{"rendered":"Baga\u017eo apsaugos DUK"},"content":{"rendered":"\t\t<div data-elementor-type=\"wp-page\" data-elementor-id=\"3998\" class=\"elementor elementor-3998 elementor-2546\" data-elementor-post-type=\"page\">\n\t\t\t\t<div class=\"elementor-element elementor-element-87f7941 e-flex e-con-boxed e-con e-parent\" data-id=\"87f7941\" data-element_type=\"container\" data-e-type=\"container\">\n\t\t\t\t\t<div class=\"e-con-inner\">\n\t\t<div class=\"elementor-element elementor-element-7c0e517 e-con-full e-flex e-con e-child\" data-id=\"7c0e517\" data-element_type=\"container\" data-e-type=\"container\">\n\t\t\t\t<div class=\"elementor-element elementor-element-701ff71 hidden elementor-widget elementor-widget-html\" data-id=\"701ff71\" data-element_type=\"widget\" data-e-type=\"widget\" data-widget_type=\"html.default\">\n\t\t\t\t<div class=\"elementor-widget-container\">\n\t\t\t\t\t<script>document.addEventListener(\"DOMContentLoaded\", function () {\n  const navLinks = document.querySelectorAll(\".sidebar-navigation ul li a\");\n  const navItems = document.querySelectorAll(\".sidebar-navigation ul li\");\n  const fill     = document.querySelector(\".scroll-indicator-fill\");\n\n  if (!navLinks.length || !navItems.length || !fill) return;\n\n  \/\/ smooth scroll\n  navLinks.forEach(link => {\n    link.addEventListener(\"click\", function (e) {\n      e.preventDefault();\n      const target = document.querySelector(this.getAttribute(\"href\"));\n      if (!target) return;\n\n      const headerOffset = 150;\n      const elementPosition = target.getBoundingClientRect().top + window.scrollY;\n      const offsetPosition  = elementPosition - headerOffset;\n\n      window.scrollTo({ top: offsetPosition, behavior: \"smooth\" });\n    });\n  });\n\n  const sectionMap = Array.from(navLinks).map(link => {\n    const el = document.querySelector(link.getAttribute(\"href\"));\n    return { element: el };\n  });\n\n  let lastScrollY = window.scrollY;\n\n  function getHeightWithMargin(el) {\n    const style = window.getComputedStyle(el);\n    const h    = el.offsetHeight;\n    const mt   = parseFloat(style.marginTop) || 0;\n    const mb   = parseFloat(style.marginBottom) || 0;\n    return h + mt + mb;\n  }\n\n  function sumHeightsUntil(indexExcl) {\n    \/\/ saberi od 0 do (indexExcl - 1)\n    let sum = 0;\n    for (let i = 0; i < indexExcl && i < navItems.length; i++) {\n      sum += getHeightWithMargin(navItems[i]);\n    }\n    return sum;\n  }\n\n  function onScroll() {\n    const activateOffset   = 150;\n    const deactivateOffset = 150;\n\n    const currentScrollY = window.scrollY;\n    const scrollingDown  = currentScrollY > lastScrollY;\n    lastScrollY = currentScrollY;\n\n    \/\/ 1) Aktivacija\/deaktivacija stavki menija\n    sectionMap.forEach(({ element }, index) => {\n      if (!element) return;\n      const rect = element.getBoundingClientRect();\n      const top  = rect.top;\n\n      if (scrollingDown && top > window.innerHeight) {\n        navItems[index].classList.remove(\"active\");\n        return;\n      }\n\n      if (top <= activateOffset && top >= -rect.height) {\n        navItems[index].classList.add(\"active\");\n      } else if (top > deactivateOffset) {\n        navItems[index].classList.remove(\"active\");\n      }\n    });\n\n    \/\/ 2) Izra\u010dun visine indikator trake\n    \/\/ umesto \"ako je >2, saberi 7\", tra\u017eimo poslednji aktivni indeks\n    let activeCount = 0;\n    let lastActiveIndex = -1;\n    navItems.forEach((item, i) => {\n      if (item.classList.contains(\"active\")) {\n        activeCount++;\n        lastActiveIndex = i;\n      }\n    });\n\n    if (activeCount < 2) {\n      \/\/ 0 ili 1 aktivan -> nema popune\n      fill.style.height = \"0px\";\n      return;\n    }\n\n    \/\/ \u017eeljeno pona\u0161anje kao i ranije:\n    \/\/ - kad su ta\u010dno 2 aktivna -> visina prve stavke\n    \/\/ - kad je vi\u0161e od 2 -> visina svih stavki do poslednje aktivne (BEZ nje)\n    if (activeCount === 2) {\n      fill.style.height = getHeightWithMargin(navItems[0]) + \"px\";\n      return;\n    }\n\n    \/\/ activeCount > 2\n    \/\/ lastActiveIndex mo\u017ee biti npr. 3 -> saberi 0,1,2\n    const heightSum = sumHeightsUntil(Math.max(0, lastActiveIndex));\n    fill.style.height = heightSum + \"px\";\n  }\n\n  window.addEventListener(\"scroll\", onScroll, { passive: true });\n  onScroll();\n});\n\n<\/script>\t\t\t\t<\/div>\n\t\t\t\t<\/div>\n\t\t\t\t<\/div>\n\t\t<div class=\"elementor-element elementor-element-bbb5af6 e-con-full e-flex e-con e-child\" data-id=\"bbb5af6\" data-element_type=\"container\" data-e-type=\"container\" data-settings=\"{&quot;background_background&quot;:&quot;classic&quot;}\">\n\t\t<div class=\"elementor-element elementor-element-d4a5a83 e-con-full hero-section e-flex e-con e-child\" data-id=\"d4a5a83\" data-element_type=\"container\" data-e-type=\"container\">\n\t\t\t\t<div class=\"elementor-element elementor-element-400f245 elementor-widget__width-initial elementor-widget elementor-widget-image\" data-id=\"400f245\" data-element_type=\"widget\" data-e-type=\"widget\" data-widget_type=\"image.default\">\n\t\t\t\t<div class=\"elementor-widget-container\">\n\t\t\t\t\t\t\t\t\t\t\t\t\t\t\t<img decoding=\"async\" width=\"51\" height=\"51\" src=\"https:\/\/travelwithcare.io\/wp-content\/uploads\/2025\/08\/Primary-large-button-1.png\" class=\"attachment-full size-full wp-image-2479\" alt=\"\" \/>\t\t\t\t\t\t\t\t\t\t\t\t\t\t\t<\/div>\n\t\t\t\t<\/div>\n\t\t\t\t<div class=\"elementor-element elementor-element-ec4aeaf elementor-widget__width-initial elementor-widget elementor-widget-text-editor\" data-id=\"ec4aeaf\" data-element_type=\"widget\" data-e-type=\"widget\" data-widget_type=\"text-editor.default\">\n\t\t\t\t<div class=\"elementor-widget-container\">\n\t\t\t\t\t\t\t\t\t<h1>Baga\u017eo apsaugos DUK<\/h1>\t\t\t\t\t\t\t\t<\/div>\n\t\t\t\t<\/div>\n\t\t\t\t<\/div>\n\t\t\t\t<\/div>\n\t\t<div class=\"elementor-element elementor-element-af37100 below-hero-section e-con-full e-flex e-con e-child\" data-id=\"af37100\" data-element_type=\"container\" data-e-type=\"container\">\n\t\t<div class=\"elementor-element elementor-element-8094858 e-con-full below-hero-section e-flex e-con e-child\" data-id=\"8094858\" data-element_type=\"container\" data-e-type=\"container\">\n\t\t<div class=\"elementor-element elementor-element-7f48d8a e-con-full e-flex e-con e-child\" data-id=\"7f48d8a\" data-element_type=\"container\" data-e-type=\"container\" id=\"sticky\">\n\t\t\t\t<div class=\"elementor-element elementor-element-fca1080 sidebar-navigation elementor-widget elementor-widget-html\" data-id=\"fca1080\" data-element_type=\"widget\" data-e-type=\"widget\" data-widget_type=\"html.default\">\n\t\t\t\t<div class=\"elementor-widget-container\">\n\t\t\t\t\t<h3>Klausimai<\/h3>\n<div class=\"inner-links-nav\">\n    <div class=\"scroll-indicator-bg\">\n    <div class=\"scroll-indicator-fill\"><\/div>\n<\/div>\n<ul>\n    <li><a href=\"#what-is-luggage\">1. Kas yra Baga\u017eo apsauga?<\/a><\/li>\n    <li><a href=\"#how-doese\">2. Kaip tai veikia?<\/a><\/li>\n    <li><a href=\"#how-do-i-activate-title\">3. Kaip aktyvuoti Baga\u017eo apsaug\u0105?<\/a><\/li>\n    <li><a href=\"#what-shuld-i-do-title\">4. K\u0105 daryti, jei mano baga\u017eas v\u0117luoja ar yra pamestas?<\/a><\/li>\n    <li><a href=\"#what-is-the\">5. Kokia yra draudimo suma?<\/a><\/li>\n    <li><a href=\"#how-will-i\">6. Kaip gausiu kompensacij\u0105?<\/a><\/li>\n    <li><a href=\"#does-this-replace\">7. Ar tai pakei\u010dia oro linij\u0173 kompensacij\u0105?<\/a><\/li>\n    <li><a href=\"#is-there-a-limit\">8. Ar yra naudojimo ribojim\u0173?<\/a><\/li>\n<\/ul>\n<\/div>\t\t\t\t<\/div>\n\t\t\t\t<\/div>\n\t\t\t\t<\/div>\n\t\t<div class=\"elementor-element elementor-element-2c7e9b5 e-con-full below-hero-right e-flex e-con e-child\" data-id=\"2c7e9b5\" data-element_type=\"container\" data-e-type=\"container\">\n\t\t\t\t<div class=\"elementor-element elementor-element-2c1687f fitst-box elementor-widget elementor-widget-text-editor\" data-id=\"2c1687f\" data-element_type=\"widget\" data-e-type=\"widget\" id=\"what-is-luggage\" data-widget_type=\"text-editor.default\">\n\t\t\t\t<div class=\"elementor-widget-container\">\n\t\t\t\t\t\t\t\t\t<h3>1. Kas yra Baga\u017eo apsauga?<\/h3><p>Baga\u017eo apsauga, teikiama Blue Ribbon Bags (BRB), u\u017etikrina pagalb\u0105 ir kompensacij\u0105, jei j\u016bs\u0173 registruotas baga\u017eas v\u0117luoja arba yra pamestas. BRB aktyviai seka j\u016bs\u0173 baga\u017e\u0105 kartu su oro linijomis, o jei jis negr\u0105\u017einamas per 96 valandas, jums suteikiama kompensacija nuo \u20ac1,000 u\u017e keleiv\u012f \u2013 nepriklausomai nuo oro linij\u0173 sprendimo. <\/p>\t\t\t\t\t\t\t\t<\/div>\n\t\t\t\t<\/div>\n\t\t\t\t<div class=\"elementor-element elementor-element-7e69dcf fitst-box elementor-widget elementor-widget-text-editor\" data-id=\"7e69dcf\" data-element_type=\"widget\" data-e-type=\"widget\" id=\"how-doese\" data-widget_type=\"text-editor.default\">\n\t\t\t\t<div class=\"elementor-widget-container\">\n\t\t\t\t\t\t\t\t\t<h3>2. Kaip tai veikia?<\/h3><ul><li>Baga\u017eo apsauga \u012ftraukta \u012f j\u016bs\u0173 kelioni\u0173 prie\u017ei\u016bros plan\u0105..<\/li><li>U\u017eregistravus j\u016bs\u0173 skryd\u017eio duomenis, BRB realiuoju laiku stebi j\u016bs\u0173 registruot\u0105 baga\u017e\u0105.<\/li><li>Jei j\u016bs\u0173 baga\u017eas v\u0117luoja arba dingsta, BRB \u012fsiki\u0161a, kad j\u012f surast\u0173 ir koordinuot\u0173 veiksmus su oro linijomis.<\/li><li>Jei baga\u017eas negr\u0105\u017einamas per 96 valandas, gausite kompensacij\u0105 pagal savo plan\u0105, pradedant nuo \u20ac1,000.<\/li><\/ul>\t\t\t\t\t\t\t\t<\/div>\n\t\t\t\t<\/div>\n\t\t\t\t<div class=\"elementor-element elementor-element-69adfc7 elementor-widget elementor-widget-text-editor\" data-id=\"69adfc7\" data-element_type=\"widget\" data-e-type=\"widget\" id=\"how-do-i-activate-title\" data-widget_type=\"text-editor.default\">\n\t\t\t\t<div class=\"elementor-widget-container\">\n\t\t\t\t\t\t\t\t\t<h3>3. Kaip aktyvuoti SmartDelay?<\/h3>\t\t\t\t\t\t\t\t<\/div>\n\t\t\t\t<\/div>\n\t\t<div class=\"elementor-element elementor-element-0988c63 e-con-full e-flex e-con e-child\" data-id=\"0988c63\" data-element_type=\"container\" data-e-type=\"container\" id=\"how-do-i-activate\">\n\t\t\t\t<div class=\"elementor-element elementor-element-dbd1677 inner-box elementor-widget elementor-widget-text-editor\" data-id=\"dbd1677\" data-element_type=\"widget\" data-e-type=\"widget\" data-widget_type=\"text-editor.default\">\n\t\t\t\t<div class=\"elementor-widget-container\">\n\t\t\t\t\t\t\t\t\t<h4><strong>1.<\/strong> <\/h4><p>\u012esigijus Travel Care paslaug\u0105 ir pateikus skryd\u017eio duomenis (PNR, keleivi\u0173 vardus ir pavardes, kelion\u0117s datas), jie automati\u0161kai i\u0161siun\u010diami BRB.<\/p>\t\t\t\t\t\t\t\t<\/div>\n\t\t\t\t<\/div>\n\t\t\t\t<div class=\"elementor-element elementor-element-9000b08 inner-box elementor-widget elementor-widget-text-editor\" data-id=\"9000b08\" data-element_type=\"widget\" data-e-type=\"widget\" data-widget_type=\"text-editor.default\">\n\t\t\t\t<div class=\"elementor-widget-container\">\n\t\t\t\t\t\t\t\t\t<h4><strong>2.<\/strong> <\/h4><p>BRB sudaro paslaug\u0173 teikimo sutart\u012f ir i\u0161siun\u010dia j\u0105 jums el. pa\u0161tu. J\u0105 sudaro: <\/p><ul><li>J\u016bs\u0173 BRB patvirtinimo numeris.<\/li><li>Nuoroda, skirta prane\u0161ti apie bet kok\u012f baga\u017eo v\u0117lavim\u0105.<\/li><\/ul>\t\t\t\t\t\t\t\t<\/div>\n\t\t\t\t<\/div>\n\t\t\t\t<div class=\"elementor-element elementor-element-54d83e3 inner-box elementor-widget elementor-widget-text-editor\" data-id=\"54d83e3\" data-element_type=\"widget\" data-e-type=\"widget\" data-widget_type=\"text-editor.default\">\n\t\t\t\t<div class=\"elementor-widget-container\">\n\t\t\t\t\t\t\t\t\t<h4><strong>3.<\/strong> <\/h4><p>Saugokite \u0161\u012f el. lai\u0161k\u0105 \u2013 jame yra visa reikalinga informacija, jei kilt\u0173 problem\u0173 d\u0117l baga\u017eo.<\/p>\t\t\t\t\t\t\t\t<\/div>\n\t\t\t\t<\/div>\n\t\t\t\t<\/div>\n\t\t\t\t<div class=\"elementor-element elementor-element-530ef87 elementor-widget elementor-widget-text-editor\" data-id=\"530ef87\" data-element_type=\"widget\" data-e-type=\"widget\" id=\"what-shuld-i-do-title\" data-widget_type=\"text-editor.default\">\n\t\t\t\t<div class=\"elementor-widget-container\">\n\t\t\t\t\t\t\t\t\t<h3>4. K\u0105 daryti, jei mano baga\u017eas v\u0117luoja ar yra pamestas?<\/h3>\t\t\t\t\t\t\t\t<\/div>\n\t\t\t\t<\/div>\n\t\t<div class=\"elementor-element elementor-element-7eefffc e-con-full e-flex e-con e-child\" data-id=\"7eefffc\" data-element_type=\"container\" data-e-type=\"container\" id=\"what-shuld-i-do\">\n\t\t\t\t<div class=\"elementor-element elementor-element-4f7e3e9 inner-box elementor-widget elementor-widget-text-editor\" data-id=\"4f7e3e9\" data-element_type=\"widget\" data-e-type=\"widget\" data-widget_type=\"text-editor.default\">\n\t\t\t\t<div class=\"elementor-widget-container\">\n\t\t\t\t\t\t\t\t\t<h4><strong>1.<\/strong> <\/h4><p>Nedelsdami prane\u0161kite oro linijoms baga\u017eo atsi\u0117mimo skyriuje. Gaukite turto pa\u017eeidim\u0173 ataskait\u0105 (PIR). <\/p>\t\t\t\t\t\t\t\t<\/div>\n\t\t\t\t<\/div>\n\t\t\t\t<div class=\"elementor-element elementor-element-a1d2952 inner-box elementor-widget elementor-widget-text-editor\" data-id=\"a1d2952\" data-element_type=\"widget\" data-e-type=\"widget\" data-widget_type=\"text-editor.default\">\n\t\t\t\t<div class=\"elementor-widget-container\">\n\t\t\t\t\t\t\t\t\t<h4><strong>2.<\/strong> <\/h4><p>Eikite \u012f nuorod\u0105, pateikt\u0105 j\u016bs\u0173 BRB patvirtinimo el. lai\u0161ke.<\/p>\t\t\t\t\t\t\t\t<\/div>\n\t\t\t\t<\/div>\n\t\t\t\t<div class=\"elementor-element elementor-element-f234243 inner-box elementor-widget elementor-widget-text-editor\" data-id=\"f234243\" data-element_type=\"widget\" data-e-type=\"widget\" data-widget_type=\"text-editor.default\">\n\t\t\t\t<div class=\"elementor-widget-container\">\n\t\t\t\t\t\t\t\t\t<h4><strong>3.<\/strong> <\/h4><p>Pateikite<\/p><ul><li>Savo PIR numer\u012f.<\/li><li>Savo BRB patvirtinimo numer\u012f.<\/li><\/ul>\t\t\t\t\t\t\t\t<\/div>\n\t\t\t\t<\/div>\n\t\t\t\t<div class=\"elementor-element elementor-element-b11641f inner-box elementor-widget elementor-widget-text-editor\" data-id=\"b11641f\" data-element_type=\"widget\" data-e-type=\"widget\" id=\"what-shuld-i-do\" data-widget_type=\"text-editor.default\">\n\t\t\t\t<div class=\"elementor-widget-container\">\n\t\t\t\t\t\t\t\t\t<h4><strong>4.<\/strong> <\/h4><p>BRB prad\u0117s sekti j\u016bs\u0173 baga\u017e\u0105 ir teikti atnaujinimus.<\/p>\t\t\t\t\t\t\t\t<\/div>\n\t\t\t\t<\/div>\n\t\t\t\t<\/div>\n\t\t\t\t<div class=\"elementor-element elementor-element-50d82f2 fitst-box elementor-widget elementor-widget-text-editor\" data-id=\"50d82f2\" data-element_type=\"widget\" data-e-type=\"widget\" id=\"what-is-the\" data-widget_type=\"text-editor.default\">\n\t\t\t\t<div class=\"elementor-widget-container\">\n\t\t\t\t\t\t\t\t\t<h3>5. Kokia yra draudimo suma?<\/h3><ul><li>Draudimo suma prasideda nuo \u20ac1,000 vienam keleiviui, jei j\u016bs\u0173 baga\u017eas negr\u0105\u017einamas per 96 valandas nuo numatyto atvykimo.<\/li><li>Tiksli draudimo suma priklauso nuo j\u016bs\u0173 kelion\u0117s prie\u017ei\u016bros plano.<\/li><\/ul>\t\t\t\t\t\t\t\t<\/div>\n\t\t\t\t<\/div>\n\t\t\t\t<div class=\"elementor-element elementor-element-c70c598 fitst-box elementor-widget elementor-widget-text-editor\" data-id=\"c70c598\" data-element_type=\"widget\" data-e-type=\"widget\" id=\"how-will-i\" data-widget_type=\"text-editor.default\">\n\t\t\t\t<div class=\"elementor-widget-container\">\n\t\t\t\t\t\t\t\t\t<h3>6. Kaip gausiu kompensacij\u0105?<\/h3><p>Jei baga\u017eas nepristatomas per nustatyt\u0105 laikotarp\u012f, BRB i\u0161moka sum\u0105 tiesiogiai jums, nepriklausomai nuo to, ar oro linijos moka kompensacij\u0105.<\/p>\t\t\t\t\t\t\t\t<\/div>\n\t\t\t\t<\/div>\n\t\t\t\t<div class=\"elementor-element elementor-element-856c4a5 fitst-box elementor-widget elementor-widget-text-editor\" data-id=\"856c4a5\" data-element_type=\"widget\" data-e-type=\"widget\" id=\"does-this-replace\" data-widget_type=\"text-editor.default\">\n\t\t\t\t<div class=\"elementor-widget-container\">\n\t\t\t\t\t\t\t\t\t<h3>7. Ar tai pakei\u010dia oro linij\u0173 kompensacij\u0105?<\/h3><p>Ne. Tai papildoma nauda, galiojanti kartu su bet kokia oro linij\u0173 mokama kompensacija. <\/p>\t\t\t\t\t\t\t\t<\/div>\n\t\t\t\t<\/div>\n\t\t\t\t<div class=\"elementor-element elementor-element-c104610 fitst-box elementor-widget elementor-widget-text-editor\" data-id=\"c104610\" data-element_type=\"widget\" data-e-type=\"widget\" id=\"is-there-a-limit\" data-widget_type=\"text-editor.default\">\n\t\t\t\t<div class=\"elementor-widget-container\">\n\t\t\t\t\t\t\t\t\t<h3>8. Ar yra naudojimo ribojim\u0173?<\/h3><p>Baga\u017eo apsauga taikoma kiekvienam tinkamam skryd\u017eiui pagal j\u016bs\u0173 aktyv\u0173 Travel Care plan\u0105, visiems keleiviams, \u012ftrauktiems \u012f rezervacij\u0105.<\/p>\t\t\t\t\t\t\t\t<\/div>\n\t\t\t\t<\/div>\n\t\t\t\t<\/div>\n\t\t\t\t<\/div>\n\t\t\t\t<\/div>\n\t\t\t\t\t<\/div>\n\t\t\t\t<\/div>\n\t\t\t\t<\/div>\n\t\t","protected":false},"excerpt":{"rendered":"<p>Baga\u017eo apsaugos DUK Klausimai 1. Kas yra Baga\u017eo apsauga? 2. Kaip tai veikia? 3. Kaip aktyvuoti Baga\u017eo apsaug\u0105? 4. K\u0105 daryti, jei mano baga\u017eas v\u0117luoja ar yra pamestas? 5. Kokia yra draudimo suma? 6. Kaip gausiu kompensacij\u0105? 7. Ar tai pakei\u010dia oro linij\u0173 kompensacij\u0105? 8. Ar yra naudojimo ribojim\u0173? 1. Kas yra Baga\u017eo apsauga? Baga\u017eo [&hellip;]<\/p>\n","protected":false},"author":1,"featured_media":0,"parent":0,"menu_order":0,"comment_status":"closed","ping_status":"closed","template":"","meta":{"footnotes":""},"class_list":["post-3998","page","type-page","status-publish","hentry"],"_links":{"self":[{"href":"https:\/\/travelwithcare.io\/lt\/wp-json\/wp\/v2\/pages\/3998","targetHints":{"allow":["GET"]}}],"collection":[{"href":"https:\/\/travelwithcare.io\/lt\/wp-json\/wp\/v2\/pages"}],"about":[{"href":"https:\/\/travelwithcare.io\/lt\/wp-json\/wp\/v2\/types\/page"}],"author":[{"embeddable":true,"href":"https:\/\/travelwithcare.io\/lt\/wp-json\/wp\/v2\/users\/1"}],"replies":[{"embeddable":true,"href":"https:\/\/travelwithcare.io\/lt\/wp-json\/wp\/v2\/comments?post=3998"}],"version-history":[{"count":1,"href":"https:\/\/travelwithcare.io\/lt\/wp-json\/wp\/v2\/pages\/3998\/revisions"}],"predecessor-version":[{"id":3999,"href":"https:\/\/travelwithcare.io\/lt\/wp-json\/wp\/v2\/pages\/3998\/revisions\/3999"}],"wp:attachment":[{"href":"https:\/\/travelwithcare.io\/lt\/wp-json\/wp\/v2\/media?parent=3998"}],"curies":[{"name":"wp","href":"https:\/\/api.w.org\/{rel}","templated":true}]}}