{"id":3046,"date":"2025-08-04T06:47:39","date_gmt":"2025-08-04T06:47:39","guid":{"rendered":"http:\/\/104.248.20.184:8000\/delayed-flight-compensation\/"},"modified":"2025-09-23T11:52:49","modified_gmt":"2025-09-23T11:52:49","slug":"delayed-flight-compensation","status":"publish","type":"page","link":"https:\/\/travelwithcare.io\/lt\/delayed-flight-compensation\/","title":{"rendered":"Kompensacija u\u017e skryd\u017eio v\u0117lavim\u0105"},"content":{"rendered":"\t\t<div data-elementor-type=\"wp-page\" data-elementor-id=\"3046\" class=\"elementor elementor-3046 elementor-1921\" data-elementor-post-type=\"page\">\n\t\t\t\t<div class=\"elementor-element elementor-element-1144085 e-flex e-con-boxed e-con e-parent\" data-id=\"1144085\" data-element_type=\"container\" data-e-type=\"container\" id=\"hero-section\" data-settings=\"{&quot;background_background&quot;:&quot;classic&quot;}\">\n\t\t\t\t\t<div class=\"e-con-inner\">\n\t\t<div class=\"elementor-element elementor-element-7655a3d e-con-full hero-section e-flex e-con e-child\" data-id=\"7655a3d\" data-element_type=\"container\" data-e-type=\"container\">\n\t\t\t\t<div class=\"elementor-element elementor-element-d40c3b3 elementor-widget elementor-widget-image\" data-id=\"d40c3b3\" data-element_type=\"widget\" data-e-type=\"widget\" data-widget_type=\"image.default\">\n\t\t\t\t<div class=\"elementor-widget-container\">\n\t\t\t\t\t\t\t\t\t\t\t\t\t\t\t<img decoding=\"async\" width=\"51\" height=\"51\" src=\"https:\/\/travelwithcare.io\/wp-content\/uploads\/2025\/08\/Primary-large-button.png\" class=\"attachment-full size-full wp-image-1928\" alt=\"\" \/>\t\t\t\t\t\t\t\t\t\t\t\t\t\t\t<\/div>\n\t\t\t\t<\/div>\n\t\t\t\t<div class=\"elementor-element elementor-element-162de95 elementor-widget__width-initial elementor-widget elementor-widget-text-editor\" data-id=\"162de95\" data-element_type=\"widget\" data-e-type=\"widget\" data-widget_type=\"text-editor.default\">\n\t\t\t\t<div class=\"elementor-widget-container\">\n\t\t\t\t\t\t\t\t\t<h1><span class=\"NormalTextRun ContextualSpellingAndGrammarErrorV2Themed GrammarErrorHighlight SCXW68206312 BCX0\">Kompensacija<\/span> <span class=\"NormalTextRun SCXW68206312 BCX0\">u\u017e<\/span> <span class=\"NormalTextRun SCXW68206312 BCX0\">skryd\u017eio v\u0117lavim\u0105<\/span><\/h1><p><span style=\"white-space-collapse: preserve;\">Jeigu j\u016bs\u0173 skrydis v\u0117lavo, galite tur\u0117ti teis\u0119 \u012f kompensacij\u0105 u\u017e papildomas i\u0161laidas, tokias kaip maistas, vie\u0161bu\u010dio nakvyn\u0117 ar papildomos kelion\u0117s i\u0161laidos. Kai kuriais atvejais galite gauti kompensacij\u0105 ir u\u017e prarast\u0105 laik\u0105, ypa\u010d jei v\u0117lavimas truko kelias valandas. <\/span><\/p><p><span style=\"white-space-collapse: preserve;\">Aktyvav\u0119 TravelCare bent 24 valandas iki skryd\u017eio, j\u016bs nemok\u0117site joki\u0173 mokes\u010di\u0173 ar komisini\u0173 teikdami ie\u0161kin\u012f per Skycop skryd\u017eio sutrikimo atveju.<\/span><\/p>\t\t\t\t\t\t\t\t<\/div>\n\t\t\t\t<\/div>\n\t\t\t\t<\/div>\n\t\t\t\t\t<\/div>\n\t\t\t\t<\/div>\n\t\t<div class=\"elementor-element elementor-element-6020c9b below-hero-section e-flex e-con-boxed e-con e-parent\" data-id=\"6020c9b\" data-element_type=\"container\" data-e-type=\"container\">\n\t\t\t\t\t<div class=\"e-con-inner\">\n\t\t<div class=\"elementor-element elementor-element-5e3f2d1 e-con-full below-hero-section e-flex e-con e-child\" data-id=\"5e3f2d1\" data-element_type=\"container\" data-e-type=\"container\">\n\t\t<div class=\"elementor-element elementor-element-07b53ec e-con-full e-flex e-con e-child\" data-id=\"07b53ec\" data-element_type=\"container\" data-e-type=\"container\" id=\"sticky\">\n\t\t\t\t<div class=\"elementor-element elementor-element-1d7d1e9 sidebar-navigation elementor-widget elementor-widget-html\" data-id=\"1d7d1e9\" data-element_type=\"widget\" data-e-type=\"widget\" data-widget_type=\"html.default\">\n\t\t\t\t<div class=\"elementor-widget-container\">\n\t\t\t\t\t<h3>Turinys<\/h3>\n<div class=\"inner-links-nav\">\n    <div class=\"scroll-indicator-bg\">\n    <div class=\"scroll-indicator-fill\"><\/div>\n<\/div>\n<ul>\n    <li><a href=\"#hero-section\">Skryd\u017eio v\u0117lavimo kompensacija<\/a><\/li>\n    <li><a href=\"#flight-delay\">Kokie yra skryd\u017eio v\u0117lavimo kompensacijos reglamentai?<\/a><\/li>\n    <li><a href=\"#compensation\">Toliau pateikiamas kompensacijos u\u017e atid\u0117t\u0105 skryd\u012f reglamentas<\/a><\/li>\n<\/ul>\n<\/div>\t\t\t\t<\/div>\n\t\t\t\t<\/div>\n\t\t\t\t<\/div>\n\t\t<div class=\"elementor-element elementor-element-1061d8b e-con-full below-hero-right e-flex e-con e-child\" data-id=\"1061d8b\" data-element_type=\"container\" data-e-type=\"container\">\n\t\t\t\t<div class=\"elementor-element elementor-element-8dc699d fitst-box elementor-widget elementor-widget-text-editor\" data-id=\"8dc699d\" data-element_type=\"widget\" data-e-type=\"widget\" id=\"flight-delay\" data-widget_type=\"text-editor.default\">\n\t\t\t\t<div class=\"elementor-widget-container\">\n\t\t\t\t\t\t\t\t\t<h3>Kokie yra skryd\u017eio v\u0117lavimo kompensacijos reglamentai?<\/h3><p>ES oro keleivi\u0173 teisi\u0173 reglamentas taikomas visiems skryd\u017eiams, i\u0161vykstantiems i\u0161 ES oro uost\u0173 arba atvykstantiems \u012f ES oro uostus, kuriuos vykdo ES registruotos oro linijos. Po Brexit tas pats teis\u0117s aktas buvo nukopijuotas \u012f Did\u017eiosios Britanijos teis\u0119 kaip JK 261, tod\u0117l keleiviai Jungtin\u0117je Karalyst\u0117je vis tiek gali reikalauti kompensacijos pagal tas pa\u010dias taisykles. <\/p><p>B\u016btent \u0161iuos reglamentus Skycop naudoja, pateikdama ie\u0161kinius j\u016bs\u0173 vardu. Susipa\u017einkite su pagrindin\u0117mis teis\u0117s nuostatomis prie\u0161 kelion\u0119, kad \u017einotum\u0117te savo teises skryd\u017eio v\u0117lavimo atveju. <\/p>\t\t\t\t\t\t\t\t<\/div>\n\t\t\t\t<\/div>\n\t\t\t\t<div class=\"elementor-element elementor-element-20edf1c elementor-widget elementor-widget-text-editor\" data-id=\"20edf1c\" data-element_type=\"widget\" data-e-type=\"widget\" id=\"compensation\" data-widget_type=\"text-editor.default\">\n\t\t\t\t<div class=\"elementor-widget-container\">\n\t\t\t\t\t\t\t\t\t<h3>Kompensacija u\u017e v\u0117luojant\u012f skryd\u012f yra tokia<\/h3>\t\t\t\t\t\t\t\t<\/div>\n\t\t\t\t<\/div>\n\t\t<div class=\"elementor-element elementor-element-2e16676 e-grid e-con-full e-con e-child\" data-id=\"2e16676\" data-element_type=\"container\" data-e-type=\"container\">\n\t\t\t\t<div class=\"elementor-element elementor-element-35fdec9 inner-box elementor-widget elementor-widget-text-editor\" data-id=\"35fdec9\" data-element_type=\"widget\" data-e-type=\"widget\" data-widget_type=\"text-editor.default\">\n\t\t\t\t<div class=\"elementor-widget-container\">\n\t\t\t\t\t\t\t\t\t<h4>Iki 1 500 km<\/h4><p>250\u20ac (\u00a3220) u\u017e v\u0117lavim\u0105 vir\u0161 3-j\u0173 valand\u0173 arba jei skrydis visai ne\u012fvyko<\/p>\t\t\t\t\t\t\t\t<\/div>\n\t\t\t\t<\/div>\n\t\t\t\t<div class=\"elementor-element elementor-element-558b054 inner-box elementor-widget elementor-widget-text-editor\" data-id=\"558b054\" data-element_type=\"widget\" data-e-type=\"widget\" data-widget_type=\"text-editor.default\">\n\t\t\t\t<div class=\"elementor-widget-container\">\n\t\t\t\t\t\t\t\t\t<h4>Daugiau kaip 1,500 km (ES viduje)<\/h4><p>400\u20ac (\u00a3350) u\u017e v\u0117lavim\u0105 vir\u0161 3-j\u0173 valand\u0173 arba jei skrydis visai ne\u012fvyko<\/p>\t\t\t\t\t\t\t\t<\/div>\n\t\t\t\t<\/div>\n\t\t\t\t<\/div>\n\t\t<div class=\"elementor-element elementor-element-40ee4d1 e-grid e-con-full e-con e-child\" data-id=\"40ee4d1\" data-element_type=\"container\" data-e-type=\"container\">\n\t\t\t\t<div class=\"elementor-element elementor-element-774b653 inner-box elementor-widget elementor-widget-text-editor\" data-id=\"774b653\" data-element_type=\"widget\" data-e-type=\"widget\" data-widget_type=\"text-editor.default\">\n\t\t\t\t<div class=\"elementor-widget-container\">\n\t\t\t\t\t\t\t\t\t<h4>Skryd\u017eiai tarp 1,500\u20133,500 km (tarptautiniai)<\/h4><p>400\u20ac u\u017e v\u0117lavim\u0105 vir\u0161 3-j\u0173 valand\u0173<\/p>\t\t\t\t\t\t\t\t<\/div>\n\t\t\t\t<\/div>\n\t\t\t\t<div class=\"elementor-element elementor-element-2784bad inner-box elementor-widget elementor-widget-text-editor\" data-id=\"2784bad\" data-element_type=\"widget\" data-e-type=\"widget\" data-widget_type=\"text-editor.default\">\n\t\t\t\t<div class=\"elementor-widget-container\">\n\t\t\t\t\t\t\t\t\t<h4>Skryd\u017eiai daugiau kaip 3,500 km (tarptautiniai)<\/h4><ul><li>300\u20ac u\u017e 3\u20134-i\u0173 valand\u0173 v\u0117lavim\u0105.<\/li><li>600\u20ac u\u017e daugiau kaip 4-i\u0173 valand\u0173 v\u0117lavim\u0105 arba jei skrydis visai ne\u012fvyko<\/li><\/ul>\t\t\t\t\t\t\t\t<\/div>\n\t\t\t\t<\/div>\n\t\t\t\t<\/div>\n\t\t\t\t<\/div>\n\t\t\t\t<\/div>\n\t\t\t\t\t<\/div>\n\t\t\t\t<\/div>\n\t\t<div class=\"elementor-element elementor-element-ec36e31 e-flex e-con-boxed e-con e-parent\" data-id=\"ec36e31\" data-element_type=\"container\" data-e-type=\"container\">\n\t\t\t\t\t<div class=\"e-con-inner\">\n\t\t\t\t<div class=\"elementor-element elementor-element-f9bf357 hidden elementor-widget elementor-widget-html\" data-id=\"f9bf357\" data-element_type=\"widget\" data-e-type=\"widget\" data-widget_type=\"html.default\">\n\t\t\t\t<div class=\"elementor-widget-container\">\n\t\t\t\t\t<script>document.addEventListener('DOMContentLoaded', function () {\n  const HEADER_OFFSET = 150; \/\/ visina fiksiranog headera\n  const navItems = Array.from(document.querySelectorAll('.sidebar-navigation ul li'));\n  const navLinks = Array.from(document.querySelectorAll('.sidebar-navigation ul li a'));\n\n  \/\/ Smooth scroll\n  navLinks.forEach(a => {\n    a.addEventListener('click', function (e) {\n      const href = a.getAttribute('href');\n      if (!href || !href.startsWith('#')) return;\n      const target = document.querySelector(href);\n      if (!target) return;\n      e.preventDefault();\n      const top = target.getBoundingClientRect().top + window.scrollY - HEADER_OFFSET;\n      window.scrollTo({ top, behavior: 'smooth' });\n    });\n  });\n\n  \/\/ Mapiranje sekcija\n  const sections = navLinks.map((a, index) => {\n    const sel = a.getAttribute('href');\n    const el  = sel ? document.querySelector(sel) : null;\n    return { el, index };\n  }).filter(s => s.el);\n\n  function getHeightWithMargin(el){\n    const cs = window.getComputedStyle(el);\n    return el.offsetHeight + (parseFloat(cs.marginTop)||0) + (parseFloat(cs.marginBottom)||0);\n  }\n\n  function updateFill(){\n    const fill = document.querySelector('.scroll-indicator-fill');\n    if (!fill) return;\n    let lastIdx = -1;\n    navItems.forEach((li, i) => { if (li.classList.contains('active')) lastIdx = i; });\n    if (lastIdx < 0) { fill.style.height = '0px'; return; }\n    let sum = 0;\n    for (let i = 0; i <= lastIdx; i++) sum += getHeightWithMargin(navItems[i]);\n    fill.style.height = sum + 'px';\n  }\n\n  function setActive(index, on){\n    const li = navItems[index];\n    if (!li) return;\n    li.classList.toggle('active', !!on);\n  }\n\n  \/\/ IntersectionObserver: NE skidaj active kad ode preko GORNJE linije\n  if ('IntersectionObserver' in window) {\n    const indexById = Object.create(null);\n    sections.forEach(s => { if (s.el.id) indexById[s.el.id] = s.index; });\n\n    const io = new IntersectionObserver((entries) => {\n      const vh = window.innerHeight || document.documentElement.clientHeight;\n      entries.forEach(entry => {\n        const idx = indexById[entry.target.id];\n        if (idx === undefined) return;\n\n        if (entry.isIntersecting) {\n          \/\/ \u010dim u\u0111e ispod header linije -> aktiviraj\n          setActive(idx, true);\n        } else {\n          \/\/ nije u preseku \u2014 odlu\u010di da li da SKINE\u0160 active\n          const top = entry.boundingClientRect.top;\n\n          \/\/ Ako je oti\u0161lo ispod dna (pri skrolu navi\u0161e) -> skini active\n          if (top >= vh) {\n            setActive(idx, false);\n          }\n          \/\/ Ako je oti\u0161lo iznad header linije -> NE diraj (ostaje aktivno)\n          \/\/ else if (top <= HEADER_OFFSET) { \/\/ namerno prazno }\n        }\n      });\n      updateFill();\n    }, {\n      root: null,\n      rootMargin: `-${HEADER_OFFSET}px 0px 0px 0px`,\n      threshold: 0\n    });\n\n    sections.forEach(s => io.observe(s.el));\n  } else {\n    \/\/ Fallback: ne skidaj active kada ode iznad, samo kad ode ispod dna\n    function onScroll(){\n      const vh = window.innerHeight || document.documentElement.clientHeight;\n      const topLimit = HEADER_OFFSET;\n      sections.forEach(({ el, index }) => {\n        const r = el.getBoundingClientRect();\n        const visible = r.bottom > topLimit && r.top < vh;\n\n        if (visible) {\n          setActive(index, true);\n        } else {\n          \/\/ oti\u0161lo ispod dna? (pri skrolu navi\u0161e)\n          if (r.top >= vh) setActive(index, false);\n          \/\/ oti\u0161lo iznad topLimit -> ne diramo (ostaje active)\n        }\n      });\n      updateFill();\n    }\n    window.addEventListener('scroll', onScroll, { passive: true });\n    onScroll();\n  }\n\n  \/\/ inicijalni fill\n  updateFill();\n});\n<\/script>\t\t\t\t<\/div>\n\t\t\t\t<\/div>\n\t\t\t\t\t<\/div>\n\t\t\t\t<\/div>\n\t\t\t\t<\/div>\n\t\t","protected":false},"excerpt":{"rendered":"<p>Kompensacija u\u017e skryd\u017eio v\u0117lavim\u0105 Jeigu j\u016bs\u0173 skrydis v\u0117lavo, galite tur\u0117ti teis\u0119 \u012f kompensacij\u0105 u\u017e papildomas i\u0161laidas, tokias kaip maistas, vie\u0161bu\u010dio nakvyn\u0117 ar papildomos kelion\u0117s i\u0161laidos. Kai kuriais atvejais galite gauti kompensacij\u0105 ir u\u017e prarast\u0105 laik\u0105, ypa\u010d jei v\u0117lavimas truko kelias valandas. Aktyvav\u0119 TravelCare bent 24 valandas iki skryd\u017eio, j\u016bs nemok\u0117site joki\u0173 mokes\u010di\u0173 ar komisini\u0173 teikdami [&hellip;]<\/p>\n","protected":false},"author":1,"featured_media":0,"parent":0,"menu_order":0,"comment_status":"closed","ping_status":"closed","template":"","meta":{"footnotes":""},"class_list":["post-3046","page","type-page","status-publish","hentry"],"_links":{"self":[{"href":"https:\/\/travelwithcare.io\/lt\/wp-json\/wp\/v2\/pages\/3046","targetHints":{"allow":["GET"]}}],"collection":[{"href":"https:\/\/travelwithcare.io\/lt\/wp-json\/wp\/v2\/pages"}],"about":[{"href":"https:\/\/travelwithcare.io\/lt\/wp-json\/wp\/v2\/types\/page"}],"author":[{"embeddable":true,"href":"https:\/\/travelwithcare.io\/lt\/wp-json\/wp\/v2\/users\/1"}],"replies":[{"embeddable":true,"href":"https:\/\/travelwithcare.io\/lt\/wp-json\/wp\/v2\/comments?post=3046"}],"version-history":[{"count":4,"href":"https:\/\/travelwithcare.io\/lt\/wp-json\/wp\/v2\/pages\/3046\/revisions"}],"predecessor-version":[{"id":4002,"href":"https:\/\/travelwithcare.io\/lt\/wp-json\/wp\/v2\/pages\/3046\/revisions\/4002"}],"wp:attachment":[{"href":"https:\/\/travelwithcare.io\/lt\/wp-json\/wp\/v2\/media?parent=3046"}],"curies":[{"name":"wp","href":"https:\/\/api.w.org\/{rel}","templated":true}]}}