{"id":7649,"date":"2025-11-10T12:54:36","date_gmt":"2025-11-10T12:54:36","guid":{"rendered":"http:\/\/104.248.20.184:8000\/um-okkur\/"},"modified":"2025-11-17T10:34:28","modified_gmt":"2025-11-17T10:34:28","slug":"um-okkur","status":"publish","type":"page","link":"https:\/\/travelwithcare.io\/is\/um-okkur\/","title":{"rendered":"Um okkur"},"content":{"rendered":"\t\t<div data-elementor-type=\"wp-page\" data-elementor-id=\"7649\" class=\"elementor elementor-7649 elementor-7188\" data-elementor-post-type=\"page\">\n\t\t\t\t<div class=\"elementor-element elementor-element-f2d30ef e-con-full e-flex e-con e-parent\" data-id=\"f2d30ef\" data-element_type=\"container\" data-e-type=\"container\">\n\t\t<div class=\"elementor-element elementor-element-c895846 e-flex e-con-boxed e-con e-child\" data-id=\"c895846\" data-element_type=\"container\" data-e-type=\"container\" data-settings=\"{&quot;background_background&quot;:&quot;classic&quot;}\">\n\t\t\t\t\t<div class=\"e-con-inner\">\n\t\t<div class=\"elementor-element elementor-element-de0725e e-con-full hero-section e-flex e-con e-child\" data-id=\"de0725e\" data-element_type=\"container\" data-e-type=\"container\">\n\t\t\t\t<div class=\"elementor-element elementor-element-3a42fa5 elementor-widget__width-initial elementor-widget elementor-widget-image\" data-id=\"3a42fa5\" data-element_type=\"widget\" data-e-type=\"widget\" data-widget_type=\"image.default\">\n\t\t\t\t<div class=\"elementor-widget-container\">\n\t\t\t\t\t\t\t\t\t\t\t\t\t\t\t<img decoding=\"async\" width=\"51\" height=\"51\" src=\"https:\/\/travelwithcare.io\/wp-content\/uploads\/2025\/11\/Primary-large-button-3.png\" class=\"attachment-full size-full wp-image-7048\" alt=\"\" \/>\t\t\t\t\t\t\t\t\t\t\t\t\t\t\t<\/div>\n\t\t\t\t<\/div>\n\t\t\t\t<div class=\"elementor-element elementor-element-3678aba elementor-widget__width-initial elementor-widget elementor-widget-text-editor\" data-id=\"3678aba\" data-element_type=\"widget\" data-e-type=\"widget\" data-widget_type=\"text-editor.default\">\n\t\t\t\t<div class=\"elementor-widget-container\">\n\t\t\t\t\t\t\t\t\t<h1>Um okkur<\/h1><p>TravelCare er hagkv\u00e6m fer\u00f0avernd fyrir flug sem er h\u00f6nnu\u00f0 til a\u00f0 tryggja hn\u00f6kralausa og \u00f6rugga fer\u00f0aupplifun. Me\u00f0 \u00fev\u00ed a\u00f0 kaupa TravelCare tryggir \u00fe\u00fa a\u00f0 f\u00e1 fulla b\u00f3taupph\u00e6\u00f0 ef flug seinkar, er afl\u00fdst e\u00f0a ef \u00fe\u00e9r er neita\u00f0 um a\u00f0 fara um bor\u00f0. Me\u00f0 TravelCare f\u00e6r\u00f0u einnig aukin fr\u00ed\u00f0indi eins og \u00f3keypis a\u00f0gang a\u00f0 vi\u00f0skiptafarr\u00fdmisstofu ef tafir vara lengi, \u00f3keypis eSIM og fleiri kosti.  <\/p>\t\t\t\t\t\t\t\t<\/div>\n\t\t\t\t<\/div>\n\t\t\t\t<\/div>\n\t\t<div class=\"elementor-element elementor-element-590f074 e-con-full e-flex e-con e-child\" data-id=\"590f074\" data-element_type=\"container\" data-e-type=\"container\">\n\t\t\t\t<div class=\"elementor-element elementor-element-ea50959 elementor-widget elementor-widget-image\" data-id=\"ea50959\" data-element_type=\"widget\" data-e-type=\"widget\" data-widget_type=\"image.default\">\n\t\t\t\t<div class=\"elementor-widget-container\">\n\t\t\t\t\t\t\t\t\t\t\t\t\t\t\t<img fetchpriority=\"high\" decoding=\"async\" width=\"402\" height=\"398\" src=\"https:\/\/travelwithcare.io\/wp-content\/uploads\/2025\/11\/aboutus1.png\" class=\"attachment-full size-full wp-image-7210\" alt=\"\" srcset=\"https:\/\/travelwithcare.io\/wp-content\/uploads\/2025\/11\/aboutus1.png 402w, https:\/\/travelwithcare.io\/wp-content\/uploads\/2025\/11\/aboutus1-300x297.png 300w, https:\/\/travelwithcare.io\/wp-content\/uploads\/2025\/11\/aboutus1-150x150.png 150w\" sizes=\"(max-width: 402px) 100vw, 402px\" \/>\t\t\t\t\t\t\t\t\t\t\t\t\t\t\t<\/div>\n\t\t\t\t<\/div>\n\t\t\t\t<\/div>\n\t\t\t\t\t<\/div>\n\t\t\t\t<\/div>\n\t\t\t\t<\/div>\n\t\t<div class=\"elementor-element elementor-element-e193aec e-con-full bg-none e-flex e-con e-child\" data-id=\"e193aec\" data-element_type=\"container\" data-e-type=\"container\" data-settings=\"{&quot;background_background&quot;:&quot;classic&quot;}\">\n\t\t<div class=\"elementor-element elementor-element-1178ccd e-flex e-con-boxed e-con e-child\" data-id=\"1178ccd\" data-element_type=\"container\" data-e-type=\"container\" data-settings=\"{&quot;background_background&quot;:&quot;gradient&quot;}\">\n\t\t\t\t\t<div class=\"e-con-inner\">\n\t\t<div class=\"elementor-element elementor-element-bfa8cd1 e-con-full e-flex e-con e-child\" data-id=\"bfa8cd1\" data-element_type=\"container\" data-e-type=\"container\">\n\t\t\t\t<div class=\"elementor-element elementor-element-b76b986 elementor-widget elementor-widget-image\" data-id=\"b76b986\" data-element_type=\"widget\" data-e-type=\"widget\" data-widget_type=\"image.default\">\n\t\t\t\t<div class=\"elementor-widget-container\">\n\t\t\t\t\t\t\t\t\t\t\t\t\t\t\t<img decoding=\"async\" width=\"402\" height=\"398\" src=\"https:\/\/travelwithcare.io\/wp-content\/uploads\/2025\/11\/aboutus3.png\" class=\"attachment-full size-full wp-image-7261\" alt=\"\" srcset=\"https:\/\/travelwithcare.io\/wp-content\/uploads\/2025\/11\/aboutus3.png 402w, https:\/\/travelwithcare.io\/wp-content\/uploads\/2025\/11\/aboutus3-300x297.png 300w, https:\/\/travelwithcare.io\/wp-content\/uploads\/2025\/11\/aboutus3-150x150.png 150w\" sizes=\"(max-width: 402px) 100vw, 402px\" \/>\t\t\t\t\t\t\t\t\t\t\t\t\t\t\t<\/div>\n\t\t\t\t<\/div>\n\t\t\t\t<\/div>\n\t\t<div class=\"elementor-element elementor-element-677b39e e-con-full e-flex e-con e-child\" data-id=\"677b39e\" data-element_type=\"container\" data-e-type=\"container\">\n\t\t\t\t<div class=\"elementor-element elementor-element-fd66e08 elementor-widget__width-initial elementor-widget elementor-widget-text-editor\" data-id=\"fd66e08\" data-element_type=\"widget\" data-e-type=\"widget\" data-widget_type=\"text-editor.default\">\n\t\t\t\t<div class=\"elementor-widget-container\">\n\t\t\t\t\t\t\t\t\t<p>Ef truflun ver\u00f0ur \u00e1 fluginu vinnur TravelCare me\u00f0 Skycop til a\u00f0 sj\u00e1 um b\u00f3taums\u00f3kn \u00fe\u00edna og tryggja a\u00f0 \u00fe\u00fa f\u00e1ir alla upph\u00e6\u00f0ina \u00e1n gjalda e\u00f0a \u00fe\u00f3knana. Hvort sem \u00fe\u00fa ert a\u00f0 flj\u00faga innan ESB e\u00f0a \u00e1 al\u00fej\u00f3\u00f0av\u00edsu, veitir TravelCare \u00fe\u00e9r hugarr\u00f3 \u00fear sem \u00fe\u00fa veist a\u00f0 fer\u00f0in \u00fe\u00edn og b\u00f3tar\u00e9tturinn eru fullkomlega trygg\u00f0. <\/p>\t\t\t\t\t\t\t\t<\/div>\n\t\t\t\t<\/div>\n\t\t\t\t<div class=\"elementor-element elementor-element-3402c55 elementor-widget elementor-widget-heading\" data-id=\"3402c55\" data-element_type=\"widget\" data-e-type=\"widget\" data-widget_type=\"heading.default\">\n\t\t\t\t<div class=\"elementor-widget-container\">\n\t\t\t\t\t<h2 class=\"elementor-heading-title elementor-size-default\">Hvernig Skycop vinnur me\u00f0 TravelCare<\/h2>\t\t\t\t<\/div>\n\t\t\t\t<\/div>\n\t\t\t\t<div class=\"elementor-element elementor-element-91f25ab elementor-widget__width-initial elementor-widget elementor-widget-text-editor\" data-id=\"91f25ab\" data-element_type=\"widget\" data-e-type=\"widget\" data-widget_type=\"text-editor.default\">\n\t\t\t\t<div class=\"elementor-widget-container\">\n\t\t\t\t\t\t\t\t\t<p>\u00deegar \u00fe\u00fa kaupir TravelCare-fer\u00f0arvernd ertu ekki a\u00f0eins a\u00f0 tryggja \u00fe\u00e9r aukin fr\u00ed\u00f0indi heldur einnig fulla vernd ef truflun ver\u00f0ur \u00e1 fluginu. Me\u00f0 \u00fev\u00ed a\u00f0 virkja \u00fej\u00f3nustuna a\u00f0 minnsta kosti 24 klukkustundum fyrir flug f\u00e6r\u00f0u a\u00f0gang a\u00f0 \u00f6llum \u00feessum \u00e1vinningi. <\/p>\t\t\t\t\t\t\t\t<\/div>\n\t\t\t\t<\/div>\n\t\t\t\t<\/div>\n\t\t\t\t\t<\/div>\n\t\t\t\t<\/div>\n\t\t\t\t<\/div>\n\t\t<div class=\"elementor-element elementor-element-b8e7b7e e-con-full bg-none e-flex e-con e-child\" data-id=\"b8e7b7e\" data-element_type=\"container\" data-e-type=\"container\">\n\t\t<div class=\"elementor-element elementor-element-f532771 e-flex e-con-boxed e-con e-child\" data-id=\"f532771\" data-element_type=\"container\" data-e-type=\"container\">\n\t\t\t\t\t<div class=\"e-con-inner\">\n\t\t<div class=\"elementor-element elementor-element-6bcae0d e-con-full e-flex e-con e-child\" data-id=\"6bcae0d\" data-element_type=\"container\" data-e-type=\"container\" data-settings=\"{&quot;background_background&quot;:&quot;classic&quot;}\">\n\t\t\t\t<div class=\"elementor-element elementor-element-7d84683 elementor-widget elementor-widget-heading\" data-id=\"7d84683\" data-element_type=\"widget\" data-e-type=\"widget\" data-widget_type=\"heading.default\">\n\t\t\t\t<div class=\"elementor-widget-container\">\n\t\t\t\t\t<h2 class=\"elementor-heading-title elementor-size-default\">Svona vinna Skycop og TravelCare saman ef flug seinkar,<\/br> er afl\u00fdst e\u00f0a ofb\u00f3ka\u00f0:<\/h2>\t\t\t\t<\/div>\n\t\t\t\t<\/div>\n\t\t<div class=\"elementor-element elementor-element-6df228f e-con-full e-flex e-con e-child\" data-id=\"6df228f\" data-element_type=\"container\" data-e-type=\"container\">\n\t\t<div class=\"elementor-element elementor-element-3c2df45 e-con-full e-flex e-con e-child\" data-id=\"3c2df45\" data-element_type=\"container\" data-e-type=\"container\">\n\t\t\t\t<div class=\"elementor-element elementor-element-1ff94e9 elementor-widget elementor-widget-image\" data-id=\"1ff94e9\" data-element_type=\"widget\" data-e-type=\"widget\" data-widget_type=\"image.default\">\n\t\t\t\t<div class=\"elementor-widget-container\">\n\t\t\t\t\t\t\t\t\t\t\t\t\t\t\t<img loading=\"lazy\" decoding=\"async\" width=\"57\" height=\"57\" src=\"https:\/\/travelwithcare.io\/wp-content\/uploads\/2025\/04\/ico-flexible-coverage.svg\" class=\"attachment-full size-full wp-image-5371\" alt=\"\" \/>\t\t\t\t\t\t\t\t\t\t\t\t\t\t\t<\/div>\n\t\t\t\t<\/div>\n\t\t\t\t<div class=\"elementor-element elementor-element-432f8ec elementor-widget elementor-widget-heading\" data-id=\"432f8ec\" data-element_type=\"widget\" data-e-type=\"widget\" data-widget_type=\"heading.default\">\n\t\t\t\t<div class=\"elementor-widget-container\">\n\t\t\t\t\t<h3 class=\"elementor-heading-title elementor-size-default\">A\u00f0 s\u00e6kja um b\u00e6tur me\u00f0 Skycop:<\/h3>\t\t\t\t<\/div>\n\t\t\t\t<\/div>\n\t\t\t\t<div class=\"elementor-element elementor-element-fed9494 elementor-widget__width-initial elementor-widget elementor-widget-text-editor\" data-id=\"fed9494\" data-element_type=\"widget\" data-e-type=\"widget\" data-widget_type=\"text-editor.default\">\n\t\t\t\t<div class=\"elementor-widget-container\">\n\t\t\t\t\t\t\t\t\t<p>Eftir flugtruflun fer\u00f0 \u00fe\u00fa \u00e1 Skycop.com til a\u00f0 senda inn b\u00f3taums\u00f3knina \u00fe\u00edna. Kerfi\u00f0 \u00feekkir \u00feig sj\u00e1lfkrafa sem TravelCare-notanda, sem \u00fe\u00fd\u00f0ir a\u00f0 \u00fe\u00fa ert \u00feegar trygg\u00f0ur. Engar frekari uppl\u00fdsingar \u00fearf. \u00deetta einfalda ferli\u00f0 sparar t\u00edma.   <\/p>\t\t\t\t\t\t\t\t<\/div>\n\t\t\t\t<\/div>\n\t\t\t\t<\/div>\n\t\t<div class=\"elementor-element elementor-element-ee1fe2a e-con-full e-flex e-con e-child\" data-id=\"ee1fe2a\" data-element_type=\"container\" data-e-type=\"container\">\n\t\t\t\t<div class=\"elementor-element elementor-element-c6292da elementor-widget elementor-widget-image\" data-id=\"c6292da\" data-element_type=\"widget\" data-e-type=\"widget\" data-widget_type=\"image.default\">\n\t\t\t\t<div class=\"elementor-widget-container\">\n\t\t\t\t\t\t\t\t\t\t\t\t\t\t\t<img loading=\"lazy\" decoding=\"async\" width=\"68\" height=\"68\" src=\"https:\/\/travelwithcare.io\/wp-content\/uploads\/2025\/07\/icon-cfc.svg\" class=\"attachment-full size-full wp-image-5385\" alt=\"\" \/>\t\t\t\t\t\t\t\t\t\t\t\t\t\t\t<\/div>\n\t\t\t\t<\/div>\n\t\t\t\t<div class=\"elementor-element elementor-element-87dac35 elementor-widget elementor-widget-heading\" data-id=\"87dac35\" data-element_type=\"widget\" data-e-type=\"widget\" data-widget_type=\"heading.default\">\n\t\t\t\t<div class=\"elementor-widget-container\">\n\t\t\t\t\t<h3 class=\"elementor-heading-title elementor-size-default\">Engin gj\u00f6ld, engar \u00fe\u00f3knanir:<\/h3>\t\t\t\t<\/div>\n\t\t\t\t<\/div>\n\t\t\t\t<div class=\"elementor-element elementor-element-172f4aa elementor-widget__width-initial elementor-widget elementor-widget-text-editor\" data-id=\"172f4aa\" data-element_type=\"widget\" data-e-type=\"widget\" data-widget_type=\"text-editor.default\">\n\t\t\t\t<div class=\"elementor-widget-container\">\n\t\t\t\t\t\t\t\t\t<p>Me\u00f0 TravelCare \u00fearftu ekki a\u00f0 hafa \u00e1hyggjur af neinum gj\u00f6ldum e\u00f0a \u00fe\u00f3knunum \u00feegar \u00fe\u00fa s\u00e6kir um b\u00e6tur \u00ed gegnum Skycop. Venjulega tekur Skycop \u00fe\u00f3knun fyrir \u00fej\u00f3nustu s\u00edna, en sem TravelCare-notandi f\u00e6r\u00f0u alla b\u00f3tafj\u00e1rh\u00e6\u00f0ina. <\/p>\t\t\t\t\t\t\t\t<\/div>\n\t\t\t\t<\/div>\n\t\t\t\t<\/div>\n\t\t<div class=\"elementor-element elementor-element-2980177 e-con-full e-flex e-con e-child\" data-id=\"2980177\" data-element_type=\"container\" data-e-type=\"container\">\n\t\t\t\t<div class=\"elementor-element elementor-element-66b332b elementor-widget elementor-widget-image\" data-id=\"66b332b\" data-element_type=\"widget\" data-e-type=\"widget\" data-widget_type=\"image.default\">\n\t\t\t\t<div class=\"elementor-widget-container\">\n\t\t\t\t\t\t\t\t\t\t\t\t\t\t\t<img loading=\"lazy\" decoding=\"async\" width=\"68\" height=\"68\" src=\"https:\/\/travelwithcare.io\/wp-content\/uploads\/2025\/07\/icon-bp.svg\" class=\"attachment-full size-full wp-image-5382\" alt=\"\" \/>\t\t\t\t\t\t\t\t\t\t\t\t\t\t\t<\/div>\n\t\t\t\t<\/div>\n\t\t\t\t<div class=\"elementor-element elementor-element-7c1e926 elementor-widget elementor-widget-heading\" data-id=\"7c1e926\" data-element_type=\"widget\" data-e-type=\"widget\" data-widget_type=\"heading.default\">\n\t\t\t\t<div class=\"elementor-widget-container\">\n\t\t\t\t\t<h3 class=\"elementor-heading-title elementor-size-default\">B\u00e6tur fyrir b\u00f3taskyld flug:<\/h3>\t\t\t\t<\/div>\n\t\t\t\t<\/div>\n\t\t\t\t<div class=\"elementor-element elementor-element-0e43782 elementor-widget__width-initial elementor-widget elementor-widget-text-editor\" data-id=\"0e43782\" data-element_type=\"widget\" data-e-type=\"widget\" data-widget_type=\"text-editor.default\">\n\t\t\t\t<div class=\"elementor-widget-container\">\n\t\t\t\t\t\t\t\t\t<p>Ef flug \u00feitt fellur undir regluger\u00f0ir eins og ESB EC 261\/2004 getur\u00f0u fengi\u00f0 allt a\u00f0 \u20ac600 \u00ed b\u00e6tur eftir e\u00f0li truflunarinnar.<br> \u00dear sem TravelCare grei\u00f0ir \u00f6ll gj\u00f6ld f\u00e6r\u00f0u alla upph\u00e6\u00f0ina \u00e1n fr\u00e1dr\u00e1ttar. <\/p>\t\t\t\t\t\t\t\t<\/div>\n\t\t\t\t<\/div>\n\t\t\t\t<\/div>\n\t\t\t\t<\/div>\n\t\t\t\t<\/div>\n\t\t\t\t\t<\/div>\n\t\t\t\t<\/div>\n\t\t\t\t<\/div>\n\t\t\t\t<\/div>\n\t\t","protected":false},"excerpt":{"rendered":"<p>Um okkur TravelCare er hagkv\u00e6m fer\u00f0avernd fyrir flug sem er h\u00f6nnu\u00f0 til a\u00f0 tryggja hn\u00f6kralausa og \u00f6rugga fer\u00f0aupplifun. Me\u00f0 \u00fev\u00ed a\u00f0 kaupa TravelCare tryggir \u00fe\u00fa a\u00f0 f\u00e1 fulla b\u00f3taupph\u00e6\u00f0 ef flug seinkar, er afl\u00fdst e\u00f0a ef \u00fe\u00e9r er neita\u00f0 um a\u00f0 fara um bor\u00f0. Me\u00f0 TravelCare f\u00e6r\u00f0u einnig aukin fr\u00ed\u00f0indi eins og \u00f3keypis a\u00f0gang a\u00f0 [&hellip;]<\/p>\n","protected":false},"author":1,"featured_media":0,"parent":0,"menu_order":0,"comment_status":"closed","ping_status":"closed","template":"","meta":{"footnotes":""},"class_list":["post-7649","page","type-page","status-publish","hentry"],"_links":{"self":[{"href":"https:\/\/travelwithcare.io\/is\/wp-json\/wp\/v2\/pages\/7649","targetHints":{"allow":["GET"]}}],"collection":[{"href":"https:\/\/travelwithcare.io\/is\/wp-json\/wp\/v2\/pages"}],"about":[{"href":"https:\/\/travelwithcare.io\/is\/wp-json\/wp\/v2\/types\/page"}],"author":[{"embeddable":true,"href":"https:\/\/travelwithcare.io\/is\/wp-json\/wp\/v2\/users\/1"}],"replies":[{"embeddable":true,"href":"https:\/\/travelwithcare.io\/is\/wp-json\/wp\/v2\/comments?post=7649"}],"version-history":[{"count":1,"href":"https:\/\/travelwithcare.io\/is\/wp-json\/wp\/v2\/pages\/7649\/revisions"}],"predecessor-version":[{"id":7650,"href":"https:\/\/travelwithcare.io\/is\/wp-json\/wp\/v2\/pages\/7649\/revisions\/7650"}],"wp:attachment":[{"href":"https:\/\/travelwithcare.io\/is\/wp-json\/wp\/v2\/media?parent=7649"}],"curies":[{"name":"wp","href":"https:\/\/api.w.org\/{rel}","templated":true}]}}