{"id":6781,"date":"2025-08-04T11:24:16","date_gmt":"2025-08-04T11:24:16","guid":{"rendered":"http:\/\/104.248.20.184:8000\/rettindi-flugfarthega\/"},"modified":"2025-11-04T10:03:56","modified_gmt":"2025-11-04T10:03:56","slug":"rettindi-flugfarthega","status":"publish","type":"page","link":"https:\/\/travelwithcare.io\/is\/rettindi-flugfarthega\/","title":{"rendered":"R\u00e9ttindi flugfar\u00feega"},"content":{"rendered":"\t\t<div data-elementor-type=\"wp-page\" data-elementor-id=\"6781\" class=\"elementor elementor-6781 elementor-2269\" data-elementor-post-type=\"page\">\n\t\t\t\t<div class=\"elementor-element elementor-element-63fa68d e-flex e-con-boxed e-con e-parent\" data-id=\"63fa68d\" data-element_type=\"container\" data-e-type=\"container\" id=\"hero-top-section\" data-settings=\"{&quot;background_background&quot;:&quot;classic&quot;}\">\n\t\t\t\t\t<div class=\"e-con-inner\">\n\t\t<div class=\"elementor-element elementor-element-d2468ac e-con-full hero-section e-flex e-con e-child\" data-id=\"d2468ac\" data-element_type=\"container\" data-e-type=\"container\">\n\t\t\t\t<div class=\"elementor-element elementor-element-3a33ed1 elementor-widget__width-initial elementor-widget elementor-widget-image\" data-id=\"3a33ed1\" data-element_type=\"widget\" data-e-type=\"widget\" data-widget_type=\"image.default\">\n\t\t\t\t<div class=\"elementor-widget-container\">\n\t\t\t\t\t\t\t\t\t\t\t\t\t\t\t<img decoding=\"async\" width=\"51\" height=\"51\" src=\"https:\/\/travelwithcare.io\/wp-content\/uploads\/2025\/08\/Primary-large-button.png\" class=\"attachment-full size-full wp-image-6784\" alt=\"\" \/>\t\t\t\t\t\t\t\t\t\t\t\t\t\t\t<\/div>\n\t\t\t\t<\/div>\n\t\t\t\t<div class=\"elementor-element elementor-element-46c6495 elementor-widget__width-initial elementor-widget elementor-widget-text-editor\" data-id=\"46c6495\" data-element_type=\"widget\" data-e-type=\"widget\" data-widget_type=\"text-editor.default\">\n\t\t\t\t<div class=\"elementor-widget-container\">\n\t\t\t\t\t\t\t\t\t<h1>R\u00e9ttindi og vernd far\u00feega innan ESB: Regluger\u00f0 (EB) nr. 261\/2004<\/h1><p>Sem flugfar\u00feegi eru r\u00e9ttindi \u00fe\u00edn verndu\u00f0 samkv\u00e6mt regluger\u00f0 ESB 261\/2004, sem setur sameiginlegar reglur um b\u00e6tur vegna seinkana, afl\u00fdsinga og ofb\u00f3kunar.<\/p>\t\t\t\t\t\t\t\t<\/div>\n\t\t\t\t<\/div>\n\t\t\t\t<\/div>\n\t\t\t\t\t<\/div>\n\t\t\t\t<\/div>\n\t\t<div class=\"elementor-element elementor-element-81667b6 below-hero-section e-flex e-con-boxed e-con e-parent\" data-id=\"81667b6\" data-element_type=\"container\" data-e-type=\"container\">\n\t\t\t\t\t<div class=\"e-con-inner\">\n\t\t<div class=\"elementor-element elementor-element-7c56f51 e-con-full below-hero-section e-flex e-con e-child\" data-id=\"7c56f51\" data-element_type=\"container\" data-e-type=\"container\">\n\t\t<div class=\"elementor-element elementor-element-4ea88d6 e-con-full e-flex e-con e-child\" data-id=\"4ea88d6\" data-element_type=\"container\" data-e-type=\"container\" id=\"sticky\">\n\t\t\t\t<div class=\"elementor-element elementor-element-e068e9a sidebar-navigation elementor-widget elementor-widget-html\" data-id=\"e068e9a\" data-element_type=\"widget\" data-e-type=\"widget\" data-widget_type=\"html.default\">\n\t\t\t\t<div class=\"elementor-widget-container\">\n\t\t\t\t\t<h3>Content<\/h3>\n<div class=\"inner-links-nav\">\n    <div class=\"scroll-indicator-bg\">\n    <div class=\"scroll-indicator-fill\"><\/div>\n<\/div>\n<ul>\n    <li><a href=\"#know-your-rights\">Kynntu \u00fe\u00e9r r\u00e9ttindi \u00fe\u00edn og krefstu b\u00f3ta vi\u00f0 seinkun<\/a><\/li>\n    <li><a href=\"#flights-eligible\">Flug eru b\u00f3taskyld vi\u00f0 eftirfarandi a\u00f0st\u00e6\u00f0ur<\/a><\/li>\n    <li><a href=\"#additionally\">Auk \u00feess \u00fearf flugi\u00f0 a\u00f0 uppfylla eftirfarandi skilyr\u00f0i<\/a><\/li>\n<\/ul>\n<\/div>\t\t\t\t<\/div>\n\t\t\t\t<\/div>\n\t\t\t\t<\/div>\n\t\t<div class=\"elementor-element elementor-element-2dbf7d0 e-con-full below-hero-right e-flex e-con e-child\" data-id=\"2dbf7d0\" data-element_type=\"container\" data-e-type=\"container\">\n\t\t\t\t<div class=\"elementor-element elementor-element-479bcb1 fitst-box elementor-widget elementor-widget-text-editor\" data-id=\"479bcb1\" data-element_type=\"widget\" data-e-type=\"widget\" id=\"know-your-rights\" data-widget_type=\"text-editor.default\">\n\t\t\t\t<div class=\"elementor-widget-container\">\n\t\t\t\t\t\t\t\t\t<h3>Kynntu \u00fe\u00e9r r\u00e9ttindi \u00fe\u00edn og krefstu b\u00f3ta vi\u00f0 seinkun<\/h3><p>Me\u00f0 TravelCare, sem er reki\u00f0 af Skycop, ertu vernda\u00f0ur samkv\u00e6mt \u00feessum reglum framkv\u00e6mdastj\u00f3rnar ESB. TravelCare hj\u00e1lpar \u00fe\u00e9r a\u00f0 f\u00e1 \u00fe\u00e6r b\u00e6tur sem \u00fe\u00fa \u00e1tt r\u00e9tt \u00e1 \u00e1n aukagjalda og tryggir a\u00f0 \u00fe\u00fa nj\u00f3tir fullrar verndar ef flug \u00feitt seinkar e\u00f0a truflast. <\/p><p>Ekki allir far\u00feegar \u00feekkja r\u00e9ttindi s\u00edn. Margir hafa ekki lagalega \u00feekkingu til a\u00f0 leggja fram kr\u00f6fu vegna seinka\u00f0ra e\u00f0a afl\u00fdstra fluga. Jafnvel \u00feeir sem \u00feekkja r\u00e9ttindi s\u00edn eiga oft erfitt me\u00f0 a\u00f0 f\u00e1 b\u00e6tur fr\u00e1 flugf\u00e9l\u00f6gum. <br>TravelCare einfaldar ferli\u00f0 me\u00f0 \u00fev\u00ed a\u00f0 tryggja \u00fe\u00e9r fullar b\u00e6tur, allt a\u00f0 600 evrum, vegna afl\u00fdstra fluga, seinkana e\u00f0a ofb\u00f3kunar.   <\/p>\t\t\t\t\t\t\t\t<\/div>\n\t\t\t\t<\/div>\n\t\t\t\t<div class=\"elementor-element elementor-element-8e2189c elementor-widget elementor-widget-text-editor\" data-id=\"8e2189c\" data-element_type=\"widget\" data-e-type=\"widget\" id=\"flights-eligible\" data-widget_type=\"text-editor.default\">\n\t\t\t\t<div class=\"elementor-widget-container\">\n\t\t\t\t\t\t\t\t\t<h3>Flug eru b\u00f3taskyld vi\u00f0 eftirfarandi a\u00f0st\u00e6\u00f0ur<\/h3>\t\t\t\t\t\t\t\t<\/div>\n\t\t\t\t<\/div>\n\t\t<div class=\"elementor-element elementor-element-c217ec1 e-grid e-con-full e-con e-child\" data-id=\"c217ec1\" data-element_type=\"container\" data-e-type=\"container\">\n\t\t\t\t<div class=\"elementor-element elementor-element-9fc583a inner-box elementor-widget elementor-widget-text-editor\" data-id=\"9fc583a\" data-element_type=\"widget\" data-e-type=\"widget\" data-widget_type=\"text-editor.default\">\n\t\t\t\t<div class=\"elementor-widget-container\">\n\t\t\t\t\t\t\t\t\t<h4><strong>1.<\/strong> Seinkun<\/h4><p>Ef flugi\u00f0 seinkar meira en 3 klukkustundir vi\u00f0 komu.<\/p>\t\t\t\t\t\t\t\t<\/div>\n\t\t\t\t<\/div>\n\t\t\t\t<div class=\"elementor-element elementor-element-2603e4f inner-box elementor-widget elementor-widget-text-editor\" data-id=\"2603e4f\" data-element_type=\"widget\" data-e-type=\"widget\" data-widget_type=\"text-editor.default\">\n\t\t\t\t<div class=\"elementor-widget-container\">\n\t\t\t\t\t\t\t\t\t<h4><strong>2.<\/strong> Afl\u00fdst flug<\/h4><p>Ef flugi\u00f0 er afl\u00fdst og \u00fe\u00fa f\u00e9kkst ekki tilkynningu a\u00f0 minnsta kosti 14 d\u00f6gum fyrir \u00e1\u00e6tla\u00f0an brottfarart\u00edma.<\/p>\t\t\t\t\t\t\t\t<\/div>\n\t\t\t\t<\/div>\n\t\t\t\t<div class=\"elementor-element elementor-element-c6aa485 inner-box elementor-widget elementor-widget-text-editor\" data-id=\"c6aa485\" data-element_type=\"widget\" data-e-type=\"widget\" data-widget_type=\"text-editor.default\">\n\t\t\t\t<div class=\"elementor-widget-container\">\n\t\t\t\t\t\t\t\t\t<h4><strong>3.<\/strong> Hafna\u00f0 a\u00f0gengi a\u00f0 flugi<\/h4><p>Ef \u00fe\u00e9r er neita\u00f0 um a\u00f0 st\u00edga um bor\u00f0 vegna ofb\u00f3kunar, \u00fer\u00e1tt fyrir sta\u00f0festa b\u00f3kun.<\/p>\t\t\t\t\t\t\t\t<\/div>\n\t\t\t\t<\/div>\n\t\t\t\t<\/div>\n\t\t\t\t<div class=\"elementor-element elementor-element-5507501 elementor-widget elementor-widget-text-editor\" data-id=\"5507501\" data-element_type=\"widget\" data-e-type=\"widget\" id=\"additionally\" data-widget_type=\"text-editor.default\">\n\t\t\t\t<div class=\"elementor-widget-container\">\n\t\t\t\t\t\t\t\t\t<h3>Auk \u00feess \u00fearf flugi\u00f0 a\u00f0 uppfylla eftirfarandi skilyr\u00f0i<\/h3>\t\t\t\t\t\t\t\t<\/div>\n\t\t\t\t<\/div>\n\t\t<div class=\"elementor-element elementor-element-9d834c4 e-grid e-con-full e-con e-child\" data-id=\"9d834c4\" data-element_type=\"container\" data-e-type=\"container\">\n\t\t\t\t<div class=\"elementor-element elementor-element-e8a418a inner-box elementor-widget elementor-widget-text-editor\" data-id=\"e8a418a\" data-element_type=\"widget\" data-e-type=\"widget\" data-widget_type=\"text-editor.default\">\n\t\t\t\t<div class=\"elementor-widget-container\">\n\t\t\t\t\t\t\t\t\t<h4><strong>1.<\/strong><\/h4><p>Brottf\u00f6r fr\u00e1 flugvelli innan ESB (me\u00f0 hva\u00f0a flugf\u00e9lagi sem er) e\u00f0a koma til flugvallar innan ESB me\u00f0 flugf\u00e9lagi skr\u00e1\u00f0u \u00ed ESB.<\/p>\t\t\t\t\t\t\t\t<\/div>\n\t\t\t\t<\/div>\n\t\t\t\t<div class=\"elementor-element elementor-element-315be68 inner-box elementor-widget elementor-widget-text-editor\" data-id=\"315be68\" data-element_type=\"widget\" data-e-type=\"widget\" data-widget_type=\"text-editor.default\">\n\t\t\t\t<div class=\"elementor-widget-container\">\n\t\t\t\t\t\t\t\t\t<h4><strong>2.<\/strong><\/h4><p>Truflunin m\u00e1 ekki vera vegna \u00f3vi\u00f0r\u00e1\u00f0anlegra a\u00f0st\u00e6\u00f0na eins og ve\u00f0urs, \u00f6ryggisvandam\u00e1la e\u00f0a verkfalla.<\/p>\t\t\t\t\t\t\t\t<\/div>\n\t\t\t\t<\/div>\n\t\t\t\t<\/div>\n\t\t\t\t<\/div>\n\t\t\t\t<\/div>\n\t\t\t\t\t<\/div>\n\t\t\t\t<\/div>\n\t\t<div class=\"elementor-element elementor-element-efb3747 e-flex e-con-boxed e-con e-parent\" data-id=\"efb3747\" data-element_type=\"container\" data-e-type=\"container\">\n\t\t\t\t\t<div class=\"e-con-inner\">\n\t\t\t\t<div class=\"elementor-element elementor-element-5c1beea hidden elementor-widget elementor-widget-html\" data-id=\"5c1beea\" data-element_type=\"widget\" data-e-type=\"widget\" data-widget_type=\"html.default\">\n\t\t\t\t<div class=\"elementor-widget-container\">\n\t\t\t\t\t<script>document.addEventListener('DOMContentLoaded', function () {\n  const HEADER_OFFSET = 150; \/\/ visina fiksiranog headera\n  const navItems = Array.from(document.querySelectorAll('.sidebar-navigation ul li'));\n  const navLinks = Array.from(document.querySelectorAll('.sidebar-navigation ul li a'));\n\n  \/\/ Smooth scroll\n  navLinks.forEach(a => {\n    a.addEventListener('click', function (e) {\n      const href = a.getAttribute('href');\n      if (!href || !href.startsWith('#')) return;\n      const target = document.querySelector(href);\n      if (!target) return;\n      e.preventDefault();\n      const top = target.getBoundingClientRect().top + window.scrollY - HEADER_OFFSET;\n      window.scrollTo({ top, behavior: 'smooth' });\n    });\n  });\n\n  \/\/ Mapiranje sekcija\n  const sections = navLinks.map((a, index) => {\n    const sel = a.getAttribute('href');\n    const el  = sel ? document.querySelector(sel) : null;\n    return { el, index };\n  }).filter(s => s.el);\n\n  function getHeightWithMargin(el){\n    const cs = window.getComputedStyle(el);\n    return el.offsetHeight + (parseFloat(cs.marginTop)||0) + (parseFloat(cs.marginBottom)||0);\n  }\n\n  function updateFill(){\n    const fill = document.querySelector('.scroll-indicator-fill');\n    if (!fill) return;\n    let lastIdx = -1;\n    navItems.forEach((li, i) => { if (li.classList.contains('active')) lastIdx = i; });\n    if (lastIdx < 0) { fill.style.height = '0px'; return; }\n    let sum = 0;\n    for (let i = 0; i <= lastIdx; i++) sum += getHeightWithMargin(navItems[i]);\n    fill.style.height = sum + 'px';\n  }\n\n  function setActive(index, on){\n    const li = navItems[index];\n    if (!li) return;\n    li.classList.toggle('active', !!on);\n  }\n\n  \/\/ IntersectionObserver: NE skidaj active kad ode preko GORNJE linije\n  if ('IntersectionObserver' in window) {\n    const indexById = Object.create(null);\n    sections.forEach(s => { if (s.el.id) indexById[s.el.id] = s.index; });\n\n    const io = new IntersectionObserver((entries) => {\n      const vh = window.innerHeight || document.documentElement.clientHeight;\n      entries.forEach(entry => {\n        const idx = indexById[entry.target.id];\n        if (idx === undefined) return;\n\n        if (entry.isIntersecting) {\n          \/\/ \u010dim u\u0111e ispod header linije -> aktiviraj\n          setActive(idx, true);\n        } else {\n          \/\/ nije u preseku \u2014 odlu\u010di da li da SKINE\u0160 active\n          const top = entry.boundingClientRect.top;\n\n          \/\/ Ako je oti\u0161lo ispod dna (pri skrolu navi\u0161e) -> skini active\n          if (top >= vh) {\n            setActive(idx, false);\n          }\n          \/\/ Ako je oti\u0161lo iznad header linije -> NE diraj (ostaje aktivno)\n          \/\/ else if (top <= HEADER_OFFSET) { \/\/ namerno prazno }\n        }\n      });\n      updateFill();\n    }, {\n      root: null,\n      rootMargin: `-${HEADER_OFFSET}px 0px 0px 0px`,\n      threshold: 0\n    });\n\n    sections.forEach(s => io.observe(s.el));\n  } else {\n    \/\/ Fallback: ne skidaj active kada ode iznad, samo kad ode ispod dna\n    function onScroll(){\n      const vh = window.innerHeight || document.documentElement.clientHeight;\n      const topLimit = HEADER_OFFSET;\n      sections.forEach(({ el, index }) => {\n        const r = el.getBoundingClientRect();\n        const visible = r.bottom > topLimit && r.top < vh;\n\n        if (visible) {\n          setActive(index, true);\n        } else {\n          \/\/ oti\u0161lo ispod dna? (pri skrolu navi\u0161e)\n          if (r.top >= vh) setActive(index, false);\n          \/\/ oti\u0161lo iznad topLimit -> ne diramo (ostaje active)\n        }\n      });\n      updateFill();\n    }\n    window.addEventListener('scroll', onScroll, { passive: true });\n    onScroll();\n  }\n\n  \/\/ inicijalni fill\n  updateFill();\n});\n<\/script>\t\t\t\t<\/div>\n\t\t\t\t<\/div>\n\t\t\t\t\t<\/div>\n\t\t\t\t<\/div>\n\t\t\t\t<\/div>\n\t\t","protected":false},"excerpt":{"rendered":"<p>R\u00e9ttindi og vernd far\u00feega innan ESB: Regluger\u00f0 (EB) nr. 261\/2004 Sem flugfar\u00feegi eru r\u00e9ttindi \u00fe\u00edn verndu\u00f0 samkv\u00e6mt regluger\u00f0 ESB 261\/2004, sem setur sameiginlegar reglur um b\u00e6tur vegna seinkana, afl\u00fdsinga og ofb\u00f3kunar. Content Kynntu \u00fe\u00e9r r\u00e9ttindi \u00fe\u00edn og krefstu b\u00f3ta vi\u00f0 seinkun Flug eru b\u00f3taskyld vi\u00f0 eftirfarandi a\u00f0st\u00e6\u00f0ur Auk \u00feess \u00fearf flugi\u00f0 a\u00f0 uppfylla eftirfarandi skilyr\u00f0i [&hellip;]<\/p>\n","protected":false},"author":1,"featured_media":0,"parent":0,"menu_order":0,"comment_status":"closed","ping_status":"closed","template":"","meta":{"footnotes":""},"class_list":["post-6781","page","type-page","status-publish","hentry"],"_links":{"self":[{"href":"https:\/\/travelwithcare.io\/is\/wp-json\/wp\/v2\/pages\/6781","targetHints":{"allow":["GET"]}}],"collection":[{"href":"https:\/\/travelwithcare.io\/is\/wp-json\/wp\/v2\/pages"}],"about":[{"href":"https:\/\/travelwithcare.io\/is\/wp-json\/wp\/v2\/types\/page"}],"author":[{"embeddable":true,"href":"https:\/\/travelwithcare.io\/is\/wp-json\/wp\/v2\/users\/1"}],"replies":[{"embeddable":true,"href":"https:\/\/travelwithcare.io\/is\/wp-json\/wp\/v2\/comments?post=6781"}],"version-history":[{"count":1,"href":"https:\/\/travelwithcare.io\/is\/wp-json\/wp\/v2\/pages\/6781\/revisions"}],"predecessor-version":[{"id":6782,"href":"https:\/\/travelwithcare.io\/is\/wp-json\/wp\/v2\/pages\/6781\/revisions\/6782"}],"wp:attachment":[{"href":"https:\/\/travelwithcare.io\/is\/wp-json\/wp\/v2\/media?parent=6781"}],"curies":[{"name":"wp","href":"https:\/\/api.w.org\/{rel}","templated":true}]}}