{"id":7707,"date":"2025-11-09T12:29:03","date_gmt":"2025-11-09T12:29:03","guid":{"rendered":"http:\/\/104.248.20.184:8000\/postanite-partner\/"},"modified":"2025-11-17T13:44:46","modified_gmt":"2025-11-17T13:44:46","slug":"postanite-partner","status":"publish","type":"page","link":"https:\/\/travelwithcare.io\/hr\/postanite-partner\/","title":{"rendered":"Postanite partner"},"content":{"rendered":"\t\t<div data-elementor-type=\"wp-page\" data-elementor-id=\"7707\" class=\"elementor elementor-7707 elementor-7024\" data-elementor-post-type=\"page\">\n\t\t\t\t<div class=\"elementor-element elementor-element-f2d30ef e-flex e-con-boxed e-con e-parent\" data-id=\"f2d30ef\" data-element_type=\"container\" data-e-type=\"container\">\n\t\t\t\t\t<div class=\"e-con-inner\">\n\t\t<div class=\"elementor-element elementor-element-c895846 e-con-full e-flex e-con e-child\" data-id=\"c895846\" data-element_type=\"container\" data-e-type=\"container\" data-settings=\"{&quot;background_background&quot;:&quot;classic&quot;}\">\n\t\t<div class=\"elementor-element elementor-element-de0725e e-con-full hero-section e-flex e-con e-child\" data-id=\"de0725e\" data-element_type=\"container\" data-e-type=\"container\">\n\t\t\t\t<div class=\"elementor-element elementor-element-3a42fa5 elementor-widget__width-initial elementor-widget elementor-widget-image\" data-id=\"3a42fa5\" data-element_type=\"widget\" data-e-type=\"widget\" data-widget_type=\"image.default\">\n\t\t\t\t<div class=\"elementor-widget-container\">\n\t\t\t\t\t\t\t\t\t\t\t\t\t\t\t<img decoding=\"async\" width=\"51\" height=\"51\" src=\"https:\/\/travelwithcare.io\/wp-content\/uploads\/2025\/11\/Primary-large-button-3.png\" class=\"attachment-full size-full wp-image-7039\" alt=\"\" \/>\t\t\t\t\t\t\t\t\t\t\t\t\t\t\t<\/div>\n\t\t\t\t<\/div>\n\t\t\t\t<div class=\"elementor-element elementor-element-3678aba elementor-widget__width-initial elementor-widget elementor-widget-text-editor\" data-id=\"3678aba\" data-element_type=\"widget\" data-e-type=\"widget\" data-widget_type=\"text-editor.default\">\n\t\t\t\t<div class=\"elementor-widget-container\">\n\t\t\t\t\t\t\t\t\t<h1>Zainteresirani ste za partnerstvo s TravelCareom?<\/h1><p>Model partnerstva osmi\u0161ljen je za turisti\u010dke agencije, OTA platforme, hotele i sli\u010dne tvrtke koje \u017eele ponuditi ve\u0107u vrijednost svojim klijentima.<\/p><p>Partneri mogu dobiti jedinstvenu affiliate poveznicu i ostvariti nagrade preporu\u010divanjem klijenata TravelCareu. Ako ste zainteresirani postati partner, kontaktirajte nas za vi\u0161e informacija i po\u010dnite nuditi svojim klijentima za\u0161titu koja im je potrebna. <\/p>\t\t\t\t\t\t\t\t<\/div>\n\t\t\t\t<\/div>\n\t\t\t\t<div class=\"elementor-element elementor-element-2631676 elementor-widget__width-initial elementor-mobile-align-justify buy-cta elementor-widget elementor-widget-button\" data-id=\"2631676\" data-element_type=\"widget\" data-e-type=\"widget\" data-widget_type=\"button.default\">\n\t\t\t\t<div class=\"elementor-widget-container\">\n\t\t\t\t\t\t\t\t\t<div class=\"elementor-button-wrapper\">\n\t\t\t\t\t<a class=\"elementor-button elementor-button-link elementor-size-sm\" href=\"https:\/\/partner.travelwithcare.io\/\" target=\"_blank\">\n\t\t\t\t\t\t<span class=\"elementor-button-content-wrapper\">\n\t\t\t\t\t\t\t\t\t<span class=\"elementor-button-text\">Postanite partner<\/span>\n\t\t\t\t\t<\/span>\n\t\t\t\t\t<\/a>\n\t\t\t\t<\/div>\n\t\t\t\t\t\t\t\t<\/div>\n\t\t\t\t<\/div>\n\t\t\t\t<\/div>\n\t\t\t\t<\/div>\n\t\t\t\t\t<\/div>\n\t\t\t\t<\/div>\n\t\t<div class=\"elementor-element elementor-element-02677a8 e-flex e-con-boxed e-con e-parent\" data-id=\"02677a8\" data-element_type=\"container\" data-e-type=\"container\" data-settings=\"{&quot;background_background&quot;:&quot;classic&quot;}\">\n\t\t\t\t\t<div class=\"e-con-inner\">\n\t\t<div class=\"elementor-element elementor-element-71269f5 e-con-full e-flex e-con e-child\" data-id=\"71269f5\" data-element_type=\"container\" data-e-type=\"container\">\n\t\t<div class=\"elementor-element elementor-element-19ace3b e-con-full e-flex e-con e-child\" data-id=\"19ace3b\" data-element_type=\"container\" data-e-type=\"container\">\n\t\t\t\t<div class=\"elementor-element elementor-element-cb97333 elementor-widget elementor-widget-heading\" data-id=\"cb97333\" data-element_type=\"widget\" data-e-type=\"widget\" data-widget_type=\"heading.default\">\n\t\t\t\t<div class=\"elementor-widget-container\">\n\t\t\t\t\t<h2 class=\"elementor-heading-title elementor-size-default\">Prednosti partnerstva s TravelCareom:<\/h2>\t\t\t\t<\/div>\n\t\t\t\t<\/div>\n\t\t\t\t<div class=\"elementor-element elementor-element-9ab8569 elementor-widget elementor-widget-text-editor\" data-id=\"9ab8569\" data-element_type=\"widget\" data-e-type=\"widget\" data-widget_type=\"text-editor.default\">\n\t\t\t\t<div class=\"elementor-widget-container\">\n\t\t\t\t\t\t\t\t\t<p>Iskusite pouzdanu podr\u0161ku i besprijekornu suradnju.<\/p>\t\t\t\t\t\t\t\t<\/div>\n\t\t\t\t<\/div>\n\t\t\t\t<\/div>\n\t\t<div class=\"elementor-element elementor-element-01ee061 e-con-full e-flex e-con e-child\" data-id=\"01ee061\" data-element_type=\"container\" data-e-type=\"container\">\n\t\t<div class=\"elementor-element elementor-element-d657351 e-grid e-con-full e-con e-child\" data-id=\"d657351\" data-element_type=\"container\" data-e-type=\"container\">\n\t\t<div class=\"elementor-element elementor-element-4d1116d e-con-full e-flex e-con e-child\" data-id=\"4d1116d\" data-element_type=\"container\" data-e-type=\"container\">\n\t\t<div class=\"elementor-element elementor-element-9884561 e-con-full e-flex e-con e-child\" data-id=\"9884561\" data-element_type=\"container\" data-e-type=\"container\" data-settings=\"{&quot;background_background&quot;:&quot;classic&quot;}\">\n\t\t<div class=\"elementor-element elementor-element-11c7e41 e-con-full text-box-number e-flex e-con e-child\" data-id=\"11c7e41\" data-element_type=\"container\" data-e-type=\"container\">\n\t\t\t\t<div class=\"elementor-element elementor-element-2d9e7f9 elementor-widget__width-initial elementor-widget elementor-widget-text-editor\" data-id=\"2d9e7f9\" data-element_type=\"widget\" data-e-type=\"widget\" data-widget_type=\"text-editor.default\">\n\t\t\t\t<div class=\"elementor-widget-container\">\n\t\t\t\t\t\t\t\t\t<p><strong>1<\/strong><\/p>\t\t\t\t\t\t\t\t<\/div>\n\t\t\t\t<\/div>\n\t\t\t\t<\/div>\n\t\t<div class=\"elementor-element elementor-element-4945b66 e-flex e-con-boxed e-con e-child\" data-id=\"4945b66\" data-element_type=\"container\" data-e-type=\"container\">\n\t\t\t\t\t<div class=\"e-con-inner\">\n\t\t\t\t<div class=\"elementor-element elementor-element-4ef2690 text-box-text elementor-widget elementor-widget-text-editor\" data-id=\"4ef2690\" data-element_type=\"widget\" data-e-type=\"widget\" data-widget_type=\"text-editor.default\">\n\t\t\t\t<div class=\"elementor-widget-container\">\n\t\t\t\t\t\t\t\t\t<h3>Isplativ prihod<\/h3><p>Zaradite atraktivne provizije za svaku uspje\u0161nu preporuku \u2013 vi\u0161e klijenata, vi\u0161e profita.<\/p>\t\t\t\t\t\t\t\t<\/div>\n\t\t\t\t<\/div>\n\t\t\t\t\t<\/div>\n\t\t\t\t<\/div>\n\t\t\t\t<\/div>\n\t\t<div class=\"elementor-element elementor-element-a070dde e-con-full e-flex e-con e-child\" data-id=\"a070dde\" data-element_type=\"container\" data-e-type=\"container\" data-settings=\"{&quot;background_background&quot;:&quot;classic&quot;}\">\n\t\t<div class=\"elementor-element elementor-element-4fbfd2d e-con-full text-box-number e-flex e-con e-child\" data-id=\"4fbfd2d\" data-element_type=\"container\" data-e-type=\"container\">\n\t\t\t\t<div class=\"elementor-element elementor-element-4a7c454 elementor-widget__width-initial text-box-text elementor-widget elementor-widget-text-editor\" data-id=\"4a7c454\" data-element_type=\"widget\" data-e-type=\"widget\" data-widget_type=\"text-editor.default\">\n\t\t\t\t<div class=\"elementor-widget-container\">\n\t\t\t\t\t\t\t\t\t<p><strong>2<\/strong><\/p>\t\t\t\t\t\t\t\t<\/div>\n\t\t\t\t<\/div>\n\t\t\t\t<\/div>\n\t\t<div class=\"elementor-element elementor-element-eb918bd e-con-full e-flex e-con e-child\" data-id=\"eb918bd\" data-element_type=\"container\" data-e-type=\"container\">\n\t\t\t\t<div class=\"elementor-element elementor-element-d0eb9ae text-box-text elementor-widget elementor-widget-text-editor\" data-id=\"d0eb9ae\" data-element_type=\"widget\" data-e-type=\"widget\" data-widget_type=\"text-editor.default\">\n\t\t\t\t<div class=\"elementor-widget-container\">\n\t\t\t\t\t\t\t\t\t<h3>Pouzdana podr\u0161ka<\/h3><p>Ra\u010dunajte na na\u0161 tim koji \u0107e vam pomo\u0107i na svakom koraku, od po\u010detnog uklju\u010divanja do rje\u0161avanja slo\u017eenih upita klijenata.<\/p>\t\t\t\t\t\t\t\t<\/div>\n\t\t\t\t<\/div>\n\t\t\t\t<\/div>\n\t\t\t\t<\/div>\n\t\t<div class=\"elementor-element elementor-element-cb726e4 e-con-full e-flex e-con e-child\" data-id=\"cb726e4\" data-element_type=\"container\" data-e-type=\"container\" data-settings=\"{&quot;background_background&quot;:&quot;classic&quot;}\">\n\t\t<div class=\"elementor-element elementor-element-bc1cf29 e-con-full text-box-number e-flex e-con e-child\" data-id=\"bc1cf29\" data-element_type=\"container\" data-e-type=\"container\">\n\t\t\t\t<div class=\"elementor-element elementor-element-099fccf elementor-widget__width-initial text-box-text elementor-widget elementor-widget-text-editor\" data-id=\"099fccf\" data-element_type=\"widget\" data-e-type=\"widget\" data-widget_type=\"text-editor.default\">\n\t\t\t\t<div class=\"elementor-widget-container\">\n\t\t\t\t\t\t\t\t\t<p><strong>3<\/strong><\/p>\t\t\t\t\t\t\t\t<\/div>\n\t\t\t\t<\/div>\n\t\t\t\t<\/div>\n\t\t<div class=\"elementor-element elementor-element-4335b3e e-con-full e-flex e-con e-child\" data-id=\"4335b3e\" data-element_type=\"container\" data-e-type=\"container\">\n\t\t\t\t<div class=\"elementor-element elementor-element-8d30858 text-box-text elementor-widget elementor-widget-text-editor\" data-id=\"8d30858\" data-element_type=\"widget\" data-e-type=\"widget\" data-widget_type=\"text-editor.default\">\n\t\t\t\t<div class=\"elementor-widget-container\">\n\t\t\t\t\t\t\t\t\t<h3>Intuitivna i jednostavna platforma<\/h3><p>Na\u0161a je platforma osmi\u0161ljena tako da bude jednostavna za kori\u0161tenje, pa se mo\u017eete brzo uklju\u010diti i po\u010deti zara\u0111ivati.<\/p>\t\t\t\t\t\t\t\t<\/div>\n\t\t\t\t<\/div>\n\t\t\t\t<\/div>\n\t\t\t\t<\/div>\n\t\t<div class=\"elementor-element elementor-element-a910b85 e-con-full e-flex e-con e-child\" data-id=\"a910b85\" data-element_type=\"container\" data-e-type=\"container\" data-settings=\"{&quot;background_background&quot;:&quot;classic&quot;}\">\n\t\t<div class=\"elementor-element elementor-element-2608610 e-con-full text-box-number e-flex e-con e-child\" data-id=\"2608610\" data-element_type=\"container\" data-e-type=\"container\">\n\t\t\t\t<div class=\"elementor-element elementor-element-d8bad0a elementor-widget__width-initial text-box-text elementor-widget elementor-widget-text-editor\" data-id=\"d8bad0a\" data-element_type=\"widget\" data-e-type=\"widget\" data-widget_type=\"text-editor.default\">\n\t\t\t\t<div class=\"elementor-widget-container\">\n\t\t\t\t\t\t\t\t\t<p><strong>4<\/strong><\/p>\t\t\t\t\t\t\t\t<\/div>\n\t\t\t\t<\/div>\n\t\t\t\t<\/div>\n\t\t<div class=\"elementor-element elementor-element-568a395 e-con-full e-flex e-con e-child\" data-id=\"568a395\" data-element_type=\"container\" data-e-type=\"container\">\n\t\t\t\t<div class=\"elementor-element elementor-element-cebaac8 text-box-text elementor-widget elementor-widget-text-editor\" data-id=\"cebaac8\" data-element_type=\"widget\" data-e-type=\"widget\" data-widget_type=\"text-editor.default\">\n\t\t\t\t<div class=\"elementor-widget-container\">\n\t\t\t\t\t\t\t\t\t<h3>Tim profesionalaca<\/h3><p>Sura\u0111ujte s iskusnim timom koji je posve\u0107en tome da vam pomogne pru\u017eiti vrhunsku vrijednost va\u0161im klijentima.<\/p>\t\t\t\t\t\t\t\t<\/div>\n\t\t\t\t<\/div>\n\t\t\t\t<\/div>\n\t\t\t\t<\/div>\n\t\t\t\t<\/div>\n\t\t<div class=\"elementor-element elementor-element-beb79bb e-con-full e-flex e-con e-child\" data-id=\"beb79bb\" data-element_type=\"container\" data-e-type=\"container\" id=\"right-box\" data-settings=\"{&quot;background_background&quot;:&quot;classic&quot;}\">\n\t\t\t\t<\/div>\n\t\t\t\t<\/div>\n\t\t\t\t<\/div>\n\t\t\t\t<\/div>\n\t\t\t\t\t<\/div>\n\t\t\t\t<\/div>\n\t\t\t\t<\/div>\n\t\t","protected":false},"excerpt":{"rendered":"<p>Zainteresirani ste za partnerstvo s TravelCareom? Model partnerstva osmi\u0161ljen je za turisti\u010dke agencije, OTA platforme, hotele i sli\u010dne tvrtke koje \u017eele ponuditi ve\u0107u vrijednost svojim klijentima. Partneri mogu dobiti jedinstvenu affiliate poveznicu i ostvariti nagrade preporu\u010divanjem klijenata TravelCareu. Ako ste zainteresirani postati partner, kontaktirajte nas za vi\u0161e informacija i po\u010dnite nuditi svojim klijentima za\u0161titu koja [&hellip;]<\/p>\n","protected":false},"author":1,"featured_media":0,"parent":0,"menu_order":0,"comment_status":"closed","ping_status":"closed","template":"","meta":{"footnotes":""},"class_list":["post-7707","page","type-page","status-publish","hentry"],"_links":{"self":[{"href":"https:\/\/travelwithcare.io\/hr\/wp-json\/wp\/v2\/pages\/7707","targetHints":{"allow":["GET"]}}],"collection":[{"href":"https:\/\/travelwithcare.io\/hr\/wp-json\/wp\/v2\/pages"}],"about":[{"href":"https:\/\/travelwithcare.io\/hr\/wp-json\/wp\/v2\/types\/page"}],"author":[{"embeddable":true,"href":"https:\/\/travelwithcare.io\/hr\/wp-json\/wp\/v2\/users\/1"}],"replies":[{"embeddable":true,"href":"https:\/\/travelwithcare.io\/hr\/wp-json\/wp\/v2\/comments?post=7707"}],"version-history":[{"count":1,"href":"https:\/\/travelwithcare.io\/hr\/wp-json\/wp\/v2\/pages\/7707\/revisions"}],"predecessor-version":[{"id":7708,"href":"https:\/\/travelwithcare.io\/hr\/wp-json\/wp\/v2\/pages\/7707\/revisions\/7708"}],"wp:attachment":[{"href":"https:\/\/travelwithcare.io\/hr\/wp-json\/wp\/v2\/media?parent=7707"}],"curies":[{"name":"wp","href":"https:\/\/api.w.org\/{rel}","templated":true}]}}