{"id":7412,"date":"2025-11-06T14:16:38","date_gmt":"2025-11-06T14:16:38","guid":{"rendered":"http:\/\/104.248.20.184:8000\/contact-us-2\/"},"modified":"2025-11-12T07:29:47","modified_gmt":"2025-11-12T07:29:47","slug":"contact-us-2","status":"publish","type":"page","link":"https:\/\/travelwithcare.io\/fr\/contact-us-2\/","title":{"rendered":"Contact us"},"content":{"rendered":"\t\t<div data-elementor-type=\"wp-page\" data-elementor-id=\"7412\" class=\"elementor elementor-7412 elementor-6849\" data-elementor-post-type=\"page\">\n\t\t\t\t<div class=\"elementor-element elementor-element-2c32c1a e-flex e-con-boxed e-con e-parent\" data-id=\"2c32c1a\" data-element_type=\"container\" data-e-type=\"container\">\n\t\t\t\t\t<div class=\"e-con-inner\">\n\t\t<div class=\"elementor-element elementor-element-da253e5 e-con-full e-flex e-con e-child\" data-id=\"da253e5\" data-element_type=\"container\" data-e-type=\"container\" data-settings=\"{&quot;background_background&quot;:&quot;classic&quot;}\">\n\t\t<div class=\"elementor-element elementor-element-10171e5 e-con-full hero-section hero-contact e-flex e-con e-child\" data-id=\"10171e5\" data-element_type=\"container\" data-e-type=\"container\">\n\t\t\t\t<div class=\"elementor-element elementor-element-a9e2409 elementor-widget__width-initial elementor-widget elementor-widget-heading\" data-id=\"a9e2409\" data-element_type=\"widget\" data-e-type=\"widget\" data-widget_type=\"heading.default\">\n\t\t\t\t<div class=\"elementor-widget-container\">\n\t\t\t\t\t<h1 class=\"elementor-heading-title elementor-size-default\">Des questions ou des commentaires ?\nNous serions ravis d\u2019avoir de vos nouvelles ! <\/h1>\t\t\t\t<\/div>\n\t\t\t\t<\/div>\n\t\t\t\t<\/div>\n\t\t<div class=\"elementor-element elementor-element-17caeed e-con-full hero-section hero-contact e-flex e-con e-child\" data-id=\"17caeed\" data-element_type=\"container\" data-e-type=\"container\">\n\t\t<div class=\"elementor-element elementor-element-bd1bdeb e-grid e-con-full e-con e-child\" data-id=\"bd1bdeb\" data-element_type=\"container\" data-e-type=\"container\">\n\t\t<div class=\"elementor-element elementor-element-9a7424e e-con-full shadow-box e-flex e-con e-child\" data-id=\"9a7424e\" data-element_type=\"container\" data-e-type=\"container\" data-settings=\"{&quot;background_background&quot;:&quot;classic&quot;}\">\n\t\t\t\t<div class=\"elementor-element elementor-element-fe34d50 contact-form elementor-widget elementor-widget-shortcode\" data-id=\"fe34d50\" data-element_type=\"widget\" data-e-type=\"widget\" data-widget_type=\"shortcode.default\">\n\t\t\t\t<div class=\"elementor-widget-container\">\n\t\t\t\t\t\t\t<div class=\"elementor-shortcode\">\n<div class=\"wpcf7 no-js\" id=\"wpcf7-f6860-o1\" lang=\"en-US\" dir=\"ltr\" data-wpcf7-id=\"6860\">\n<div class=\"screen-reader-response\"><p role=\"status\" aria-live=\"polite\" aria-atomic=\"true\"><\/p> <ul><\/ul><\/div>\n<form action=\"\/fr\/wp-json\/wp\/v2\/pages\/7412#wpcf7-f6860-o1\" method=\"post\" class=\"wpcf7-form init\" aria-label=\"Contact form\" novalidate=\"novalidate\" data-status=\"init\">\n<fieldset class=\"hidden-fields-container\"><input type=\"hidden\" name=\"_wpcf7\" value=\"6860\" \/><input type=\"hidden\" name=\"_wpcf7_version\" value=\"6.1.5\" \/><input type=\"hidden\" name=\"_wpcf7_locale\" value=\"en_US\" \/><input type=\"hidden\" name=\"_wpcf7_unit_tag\" value=\"wpcf7-f6860-o1\" \/><input type=\"hidden\" name=\"_wpcf7_container_post\" value=\"0\" \/><input type=\"hidden\" name=\"_wpcf7_posted_data_hash\" value=\"\" \/>\n<\/fieldset>\n<ul>\n\t<li>\n\t\t<p><label>Full name *<\/label><span class=\"wpcf7-form-control-wrap\" data-name=\"your-name\"><input size=\"40\" maxlength=\"400\" class=\"wpcf7-form-control wpcf7-text wpcf7-validates-as-required\" autocomplete=\"name\" aria-required=\"true\" aria-invalid=\"false\" placeholder=\"Name\" value=\"\" type=\"text\" name=\"your-name\" \/><\/span>\n\t\t<\/p>\n\t<\/li>\n\t<li>\n\t\t<p><label>Email<\/label><span class=\"wpcf7-form-control-wrap\" data-name=\"your-email\"><input size=\"40\" maxlength=\"400\" class=\"wpcf7-form-control wpcf7-email wpcf7-validates-as-required wpcf7-text wpcf7-validates-as-email\" autocomplete=\"email\" aria-required=\"true\" aria-invalid=\"false\" placeholder=\"example@example.com\" value=\"\" type=\"email\" name=\"your-email\" \/><\/span>\n\t\t<\/p>\n\t<\/li>\n\t<li>\n\t\t<p><label>Subject (optional)<\/label><span class=\"wpcf7-form-control-wrap\" data-name=\"your-subject\"><select class=\"wpcf7-form-control wpcf7-select wpcf7-validates-as-required\" aria-required=\"true\" aria-invalid=\"false\" name=\"your-subject\"><option value=\"Choose subject\">Choose subject<\/option><option value=\"TravelCare\">TravelCare<\/option><option value=\"Payment Information\">Payment Information<\/option><option value=\"Service Information\">Service Information<\/option><option value=\"Other\">Other<\/option><\/select><\/span>\n\t\t<\/p>\n\t<\/li>\n\t<li>\n\t\t<p><label>Additional details (optional)<\/label><span class=\"wpcf7-form-control-wrap\" data-name=\"your-message\"><textarea cols=\"40\" rows=\"10\" maxlength=\"2000\" class=\"wpcf7-form-control wpcf7-textarea\" aria-invalid=\"false\" placeholder=\"Please describe your question providing all relevant details\" name=\"your-message\"><\/textarea><\/span>\n\t\t<\/p>\n\t<\/li>\n\t<li>\n\t\t<p><input class=\"wpcf7-form-control wpcf7-submit has-spinner\" type=\"submit\" value=\"Submit\" \/>\n\t\t<\/p>\n\t<\/li>\n<\/ul><div class=\"wpcf7-response-output\" aria-hidden=\"true\"><\/div>\n<\/form>\n<\/div>\n<\/div>\n\t\t\t\t\t\t<\/div>\n\t\t\t\t<\/div>\n\t\t\t\t<\/div>\n\t\t<div class=\"elementor-element elementor-element-fc09821 e-con-full e-flex e-con e-child\" data-id=\"fc09821\" data-element_type=\"container\" data-e-type=\"container\">\n\t\t\t\t<div class=\"elementor-element elementor-element-f7a21d5 elementor-widget elementor-widget-image\" data-id=\"f7a21d5\" data-element_type=\"widget\" data-e-type=\"widget\" data-widget_type=\"image.default\">\n\t\t\t\t<div class=\"elementor-widget-container\">\n\t\t\t\t\t\t\t\t\t\t\t\t\t\t\t<img fetchpriority=\"high\" decoding=\"async\" width=\"800\" height=\"534\" src=\"https:\/\/travelwithcare.io\/wp-content\/uploads\/2025\/11\/Frame-343-1024x683.jpg\" class=\"attachment-large size-large wp-image-6877\" alt=\"\" srcset=\"https:\/\/travelwithcare.io\/wp-content\/uploads\/2025\/11\/Frame-343-1024x683.jpg 1024w, https:\/\/travelwithcare.io\/wp-content\/uploads\/2025\/11\/Frame-343-300x200.jpg 300w, https:\/\/travelwithcare.io\/wp-content\/uploads\/2025\/11\/Frame-343-768x512.jpg 768w, https:\/\/travelwithcare.io\/wp-content\/uploads\/2025\/11\/Frame-343.jpg 1200w\" sizes=\"(max-width: 800px) 100vw, 800px\" \/>\t\t\t\t\t\t\t\t\t\t\t\t\t\t\t<\/div>\n\t\t\t\t<\/div>\n\t\t<div class=\"elementor-element elementor-element-4c044d9 e-con-full e-flex e-con e-child\" data-id=\"4c044d9\" data-element_type=\"container\" data-e-type=\"container\">\n\t\t\t\t<div class=\"elementor-element elementor-element-148ce66 elementor-widget elementor-widget-heading\" data-id=\"148ce66\" data-element_type=\"widget\" data-e-type=\"widget\" data-widget_type=\"heading.default\">\n\t\t\t\t<div class=\"elementor-widget-container\">\n\t\t\t\t\t<h3 class=\"elementor-heading-title elementor-size-default\">R\u00e9seaux sociaux<\/h3>\t\t\t\t<\/div>\n\t\t\t\t<\/div>\n\t\t\t\t<div class=\"elementor-element elementor-element-baa6431 elementor-position-inline-start elementor-view-default elementor-mobile-position-block-start elementor-widget elementor-widget-icon-box\" data-id=\"baa6431\" data-element_type=\"widget\" data-e-type=\"widget\" data-widget_type=\"icon-box.default\">\n\t\t\t\t<div class=\"elementor-widget-container\">\n\t\t\t\t\t\t\t<div class=\"elementor-icon-box-wrapper\">\n\n\t\t\t\t\t\t<div class=\"elementor-icon-box-icon\">\n\t\t\t\t<a href=\"\/\" class=\"elementor-icon\" tabindex=\"-1\">\n\t\t\t\t<svg xmlns=\"http:\/\/www.w3.org\/2000\/svg\" width=\"68\" height=\"68\" viewBox=\"0 0 68 68\" fill=\"none\"><g clip-path=\"url(#clip0_3458_15689)\"><path d=\"M34 67.6086C52.7777 67.6086 68 52.3863 68 33.6086C68 14.831 52.7777 -0.391357 34 -0.391357C15.2223 -0.391357 0 14.831 0 33.6086C0 52.3863 15.2223 67.6086 34 67.6086Z\" fill=\"#EBFBF7\"><\/path><path d=\"M34 20.5C39.1926 20.5 41.789 20.5001 43.6592 21.7373C44.4943 22.2899 45.2101 23.0057 45.7627 23.8408C46.9999 25.711 47 28.3074 47 33.5C47 38.6926 46.9999 41.289 45.7627 43.1592C45.2101 43.9943 44.4943 44.7101 43.6592 45.2627C41.789 46.4999 39.1926 46.5 34 46.5C28.8074 46.5 26.211 46.4999 24.3408 45.2627C23.5057 44.7101 22.7899 43.9943 22.2373 43.1592C21.0001 41.289 21 38.6926 21 33.5C21 28.3074 21.0001 25.711 22.2373 23.8408C22.7899 23.0057 23.5057 22.2899 24.3408 21.7373C26.211 20.5001 28.8074 20.5 34 20.5ZM34 26.7705C30.2831 26.7705 27.2697 29.7831 27.2695 33.5C27.2695 37.217 30.283 40.2305 34 40.2305C37.7169 40.2303 40.7305 37.2169 40.7305 33.5C40.7303 29.7832 37.7168 26.7707 34 26.7705ZM34 29.0469C36.4592 29.047 38.453 31.0408 38.4531 33.5C38.4531 35.9594 36.4593 37.953 34 37.9531C31.5406 37.9531 29.5469 35.9594 29.5469 33.5C29.547 31.0407 31.5406 29.0469 34 29.0469ZM40.9961 24.8506C40.1228 24.8506 39.4142 25.5584 39.4141 26.4316C39.4141 27.305 40.1227 28.0137 40.9961 28.0137C41.8693 28.0135 42.5771 27.3049 42.5771 26.4316C42.577 25.5585 41.8692 24.8507 40.9961 24.8506Z\" fill=\"#38D6AC\"><\/path><\/g><defs><clipPath id=\"clip0_3458_15689\"><rect width=\"68\" height=\"68\" fill=\"white\"><\/rect><\/clipPath><\/defs><\/svg>\t\t\t\t<\/a>\n\t\t\t<\/div>\n\t\t\t\n\t\t\t\t\t\t<div class=\"elementor-icon-box-content\">\n\n\t\t\t\t\n\t\t\t\t\t\t\t\t\t<p class=\"elementor-icon-box-description\">\n\t\t\t\t\t\t\n\t\t\t\t\t<\/p>\n\t\t\t\t\n\t\t\t<\/div>\n\t\t\t\n\t\t<\/div>\n\t\t\t\t\t\t<\/div>\n\t\t\t\t<\/div>\n\t\t\t\t<div class=\"elementor-element elementor-element-f923245 elementor-widget elementor-widget-heading\" data-id=\"f923245\" data-element_type=\"widget\" data-e-type=\"widget\" data-widget_type=\"heading.default\">\n\t\t\t\t<div class=\"elementor-widget-container\">\n\t\t\t\t\t<h3 class=\"elementor-heading-title elementor-size-default\">Coordonn\u00e9es<\/h3>\t\t\t\t<\/div>\n\t\t\t\t<\/div>\n\t\t\t\t<div class=\"elementor-element elementor-element-caa88ce contact-textbox elementor-widget elementor-widget-text-editor\" data-id=\"caa88ce\" data-element_type=\"widget\" data-e-type=\"widget\" data-widget_type=\"text-editor.default\">\n\t\t\t\t<div class=\"elementor-widget-container\">\n\t\t\t\t\t\t\t\t\t<ul><li><strong>E-mail<\/strong><a href=\"mailto:office@104.248.20.184\" target=\"_blank\" rel=\"noopener\" data-fpl-component=\"primitive\">office@104.248.20.184<\/a><\/li><li><strong>Bureaux<\/strong>Bureaux num\u00e9riques<\/li><\/ul>\t\t\t\t\t\t\t\t<\/div>\n\t\t\t\t<\/div>\n\t\t\t\t<\/div>\n\t\t\t\t<\/div>\n\t\t\t\t<\/div>\n\t\t\t\t<\/div>\n\t\t\t\t<\/div>\n\t\t\t\t\t<\/div>\n\t\t\t\t<\/div>\n\t\t\t\t<\/div>\n\t\t","protected":false},"excerpt":{"rendered":"<p>Des questions ou des commentaires ? Nous serions ravis d\u2019avoir de vos nouvelles ! R\u00e9seaux sociaux Coordonn\u00e9es E-mailoffice@104.248.20.184 BureauxBureaux num\u00e9riques<\/p>\n","protected":false},"author":1,"featured_media":0,"parent":0,"menu_order":0,"comment_status":"closed","ping_status":"closed","template":"","meta":{"footnotes":""},"class_list":["post-7412","page","type-page","status-publish","hentry"],"_links":{"self":[{"href":"https:\/\/travelwithcare.io\/fr\/wp-json\/wp\/v2\/pages\/7412","targetHints":{"allow":["GET"]}}],"collection":[{"href":"https:\/\/travelwithcare.io\/fr\/wp-json\/wp\/v2\/pages"}],"about":[{"href":"https:\/\/travelwithcare.io\/fr\/wp-json\/wp\/v2\/types\/page"}],"author":[{"embeddable":true,"href":"https:\/\/travelwithcare.io\/fr\/wp-json\/wp\/v2\/users\/1"}],"replies":[{"embeddable":true,"href":"https:\/\/travelwithcare.io\/fr\/wp-json\/wp\/v2\/comments?post=7412"}],"version-history":[{"count":3,"href":"https:\/\/travelwithcare.io\/fr\/wp-json\/wp\/v2\/pages\/7412\/revisions"}],"predecessor-version":[{"id":7415,"href":"https:\/\/travelwithcare.io\/fr\/wp-json\/wp\/v2\/pages\/7412\/revisions\/7415"}],"wp:attachment":[{"href":"https:\/\/travelwithcare.io\/fr\/wp-json\/wp\/v2\/media?parent=7412"}],"curies":[{"name":"wp","href":"https:\/\/api.w.org\/{rel}","templated":true}]}}