{"id":7675,"date":"2025-11-09T12:29:03","date_gmt":"2025-11-09T12:29:03","guid":{"rendered":"http:\/\/104.248.20.184:8000\/saage-partneriks\/"},"modified":"2025-11-17T12:23:54","modified_gmt":"2025-11-17T12:23:54","slug":"saage-partneriks","status":"publish","type":"page","link":"https:\/\/travelwithcare.io\/et\/saage-partneriks\/","title":{"rendered":"Saage partneriks"},"content":{"rendered":"\t\t<div data-elementor-type=\"wp-page\" data-elementor-id=\"7675\" class=\"elementor elementor-7675 elementor-7024\" data-elementor-post-type=\"page\">\n\t\t\t\t<div class=\"elementor-element elementor-element-f2d30ef e-flex e-con-boxed e-con e-parent\" data-id=\"f2d30ef\" data-element_type=\"container\" data-e-type=\"container\">\n\t\t\t\t\t<div class=\"e-con-inner\">\n\t\t<div class=\"elementor-element elementor-element-c895846 e-con-full e-flex e-con e-child\" data-id=\"c895846\" data-element_type=\"container\" data-e-type=\"container\" data-settings=\"{&quot;background_background&quot;:&quot;classic&quot;}\">\n\t\t<div class=\"elementor-element elementor-element-de0725e e-con-full hero-section e-flex e-con e-child\" data-id=\"de0725e\" data-element_type=\"container\" data-e-type=\"container\">\n\t\t\t\t<div class=\"elementor-element elementor-element-3a42fa5 elementor-widget__width-initial elementor-widget elementor-widget-image\" data-id=\"3a42fa5\" data-element_type=\"widget\" data-e-type=\"widget\" data-widget_type=\"image.default\">\n\t\t\t\t<div class=\"elementor-widget-container\">\n\t\t\t\t\t\t\t\t\t\t\t\t\t\t\t<img decoding=\"async\" width=\"51\" height=\"51\" src=\"https:\/\/travelwithcare.io\/wp-content\/uploads\/2025\/11\/Primary-large-button-3.png\" class=\"attachment-full size-full wp-image-7043\" alt=\"\" \/>\t\t\t\t\t\t\t\t\t\t\t\t\t\t\t<\/div>\n\t\t\t\t<\/div>\n\t\t\t\t<div class=\"elementor-element elementor-element-3678aba elementor-widget__width-initial elementor-widget elementor-widget-text-editor\" data-id=\"3678aba\" data-element_type=\"widget\" data-e-type=\"widget\" data-widget_type=\"text-editor.default\">\n\t\t\t\t<div class=\"elementor-widget-container\">\n\t\t\t\t\t\t\t\t\t<h1>Huvitatud koost\u00f6\u00f6st TravelCare\u2019iga?<\/h1><p>Partnerlusmudel on loodud reisib\u00fcroodele, OTA platvormidele, hotellidele ja sarnastele ettev\u00f5tetele, kes soovivad oma klientidele pakkuda suuremat v\u00e4\u00e4rtust.<\/p><p>Partnerid saavad ainulaadse affiliate-lingi ja teenivad tasu klientide suunamise eest TravelCare\u2019i. Kui oled huvitatud partneriks saamisest, v\u00f5ta meiega \u00fchendust, et saada lisateavet ja alusta oma klientidele vajaliku kaitse pakkumist. <\/p>\t\t\t\t\t\t\t\t<\/div>\n\t\t\t\t<\/div>\n\t\t\t\t<div class=\"elementor-element elementor-element-2631676 elementor-widget__width-initial elementor-mobile-align-justify buy-cta elementor-widget elementor-widget-button\" data-id=\"2631676\" data-element_type=\"widget\" data-e-type=\"widget\" data-widget_type=\"button.default\">\n\t\t\t\t<div class=\"elementor-widget-container\">\n\t\t\t\t\t\t\t\t\t<div class=\"elementor-button-wrapper\">\n\t\t\t\t\t<a class=\"elementor-button elementor-button-link elementor-size-sm\" href=\"https:\/\/partner.travelwithcare.io\/\" target=\"_blank\">\n\t\t\t\t\t\t<span class=\"elementor-button-content-wrapper\">\n\t\t\t\t\t\t\t\t\t<span class=\"elementor-button-text\">Saage partneriks<\/span>\n\t\t\t\t\t<\/span>\n\t\t\t\t\t<\/a>\n\t\t\t\t<\/div>\n\t\t\t\t\t\t\t\t<\/div>\n\t\t\t\t<\/div>\n\t\t\t\t<\/div>\n\t\t\t\t<\/div>\n\t\t\t\t\t<\/div>\n\t\t\t\t<\/div>\n\t\t<div class=\"elementor-element elementor-element-02677a8 e-flex e-con-boxed e-con e-parent\" data-id=\"02677a8\" data-element_type=\"container\" data-e-type=\"container\" data-settings=\"{&quot;background_background&quot;:&quot;classic&quot;}\">\n\t\t\t\t\t<div class=\"e-con-inner\">\n\t\t<div class=\"elementor-element elementor-element-71269f5 e-con-full e-flex e-con e-child\" data-id=\"71269f5\" data-element_type=\"container\" data-e-type=\"container\">\n\t\t<div class=\"elementor-element elementor-element-19ace3b e-con-full e-flex e-con e-child\" data-id=\"19ace3b\" data-element_type=\"container\" data-e-type=\"container\">\n\t\t\t\t<div class=\"elementor-element elementor-element-cb97333 elementor-widget elementor-widget-heading\" data-id=\"cb97333\" data-element_type=\"widget\" data-e-type=\"widget\" data-widget_type=\"heading.default\">\n\t\t\t\t<div class=\"elementor-widget-container\">\n\t\t\t\t\t<h2 class=\"elementor-heading-title elementor-size-default\">Koost\u00f6\u00f6 eelised TravelCare\u2019iga:<\/h2>\t\t\t\t<\/div>\n\t\t\t\t<\/div>\n\t\t\t\t<div class=\"elementor-element elementor-element-9ab8569 elementor-widget elementor-widget-text-editor\" data-id=\"9ab8569\" data-element_type=\"widget\" data-e-type=\"widget\" data-widget_type=\"text-editor.default\">\n\t\t\t\t<div class=\"elementor-widget-container\">\n\t\t\t\t\t\t\t\t\t<p>Kogege usaldusv\u00e4\u00e4rset tuge ja sujuvat koost\u00f6\u00f6d.<\/p>\t\t\t\t\t\t\t\t<\/div>\n\t\t\t\t<\/div>\n\t\t\t\t<\/div>\n\t\t<div class=\"elementor-element elementor-element-01ee061 e-con-full e-flex e-con e-child\" data-id=\"01ee061\" data-element_type=\"container\" data-e-type=\"container\">\n\t\t<div class=\"elementor-element elementor-element-d657351 e-grid e-con-full e-con e-child\" data-id=\"d657351\" data-element_type=\"container\" data-e-type=\"container\">\n\t\t<div class=\"elementor-element elementor-element-4d1116d e-con-full e-flex e-con e-child\" data-id=\"4d1116d\" data-element_type=\"container\" data-e-type=\"container\">\n\t\t<div class=\"elementor-element elementor-element-9884561 e-con-full e-flex e-con e-child\" data-id=\"9884561\" data-element_type=\"container\" data-e-type=\"container\" data-settings=\"{&quot;background_background&quot;:&quot;classic&quot;}\">\n\t\t<div class=\"elementor-element elementor-element-11c7e41 e-con-full text-box-number e-flex e-con e-child\" data-id=\"11c7e41\" data-element_type=\"container\" data-e-type=\"container\">\n\t\t\t\t<div class=\"elementor-element elementor-element-2d9e7f9 elementor-widget__width-initial elementor-widget elementor-widget-text-editor\" data-id=\"2d9e7f9\" data-element_type=\"widget\" data-e-type=\"widget\" data-widget_type=\"text-editor.default\">\n\t\t\t\t<div class=\"elementor-widget-container\">\n\t\t\t\t\t\t\t\t\t<p><strong>1<\/strong><\/p>\t\t\t\t\t\t\t\t<\/div>\n\t\t\t\t<\/div>\n\t\t\t\t<\/div>\n\t\t<div class=\"elementor-element elementor-element-4945b66 e-flex e-con-boxed e-con e-child\" data-id=\"4945b66\" data-element_type=\"container\" data-e-type=\"container\">\n\t\t\t\t\t<div class=\"e-con-inner\">\n\t\t\t\t<div class=\"elementor-element elementor-element-4ef2690 text-box-text elementor-widget elementor-widget-text-editor\" data-id=\"4ef2690\" data-element_type=\"widget\" data-e-type=\"widget\" data-widget_type=\"text-editor.default\">\n\t\t\t\t<div class=\"elementor-widget-container\">\n\t\t\t\t\t\t\t\t\t<h3>Tulus sissetulek<\/h3><p>Tienid atraktiivseid komisjonitasusid iga eduka soovituse eest \u2013 rohkem kliente, rohkem kasumit.<\/p>\t\t\t\t\t\t\t\t<\/div>\n\t\t\t\t<\/div>\n\t\t\t\t\t<\/div>\n\t\t\t\t<\/div>\n\t\t\t\t<\/div>\n\t\t<div class=\"elementor-element elementor-element-a070dde e-con-full e-flex e-con e-child\" data-id=\"a070dde\" data-element_type=\"container\" data-e-type=\"container\" data-settings=\"{&quot;background_background&quot;:&quot;classic&quot;}\">\n\t\t<div class=\"elementor-element elementor-element-4fbfd2d e-con-full text-box-number e-flex e-con e-child\" data-id=\"4fbfd2d\" data-element_type=\"container\" data-e-type=\"container\">\n\t\t\t\t<div class=\"elementor-element elementor-element-4a7c454 elementor-widget__width-initial text-box-text elementor-widget elementor-widget-text-editor\" data-id=\"4a7c454\" data-element_type=\"widget\" data-e-type=\"widget\" data-widget_type=\"text-editor.default\">\n\t\t\t\t<div class=\"elementor-widget-container\">\n\t\t\t\t\t\t\t\t\t<p><strong>2<\/strong><\/p>\t\t\t\t\t\t\t\t<\/div>\n\t\t\t\t<\/div>\n\t\t\t\t<\/div>\n\t\t<div class=\"elementor-element elementor-element-eb918bd e-con-full e-flex e-con e-child\" data-id=\"eb918bd\" data-element_type=\"container\" data-e-type=\"container\">\n\t\t\t\t<div class=\"elementor-element elementor-element-d0eb9ae text-box-text elementor-widget elementor-widget-text-editor\" data-id=\"d0eb9ae\" data-element_type=\"widget\" data-e-type=\"widget\" data-widget_type=\"text-editor.default\">\n\t\t\t\t<div class=\"elementor-widget-container\">\n\t\t\t\t\t\t\t\t\t<h3>Usaldusv\u00e4\u00e4rne tugi<\/h3><p>Meie meeskond aitab sind igal sammul \u2013 alates liitumisest kuni keerukamate kliendip\u00e4ringute lahendamiseni.<\/p>\t\t\t\t\t\t\t\t<\/div>\n\t\t\t\t<\/div>\n\t\t\t\t<\/div>\n\t\t\t\t<\/div>\n\t\t<div class=\"elementor-element elementor-element-cb726e4 e-con-full e-flex e-con e-child\" data-id=\"cb726e4\" data-element_type=\"container\" data-e-type=\"container\" data-settings=\"{&quot;background_background&quot;:&quot;classic&quot;}\">\n\t\t<div class=\"elementor-element elementor-element-bc1cf29 e-con-full text-box-number e-flex e-con e-child\" data-id=\"bc1cf29\" data-element_type=\"container\" data-e-type=\"container\">\n\t\t\t\t<div class=\"elementor-element elementor-element-099fccf elementor-widget__width-initial text-box-text elementor-widget elementor-widget-text-editor\" data-id=\"099fccf\" data-element_type=\"widget\" data-e-type=\"widget\" data-widget_type=\"text-editor.default\">\n\t\t\t\t<div class=\"elementor-widget-container\">\n\t\t\t\t\t\t\t\t\t<p><strong>3<\/strong><\/p>\t\t\t\t\t\t\t\t<\/div>\n\t\t\t\t<\/div>\n\t\t\t\t<\/div>\n\t\t<div class=\"elementor-element elementor-element-4335b3e e-con-full e-flex e-con e-child\" data-id=\"4335b3e\" data-element_type=\"container\" data-e-type=\"container\">\n\t\t\t\t<div class=\"elementor-element elementor-element-8d30858 text-box-text elementor-widget elementor-widget-text-editor\" data-id=\"8d30858\" data-element_type=\"widget\" data-e-type=\"widget\" data-widget_type=\"text-editor.default\">\n\t\t\t\t<div class=\"elementor-widget-container\">\n\t\t\t\t\t\t\t\t\t<h3>Intuitiivne ja lihtsasti kasutatav platvorm<\/h3><p>Meie platvorm on loodud kasutajas\u00f5bralikuks, et saaksid kiiresti alustada ja hakata teenima.<\/p>\t\t\t\t\t\t\t\t<\/div>\n\t\t\t\t<\/div>\n\t\t\t\t<\/div>\n\t\t\t\t<\/div>\n\t\t<div class=\"elementor-element elementor-element-a910b85 e-con-full e-flex e-con e-child\" data-id=\"a910b85\" data-element_type=\"container\" data-e-type=\"container\" data-settings=\"{&quot;background_background&quot;:&quot;classic&quot;}\">\n\t\t<div class=\"elementor-element elementor-element-2608610 e-con-full text-box-number e-flex e-con e-child\" data-id=\"2608610\" data-element_type=\"container\" data-e-type=\"container\">\n\t\t\t\t<div class=\"elementor-element elementor-element-d8bad0a elementor-widget__width-initial text-box-text elementor-widget elementor-widget-text-editor\" data-id=\"d8bad0a\" data-element_type=\"widget\" data-e-type=\"widget\" data-widget_type=\"text-editor.default\">\n\t\t\t\t<div class=\"elementor-widget-container\">\n\t\t\t\t\t\t\t\t\t<p><strong>4<\/strong><\/p>\t\t\t\t\t\t\t\t<\/div>\n\t\t\t\t<\/div>\n\t\t\t\t<\/div>\n\t\t<div class=\"elementor-element elementor-element-568a395 e-con-full e-flex e-con e-child\" data-id=\"568a395\" data-element_type=\"container\" data-e-type=\"container\">\n\t\t\t\t<div class=\"elementor-element elementor-element-cebaac8 text-box-text elementor-widget elementor-widget-text-editor\" data-id=\"cebaac8\" data-element_type=\"widget\" data-e-type=\"widget\" data-widget_type=\"text-editor.default\">\n\t\t\t\t<div class=\"elementor-widget-container\">\n\t\t\t\t\t\t\t\t\t<h3>Professionaalne meeskond<\/h3><p>Tee koost\u00f6\u00f6d kogenud meeskonnaga, kes on p\u00fchendunud aitama sul pakkuda oma klientidele k\u00f5rgetasemelist v\u00e4\u00e4rtust.<\/p>\t\t\t\t\t\t\t\t<\/div>\n\t\t\t\t<\/div>\n\t\t\t\t<\/div>\n\t\t\t\t<\/div>\n\t\t\t\t<\/div>\n\t\t<div class=\"elementor-element elementor-element-beb79bb e-con-full e-flex e-con e-child\" data-id=\"beb79bb\" data-element_type=\"container\" data-e-type=\"container\" id=\"right-box\" data-settings=\"{&quot;background_background&quot;:&quot;classic&quot;}\">\n\t\t\t\t<\/div>\n\t\t\t\t<\/div>\n\t\t\t\t<\/div>\n\t\t\t\t<\/div>\n\t\t\t\t\t<\/div>\n\t\t\t\t<\/div>\n\t\t\t\t<\/div>\n\t\t","protected":false},"excerpt":{"rendered":"<p>Huvitatud koost\u00f6\u00f6st TravelCare\u2019iga? Partnerlusmudel on loodud reisib\u00fcroodele, OTA platvormidele, hotellidele ja sarnastele ettev\u00f5tetele, kes soovivad oma klientidele pakkuda suuremat v\u00e4\u00e4rtust. Partnerid saavad ainulaadse affiliate-lingi ja teenivad tasu klientide suunamise eest TravelCare\u2019i. Kui oled huvitatud partneriks saamisest, v\u00f5ta meiega \u00fchendust, et saada lisateavet ja alusta oma klientidele vajaliku kaitse pakkumist. Saage partneriks Koost\u00f6\u00f6 eelised TravelCare\u2019iga: Kogege [&hellip;]<\/p>\n","protected":false},"author":1,"featured_media":0,"parent":0,"menu_order":0,"comment_status":"closed","ping_status":"closed","template":"","meta":{"footnotes":""},"class_list":["post-7675","page","type-page","status-publish","hentry"],"_links":{"self":[{"href":"https:\/\/travelwithcare.io\/et\/wp-json\/wp\/v2\/pages\/7675","targetHints":{"allow":["GET"]}}],"collection":[{"href":"https:\/\/travelwithcare.io\/et\/wp-json\/wp\/v2\/pages"}],"about":[{"href":"https:\/\/travelwithcare.io\/et\/wp-json\/wp\/v2\/types\/page"}],"author":[{"embeddable":true,"href":"https:\/\/travelwithcare.io\/et\/wp-json\/wp\/v2\/users\/1"}],"replies":[{"embeddable":true,"href":"https:\/\/travelwithcare.io\/et\/wp-json\/wp\/v2\/comments?post=7675"}],"version-history":[{"count":1,"href":"https:\/\/travelwithcare.io\/et\/wp-json\/wp\/v2\/pages\/7675\/revisions"}],"predecessor-version":[{"id":7676,"href":"https:\/\/travelwithcare.io\/et\/wp-json\/wp\/v2\/pages\/7675\/revisions\/7676"}],"wp:attachment":[{"href":"https:\/\/travelwithcare.io\/et\/wp-json\/wp\/v2\/media?parent=7675"}],"curies":[{"name":"wp","href":"https:\/\/api.w.org\/{rel}","templated":true}]}}