{"id":7610,"date":"2025-11-10T12:54:36","date_gmt":"2025-11-10T12:54:36","guid":{"rendered":"http:\/\/104.248.20.184:8000\/meist\/"},"modified":"2025-11-14T15:19:52","modified_gmt":"2025-11-14T15:19:52","slug":"meist","status":"publish","type":"page","link":"https:\/\/travelwithcare.io\/et\/meist\/","title":{"rendered":"Meist"},"content":{"rendered":"\t\t<div data-elementor-type=\"wp-page\" data-elementor-id=\"7610\" class=\"elementor elementor-7610 elementor-7188\" data-elementor-post-type=\"page\">\n\t\t\t\t<div class=\"elementor-element elementor-element-f2d30ef e-con-full e-flex e-con e-parent\" data-id=\"f2d30ef\" data-element_type=\"container\" data-e-type=\"container\">\n\t\t<div class=\"elementor-element elementor-element-c895846 e-flex e-con-boxed e-con e-child\" data-id=\"c895846\" data-element_type=\"container\" data-e-type=\"container\" data-settings=\"{&quot;background_background&quot;:&quot;classic&quot;}\">\n\t\t\t\t\t<div class=\"e-con-inner\">\n\t\t<div class=\"elementor-element elementor-element-de0725e e-con-full hero-section e-flex e-con e-child\" data-id=\"de0725e\" data-element_type=\"container\" data-e-type=\"container\">\n\t\t\t\t<div class=\"elementor-element elementor-element-3a42fa5 elementor-widget__width-initial elementor-widget elementor-widget-image\" data-id=\"3a42fa5\" data-element_type=\"widget\" data-e-type=\"widget\" data-widget_type=\"image.default\">\n\t\t\t\t<div class=\"elementor-widget-container\">\n\t\t\t\t\t\t\t\t\t\t\t\t\t\t\t<img decoding=\"async\" width=\"51\" height=\"51\" src=\"https:\/\/travelwithcare.io\/wp-content\/uploads\/2025\/11\/Primary-large-button-3.png\" class=\"attachment-full size-full wp-image-7043\" alt=\"\" \/>\t\t\t\t\t\t\t\t\t\t\t\t\t\t\t<\/div>\n\t\t\t\t<\/div>\n\t\t\t\t<div class=\"elementor-element elementor-element-3678aba elementor-widget__width-initial elementor-widget elementor-widget-text-editor\" data-id=\"3678aba\" data-element_type=\"widget\" data-e-type=\"widget\" data-widget_type=\"text-editor.default\">\n\t\t\t\t<div class=\"elementor-widget-container\">\n\t\t\t\t\t\t\t\t\t<h1>Meist<\/h1><p>TravelCare on taskukohane lennueelse kaitseteenus, mis on loodud selleks, et tagada sujuv ja murevaba reisikogemus. TravelCare\u2019i ostes saad kindluse, et lennu hilinemise, t\u00fchistamise v\u00f5i pardale mittelubamise korral saad kogu sulle kuuluva h\u00fcvitise. Lisaks pakub TravelCare t\u00e4iendavaid eeliseid, nagu tasuta juurdep\u00e4\u00e4s \u00e4rilounge\u2019ile pikema hilinemise korral, tasuta eSIM ja palju muud.  <\/p>\t\t\t\t\t\t\t\t<\/div>\n\t\t\t\t<\/div>\n\t\t\t\t<\/div>\n\t\t<div class=\"elementor-element elementor-element-590f074 e-con-full e-flex e-con e-child\" data-id=\"590f074\" data-element_type=\"container\" data-e-type=\"container\">\n\t\t\t\t<div class=\"elementor-element elementor-element-ea50959 elementor-widget elementor-widget-image\" data-id=\"ea50959\" data-element_type=\"widget\" data-e-type=\"widget\" data-widget_type=\"image.default\">\n\t\t\t\t<div class=\"elementor-widget-container\">\n\t\t\t\t\t\t\t\t\t\t\t\t\t\t\t<img fetchpriority=\"high\" decoding=\"async\" width=\"402\" height=\"398\" src=\"https:\/\/travelwithcare.io\/wp-content\/uploads\/2025\/11\/aboutus1.png\" class=\"attachment-full size-full wp-image-7205\" alt=\"\" srcset=\"https:\/\/travelwithcare.io\/wp-content\/uploads\/2025\/11\/aboutus1.png 402w, https:\/\/travelwithcare.io\/wp-content\/uploads\/2025\/11\/aboutus1-300x297.png 300w, https:\/\/travelwithcare.io\/wp-content\/uploads\/2025\/11\/aboutus1-150x150.png 150w\" sizes=\"(max-width: 402px) 100vw, 402px\" \/>\t\t\t\t\t\t\t\t\t\t\t\t\t\t\t<\/div>\n\t\t\t\t<\/div>\n\t\t\t\t<\/div>\n\t\t\t\t\t<\/div>\n\t\t\t\t<\/div>\n\t\t\t\t<\/div>\n\t\t<div class=\"elementor-element elementor-element-e193aec e-con-full bg-none e-flex e-con e-child\" data-id=\"e193aec\" data-element_type=\"container\" data-e-type=\"container\" data-settings=\"{&quot;background_background&quot;:&quot;classic&quot;}\">\n\t\t<div class=\"elementor-element elementor-element-1178ccd e-flex e-con-boxed e-con e-child\" data-id=\"1178ccd\" data-element_type=\"container\" data-e-type=\"container\" data-settings=\"{&quot;background_background&quot;:&quot;gradient&quot;}\">\n\t\t\t\t\t<div class=\"e-con-inner\">\n\t\t<div class=\"elementor-element elementor-element-bfa8cd1 e-con-full e-flex e-con e-child\" data-id=\"bfa8cd1\" data-element_type=\"container\" data-e-type=\"container\">\n\t\t\t\t<div class=\"elementor-element elementor-element-b76b986 elementor-widget elementor-widget-image\" data-id=\"b76b986\" data-element_type=\"widget\" data-e-type=\"widget\" data-widget_type=\"image.default\">\n\t\t\t\t<div class=\"elementor-widget-container\">\n\t\t\t\t\t\t\t\t\t\t\t\t\t\t\t<img decoding=\"async\" width=\"402\" height=\"398\" src=\"https:\/\/travelwithcare.io\/wp-content\/uploads\/2025\/11\/aboutus3.png\" class=\"attachment-full size-full wp-image-7256\" alt=\"\" srcset=\"https:\/\/travelwithcare.io\/wp-content\/uploads\/2025\/11\/aboutus3.png 402w, https:\/\/travelwithcare.io\/wp-content\/uploads\/2025\/11\/aboutus3-300x297.png 300w, https:\/\/travelwithcare.io\/wp-content\/uploads\/2025\/11\/aboutus3-150x150.png 150w\" sizes=\"(max-width: 402px) 100vw, 402px\" \/>\t\t\t\t\t\t\t\t\t\t\t\t\t\t\t<\/div>\n\t\t\t\t<\/div>\n\t\t\t\t<\/div>\n\t\t<div class=\"elementor-element elementor-element-677b39e e-con-full e-flex e-con e-child\" data-id=\"677b39e\" data-element_type=\"container\" data-e-type=\"container\">\n\t\t\t\t<div class=\"elementor-element elementor-element-fd66e08 elementor-widget__width-initial elementor-widget elementor-widget-text-editor\" data-id=\"fd66e08\" data-element_type=\"widget\" data-e-type=\"widget\" data-widget_type=\"text-editor.default\">\n\t\t\t\t<div class=\"elementor-widget-container\">\n\t\t\t\t\t\t\t\t\t<p>Lennuh\u00e4irete korral teeb TravelCare koost\u00f6\u00f6d Skycopiga, kes haldab sinu h\u00fcvitisn\u00f5uet ja tagab, et saad kogu summa ilma tasude v\u00f5i komisjonideta. Olenemata sellest, kas lendad Euroopa Liidu sees v\u00f5i rahvusvaheliselt, annab TravelCare sulle kindlustunde, et sinu reisiplaanid ja h\u00fcvitised on t\u00e4ielikult kaitstud. <\/p>\t\t\t\t\t\t\t\t<\/div>\n\t\t\t\t<\/div>\n\t\t\t\t<div class=\"elementor-element elementor-element-3402c55 elementor-widget elementor-widget-heading\" data-id=\"3402c55\" data-element_type=\"widget\" data-e-type=\"widget\" data-widget_type=\"heading.default\">\n\t\t\t\t<div class=\"elementor-widget-container\">\n\t\t\t\t\t<h2 class=\"elementor-heading-title elementor-size-default\">Kuidas Skycop ja TravelCare koos t\u00f6\u00f6tavad<\/h2>\t\t\t\t<\/div>\n\t\t\t\t<\/div>\n\t\t\t\t<div class=\"elementor-element elementor-element-91f25ab elementor-widget__width-initial elementor-widget elementor-widget-text-editor\" data-id=\"91f25ab\" data-element_type=\"widget\" data-e-type=\"widget\" data-widget_type=\"text-editor.default\">\n\t\t\t\t<div class=\"elementor-widget-container\">\n\t\t\t\t\t\t\t\t\t<p>TravelCare\u2019i lennueelset kaitset ostes saad lisaks t\u00e4iendavatele eelistele ka t\u00e4ieliku kaitse lennuh\u00e4irete korral. Teenuse aktiveerimine v\u00e4hemalt 24 tundi enne lendu annab sulle ligip\u00e4\u00e4su k\u00f5igile nendele h\u00fcvedele. <\/p>\t\t\t\t\t\t\t\t<\/div>\n\t\t\t\t<\/div>\n\t\t\t\t<\/div>\n\t\t\t\t\t<\/div>\n\t\t\t\t<\/div>\n\t\t\t\t<\/div>\n\t\t<div class=\"elementor-element elementor-element-b8e7b7e e-con-full bg-none e-flex e-con e-child\" data-id=\"b8e7b7e\" data-element_type=\"container\" data-e-type=\"container\">\n\t\t<div class=\"elementor-element elementor-element-f532771 e-flex e-con-boxed e-con e-child\" data-id=\"f532771\" data-element_type=\"container\" data-e-type=\"container\">\n\t\t\t\t\t<div class=\"e-con-inner\">\n\t\t<div class=\"elementor-element elementor-element-6bcae0d e-con-full e-flex e-con e-child\" data-id=\"6bcae0d\" data-element_type=\"container\" data-e-type=\"container\" data-settings=\"{&quot;background_background&quot;:&quot;classic&quot;}\">\n\t\t\t\t<div class=\"elementor-element elementor-element-7d84683 elementor-widget elementor-widget-heading\" data-id=\"7d84683\" data-element_type=\"widget\" data-e-type=\"widget\" data-widget_type=\"heading.default\">\n\t\t\t\t<div class=\"elementor-widget-container\">\n\t\t\t\t\t<h2 class=\"elementor-heading-title elementor-size-default\">Nii toimivad Skycop ja TravelCare koos lennu hilinemise,<\/br> t\u00fchistamise v\u00f5i \u00fclereserveerimise korral:<\/h2>\t\t\t\t<\/div>\n\t\t\t\t<\/div>\n\t\t<div class=\"elementor-element elementor-element-6df228f e-con-full e-flex e-con e-child\" data-id=\"6df228f\" data-element_type=\"container\" data-e-type=\"container\">\n\t\t<div class=\"elementor-element elementor-element-3c2df45 e-con-full e-flex e-con e-child\" data-id=\"3c2df45\" data-element_type=\"container\" data-e-type=\"container\">\n\t\t\t\t<div class=\"elementor-element elementor-element-1ff94e9 elementor-widget elementor-widget-image\" data-id=\"1ff94e9\" data-element_type=\"widget\" data-e-type=\"widget\" data-widget_type=\"image.default\">\n\t\t\t\t<div class=\"elementor-widget-container\">\n\t\t\t\t\t\t\t\t\t\t\t\t\t\t\t<img loading=\"lazy\" decoding=\"async\" width=\"57\" height=\"57\" src=\"https:\/\/travelwithcare.io\/wp-content\/uploads\/2025\/04\/ico-flexible-coverage.svg\" class=\"attachment-full size-full wp-image-1539\" alt=\"\" \/>\t\t\t\t\t\t\t\t\t\t\t\t\t\t\t<\/div>\n\t\t\t\t<\/div>\n\t\t\t\t<div class=\"elementor-element elementor-element-432f8ec elementor-widget elementor-widget-heading\" data-id=\"432f8ec\" data-element_type=\"widget\" data-e-type=\"widget\" data-widget_type=\"heading.default\">\n\t\t\t\t<div class=\"elementor-widget-container\">\n\t\t\t\t\t<h3 class=\"elementor-heading-title elementor-size-default\">H\u00fcvitisn\u00f5ude esitamine Skycopi kaudu:<\/h3>\t\t\t\t<\/div>\n\t\t\t\t<\/div>\n\t\t\t\t<div class=\"elementor-element elementor-element-fed9494 elementor-widget__width-initial elementor-widget elementor-widget-text-editor\" data-id=\"fed9494\" data-element_type=\"widget\" data-e-type=\"widget\" data-widget_type=\"text-editor.default\">\n\t\t\t\t<div class=\"elementor-widget-container\">\n\t\t\t\t\t\t\t\t\t<p>P\u00e4rast lennuh\u00e4iret k\u00fclastad Skycop.com lehte, et esitada oma n\u00f5ue. S\u00fcsteem tunneb sind automaatselt \u00e4ra kui TravelCare\u2019i kasutajat, mis t\u00e4hendab, et oled juba kaetud. T\u00e4iendavat infot ei ole vaja \u2014 protsess on kiire ja lihtne.   <\/p>\t\t\t\t\t\t\t\t<\/div>\n\t\t\t\t<\/div>\n\t\t\t\t<\/div>\n\t\t<div class=\"elementor-element elementor-element-ee1fe2a e-con-full e-flex e-con e-child\" data-id=\"ee1fe2a\" data-element_type=\"container\" data-e-type=\"container\">\n\t\t\t\t<div class=\"elementor-element elementor-element-c6292da elementor-widget elementor-widget-image\" data-id=\"c6292da\" data-element_type=\"widget\" data-e-type=\"widget\" data-widget_type=\"image.default\">\n\t\t\t\t<div class=\"elementor-widget-container\">\n\t\t\t\t\t\t\t\t\t\t\t\t\t\t\t<img loading=\"lazy\" decoding=\"async\" width=\"68\" height=\"68\" src=\"https:\/\/travelwithcare.io\/wp-content\/uploads\/2025\/07\/icon-cfc.svg\" class=\"attachment-full size-full wp-image-1675\" alt=\"\" \/>\t\t\t\t\t\t\t\t\t\t\t\t\t\t\t<\/div>\n\t\t\t\t<\/div>\n\t\t\t\t<div class=\"elementor-element elementor-element-87dac35 elementor-widget elementor-widget-heading\" data-id=\"87dac35\" data-element_type=\"widget\" data-e-type=\"widget\" data-widget_type=\"heading.default\">\n\t\t\t\t<div class=\"elementor-widget-container\">\n\t\t\t\t\t<h3 class=\"elementor-heading-title elementor-size-default\">Ilma tasude ja komisjonideta<\/h3>\t\t\t\t<\/div>\n\t\t\t\t<\/div>\n\t\t\t\t<div class=\"elementor-element elementor-element-172f4aa elementor-widget__width-initial elementor-widget elementor-widget-text-editor\" data-id=\"172f4aa\" data-element_type=\"widget\" data-e-type=\"widget\" data-widget_type=\"text-editor.default\">\n\t\t\t\t<div class=\"elementor-widget-container\">\n\t\t\t\t\t\t\t\t\t<p>TravelCare\u2019i kasutajana ei pea sa muretsema tasude v\u00f5i komisjonide p\u00e4rast, kui esitad n\u00f5ude Skycopi kaudu. Tavaliselt v\u00f5tab Skycop oma teenuse eest tasu, kuid TravelCare\u2019i klientidele makstakse v\u00e4lja kogu h\u00fcvitis. <\/p>\t\t\t\t\t\t\t\t<\/div>\n\t\t\t\t<\/div>\n\t\t\t\t<\/div>\n\t\t<div class=\"elementor-element elementor-element-2980177 e-con-full e-flex e-con e-child\" data-id=\"2980177\" data-element_type=\"container\" data-e-type=\"container\">\n\t\t\t\t<div class=\"elementor-element elementor-element-66b332b elementor-widget elementor-widget-image\" data-id=\"66b332b\" data-element_type=\"widget\" data-e-type=\"widget\" data-widget_type=\"image.default\">\n\t\t\t\t<div class=\"elementor-widget-container\">\n\t\t\t\t\t\t\t\t\t\t\t\t\t\t\t<img loading=\"lazy\" decoding=\"async\" width=\"68\" height=\"68\" src=\"https:\/\/travelwithcare.io\/wp-content\/uploads\/2025\/07\/icon-bp.svg\" class=\"attachment-full size-full wp-image-1651\" alt=\"\" \/>\t\t\t\t\t\t\t\t\t\t\t\t\t\t\t<\/div>\n\t\t\t\t<\/div>\n\t\t\t\t<div class=\"elementor-element elementor-element-7c1e926 elementor-widget elementor-widget-heading\" data-id=\"7c1e926\" data-element_type=\"widget\" data-e-type=\"widget\" data-widget_type=\"heading.default\">\n\t\t\t\t<div class=\"elementor-widget-container\">\n\t\t\t\t\t<h3 class=\"elementor-heading-title elementor-size-default\">H\u00fcvitis sobilike juhtumite korral:<\/h3>\t\t\t\t<\/div>\n\t\t\t\t<\/div>\n\t\t\t\t<div class=\"elementor-element elementor-element-0e43782 elementor-widget__width-initial elementor-widget elementor-widget-text-editor\" data-id=\"0e43782\" data-element_type=\"widget\" data-e-type=\"widget\" data-widget_type=\"text-editor.default\">\n\t\t\t\t<div class=\"elementor-widget-container\">\n\t\t\t\t\t\t\t\t\t<p>Kui sinu lend vastab sellistele m\u00e4\u00e4rustele nagu EL m\u00e4\u00e4rus EC 261\/2004, v\u00f5id saada kuni 600 \u20ac h\u00fcvitist, s\u00f5ltuvalt h\u00e4ire iseloomust. <br> Kuna TravelCare katab k\u00f5ik tasud, saad kogu summa ilma igasuguste mahaarvamistega. <\/p>\t\t\t\t\t\t\t\t<\/div>\n\t\t\t\t<\/div>\n\t\t\t\t<\/div>\n\t\t\t\t<\/div>\n\t\t\t\t<\/div>\n\t\t\t\t\t<\/div>\n\t\t\t\t<\/div>\n\t\t\t\t<\/div>\n\t\t\t\t<\/div>\n\t\t","protected":false},"excerpt":{"rendered":"<p>Meist TravelCare on taskukohane lennueelse kaitseteenus, mis on loodud selleks, et tagada sujuv ja murevaba reisikogemus. TravelCare\u2019i ostes saad kindluse, et lennu hilinemise, t\u00fchistamise v\u00f5i pardale mittelubamise korral saad kogu sulle kuuluva h\u00fcvitise. Lisaks pakub TravelCare t\u00e4iendavaid eeliseid, nagu tasuta juurdep\u00e4\u00e4s \u00e4rilounge\u2019ile pikema hilinemise korral, tasuta eSIM ja palju muud. Lennuh\u00e4irete korral teeb TravelCare koost\u00f6\u00f6d [&hellip;]<\/p>\n","protected":false},"author":1,"featured_media":0,"parent":0,"menu_order":0,"comment_status":"closed","ping_status":"closed","template":"","meta":{"footnotes":""},"class_list":["post-7610","page","type-page","status-publish","hentry"],"_links":{"self":[{"href":"https:\/\/travelwithcare.io\/et\/wp-json\/wp\/v2\/pages\/7610","targetHints":{"allow":["GET"]}}],"collection":[{"href":"https:\/\/travelwithcare.io\/et\/wp-json\/wp\/v2\/pages"}],"about":[{"href":"https:\/\/travelwithcare.io\/et\/wp-json\/wp\/v2\/types\/page"}],"author":[{"embeddable":true,"href":"https:\/\/travelwithcare.io\/et\/wp-json\/wp\/v2\/users\/1"}],"replies":[{"embeddable":true,"href":"https:\/\/travelwithcare.io\/et\/wp-json\/wp\/v2\/comments?post=7610"}],"version-history":[{"count":1,"href":"https:\/\/travelwithcare.io\/et\/wp-json\/wp\/v2\/pages\/7610\/revisions"}],"predecessor-version":[{"id":7611,"href":"https:\/\/travelwithcare.io\/et\/wp-json\/wp\/v2\/pages\/7610\/revisions\/7611"}],"wp:attachment":[{"href":"https:\/\/travelwithcare.io\/et\/wp-json\/wp\/v2\/media?parent=7610"}],"curies":[{"name":"wp","href":"https:\/\/api.w.org\/{rel}","templated":true}]}}