{"id":7612,"date":"2025-11-10T12:54:36","date_gmt":"2025-11-10T12:54:36","guid":{"rendered":"http:\/\/104.248.20.184:8000\/sobre-nosotros\/"},"modified":"2025-11-14T15:22:01","modified_gmt":"2025-11-14T15:22:01","slug":"sobre-nosotros","status":"publish","type":"page","link":"https:\/\/travelwithcare.io\/es\/sobre-nosotros\/","title":{"rendered":"Sobre nosotros"},"content":{"rendered":"\t\t<div data-elementor-type=\"wp-page\" data-elementor-id=\"7612\" class=\"elementor elementor-7612 elementor-7188\" data-elementor-post-type=\"page\">\n\t\t\t\t<div class=\"elementor-element elementor-element-f2d30ef e-con-full e-flex e-con e-parent\" data-id=\"f2d30ef\" data-element_type=\"container\" data-e-type=\"container\">\n\t\t<div class=\"elementor-element elementor-element-c895846 e-flex e-con-boxed e-con e-child\" data-id=\"c895846\" data-element_type=\"container\" data-e-type=\"container\" data-settings=\"{&quot;background_background&quot;:&quot;classic&quot;}\">\n\t\t\t\t\t<div class=\"e-con-inner\">\n\t\t<div class=\"elementor-element elementor-element-de0725e e-con-full hero-section e-flex e-con e-child\" data-id=\"de0725e\" data-element_type=\"container\" data-e-type=\"container\">\n\t\t\t\t<div class=\"elementor-element elementor-element-3a42fa5 elementor-widget__width-initial elementor-widget elementor-widget-image\" data-id=\"3a42fa5\" data-element_type=\"widget\" data-e-type=\"widget\" data-widget_type=\"image.default\">\n\t\t\t\t<div class=\"elementor-widget-container\">\n\t\t\t\t\t\t\t\t\t\t\t\t\t\t\t<img decoding=\"async\" width=\"51\" height=\"51\" src=\"https:\/\/travelwithcare.io\/wp-content\/uploads\/2025\/11\/Primary-large-button-3.png\" class=\"attachment-full size-full wp-image-7061\" alt=\"\" \/>\t\t\t\t\t\t\t\t\t\t\t\t\t\t\t<\/div>\n\t\t\t\t<\/div>\n\t\t\t\t<div class=\"elementor-element elementor-element-3678aba elementor-widget__width-initial elementor-widget elementor-widget-text-editor\" data-id=\"3678aba\" data-element_type=\"widget\" data-e-type=\"widget\" data-widget_type=\"text-editor.default\">\n\t\t\t\t<div class=\"elementor-widget-container\">\n\t\t\t\t\t\t\t\t\t<h1>Sobre nosotros<\/h1><p>TravelCare es tu servicio asequible de protecci\u00f3n previa al vuelo, dise\u00f1ado para ofrecerte una experiencia de viaje sin preocupaciones. Al comprar TravelCare, te aseguras de recibir el importe completo de la compensaci\u00f3n en caso de retrasos del vuelo, cancelaciones o denegaci\u00f3n de embarque. Con TravelCare tambi\u00e9n obtienes ventajas adicionales, como acceso gratuito a una sala VIP business en caso de retrasos prolongados, una eSIM gratuita y otros beneficios.  <\/p>\t\t\t\t\t\t\t\t<\/div>\n\t\t\t\t<\/div>\n\t\t\t\t<\/div>\n\t\t<div class=\"elementor-element elementor-element-590f074 e-con-full e-flex e-con e-child\" data-id=\"590f074\" data-element_type=\"container\" data-e-type=\"container\">\n\t\t\t\t<div class=\"elementor-element elementor-element-ea50959 elementor-widget elementor-widget-image\" data-id=\"ea50959\" data-element_type=\"widget\" data-e-type=\"widget\" data-widget_type=\"image.default\">\n\t\t\t\t<div class=\"elementor-widget-container\">\n\t\t\t\t\t\t\t\t\t\t\t\t\t\t\t<img fetchpriority=\"high\" decoding=\"async\" width=\"402\" height=\"398\" src=\"https:\/\/travelwithcare.io\/wp-content\/uploads\/2025\/11\/aboutus1.png\" class=\"attachment-full size-full wp-image-7223\" alt=\"\" srcset=\"https:\/\/travelwithcare.io\/wp-content\/uploads\/2025\/11\/aboutus1.png 402w, https:\/\/travelwithcare.io\/wp-content\/uploads\/2025\/11\/aboutus1-300x297.png 300w, https:\/\/travelwithcare.io\/wp-content\/uploads\/2025\/11\/aboutus1-150x150.png 150w\" sizes=\"(max-width: 402px) 100vw, 402px\" \/>\t\t\t\t\t\t\t\t\t\t\t\t\t\t\t<\/div>\n\t\t\t\t<\/div>\n\t\t\t\t<\/div>\n\t\t\t\t\t<\/div>\n\t\t\t\t<\/div>\n\t\t\t\t<\/div>\n\t\t<div class=\"elementor-element elementor-element-e193aec e-con-full bg-none e-flex e-con e-child\" data-id=\"e193aec\" data-element_type=\"container\" data-e-type=\"container\" data-settings=\"{&quot;background_background&quot;:&quot;classic&quot;}\">\n\t\t<div class=\"elementor-element elementor-element-1178ccd e-flex e-con-boxed e-con e-child\" data-id=\"1178ccd\" data-element_type=\"container\" data-e-type=\"container\" data-settings=\"{&quot;background_background&quot;:&quot;gradient&quot;}\">\n\t\t\t\t\t<div class=\"e-con-inner\">\n\t\t<div class=\"elementor-element elementor-element-bfa8cd1 e-con-full e-flex e-con e-child\" data-id=\"bfa8cd1\" data-element_type=\"container\" data-e-type=\"container\">\n\t\t\t\t<div class=\"elementor-element elementor-element-b76b986 elementor-widget elementor-widget-image\" data-id=\"b76b986\" data-element_type=\"widget\" data-e-type=\"widget\" data-widget_type=\"image.default\">\n\t\t\t\t<div class=\"elementor-widget-container\">\n\t\t\t\t\t\t\t\t\t\t\t\t\t\t\t<img decoding=\"async\" width=\"402\" height=\"398\" src=\"https:\/\/travelwithcare.io\/wp-content\/uploads\/2025\/11\/aboutus3.png\" class=\"attachment-full size-full wp-image-7274\" alt=\"\" srcset=\"https:\/\/travelwithcare.io\/wp-content\/uploads\/2025\/11\/aboutus3.png 402w, https:\/\/travelwithcare.io\/wp-content\/uploads\/2025\/11\/aboutus3-300x297.png 300w, https:\/\/travelwithcare.io\/wp-content\/uploads\/2025\/11\/aboutus3-150x150.png 150w\" sizes=\"(max-width: 402px) 100vw, 402px\" \/>\t\t\t\t\t\t\t\t\t\t\t\t\t\t\t<\/div>\n\t\t\t\t<\/div>\n\t\t\t\t<\/div>\n\t\t<div class=\"elementor-element elementor-element-677b39e e-con-full e-flex e-con e-child\" data-id=\"677b39e\" data-element_type=\"container\" data-e-type=\"container\">\n\t\t\t\t<div class=\"elementor-element elementor-element-fd66e08 elementor-widget__width-initial elementor-widget elementor-widget-text-editor\" data-id=\"fd66e08\" data-element_type=\"widget\" data-e-type=\"widget\" data-widget_type=\"text-editor.default\">\n\t\t\t\t<div class=\"elementor-widget-container\">\n\t\t\t\t\t\t\t\t\t<p>En caso de una interrupci\u00f3n del vuelo, TravelCare colabora con Skycop para gestionar tu reclamaci\u00f3n de compensaci\u00f3n, garantizando que recibas el importe total sin tarifas ni comisiones. Tanto si vuelas dentro de la UE como internacionalmente, TravelCare te ofrece tranquilidad sabiendo que tus planes de viaje y compensaciones est\u00e1n completamente protegidos. <\/p>\t\t\t\t\t\t\t\t<\/div>\n\t\t\t\t<\/div>\n\t\t\t\t<div class=\"elementor-element elementor-element-3402c55 elementor-widget elementor-widget-heading\" data-id=\"3402c55\" data-element_type=\"widget\" data-e-type=\"widget\" data-widget_type=\"heading.default\">\n\t\t\t\t<div class=\"elementor-widget-container\">\n\t\t\t\t\t<h2 class=\"elementor-heading-title elementor-size-default\">C\u00f3mo trabajan juntos Skycop y TravelCare<\/h2>\t\t\t\t<\/div>\n\t\t\t\t<\/div>\n\t\t\t\t<div class=\"elementor-element elementor-element-91f25ab elementor-widget__width-initial elementor-widget elementor-widget-text-editor\" data-id=\"91f25ab\" data-element_type=\"widget\" data-e-type=\"widget\" data-widget_type=\"text-editor.default\">\n\t\t\t\t<div class=\"elementor-widget-container\">\n\t\t\t\t\t\t\t\t\t<p>Cuando compras la protecci\u00f3n previa al vuelo de TravelCare, no solo obtienes beneficios adicionales, sino tambi\u00e9n una cobertura completa en caso de incidencias. Al activar el servicio al menos 24 horas antes del vuelo, obtienes acceso a todas estas ventajas. <\/p>\t\t\t\t\t\t\t\t<\/div>\n\t\t\t\t<\/div>\n\t\t\t\t<\/div>\n\t\t\t\t\t<\/div>\n\t\t\t\t<\/div>\n\t\t\t\t<\/div>\n\t\t<div class=\"elementor-element elementor-element-b8e7b7e e-con-full bg-none e-flex e-con e-child\" data-id=\"b8e7b7e\" data-element_type=\"container\" data-e-type=\"container\">\n\t\t<div class=\"elementor-element elementor-element-f532771 e-flex e-con-boxed e-con e-child\" data-id=\"f532771\" data-element_type=\"container\" data-e-type=\"container\">\n\t\t\t\t\t<div class=\"e-con-inner\">\n\t\t<div class=\"elementor-element elementor-element-6bcae0d e-con-full e-flex e-con e-child\" data-id=\"6bcae0d\" data-element_type=\"container\" data-e-type=\"container\" data-settings=\"{&quot;background_background&quot;:&quot;classic&quot;}\">\n\t\t\t\t<div class=\"elementor-element elementor-element-7d84683 elementor-widget elementor-widget-heading\" data-id=\"7d84683\" data-element_type=\"widget\" data-e-type=\"widget\" data-widget_type=\"heading.default\">\n\t\t\t\t<div class=\"elementor-widget-container\">\n\t\t\t\t\t<h2 class=\"elementor-heading-title elementor-size-default\">As\u00ed funcionan Skycop y TravelCare en caso de retraso,<\/br> cancelaci\u00f3n o sobreventa del vuelo:<\/h2>\t\t\t\t<\/div>\n\t\t\t\t<\/div>\n\t\t<div class=\"elementor-element elementor-element-6df228f e-con-full e-flex e-con e-child\" data-id=\"6df228f\" data-element_type=\"container\" data-e-type=\"container\">\n\t\t<div class=\"elementor-element elementor-element-3c2df45 e-con-full e-flex e-con e-child\" data-id=\"3c2df45\" data-element_type=\"container\" data-e-type=\"container\">\n\t\t\t\t<div class=\"elementor-element elementor-element-1ff94e9 elementor-widget elementor-widget-image\" data-id=\"1ff94e9\" data-element_type=\"widget\" data-e-type=\"widget\" data-widget_type=\"image.default\">\n\t\t\t\t<div class=\"elementor-widget-container\">\n\t\t\t\t\t\t\t\t\t\t\t\t\t\t\t<img loading=\"lazy\" decoding=\"async\" width=\"57\" height=\"57\" src=\"https:\/\/travelwithcare.io\/wp-content\/uploads\/2025\/04\/ico-flexible-coverage.svg\" class=\"attachment-full size-full wp-image-4331\" alt=\"\" \/>\t\t\t\t\t\t\t\t\t\t\t\t\t\t\t<\/div>\n\t\t\t\t<\/div>\n\t\t\t\t<div class=\"elementor-element elementor-element-432f8ec elementor-widget elementor-widget-heading\" data-id=\"432f8ec\" data-element_type=\"widget\" data-e-type=\"widget\" data-widget_type=\"heading.default\">\n\t\t\t\t<div class=\"elementor-widget-container\">\n\t\t\t\t\t<h3 class=\"elementor-heading-title elementor-size-default\">Reclamaci\u00f3n de compensaci\u00f3n con Skycop:<\/h3>\t\t\t\t<\/div>\n\t\t\t\t<\/div>\n\t\t\t\t<div class=\"elementor-element elementor-element-fed9494 elementor-widget__width-initial elementor-widget elementor-widget-text-editor\" data-id=\"fed9494\" data-element_type=\"widget\" data-e-type=\"widget\" data-widget_type=\"text-editor.default\">\n\t\t\t\t<div class=\"elementor-widget-container\">\n\t\t\t\t\t\t\t\t\t<p>Tras una incidencia, accedes a Skycop.com para enviar tu reclamaci\u00f3n. El sistema te reconoce autom\u00e1ticamente como usuario de TravelCare, lo que significa que ya est\u00e1s cubierto. No se requiere informaci\u00f3n adicional \u2014 el proceso es m\u00e1s r\u00e1pido y sencillo.   <\/p>\t\t\t\t\t\t\t\t<\/div>\n\t\t\t\t<\/div>\n\t\t\t\t<\/div>\n\t\t<div class=\"elementor-element elementor-element-ee1fe2a e-con-full e-flex e-con e-child\" data-id=\"ee1fe2a\" data-element_type=\"container\" data-e-type=\"container\">\n\t\t\t\t<div class=\"elementor-element elementor-element-c6292da elementor-widget elementor-widget-image\" data-id=\"c6292da\" data-element_type=\"widget\" data-e-type=\"widget\" data-widget_type=\"image.default\">\n\t\t\t\t<div class=\"elementor-widget-container\">\n\t\t\t\t\t\t\t\t\t\t\t\t\t\t\t<img loading=\"lazy\" decoding=\"async\" width=\"68\" height=\"68\" src=\"https:\/\/travelwithcare.io\/wp-content\/uploads\/2025\/07\/icon-cfc.svg\" class=\"attachment-full size-full wp-image-4345\" alt=\"\" \/>\t\t\t\t\t\t\t\t\t\t\t\t\t\t\t<\/div>\n\t\t\t\t<\/div>\n\t\t\t\t<div class=\"elementor-element elementor-element-87dac35 elementor-widget elementor-widget-heading\" data-id=\"87dac35\" data-element_type=\"widget\" data-e-type=\"widget\" data-widget_type=\"heading.default\">\n\t\t\t\t<div class=\"elementor-widget-container\">\n\t\t\t\t\t<h3 class=\"elementor-heading-title elementor-size-default\">Sin tarifas ni comisiones:<\/h3>\t\t\t\t<\/div>\n\t\t\t\t<\/div>\n\t\t\t\t<div class=\"elementor-element elementor-element-172f4aa elementor-widget__width-initial elementor-widget elementor-widget-text-editor\" data-id=\"172f4aa\" data-element_type=\"widget\" data-e-type=\"widget\" data-widget_type=\"text-editor.default\">\n\t\t\t\t<div class=\"elementor-widget-container\">\n\t\t\t\t\t\t\t\t\t<p>Con TravelCare no tienes que preocuparte por tarifas o comisiones al presentar una reclamaci\u00f3n a trav\u00e9s de Skycop. Normalmente Skycop cobra por este servicio, pero como usuario de TravelCare recibes la compensaci\u00f3n \u00edntegra. <\/p>\t\t\t\t\t\t\t\t<\/div>\n\t\t\t\t<\/div>\n\t\t\t\t<\/div>\n\t\t<div class=\"elementor-element elementor-element-2980177 e-con-full e-flex e-con e-child\" data-id=\"2980177\" data-element_type=\"container\" data-e-type=\"container\">\n\t\t\t\t<div class=\"elementor-element elementor-element-66b332b elementor-widget elementor-widget-image\" data-id=\"66b332b\" data-element_type=\"widget\" data-e-type=\"widget\" data-widget_type=\"image.default\">\n\t\t\t\t<div class=\"elementor-widget-container\">\n\t\t\t\t\t\t\t\t\t\t\t\t\t\t\t<img loading=\"lazy\" decoding=\"async\" width=\"68\" height=\"68\" src=\"https:\/\/travelwithcare.io\/wp-content\/uploads\/2025\/07\/icon-bp.svg\" class=\"attachment-full size-full wp-image-4342\" alt=\"\" \/>\t\t\t\t\t\t\t\t\t\t\t\t\t\t\t<\/div>\n\t\t\t\t<\/div>\n\t\t\t\t<div class=\"elementor-element elementor-element-7c1e926 elementor-widget elementor-widget-heading\" data-id=\"7c1e926\" data-element_type=\"widget\" data-e-type=\"widget\" data-widget_type=\"heading.default\">\n\t\t\t\t<div class=\"elementor-widget-container\">\n\t\t\t\t\t<h3 class=\"elementor-heading-title elementor-size-default\">Compensaci\u00f3n para reclamaciones elegibles:<\/h3>\t\t\t\t<\/div>\n\t\t\t\t<\/div>\n\t\t\t\t<div class=\"elementor-element elementor-element-0e43782 elementor-widget__width-initial elementor-widget elementor-widget-text-editor\" data-id=\"0e43782\" data-element_type=\"widget\" data-e-type=\"widget\" data-widget_type=\"text-editor.default\">\n\t\t\t\t<div class=\"elementor-widget-container\">\n\t\t\t\t\t\t\t\t\t<p>Si tu vuelo es elegible seg\u00fan normativas como el Reglamento (CE) 261\/2004, puedes recibir hasta 600 \u20ac de compensaci\u00f3n, dependiendo del tipo de incidencia. <br> Dado que TravelCare cubre todas las tarifas, recibes el importe completo sin ninguna deducci\u00f3n. <\/p>\t\t\t\t\t\t\t\t<\/div>\n\t\t\t\t<\/div>\n\t\t\t\t<\/div>\n\t\t\t\t<\/div>\n\t\t\t\t<\/div>\n\t\t\t\t\t<\/div>\n\t\t\t\t<\/div>\n\t\t\t\t<\/div>\n\t\t\t\t<\/div>\n\t\t","protected":false},"excerpt":{"rendered":"<p>Sobre nosotros TravelCare es tu servicio asequible de protecci\u00f3n previa al vuelo, dise\u00f1ado para ofrecerte una experiencia de viaje sin preocupaciones. Al comprar TravelCare, te aseguras de recibir el importe completo de la compensaci\u00f3n en caso de retrasos del vuelo, cancelaciones o denegaci\u00f3n de embarque. Con TravelCare tambi\u00e9n obtienes ventajas adicionales, como acceso gratuito a [&hellip;]<\/p>\n","protected":false},"author":1,"featured_media":0,"parent":0,"menu_order":0,"comment_status":"closed","ping_status":"closed","template":"","meta":{"footnotes":""},"class_list":["post-7612","page","type-page","status-publish","hentry"],"_links":{"self":[{"href":"https:\/\/travelwithcare.io\/es\/wp-json\/wp\/v2\/pages\/7612","targetHints":{"allow":["GET"]}}],"collection":[{"href":"https:\/\/travelwithcare.io\/es\/wp-json\/wp\/v2\/pages"}],"about":[{"href":"https:\/\/travelwithcare.io\/es\/wp-json\/wp\/v2\/types\/page"}],"author":[{"embeddable":true,"href":"https:\/\/travelwithcare.io\/es\/wp-json\/wp\/v2\/users\/1"}],"replies":[{"embeddable":true,"href":"https:\/\/travelwithcare.io\/es\/wp-json\/wp\/v2\/comments?post=7612"}],"version-history":[{"count":1,"href":"https:\/\/travelwithcare.io\/es\/wp-json\/wp\/v2\/pages\/7612\/revisions"}],"predecessor-version":[{"id":7613,"href":"https:\/\/travelwithcare.io\/es\/wp-json\/wp\/v2\/pages\/7612\/revisions\/7613"}],"wp:attachment":[{"href":"https:\/\/travelwithcare.io\/es\/wp-json\/wp\/v2\/media?parent=7612"}],"curies":[{"name":"wp","href":"https:\/\/api.w.org\/{rel}","templated":true}]}}