{"id":4078,"date":"2025-08-04T06:47:39","date_gmt":"2025-08-04T06:47:39","guid":{"rendered":"http:\/\/104.248.20.184:8000\/compensacion-por-retraso-de-vuelo\/"},"modified":"2025-09-26T14:15:06","modified_gmt":"2025-09-26T14:15:06","slug":"compensacion-por-retraso-de-vuelo","status":"publish","type":"page","link":"https:\/\/travelwithcare.io\/es\/compensacion-por-retraso-de-vuelo\/","title":{"rendered":"Compensaci\u00f3n por Retraso de Vuelo"},"content":{"rendered":"\t\t<div data-elementor-type=\"wp-page\" data-elementor-id=\"4078\" class=\"elementor elementor-4078 elementor-1921\" data-elementor-post-type=\"page\">\n\t\t\t\t<div class=\"elementor-element elementor-element-1144085 e-flex e-con-boxed e-con e-parent\" data-id=\"1144085\" data-element_type=\"container\" data-e-type=\"container\" id=\"hero-section\" data-settings=\"{&quot;background_background&quot;:&quot;classic&quot;}\">\n\t\t\t\t\t<div class=\"e-con-inner\">\n\t\t<div class=\"elementor-element elementor-element-7655a3d e-con-full hero-section e-flex e-con e-child\" data-id=\"7655a3d\" data-element_type=\"container\" data-e-type=\"container\">\n\t\t\t\t<div class=\"elementor-element elementor-element-d40c3b3 elementor-widget elementor-widget-image\" data-id=\"d40c3b3\" data-element_type=\"widget\" data-e-type=\"widget\" data-widget_type=\"image.default\">\n\t\t\t\t<div class=\"elementor-widget-container\">\n\t\t\t\t\t\t\t\t\t\t\t\t\t\t\t<img decoding=\"async\" width=\"51\" height=\"51\" src=\"https:\/\/travelwithcare.io\/wp-content\/uploads\/2025\/08\/Primary-large-button.png\" class=\"attachment-full size-full wp-image-4079\" alt=\"\" \/>\t\t\t\t\t\t\t\t\t\t\t\t\t\t\t<\/div>\n\t\t\t\t<\/div>\n\t\t\t\t<div class=\"elementor-element elementor-element-162de95 elementor-widget__width-initial elementor-widget elementor-widget-text-editor\" data-id=\"162de95\" data-element_type=\"widget\" data-e-type=\"widget\" data-widget_type=\"text-editor.default\">\n\t\t\t\t<div class=\"elementor-widget-container\">\n\t\t\t\t\t\t\t\t\t<h1><span class=\"NormalTextRun ContextualSpellingAndGrammarErrorV2Themed GrammarErrorHighlight SCXW68206312 BCX0\">Compensaci\u00f3n<\/span> <span class=\"NormalTextRun SCXW68206312 BCX0\">por Retraso<\/span> <span class=\"NormalTextRun SCXW68206312 BCX0\">de Vuelo<\/span><\/h1><p><span style=\"white-space-collapse: preserve;\">Si tu vuelo fue retrasado, puedes tener derecho a una compensaci\u00f3n por costos adicionales como comidas, estancias en hotel o gastos de viaje adicionales. En algunos casos, tambi\u00e9n puedes ser compensado por el tiempo perdido, especialmente si tu retraso dur\u00f3 varias horas. <\/span><\/p><p><span style=\"white-space-collapse: preserve;\">Al activar TravelCare al menos 24 horas antes de tu vuelo, no pagar\u00e1s tarifas ni comisiones al presentar tu reclamo a trav\u00e9s de Skycop en caso de una interrupci\u00f3n de vuelo.<\/span><\/p>\t\t\t\t\t\t\t\t<\/div>\n\t\t\t\t<\/div>\n\t\t\t\t<\/div>\n\t\t\t\t\t<\/div>\n\t\t\t\t<\/div>\n\t\t<div class=\"elementor-element elementor-element-6020c9b below-hero-section e-flex e-con-boxed e-con e-parent\" data-id=\"6020c9b\" data-element_type=\"container\" data-e-type=\"container\">\n\t\t\t\t\t<div class=\"e-con-inner\">\n\t\t<div class=\"elementor-element elementor-element-5e3f2d1 e-con-full below-hero-section e-flex e-con e-child\" data-id=\"5e3f2d1\" data-element_type=\"container\" data-e-type=\"container\">\n\t\t<div class=\"elementor-element elementor-element-07b53ec e-con-full e-flex e-con e-child\" data-id=\"07b53ec\" data-element_type=\"container\" data-e-type=\"container\" id=\"sticky\">\n\t\t\t\t<div class=\"elementor-element elementor-element-1d7d1e9 sidebar-navigation elementor-widget elementor-widget-html\" data-id=\"1d7d1e9\" data-element_type=\"widget\" data-e-type=\"widget\" data-widget_type=\"html.default\">\n\t\t\t\t<div class=\"elementor-widget-container\">\n\t\t\t\t\t<h3>Contenido<\/h3>\n<div class=\"inner-links-nav\">\n    <div class=\"scroll-indicator-bg\">\n    <div class=\"scroll-indicator-fill\"><\/div>\n<\/div>\n<ul>\n    <li><a href=\"#hero-section\">Compensaci\u00f3n por Retraso de Vuelo<\/a><\/li>\n    <li><a href=\"#flight-delay\">\u00bfCu\u00e1les son las Regulaciones sobre la Compensaci\u00f3n por Retraso de Vuelo?<\/a><\/li>\n    <li><a href=\"#compensation\">La compensaci\u00f3n por un vuelo retrasado es la siguiente<\/a><\/li>\n<\/ul>\n<\/div>\t\t\t\t<\/div>\n\t\t\t\t<\/div>\n\t\t\t\t<\/div>\n\t\t<div class=\"elementor-element elementor-element-1061d8b e-con-full below-hero-right e-flex e-con e-child\" data-id=\"1061d8b\" data-element_type=\"container\" data-e-type=\"container\">\n\t\t\t\t<div class=\"elementor-element elementor-element-8dc699d fitst-box elementor-widget elementor-widget-text-editor\" data-id=\"8dc699d\" data-element_type=\"widget\" data-e-type=\"widget\" id=\"flight-delay\" data-widget_type=\"text-editor.default\">\n\t\t\t\t<div class=\"elementor-widget-container\">\n\t\t\t\t\t\t\t\t\t<h3>\u00bfCu\u00e1les son las Regulaciones sobre la Compensaci\u00f3n por Retraso de Vuelo?<\/h3><p>El Reglamento de Derechos de los Pasajeros A\u00e9reos de la UE se aplica a todos los vuelos que salgan de aeropuertos de la UE o lleguen a aeropuertos de la UE con aerol\u00edneas registradas en la UE. Despu\u00e9s del Brexit, la misma legislaci\u00f3n fue incorporada en la ley brit\u00e1nica como UK 261, por lo que los pasajeros en el Reino Unido a\u00fan pueden reclamar compensaci\u00f3n bajo las mismas reglas. <\/p><p>Estas son las regulaciones que Skycop utiliza para presentar reclamos en tu nombre. Familiar\u00edzate con los t\u00e9rminos clave de la legislaci\u00f3n antes de tu vuelo para conocer tus derechos en caso de un retraso. <\/p>\t\t\t\t\t\t\t\t<\/div>\n\t\t\t\t<\/div>\n\t\t\t\t<div class=\"elementor-element elementor-element-20edf1c elementor-widget elementor-widget-text-editor\" data-id=\"20edf1c\" data-element_type=\"widget\" data-e-type=\"widget\" id=\"compensation\" data-widget_type=\"text-editor.default\">\n\t\t\t\t<div class=\"elementor-widget-container\">\n\t\t\t\t\t\t\t\t\t<h3>La compensaci\u00f3n por un vuelo retrasado es la siguiente<\/h3>\t\t\t\t\t\t\t\t<\/div>\n\t\t\t\t<\/div>\n\t\t<div class=\"elementor-element elementor-element-2e16676 e-grid e-con-full e-con e-child\" data-id=\"2e16676\" data-element_type=\"container\" data-e-type=\"container\">\n\t\t\t\t<div class=\"elementor-element elementor-element-35fdec9 inner-box elementor-widget elementor-widget-text-editor\" data-id=\"35fdec9\" data-element_type=\"widget\" data-e-type=\"widget\" data-widget_type=\"text-editor.default\">\n\t\t\t\t<div class=\"elementor-widget-container\">\n\t\t\t\t\t\t\t\t\t<h4>Hasta 1.500 km<br><\/h4><p>250 \u20ac (\u00a3220) por retrasos de m\u00e1s de tres horas o si el vuelo nunca lleg\u00f3<\/p>\t\t\t\t\t\t\t\t<\/div>\n\t\t\t\t<\/div>\n\t\t\t\t<div class=\"elementor-element elementor-element-558b054 inner-box elementor-widget elementor-widget-text-editor\" data-id=\"558b054\" data-element_type=\"widget\" data-e-type=\"widget\" data-widget_type=\"text-editor.default\">\n\t\t\t\t<div class=\"elementor-widget-container\">\n\t\t\t\t\t\t\t\t\t<h4>M\u00e1s de 1.500 km (dentro de la UE)<\/h4><p>400 \u20ac (\u00a3350) por retrasos de m\u00e1s de tres horas o si el vuelo nunca lleg\u00f3<\/p>\t\t\t\t\t\t\t\t<\/div>\n\t\t\t\t<\/div>\n\t\t\t\t<\/div>\n\t\t<div class=\"elementor-element elementor-element-40ee4d1 e-grid e-con-full e-con e-child\" data-id=\"40ee4d1\" data-element_type=\"container\" data-e-type=\"container\">\n\t\t\t\t<div class=\"elementor-element elementor-element-774b653 inner-box elementor-widget elementor-widget-text-editor\" data-id=\"774b653\" data-element_type=\"widget\" data-e-type=\"widget\" data-widget_type=\"text-editor.default\">\n\t\t\t\t<div class=\"elementor-widget-container\">\n\t\t\t\t\t\t\t\t\t<h4>Vuelos entre 1.500\u20133.500 km (internacionales)<br><\/h4><p>400 \u20ac por retrasos de m\u00e1s de tres horas<\/p>\t\t\t\t\t\t\t\t<\/div>\n\t\t\t\t<\/div>\n\t\t\t\t<div class=\"elementor-element elementor-element-2784bad inner-box elementor-widget elementor-widget-text-editor\" data-id=\"2784bad\" data-element_type=\"widget\" data-e-type=\"widget\" data-widget_type=\"text-editor.default\">\n\t\t\t\t<div class=\"elementor-widget-container\">\n\t\t\t\t\t\t\t\t\t<h4>Vuelos de m\u00e1s de 3.500 km (internacionales)<\/h4><ul><li>300 \u20ac por retrasos de 3 a 4 horas<br><\/li><li>600 \u20ac por retrasos de m\u00e1s de 4 horas o si el vuelo nunca lleg\u00f3<\/li><\/ul>\t\t\t\t\t\t\t\t<\/div>\n\t\t\t\t<\/div>\n\t\t\t\t<\/div>\n\t\t\t\t<\/div>\n\t\t\t\t<\/div>\n\t\t\t\t\t<\/div>\n\t\t\t\t<\/div>\n\t\t<div class=\"elementor-element elementor-element-ec36e31 e-flex e-con-boxed e-con e-parent\" data-id=\"ec36e31\" data-element_type=\"container\" data-e-type=\"container\">\n\t\t\t\t\t<div class=\"e-con-inner\">\n\t\t\t\t<div class=\"elementor-element elementor-element-f9bf357 hidden elementor-widget elementor-widget-html\" data-id=\"f9bf357\" data-element_type=\"widget\" data-e-type=\"widget\" data-widget_type=\"html.default\">\n\t\t\t\t<div class=\"elementor-widget-container\">\n\t\t\t\t\t<script>document.addEventListener('DOMContentLoaded', function () {\n  const HEADER_OFFSET = 150; \/\/ visina fiksiranog headera\n  const navItems = Array.from(document.querySelectorAll('.sidebar-navigation ul li'));\n  const navLinks = Array.from(document.querySelectorAll('.sidebar-navigation ul li a'));\n\n  \/\/ Smooth scroll\n  navLinks.forEach(a => {\n    a.addEventListener('click', function (e) {\n      const href = a.getAttribute('href');\n      if (!href || !href.startsWith('#')) return;\n      const target = document.querySelector(href);\n      if (!target) return;\n      e.preventDefault();\n      const top = target.getBoundingClientRect().top + window.scrollY - HEADER_OFFSET;\n      window.scrollTo({ top, behavior: 'smooth' });\n    });\n  });\n\n  \/\/ Mapiranje sekcija\n  const sections = navLinks.map((a, index) => {\n    const sel = a.getAttribute('href');\n    const el  = sel ? document.querySelector(sel) : null;\n    return { el, index };\n  }).filter(s => s.el);\n\n  function getHeightWithMargin(el){\n    const cs = window.getComputedStyle(el);\n    return el.offsetHeight + (parseFloat(cs.marginTop)||0) + (parseFloat(cs.marginBottom)||0);\n  }\n\n  function updateFill(){\n    const fill = document.querySelector('.scroll-indicator-fill');\n    if (!fill) return;\n    let lastIdx = -1;\n    navItems.forEach((li, i) => { if (li.classList.contains('active')) lastIdx = i; });\n    if (lastIdx < 0) { fill.style.height = '0px'; return; }\n    let sum = 0;\n    for (let i = 0; i <= lastIdx; i++) sum += getHeightWithMargin(navItems[i]);\n    fill.style.height = sum + 'px';\n  }\n\n  function setActive(index, on){\n    const li = navItems[index];\n    if (!li) return;\n    li.classList.toggle('active', !!on);\n  }\n\n  \/\/ IntersectionObserver: NE skidaj active kad ode preko GORNJE linije\n  if ('IntersectionObserver' in window) {\n    const indexById = Object.create(null);\n    sections.forEach(s => { if (s.el.id) indexById[s.el.id] = s.index; });\n\n    const io = new IntersectionObserver((entries) => {\n      const vh = window.innerHeight || document.documentElement.clientHeight;\n      entries.forEach(entry => {\n        const idx = indexById[entry.target.id];\n        if (idx === undefined) return;\n\n        if (entry.isIntersecting) {\n          \/\/ \u010dim u\u0111e ispod header linije -> aktiviraj\n          setActive(idx, true);\n        } else {\n          \/\/ nije u preseku \u2014 odlu\u010di da li da SKINE\u0160 active\n          const top = entry.boundingClientRect.top;\n\n          \/\/ Ako je oti\u0161lo ispod dna (pri skrolu navi\u0161e) -> skini active\n          if (top >= vh) {\n            setActive(idx, false);\n          }\n          \/\/ Ako je oti\u0161lo iznad header linije -> NE diraj (ostaje aktivno)\n          \/\/ else if (top <= HEADER_OFFSET) { \/\/ namerno prazno }\n        }\n      });\n      updateFill();\n    }, {\n      root: null,\n      rootMargin: `-${HEADER_OFFSET}px 0px 0px 0px`,\n      threshold: 0\n    });\n\n    sections.forEach(s => io.observe(s.el));\n  } else {\n    \/\/ Fallback: ne skidaj active kada ode iznad, samo kad ode ispod dna\n    function onScroll(){\n      const vh = window.innerHeight || document.documentElement.clientHeight;\n      const topLimit = HEADER_OFFSET;\n      sections.forEach(({ el, index }) => {\n        const r = el.getBoundingClientRect();\n        const visible = r.bottom > topLimit && r.top < vh;\n\n        if (visible) {\n          setActive(index, true);\n        } else {\n          \/\/ oti\u0161lo ispod dna? (pri skrolu navi\u0161e)\n          if (r.top >= vh) setActive(index, false);\n          \/\/ oti\u0161lo iznad topLimit -> ne diramo (ostaje active)\n        }\n      });\n      updateFill();\n    }\n    window.addEventListener('scroll', onScroll, { passive: true });\n    onScroll();\n  }\n\n  \/\/ inicijalni fill\n  updateFill();\n});\n<\/script>\t\t\t\t<\/div>\n\t\t\t\t<\/div>\n\t\t\t\t\t<\/div>\n\t\t\t\t<\/div>\n\t\t\t\t<\/div>\n\t\t","protected":false},"excerpt":{"rendered":"<p>Compensaci\u00f3n por Retraso de Vuelo Si tu vuelo fue retrasado, puedes tener derecho a una compensaci\u00f3n por costos adicionales como comidas, estancias en hotel o gastos de viaje adicionales. En algunos casos, tambi\u00e9n puedes ser compensado por el tiempo perdido, especialmente si tu retraso dur\u00f3 varias horas. Al activar TravelCare al menos 24 horas antes [&hellip;]<\/p>\n","protected":false},"author":1,"featured_media":0,"parent":0,"menu_order":0,"comment_status":"closed","ping_status":"closed","template":"","meta":{"footnotes":""},"class_list":["post-4078","page","type-page","status-publish","hentry"],"_links":{"self":[{"href":"https:\/\/travelwithcare.io\/es\/wp-json\/wp\/v2\/pages\/4078","targetHints":{"allow":["GET"]}}],"collection":[{"href":"https:\/\/travelwithcare.io\/es\/wp-json\/wp\/v2\/pages"}],"about":[{"href":"https:\/\/travelwithcare.io\/es\/wp-json\/wp\/v2\/types\/page"}],"author":[{"embeddable":true,"href":"https:\/\/travelwithcare.io\/es\/wp-json\/wp\/v2\/users\/1"}],"replies":[{"embeddable":true,"href":"https:\/\/travelwithcare.io\/es\/wp-json\/wp\/v2\/comments?post=4078"}],"version-history":[{"count":1,"href":"https:\/\/travelwithcare.io\/es\/wp-json\/wp\/v2\/pages\/4078\/revisions"}],"predecessor-version":[{"id":4080,"href":"https:\/\/travelwithcare.io\/es\/wp-json\/wp\/v2\/pages\/4078\/revisions\/4080"}],"wp:attachment":[{"href":"https:\/\/travelwithcare.io\/es\/wp-json\/wp\/v2\/media?parent=4078"}],"curies":[{"name":"wp","href":"https:\/\/api.w.org\/{rel}","templated":true}]}}