{"id":7641,"date":"2025-11-10T12:54:36","date_gmt":"2025-11-10T12:54:36","guid":{"rendered":"http:\/\/104.248.20.184:8000\/o-nas\/"},"modified":"2025-11-17T10:06:16","modified_gmt":"2025-11-17T10:06:16","slug":"o-nas","status":"publish","type":"page","link":"https:\/\/travelwithcare.io\/cs\/o-nas\/","title":{"rendered":"O n\u00e1s"},"content":{"rendered":"\t\t<div data-elementor-type=\"wp-page\" data-elementor-id=\"7641\" class=\"elementor elementor-7641 elementor-7188\" data-elementor-post-type=\"page\">\n\t\t\t\t<div class=\"elementor-element elementor-element-f2d30ef e-con-full e-flex e-con e-parent\" data-id=\"f2d30ef\" data-element_type=\"container\" data-e-type=\"container\">\n\t\t<div class=\"elementor-element elementor-element-c895846 e-flex e-con-boxed e-con e-child\" data-id=\"c895846\" data-element_type=\"container\" data-e-type=\"container\" data-settings=\"{&quot;background_background&quot;:&quot;classic&quot;}\">\n\t\t\t\t\t<div class=\"e-con-inner\">\n\t\t<div class=\"elementor-element elementor-element-de0725e e-con-full hero-section e-flex e-con e-child\" data-id=\"de0725e\" data-element_type=\"container\" data-e-type=\"container\">\n\t\t\t\t<div class=\"elementor-element elementor-element-3a42fa5 elementor-widget__width-initial elementor-widget elementor-widget-image\" data-id=\"3a42fa5\" data-element_type=\"widget\" data-e-type=\"widget\" data-widget_type=\"image.default\">\n\t\t\t\t<div class=\"elementor-widget-container\">\n\t\t\t\t\t\t\t\t\t\t\t\t\t\t\t<img decoding=\"async\" width=\"51\" height=\"51\" src=\"https:\/\/travelwithcare.io\/wp-content\/uploads\/2025\/11\/Primary-large-button-3.png\" class=\"attachment-full size-full wp-image-7040\" alt=\"\" \/>\t\t\t\t\t\t\t\t\t\t\t\t\t\t\t<\/div>\n\t\t\t\t<\/div>\n\t\t\t\t<div class=\"elementor-element elementor-element-3678aba elementor-widget__width-initial elementor-widget elementor-widget-text-editor\" data-id=\"3678aba\" data-element_type=\"widget\" data-e-type=\"widget\" data-widget_type=\"text-editor.default\">\n\t\t\t\t<div class=\"elementor-widget-container\">\n\t\t\t\t\t\t\t\t\t<h1>O n\u00e1s<\/h1><p>TravelCare je cenov\u011b dostupn\u00e1 slu\u017eba p\u0159edletov\u00e9 ochrany, navr\u017een\u00e1 tak, aby zajistila hladk\u00fd pr\u016fb\u011bh va\u0161\u00ed cesty. Zakoupen\u00edm TravelCare si zajist\u00edte plnou kompenzaci v p\u0159\u00edpad\u011b zpo\u017ed\u011bn\u00ed letu, jeho zru\u0161en\u00ed nebo odm\u00edtnut\u00ed n\u00e1stupu na palubu. S TravelCare z\u00edsk\u00e1te tak\u00e9 dal\u0161\u00ed v\u00fdhody, jako je bezplatn\u00fd p\u0159\u00edstup do business lounge p\u0159i del\u0161\u00edch zpo\u017ed\u011bn\u00edch, bezplatn\u00e1 eSIM a dal\u0161\u00ed.  <\/p>\t\t\t\t\t\t\t\t<\/div>\n\t\t\t\t<\/div>\n\t\t\t\t<\/div>\n\t\t<div class=\"elementor-element elementor-element-590f074 e-con-full e-flex e-con e-child\" data-id=\"590f074\" data-element_type=\"container\" data-e-type=\"container\">\n\t\t\t\t<div class=\"elementor-element elementor-element-ea50959 elementor-widget elementor-widget-image\" data-id=\"ea50959\" data-element_type=\"widget\" data-e-type=\"widget\" data-widget_type=\"image.default\">\n\t\t\t\t<div class=\"elementor-widget-container\">\n\t\t\t\t\t\t\t\t\t\t\t\t\t\t\t<img fetchpriority=\"high\" decoding=\"async\" width=\"402\" height=\"398\" src=\"https:\/\/travelwithcare.io\/wp-content\/uploads\/2025\/11\/aboutus1.png\" class=\"attachment-full size-full wp-image-7202\" alt=\"\" srcset=\"https:\/\/travelwithcare.io\/wp-content\/uploads\/2025\/11\/aboutus1.png 402w, https:\/\/travelwithcare.io\/wp-content\/uploads\/2025\/11\/aboutus1-300x297.png 300w, https:\/\/travelwithcare.io\/wp-content\/uploads\/2025\/11\/aboutus1-150x150.png 150w\" sizes=\"(max-width: 402px) 100vw, 402px\" \/>\t\t\t\t\t\t\t\t\t\t\t\t\t\t\t<\/div>\n\t\t\t\t<\/div>\n\t\t\t\t<\/div>\n\t\t\t\t\t<\/div>\n\t\t\t\t<\/div>\n\t\t\t\t<\/div>\n\t\t<div class=\"elementor-element elementor-element-e193aec e-con-full bg-none e-flex e-con e-child\" data-id=\"e193aec\" data-element_type=\"container\" data-e-type=\"container\" data-settings=\"{&quot;background_background&quot;:&quot;classic&quot;}\">\n\t\t<div class=\"elementor-element elementor-element-1178ccd e-flex e-con-boxed e-con e-child\" data-id=\"1178ccd\" data-element_type=\"container\" data-e-type=\"container\" data-settings=\"{&quot;background_background&quot;:&quot;gradient&quot;}\">\n\t\t\t\t\t<div class=\"e-con-inner\">\n\t\t<div class=\"elementor-element elementor-element-bfa8cd1 e-con-full e-flex e-con e-child\" data-id=\"bfa8cd1\" data-element_type=\"container\" data-e-type=\"container\">\n\t\t\t\t<div class=\"elementor-element elementor-element-b76b986 elementor-widget elementor-widget-image\" data-id=\"b76b986\" data-element_type=\"widget\" data-e-type=\"widget\" data-widget_type=\"image.default\">\n\t\t\t\t<div class=\"elementor-widget-container\">\n\t\t\t\t\t\t\t\t\t\t\t\t\t\t\t<img decoding=\"async\" width=\"402\" height=\"398\" src=\"https:\/\/travelwithcare.io\/wp-content\/uploads\/2025\/11\/aboutus3.png\" class=\"attachment-full size-full wp-image-7253\" alt=\"\" srcset=\"https:\/\/travelwithcare.io\/wp-content\/uploads\/2025\/11\/aboutus3.png 402w, https:\/\/travelwithcare.io\/wp-content\/uploads\/2025\/11\/aboutus3-300x297.png 300w, https:\/\/travelwithcare.io\/wp-content\/uploads\/2025\/11\/aboutus3-150x150.png 150w\" sizes=\"(max-width: 402px) 100vw, 402px\" \/>\t\t\t\t\t\t\t\t\t\t\t\t\t\t\t<\/div>\n\t\t\t\t<\/div>\n\t\t\t\t<\/div>\n\t\t<div class=\"elementor-element elementor-element-677b39e e-con-full e-flex e-con e-child\" data-id=\"677b39e\" data-element_type=\"container\" data-e-type=\"container\">\n\t\t\t\t<div class=\"elementor-element elementor-element-fd66e08 elementor-widget__width-initial elementor-widget elementor-widget-text-editor\" data-id=\"fd66e08\" data-element_type=\"widget\" data-e-type=\"widget\" data-widget_type=\"text-editor.default\">\n\t\t\t\t<div class=\"elementor-widget-container\">\n\t\t\t\t\t\t\t\t\t<p>V p\u0159\u00edpad\u011b naru\u0161en\u00ed letu TravelCare spolupracuje se spole\u010dnost\u00ed Skycop na vy\u0159\u00edzen\u00ed va\u0161eho n\u00e1roku na kompenzaci, \u010d\u00edm\u017e se zaji\u0161\u0165uje, \u017ee obdr\u017e\u00edte celou \u010d\u00e1stku bez poplatk\u016f \u010di proviz\u00ed. A\u0165 u\u017e let\u00edte v r\u00e1mci EU nebo mezin\u00e1rodn\u011b, TravelCare v\u00e1m poskytuje klid, proto\u017ee v\u00edte, \u017ee va\u0161e cestovn\u00ed pl\u00e1ny a kompenzace jsou pln\u011b chr\u00e1n\u011bny. <\/p>\t\t\t\t\t\t\t\t<\/div>\n\t\t\t\t<\/div>\n\t\t\t\t<div class=\"elementor-element elementor-element-3402c55 elementor-widget elementor-widget-heading\" data-id=\"3402c55\" data-element_type=\"widget\" data-e-type=\"widget\" data-widget_type=\"heading.default\">\n\t\t\t\t<div class=\"elementor-widget-container\">\n\t\t\t\t\t<h2 class=\"elementor-heading-title elementor-size-default\">Jak Skycop spolupracuje s TravelCare<\/h2>\t\t\t\t<\/div>\n\t\t\t\t<\/div>\n\t\t\t\t<div class=\"elementor-element elementor-element-91f25ab elementor-widget__width-initial elementor-widget elementor-widget-text-editor\" data-id=\"91f25ab\" data-element_type=\"widget\" data-e-type=\"widget\" data-widget_type=\"text-editor.default\">\n\t\t\t\t<div class=\"elementor-widget-container\">\n\t\t\t\t\t\t\t\t\t<p>Kdy\u017e zakoup\u00edte TravelCare p\u0159edletovou ochranu, nejen\u017ee z\u00edsk\u00e1v\u00e1te dodate\u010dn\u00e9 v\u00fdhody, ale tak\u00e9 zaji\u0161\u0165ujete pln\u00e9 kryt\u00ed v p\u0159\u00edpad\u011b naru\u0161en\u00ed letu. Aktivac\u00ed slu\u017eby alespo\u0148 24 hodin p\u0159ed odletem z\u00edsk\u00e1te p\u0159\u00edstup ke v\u0161em t\u011bmto v\u00fdhod\u00e1m. <\/p>\t\t\t\t\t\t\t\t<\/div>\n\t\t\t\t<\/div>\n\t\t\t\t<\/div>\n\t\t\t\t\t<\/div>\n\t\t\t\t<\/div>\n\t\t\t\t<\/div>\n\t\t<div class=\"elementor-element elementor-element-b8e7b7e e-con-full bg-none e-flex e-con e-child\" data-id=\"b8e7b7e\" data-element_type=\"container\" data-e-type=\"container\">\n\t\t<div class=\"elementor-element elementor-element-f532771 e-flex e-con-boxed e-con e-child\" data-id=\"f532771\" data-element_type=\"container\" data-e-type=\"container\">\n\t\t\t\t\t<div class=\"e-con-inner\">\n\t\t<div class=\"elementor-element elementor-element-6bcae0d e-con-full e-flex e-con e-child\" data-id=\"6bcae0d\" data-element_type=\"container\" data-e-type=\"container\" data-settings=\"{&quot;background_background&quot;:&quot;classic&quot;}\">\n\t\t\t\t<div class=\"elementor-element elementor-element-7d84683 elementor-widget elementor-widget-heading\" data-id=\"7d84683\" data-element_type=\"widget\" data-e-type=\"widget\" data-widget_type=\"heading.default\">\n\t\t\t\t<div class=\"elementor-widget-container\">\n\t\t\t\t\t<h2 class=\"elementor-heading-title elementor-size-default\">Jak Skycop a TravelCare spolupracuj\u00ed v p\u0159\u00edpad\u011b zpo\u017ed\u011bn\u00ed,<\/br> zru\u0161en\u00ed nebo p\u0159epln\u011bn\u00e9ho letu:<\/h2>\t\t\t\t<\/div>\n\t\t\t\t<\/div>\n\t\t<div class=\"elementor-element elementor-element-6df228f e-con-full e-flex e-con e-child\" data-id=\"6df228f\" data-element_type=\"container\" data-e-type=\"container\">\n\t\t<div class=\"elementor-element elementor-element-3c2df45 e-con-full e-flex e-con e-child\" data-id=\"3c2df45\" data-element_type=\"container\" data-e-type=\"container\">\n\t\t\t\t<div class=\"elementor-element elementor-element-1ff94e9 elementor-widget elementor-widget-image\" data-id=\"1ff94e9\" data-element_type=\"widget\" data-e-type=\"widget\" data-widget_type=\"image.default\">\n\t\t\t\t<div class=\"elementor-widget-container\">\n\t\t\t\t\t\t\t\t\t\t\t\t\t\t\t<img loading=\"lazy\" decoding=\"async\" width=\"57\" height=\"57\" src=\"https:\/\/travelwithcare.io\/wp-content\/uploads\/2025\/04\/ico-flexible-coverage.svg\" class=\"attachment-full size-full wp-image-4841\" alt=\"\" \/>\t\t\t\t\t\t\t\t\t\t\t\t\t\t\t<\/div>\n\t\t\t\t<\/div>\n\t\t\t\t<div class=\"elementor-element elementor-element-432f8ec elementor-widget elementor-widget-heading\" data-id=\"432f8ec\" data-element_type=\"widget\" data-e-type=\"widget\" data-widget_type=\"heading.default\">\n\t\t\t\t<div class=\"elementor-widget-container\">\n\t\t\t\t\t<h3 class=\"elementor-heading-title elementor-size-default\">Pod\u00e1n\u00ed n\u00e1roku na kompenzaci p\u0159es Skycop:<\/h3>\t\t\t\t<\/div>\n\t\t\t\t<\/div>\n\t\t\t\t<div class=\"elementor-element elementor-element-fed9494 elementor-widget__width-initial elementor-widget elementor-widget-text-editor\" data-id=\"fed9494\" data-element_type=\"widget\" data-e-type=\"widget\" data-widget_type=\"text-editor.default\">\n\t\t\t\t<div class=\"elementor-widget-container\">\n\t\t\t\t\t\t\t\t\t<p>Po naru\u0161en\u00ed letu nav\u0161t\u00edv\u00edte Skycop.com a pod\u00e1te sv\u016fj n\u00e1rok. Syst\u00e9m v\u00e1s automaticky rozpozn\u00e1 jako u\u017eivatele TravelCare, co\u017e znamen\u00e1, \u017ee jste ji\u017e kryti. Dal\u0161\u00ed informace nejsou pot\u0159eba. To zjednodu\u0161uje proces a \u0161et\u0159\u00ed v\u00e1\u0161 \u010das.   <\/p>\t\t\t\t\t\t\t\t<\/div>\n\t\t\t\t<\/div>\n\t\t\t\t<\/div>\n\t\t<div class=\"elementor-element elementor-element-ee1fe2a e-con-full e-flex e-con e-child\" data-id=\"ee1fe2a\" data-element_type=\"container\" data-e-type=\"container\">\n\t\t\t\t<div class=\"elementor-element elementor-element-c6292da elementor-widget elementor-widget-image\" data-id=\"c6292da\" data-element_type=\"widget\" data-e-type=\"widget\" data-widget_type=\"image.default\">\n\t\t\t\t<div class=\"elementor-widget-container\">\n\t\t\t\t\t\t\t\t\t\t\t\t\t\t\t<img loading=\"lazy\" decoding=\"async\" width=\"68\" height=\"68\" src=\"https:\/\/travelwithcare.io\/wp-content\/uploads\/2025\/07\/icon-cfc.svg\" class=\"attachment-full size-full wp-image-4855\" alt=\"\" \/>\t\t\t\t\t\t\t\t\t\t\t\t\t\t\t<\/div>\n\t\t\t\t<\/div>\n\t\t\t\t<div class=\"elementor-element elementor-element-87dac35 elementor-widget elementor-widget-heading\" data-id=\"87dac35\" data-element_type=\"widget\" data-e-type=\"widget\" data-widget_type=\"heading.default\">\n\t\t\t\t<div class=\"elementor-widget-container\">\n\t\t\t\t\t<h3 class=\"elementor-heading-title elementor-size-default\">\u017d\u00e1dn\u00e9 poplatky, \u017e\u00e1dn\u00e9 provize:<\/h3>\t\t\t\t<\/div>\n\t\t\t\t<\/div>\n\t\t\t\t<div class=\"elementor-element elementor-element-172f4aa elementor-widget__width-initial elementor-widget elementor-widget-text-editor\" data-id=\"172f4aa\" data-element_type=\"widget\" data-e-type=\"widget\" data-widget_type=\"text-editor.default\">\n\t\t\t\t<div class=\"elementor-widget-container\">\n\t\t\t\t\t\t\t\t\t<p>S TravelCare se nemus\u00edte ob\u00e1vat \u017e\u00e1dn\u00fdch poplatk\u016f ani proviz\u00ed p\u0159i pod\u00e1n\u00ed n\u00e1roku p\u0159es Skycop. Obvykle Skycop \u00fa\u010dtuje za sv\u00e9 slu\u017eby, ale jako u\u017eivatel TravelCare obdr\u017e\u00edte celou \u010d\u00e1stku kompenzace. <\/p>\t\t\t\t\t\t\t\t<\/div>\n\t\t\t\t<\/div>\n\t\t\t\t<\/div>\n\t\t<div class=\"elementor-element elementor-element-2980177 e-con-full e-flex e-con e-child\" data-id=\"2980177\" data-element_type=\"container\" data-e-type=\"container\">\n\t\t\t\t<div class=\"elementor-element elementor-element-66b332b elementor-widget elementor-widget-image\" data-id=\"66b332b\" data-element_type=\"widget\" data-e-type=\"widget\" data-widget_type=\"image.default\">\n\t\t\t\t<div class=\"elementor-widget-container\">\n\t\t\t\t\t\t\t\t\t\t\t\t\t\t\t<img loading=\"lazy\" decoding=\"async\" width=\"68\" height=\"68\" src=\"https:\/\/travelwithcare.io\/wp-content\/uploads\/2025\/07\/icon-bp.svg\" class=\"attachment-full size-full wp-image-4852\" alt=\"\" \/>\t\t\t\t\t\t\t\t\t\t\t\t\t\t\t<\/div>\n\t\t\t\t<\/div>\n\t\t\t\t<div class=\"elementor-element elementor-element-7c1e926 elementor-widget elementor-widget-heading\" data-id=\"7c1e926\" data-element_type=\"widget\" data-e-type=\"widget\" data-widget_type=\"heading.default\">\n\t\t\t\t<div class=\"elementor-widget-container\">\n\t\t\t\t\t<h3 class=\"elementor-heading-title elementor-size-default\">Kompenzace pro zp\u016fsobil\u00e9 n\u00e1roky:<\/h3>\t\t\t\t<\/div>\n\t\t\t\t<\/div>\n\t\t\t\t<div class=\"elementor-element elementor-element-0e43782 elementor-widget__width-initial elementor-widget elementor-widget-text-editor\" data-id=\"0e43782\" data-element_type=\"widget\" data-e-type=\"widget\" data-widget_type=\"text-editor.default\">\n\t\t\t\t<div class=\"elementor-widget-container\">\n\t\t\t\t\t\t\t\t\t<p>Pokud v\u00e1\u0161 let spad\u00e1 pod regulace, jako je EU EC 261\/2004, m\u016f\u017eete obdr\u017eet a\u017e \u20ac600 v z\u00e1vislosti na naru\u0161en\u00ed.<br> Proto\u017ee TravelCare pokr\u00fdv\u00e1 v\u0161echny poplatky, obdr\u017e\u00edte celou \u010d\u00e1stku bez ode\u010dt\u016f. <\/p>\t\t\t\t\t\t\t\t<\/div>\n\t\t\t\t<\/div>\n\t\t\t\t<\/div>\n\t\t\t\t<\/div>\n\t\t\t\t<\/div>\n\t\t\t\t\t<\/div>\n\t\t\t\t<\/div>\n\t\t\t\t<\/div>\n\t\t\t\t<\/div>\n\t\t","protected":false},"excerpt":{"rendered":"<p>O n\u00e1s TravelCare je cenov\u011b dostupn\u00e1 slu\u017eba p\u0159edletov\u00e9 ochrany, navr\u017een\u00e1 tak, aby zajistila hladk\u00fd pr\u016fb\u011bh va\u0161\u00ed cesty. Zakoupen\u00edm TravelCare si zajist\u00edte plnou kompenzaci v p\u0159\u00edpad\u011b zpo\u017ed\u011bn\u00ed letu, jeho zru\u0161en\u00ed nebo odm\u00edtnut\u00ed n\u00e1stupu na palubu. S TravelCare z\u00edsk\u00e1te tak\u00e9 dal\u0161\u00ed v\u00fdhody, jako je bezplatn\u00fd p\u0159\u00edstup do business lounge p\u0159i del\u0161\u00edch zpo\u017ed\u011bn\u00edch, bezplatn\u00e1 eSIM a dal\u0161\u00ed. V [&hellip;]<\/p>\n","protected":false},"author":1,"featured_media":0,"parent":0,"menu_order":0,"comment_status":"closed","ping_status":"closed","template":"","meta":{"footnotes":""},"class_list":["post-7641","page","type-page","status-publish","hentry"],"_links":{"self":[{"href":"https:\/\/travelwithcare.io\/cs\/wp-json\/wp\/v2\/pages\/7641","targetHints":{"allow":["GET"]}}],"collection":[{"href":"https:\/\/travelwithcare.io\/cs\/wp-json\/wp\/v2\/pages"}],"about":[{"href":"https:\/\/travelwithcare.io\/cs\/wp-json\/wp\/v2\/types\/page"}],"author":[{"embeddable":true,"href":"https:\/\/travelwithcare.io\/cs\/wp-json\/wp\/v2\/users\/1"}],"replies":[{"embeddable":true,"href":"https:\/\/travelwithcare.io\/cs\/wp-json\/wp\/v2\/comments?post=7641"}],"version-history":[{"count":1,"href":"https:\/\/travelwithcare.io\/cs\/wp-json\/wp\/v2\/pages\/7641\/revisions"}],"predecessor-version":[{"id":7642,"href":"https:\/\/travelwithcare.io\/cs\/wp-json\/wp\/v2\/pages\/7641\/revisions\/7642"}],"wp:attachment":[{"href":"https:\/\/travelwithcare.io\/cs\/wp-json\/wp\/v2\/media?parent=7641"}],"curies":[{"name":"wp","href":"https:\/\/api.w.org\/{rel}","templated":true}]}}